{"id":374,"date":"2025-12-30T09:29:24","date_gmt":"2025-12-30T08:29:24","guid":{"rendered":"https:\/\/www.xacu3122.odns.fr\/scholles_preprod\/?page_id=374"},"modified":"2026-05-04T11:15:24","modified_gmt":"2026-05-04T09:15:24","slug":"who-we-are","status":"publish","type":"page","link":"https:\/\/www.xacu3122.odns.fr\/scholles_preprod\/who-we-are\/","title":{"rendered":"Who we are"},"content":{"rendered":"\t\t<div data-elementor-type=\"wp-page\" data-elementor-id=\"374\" class=\"elementor elementor-374\" data-elementor-post-type=\"page\">\n\t\t\t\t<div class=\"elementor-element elementor-element-22d9d52 e-flex e-con-boxed e-con e-parent\" data-id=\"22d9d52\" data-element_type=\"container\">\n\t\t\t\t\t<div class=\"e-con-inner\">\n\t\t<div class=\"elementor-element elementor-element-499e8e5 e-con-full e-flex e-con e-child\" data-id=\"499e8e5\" data-element_type=\"container\" data-settings=\"{&quot;background_background&quot;:&quot;classic&quot;}\">\n\t\t\t\t<div class=\"elementor-element elementor-element-b86e4b0 elementor-widget elementor-widget-global elementor-global-307 elementor-widget-shortcode\" data-id=\"b86e4b0\" data-element_type=\"widget\" data-widget_type=\"shortcode.default\">\n\t\t\t\t\t<nav class=\"breadcrumbs\" aria-label=\"Breadcrumb\"><a href=\"https:\/\/www.xacu3122.odns.fr\/scholles_preprod\/\">Home<\/a><\/nav>\t\t<div class=\"elementor-shortcode\">\n<\/div>\n\t\t\t\t\t\t<\/div>\n\t\t\t\t<div class=\"elementor-element elementor-element-d088a61 elementor-widget__width-initial elementor-widget elementor-widget-heading\" data-id=\"d088a61\" data-element_type=\"widget\" data-widget_type=\"heading.default\">\n\t\t\t\t\t<h1 class=\"elementor-heading-title elementor-size-default\">L\u00edder mundial en el cuidado del pie basado en la ciencia<\/h1>\t\t\t\t<\/div>\n\t\t\t\t<\/div>\n\t\t\t\t\t<\/div>\n\t\t\t\t<\/div>\n\t\t<div class=\"elementor-element elementor-element-30d956c e-flex e-con-boxed e-con e-parent\" data-id=\"30d956c\" data-element_type=\"container\">\n\t\t\t\t\t<div class=\"e-con-inner\">\n\t\t<div class=\"elementor-element elementor-element-7d6d554 e-con-full e-flex e-con e-child\" data-id=\"7d6d554\" data-element_type=\"container\" data-settings=\"{&quot;background_background&quot;:&quot;classic&quot;}\">\n\t\t<div class=\"elementor-element elementor-element-e8f01e1 e-con-full e-flex e-con e-child\" data-id=\"e8f01e1\" data-element_type=\"container\">\n\t\t<div class=\"elementor-element elementor-element-0b8d659 e-con-full e-flex e-con e-child\" data-id=\"0b8d659\" data-element_type=\"container\">\n\t\t\t\t<div class=\"elementor-element elementor-element-1c4a613 elementor-widget__width-initial elementor-widget elementor-widget-text-editor\" data-id=\"1c4a613\" data-element_type=\"widget\" data-widget_type=\"text-editor.default\">\n\t\t\t\t\t\t\t\t\t<p>Scholl es un referente mundial en soluciones para el cuidado del pie basadas en la ciencia, con m\u00e1s de cien a\u00f1os de experiencia dedicados a promover la salud y el confort del pie. Fundada en 1907 por el Dr. William Scholl, la empresa se inspira desde sus or\u00edgenes en la visi\u00f3n de \u201cproporcionar al mundo pies m\u00e1s sanos\u201d, un principio que contin\u00faa guiando la marca en la actualidad.<\/p>\t\t\t\t\t\t\t\t<\/div>\n\t\t\t\t<div class=\"elementor-element elementor-element-11563b5 elementor-widget elementor-widget-image\" data-id=\"11563b5\" data-element_type=\"widget\" data-widget_type=\"image.default\">\n\t\t\t\t\t\t\t\t\t\t\t\t\t\t\t<img decoding=\"async\" width=\"165\" height=\"17\" src=\"https:\/\/www.xacu3122.odns.fr\/scholles_preprod\/wp-content\/uploads\/2025\/12\/trait-8.png\" class=\"attachment-large size-large wp-image-161\" alt=\"\" \/>\t\t\t\t\t\t\t\t\t\t\t\t\t\t\t<\/div>\n\t\t\t\t<\/div>\n\t\t<div class=\"elementor-element elementor-element-42cb3f1 e-con-full e-flex e-con e-child\" data-id=\"42cb3f1\" data-element_type=\"container\">\n\t\t<div class=\"elementor-element elementor-element-a5bad0e e-con-full e-flex e-con e-child\" data-id=\"a5bad0e\" data-element_type=\"container\">\n\t\t\t\t<div class=\"elementor-element elementor-element-f283c9c title-with-bar elementor-widget elementor-widget-heading\" data-id=\"f283c9c\" data-element_type=\"widget\" data-widget_type=\"heading.default\">\n\t\t\t\t\t<h2 class=\"elementor-heading-title elementor-size-default\">Trayectoria y legado de la empresa<\/h2>\t\t\t\t<\/div>\n\t\t\t\t<div class=\"elementor-element elementor-element-f5d6481 elementor-widget elementor-widget-text-editor\" data-id=\"f5d6481\" data-element_type=\"widget\" data-widget_type=\"text-editor.default\">\n\t\t\t\t\t\t\t\t\t<p>La historia de Scholl se remonta a 1904, cuando el Dr. Scholl, entonces con 22 a\u00f1os, patent\u00f3 su primera invenci\u00f3n: el Foot-Eazer, un dispositivo innovador dise\u00f1ado para ofrecer soporte al arco plantar. Este avance marc\u00f3 el inicio de una serie de innovaciones en el cuidado del pie y dio lugar, en 1907, a la fundaci\u00f3n de Scholl Manufacturing Co. Inc.<\/p><p>En 1912, el Dr. Scholl cre\u00f3 el Illinois College of Chiropody and Orthopaedics, promoviendo la investigaci\u00f3n cient\u00edfica y la formaci\u00f3n especializada en podolog\u00eda. La instituci\u00f3n lleg\u00f3 a convertirse en una de las m\u00e1s prestigiosas de Estados Unidos, reflejando el compromiso duradero de Scholl con el avance de la salud del pie a trav\u00e9s de la excelencia cient\u00edfica.<\/p><p><!--EndFragment --><\/p>\t\t\t\t\t\t\t\t<\/div>\n\t\t\t\t<\/div>\n\t\t<div class=\"elementor-element elementor-element-30a56a3 e-con-full e-flex e-con e-child\" data-id=\"30a56a3\" data-element_type=\"container\">\n\t\t\t\t<div class=\"elementor-element elementor-element-7ac4124 elementor-widget elementor-widget-image\" data-id=\"7ac4124\" data-element_type=\"widget\" data-widget_type=\"image.default\">\n\t\t\t\t\t\t\t\t\t\t\t\t\t\t\t<img fetchpriority=\"high\" decoding=\"async\" width=\"492\" height=\"405\" src=\"https:\/\/www.xacu3122.odns.fr\/scholles_preprod\/wp-content\/uploads\/2025\/12\/williammathiasscholl.png\" class=\"attachment-large size-large wp-image-384\" alt=\"\" srcset=\"https:\/\/www.xacu3122.odns.fr\/scholles_preprod\/wp-content\/uploads\/2025\/12\/williammathiasscholl.png 492w, https:\/\/www.xacu3122.odns.fr\/scholles_preprod\/wp-content\/uploads\/2025\/12\/williammathiasscholl-300x247.png 300w\" sizes=\"(max-width: 492px) 100vw, 492px\" \/>\t\t\t\t\t\t\t\t\t\t\t\t\t\t\t<\/div>\n\t\t\t\t<div class=\"elementor-element elementor-element-a5f0184 elementor-widget elementor-widget-heading\" data-id=\"a5f0184\" data-element_type=\"widget\" data-widget_type=\"heading.default\">\n\t\t\t\t\t<span class=\"elementor-heading-title elementor-size-default\">Dr. William Mathias Scholl\n<\/span>\t\t\t\t<\/div>\n\t\t\t\t<\/div>\n\t\t\t\t<\/div>\n\t\t<div class=\"elementor-element elementor-element-9810ed0 e-con-full e-flex e-con e-child\" data-id=\"9810ed0\" data-element_type=\"container\">\n\t\t<div class=\"elementor-element elementor-element-3771f17 e-con-full e-flex e-con e-child\" data-id=\"3771f17\" data-element_type=\"container\">\n\t\t\t\t<div class=\"elementor-element elementor-element-c5b31d2 elementor-widget elementor-widget-image\" data-id=\"c5b31d2\" data-element_type=\"widget\" data-widget_type=\"image.default\">\n\t\t\t\t\t\t\t\t\t\t\t\t\t\t\t<img decoding=\"async\" width=\"464\" height=\"459\" src=\"https:\/\/www.xacu3122.odns.fr\/scholles_preprod\/wp-content\/uploads\/2025\/12\/pescurasandals.png\" class=\"attachment-full size-full wp-image-389\" alt=\"\" srcset=\"https:\/\/www.xacu3122.odns.fr\/scholles_preprod\/wp-content\/uploads\/2025\/12\/pescurasandals.png 464w, https:\/\/www.xacu3122.odns.fr\/scholles_preprod\/wp-content\/uploads\/2025\/12\/pescurasandals-300x297.png 300w\" sizes=\"(max-width: 464px) 100vw, 464px\" \/>\t\t\t\t\t\t\t\t\t\t\t\t\t\t\t<\/div>\n\t\t\t\t<div class=\"elementor-element elementor-element-4c08596 elementor-widget elementor-widget-heading\" data-id=\"4c08596\" data-element_type=\"widget\" data-widget_type=\"heading.default\">\n\t\t\t\t\t<span class=\"elementor-heading-title elementor-size-default\">Las sandalias Pescura de Scholl<\/span>\t\t\t\t<\/div>\n\t\t\t\t<\/div>\n\t\t<div class=\"elementor-element elementor-element-76d4ee7 e-con-full e-flex e-con e-child\" data-id=\"76d4ee7\" data-element_type=\"container\">\n\t\t\t\t<div class=\"elementor-element elementor-element-5fb476f title-with-bar elementor-widget elementor-widget-heading\" data-id=\"5fb476f\" data-element_type=\"widget\" data-widget_type=\"heading.default\">\n\t\t\t\t\t<h2 class=\"elementor-heading-title elementor-size-default\">Hitos e innovaci\u00f3n<\/h2>\t\t\t\t<\/div>\n\t\t\t\t<div class=\"elementor-element elementor-element-ec60bf3 elementor-widget elementor-widget-text-editor\" data-id=\"ec60bf3\" data-element_type=\"widget\" data-widget_type=\"text-editor.default\">\n\t\t\t\t\t\t\t\t\t<p>En los a\u00f1os 60, Scholl alcanz\u00f3 un importante \u00e9xito comercial con el lanzamiento de las sandalias Pescura, dotadas de una plantilla anat\u00f3mica de madera de haya dise\u00f1ada para favorecer la tonificaci\u00f3n de las piernas. Estas sandalias obtuvieron r\u00e1pidamente reconocimiento a nivel internacional, siendo utilizadas por figuras destacadas y posicionando a Scholl como un referente en confort y estilo.<\/p><p>A lo largo de los a\u00f1os, la empresa ha mantenido su compromiso con la innovaci\u00f3n, desarrollando nuevas generaciones de productos para el cuidado del pie. En cada periodo, Scholl ha sabido integrar funcionalidad y beneficios para la salud, permaneciendo fiel a sus valores fundacionales.<\/p><p><!--EndFragment --><\/p><p><!--EndFragment --><\/p>\t\t\t\t\t\t\t\t<\/div>\n\t\t\t\t<div class=\"elementor-element elementor-element-08eb52f title-with-bar elementor-widget elementor-widget-heading\" data-id=\"08eb52f\" data-element_type=\"widget\" data-widget_type=\"heading.default\">\n\t\t\t\t\t<h2 class=\"elementor-heading-title elementor-size-default\">Herencia y filosof\u00eda de la empresa<\/h2>\t\t\t\t<\/div>\n\t\t\t\t<div class=\"elementor-element elementor-element-c52cba8 elementor-widget elementor-widget-text-editor\" data-id=\"c52cba8\" data-element_type=\"widget\" data-widget_type=\"text-editor.default\">\n\t\t\t\t\t\t\t\t\t<p>La filosof\u00eda actual de Scholl se articula en torno a tres pilares fundamentales:<\/p><ul><li>Cuidado: integrar el cuidado de los pies en la vida cotidiana mediante productos pr\u00e1cticos y de f\u00e1cil uso, como mascarillas, cremas y herramientas de cuidado.<\/li><li>Soporte: plantillas dise\u00f1adas para reducir la presi\u00f3n y proporcionar alivio, confort y energ\u00eda en cada paso, a lo largo de toda la jornada.<\/li><li>Ayuda: una innovaci\u00f3n constante orientada a mejorar la salud del pie en el d\u00eda a d\u00eda, a trav\u00e9s de soluciones fiables y accesibles que garantizan comodidad y ausencia de dolor.<\/li><\/ul><p>Durante m\u00e1s de un siglo de innovaci\u00f3n, educaci\u00f3n y compromiso, Scholl ha permitido a personas de todo el mundo priorizar la salud de sus pies, contribuyendo a que cada paso sea m\u00e1s saludable, c\u00f3modo y libre de dolor.<\/p><p><!--EndFragment --><\/p><p><!--EndFragment --><\/p>\t\t\t\t\t\t\t\t<\/div>\n\t\t\t\t<\/div>\n\t\t\t\t<\/div>\n\t\t<div class=\"elementor-element elementor-element-b4d705a e-con-full e-flex e-con e-child\" data-id=\"b4d705a\" data-element_type=\"container\">\n\t\t<div class=\"elementor-element elementor-element-d986b68 e-con-full e-flex e-con e-child\" data-id=\"d986b68\" data-element_type=\"container\" data-settings=\"{&quot;background_background&quot;:&quot;classic&quot;}\">\n\t\t\t\t<div class=\"elementor-element elementor-element-df83e93 elementor-widget elementor-widget-heading\" data-id=\"df83e93\" data-element_type=\"widget\" data-widget_type=\"heading.default\">\n\t\t\t\t\t<h2 class=\"elementor-heading-title elementor-size-default\">Company heritage<\/h2>\t\t\t\t<\/div>\n\t\t\t\t<div class=\"elementor-element elementor-element-cfe8063 elementor-widget elementor-widget-text-editor\" data-id=\"cfe8063\" data-element_type=\"widget\" data-widget_type=\"text-editor.default\">\n\t\t\t\t\t\t\t\t\t<p><!--StartFragment --><\/p><p><span class=\"cf0\">Scholl\u2019s current philosophy channels its sense of purpose into three key areas:<\/span><!--EndFragment --><\/p><p><!--EndFragment --><\/p><p><!--EndFragment --><\/p>\t\t\t\t\t\t\t\t<\/div>\n\t\t\t\t<div class=\"elementor-element elementor-element-7d60aa8 elementor-icon-list--layout-traditional elementor-list-item-link-full_width elementor-widget elementor-widget-icon-list\" data-id=\"7d60aa8\" data-element_type=\"widget\" data-widget_type=\"icon-list.default\">\n\t\t\t\t\t\t\t<ul class=\"elementor-icon-list-items\">\n\t\t\t\t\t\t\t<li class=\"elementor-icon-list-item\">\n\t\t\t\t\t\t\t\t\t\t\t<span class=\"elementor-icon-list-icon\">\n\t\t\t\t\t\t\t<svg aria-hidden=\"true\" class=\"e-font-icon-svg e-fas-circle\" viewBox=\"0 0 512 512\" xmlns=\"http:\/\/www.w3.org\/2000\/svg\"><path d=\"M256 8C119 8 8 119 8 256s111 248 248 248 248-111 248-248S393 8 256 8z\"><\/path><\/svg>\t\t\t\t\t\t<\/span>\n\t\t\t\t\t\t\t\t\t\t<span class=\"elementor-icon-list-text\">Care: Making foot health an accessible and easy part of daily routines through convenient products and tools.<\/span>\n\t\t\t\t\t\t\t\t\t<\/li>\n\t\t\t\t\t\t\t\t<li class=\"elementor-icon-list-item\">\n\t\t\t\t\t\t\t\t\t\t\t<span class=\"elementor-icon-list-icon\">\n\t\t\t\t\t\t\t<svg aria-hidden=\"true\" class=\"e-font-icon-svg e-fas-circle\" viewBox=\"0 0 512 512\" xmlns=\"http:\/\/www.w3.org\/2000\/svg\"><path d=\"M256 8C119 8 8 119 8 256s111 248 248 248 248-111 248-248S393 8 256 8z\"><\/path><\/svg>\t\t\t\t\t\t<\/span>\n\t\t\t\t\t\t\t\t\t\t<span class=\"elementor-icon-list-text\">Comfort: Supporting people to go about their daily lives in comfort, with products that target achy or sore feet.<\/span>\n\t\t\t\t\t\t\t\t\t<\/li>\n\t\t\t\t\t\t\t\t<li class=\"elementor-icon-list-item\">\n\t\t\t\t\t\t\t\t\t\t\t<span class=\"elementor-icon-list-icon\">\n\t\t\t\t\t\t\t<svg aria-hidden=\"true\" class=\"e-font-icon-svg e-fas-circle\" viewBox=\"0 0 512 512\" xmlns=\"http:\/\/www.w3.org\/2000\/svg\"><path d=\"M256 8C119 8 8 119 8 256s111 248 248 248 248-111 248-248S393 8 256 8z\"><\/path><\/svg>\t\t\t\t\t\t<\/span>\n\t\t\t\t\t\t\t\t\t\t<span class=\"elementor-icon-list-text\">Aid: Continually innovating reliable solutions that address foot health challenges, ensuring pain-free movement and lasting wellbeing.<\/span>\n\t\t\t\t\t\t\t\t\t<\/li>\n\t\t\t\t\t\t<\/ul>\n\t\t\t\t\t\t<\/div>\n\t\t\t\t<\/div>\n\t\t<div class=\"elementor-element elementor-element-bcb36c2 e-con-full e-flex e-con e-child\" data-id=\"bcb36c2\" data-element_type=\"container\" data-settings=\"{&quot;background_background&quot;:&quot;classic&quot;}\">\n\t\t\t\t<div class=\"elementor-element elementor-element-00c0809 elementor-widget elementor-widget-spacer\" data-id=\"00c0809\" data-element_type=\"widget\" data-widget_type=\"spacer.default\">\n\t\t\t\t\t\t\t<div class=\"elementor-spacer\">\n\t\t\t<div class=\"elementor-spacer-inner\"><\/div>\n\t\t<\/div>\n\t\t\t\t\t\t<\/div>\n\t\t\t\t<\/div>\n\t\t\t\t<\/div>\n\t\t<div class=\"elementor-element elementor-element-fc54ff6 e-con-full e-flex e-con e-child\" data-id=\"fc54ff6\" data-element_type=\"container\">\n\t\t\t\t<\/div>\n\t\t\t\t<\/div>\n\t\t\t\t<\/div>\n\t\t\t\t\t<\/div>\n\t\t\t\t<\/div>\n\t\t\t\t<\/div>\n\t\t","protected":false},"excerpt":{"rendered":"<p>L\u00edder mundial en el cuidado del pie basado en la ciencia Scholl es un referente mundial en soluciones para el cuidado del pie basadas en la ciencia, con m\u00e1s de cien a\u00f1os de experiencia dedicados a promover la salud y el confort del pie. Fundada en 1907 por el Dr. William Scholl, la empresa se [&hellip;]<\/p>\n","protected":false},"author":1,"featured_media":0,"parent":0,"menu_order":5,"comment_status":"closed","ping_status":"closed","template":"","meta":{"_acf_changed":false,"footnotes":""},"class_list":["post-374","page","type-page","status-publish","hentry"],"acf":[],"_links":{"self":[{"href":"https:\/\/www.xacu3122.odns.fr\/scholles_preprod\/wp-json\/wp\/v2\/pages\/374","targetHints":{"allow":["GET"]}}],"collection":[{"href":"https:\/\/www.xacu3122.odns.fr\/scholles_preprod\/wp-json\/wp\/v2\/pages"}],"about":[{"href":"https:\/\/www.xacu3122.odns.fr\/scholles_preprod\/wp-json\/wp\/v2\/types\/page"}],"author":[{"embeddable":true,"href":"https:\/\/www.xacu3122.odns.fr\/scholles_preprod\/wp-json\/wp\/v2\/users\/1"}],"replies":[{"embeddable":true,"href":"https:\/\/www.xacu3122.odns.fr\/scholles_preprod\/wp-json\/wp\/v2\/comments?post=374"}],"version-history":[{"count":25,"href":"https:\/\/www.xacu3122.odns.fr\/scholles_preprod\/wp-json\/wp\/v2\/pages\/374\/revisions"}],"predecessor-version":[{"id":1925,"href":"https:\/\/www.xacu3122.odns.fr\/scholles_preprod\/wp-json\/wp\/v2\/pages\/374\/revisions\/1925"}],"wp:attachment":[{"href":"https:\/\/www.xacu3122.odns.fr\/scholles_preprod\/wp-json\/wp\/v2\/media?parent=374"}],"curies":[{"name":"wp","href":"https:\/\/api.w.org\/{rel}","templated":true}]}}