{"id":537,"date":"2026-01-27T13:58:53","date_gmt":"2026-01-27T12:58:53","guid":{"rendered":"https:\/\/www.xacu3122.odns.fr\/scholles_preprod\/?page_id=537"},"modified":"2026-05-04T11:12:08","modified_gmt":"2026-05-04T09:12:08","slug":"fip","status":"publish","type":"page","link":"https:\/\/www.xacu3122.odns.fr\/scholles_preprod\/fip\/","title":{"rendered":"FIP"},"content":{"rendered":"\t\t<div data-elementor-type=\"wp-page\" data-elementor-id=\"537\" class=\"elementor elementor-537\" data-elementor-post-type=\"page\">\n\t\t\t\t<div class=\"elementor-element elementor-element-f14434b e-flex e-con-boxed e-con e-parent\" data-id=\"f14434b\" data-element_type=\"container\">\n\t\t\t\t\t<div class=\"e-con-inner\">\n\t\t<div class=\"elementor-element elementor-element-d2d6406 e-con-full e-flex e-con e-child\" data-id=\"d2d6406\" data-element_type=\"container\" data-settings=\"{&quot;background_background&quot;:&quot;classic&quot;}\">\n\t\t\t\t<div class=\"elementor-element elementor-element-b9b8fe8 elementor-widget elementor-widget-image\" data-id=\"b9b8fe8\" data-element_type=\"widget\" data-widget_type=\"image.default\">\n\t\t\t\t\t\t\t\t\t\t\t\t\t\t\t<img fetchpriority=\"high\" decoding=\"async\" width=\"264\" height=\"295\" src=\"https:\/\/www.xacu3122.odns.fr\/scholles_preprod\/wp-content\/uploads\/2026\/04\/lbiomechanicspreview.webp\" class=\"attachment-large size-large wp-image-1649\" alt=\"\" \/>\t\t\t\t\t\t\t\t\t\t\t\t\t\t\t<\/div>\n\t\t\t\t<\/div>\n\t\t<div class=\"elementor-element elementor-element-3da067d e-con-full e-flex e-con e-child\" data-id=\"3da067d\" data-element_type=\"container\" data-settings=\"{&quot;background_background&quot;:&quot;classic&quot;}\">\n\t\t\t\t<div class=\"elementor-element elementor-element-ba7a581 elementor-widget elementor-widget-global elementor-global-307 elementor-widget-shortcode\" data-id=\"ba7a581\" data-element_type=\"widget\" data-widget_type=\"shortcode.default\">\n\t\t\t\t\t<nav class=\"breadcrumbs\" aria-label=\"Breadcrumb\"><a href=\"https:\/\/www.xacu3122.odns.fr\/scholles_preprod\/\">Home<\/a><\/nav>\t\t<div class=\"elementor-shortcode\">\n<\/div>\n\t\t\t\t\t\t<\/div>\n\t\t\t\t<div class=\"elementor-element elementor-element-5fa4701 elementor-widget elementor-widget-heading\" data-id=\"5fa4701\" data-element_type=\"widget\" data-widget_type=\"heading.default\">\n\t\t\t\t\t<h1 class=\"elementor-heading-title elementor-size-default\">FEDERACI\u00d3N INTERNACIONAL FARMAC\u00c9UTICA<\/h1>\t\t\t\t<\/div>\n\t\t\t\t<\/div>\n\t\t\t\t\t<\/div>\n\t\t\t\t<\/div>\n\t\t<div class=\"elementor-element elementor-element-b5962fe e-flex e-con-boxed e-con e-parent\" data-id=\"b5962fe\" data-element_type=\"container\">\n\t\t\t\t\t<div class=\"e-con-inner\">\n\t\t<div class=\"elementor-element elementor-element-2e545d1 e-con-full e-flex e-con e-child\" data-id=\"2e545d1\" data-element_type=\"container\" data-settings=\"{&quot;background_background&quot;:&quot;classic&quot;}\">\n\t\t\t\t<div class=\"elementor-element elementor-element-b2e4565 elementor-widget elementor-widget-image\" data-id=\"b2e4565\" data-element_type=\"widget\" data-widget_type=\"image.default\">\n\t\t\t\t\t\t\t\t\t\t\t\t\t\t\t<img decoding=\"async\" width=\"800\" height=\"184\" src=\"https:\/\/www.xacu3122.odns.fr\/scholles_preprod\/wp-content\/uploads\/2026\/01\/FIP-Pharmacy-for-All-Logo-BLACK-1-1024x235.png\" class=\"attachment-large size-large wp-image-781\" alt=\"\" srcset=\"https:\/\/www.xacu3122.odns.fr\/scholles_preprod\/wp-content\/uploads\/2026\/01\/FIP-Pharmacy-for-All-Logo-BLACK-1-1024x235.png 1024w, https:\/\/www.xacu3122.odns.fr\/scholles_preprod\/wp-content\/uploads\/2026\/01\/FIP-Pharmacy-for-All-Logo-BLACK-1-300x69.png 300w, https:\/\/www.xacu3122.odns.fr\/scholles_preprod\/wp-content\/uploads\/2026\/01\/FIP-Pharmacy-for-All-Logo-BLACK-1-768x176.png 768w, https:\/\/www.xacu3122.odns.fr\/scholles_preprod\/wp-content\/uploads\/2026\/01\/FIP-Pharmacy-for-All-Logo-BLACK-1-1536x352.png 1536w, https:\/\/www.xacu3122.odns.fr\/scholles_preprod\/wp-content\/uploads\/2026\/01\/FIP-Pharmacy-for-All-Logo-BLACK-1-2048x470.png 2048w\" sizes=\"(max-width: 800px) 100vw, 800px\" \/>\t\t\t\t\t\t\t\t\t\t\t\t\t\t\t<\/div>\n\t\t\t\t<div class=\"elementor-element elementor-element-6b7750a6 elementor-widget elementor-widget-text-editor\" data-id=\"6b7750a6\" data-element_type=\"widget\" data-widget_type=\"text-editor.default\">\n\t\t\t\t\t\t\t\t\t<p>Desde su fundaci\u00f3n en 1912, la Federaci\u00f3n Internacional Farmac\u00e9utica (FIP) se ha consolidado como la organizaci\u00f3n de referencia a nivel global en el \u00e1mbito farmac\u00e9utico. A trav\u00e9s de una red de 160 organizaciones nacionales, colaboraciones con entidades internacionales como la OMS y la UNESCO, as\u00ed como miembros acad\u00e9micos e individuales, la FIP representa a m\u00e1s de cuatro millones de farmac\u00e9uticos, cient\u00edficos farmac\u00e9uticos y profesionales de la educaci\u00f3n farmac\u00e9utica en todo el mundo. Haz clic <a href=\"https:\/\/fippharmacyforall.com\/\">aqu\u00ed<\/a> para descubrir la historia de la FIP.<\/p><p>\u00a0<\/p><p>VIDEO\u00a0<\/p><p>\u00a0<\/p><p>La FIP promueve el desarrollo de la profesi\u00f3n farmac\u00e9utica mediante el impulso de la innovaci\u00f3n cient\u00edfica, la evoluci\u00f3n de la pr\u00e1ctica profesional y el fortalecimiento de los recursos humanos del sector, con el fin de responder a las necesidades de salud a nivel mundial. Asimismo, refuerza su influencia a trav\u00e9s de alianzas estrat\u00e9gicas con instituciones de referencia en salud, educaci\u00f3n, pol\u00edticas p\u00fablicas y ciencia.<\/p><p>\u00a0<\/p><p>Su visi\u00f3n es un mundo en el que todas las personas tengan acceso a medicamentos y tecnolog\u00edas sanitarias seguros, eficaces, de calidad y asequibles, as\u00ed como a servicios de atenci\u00f3n farmac\u00e9utica prestados en colaboraci\u00f3n con otros profesionales sanitarios. Su misi\u00f3n consiste en contribuir a la salud global promoviendo el desarrollo de la pr\u00e1ctica, las ciencias y la educaci\u00f3n farmac\u00e9uticas.<\/p><p>En l\u00ednea con este prop\u00f3sito, la FIP ha lanzado la DocuSeries <strong><em>Pharmacy For All<\/em><\/strong>, una serie de cortometrajes acompa\u00f1ados de res\u00famenes ejecutivos, orientada a proporcionar liderazgo intelectual y directrices estrat\u00e9gicas sobre cuestiones clave que afectan a la comunidad farmac\u00e9utica, as\u00ed como a los pacientes y a las comunidades a las que atiende.<\/p><p>\u00a0<\/p><p>La serie <strong><em>Pharmacy For All<\/em><\/strong> ser\u00e1 alojada y distribuida por Associated Press (AP), as\u00ed como por la propia FIP y su red, con el objetivo de alcanzar a la comunidad farmac\u00e9utica global, a sus principales actores y a todos los p\u00fablicos impactados por su actividad.<\/p><p><!--EndFragment --><\/p>\t\t\t\t\t\t\t\t<\/div>\n\t\t\t\t<\/div>\n\t\t\t\t\t<\/div>\n\t\t\t\t<\/div>\n\t\t\t\t<\/div>\n\t\t","protected":false},"excerpt":{"rendered":"<p>FEDERACI\u00d3N INTERNACIONAL FARMAC\u00c9UTICA Desde su fundaci\u00f3n en 1912, la Federaci\u00f3n Internacional Farmac\u00e9utica (FIP) se ha consolidado como la organizaci\u00f3n de referencia a nivel global en el \u00e1mbito farmac\u00e9utico. A trav\u00e9s de una red de 160 organizaciones nacionales, colaboraciones con entidades internacionales como la OMS y la UNESCO, as\u00ed como miembros acad\u00e9micos e individuales, la FIP [&hellip;]<\/p>\n","protected":false},"author":2,"featured_media":0,"parent":0,"menu_order":0,"comment_status":"closed","ping_status":"closed","template":"elementor_header_footer","meta":{"_acf_changed":false,"footnotes":""},"class_list":["post-537","page","type-page","status-publish","hentry"],"acf":[],"_links":{"self":[{"href":"https:\/\/www.xacu3122.odns.fr\/scholles_preprod\/wp-json\/wp\/v2\/pages\/537","targetHints":{"allow":["GET"]}}],"collection":[{"href":"https:\/\/www.xacu3122.odns.fr\/scholles_preprod\/wp-json\/wp\/v2\/pages"}],"about":[{"href":"https:\/\/www.xacu3122.odns.fr\/scholles_preprod\/wp-json\/wp\/v2\/types\/page"}],"author":[{"embeddable":true,"href":"https:\/\/www.xacu3122.odns.fr\/scholles_preprod\/wp-json\/wp\/v2\/users\/2"}],"replies":[{"embeddable":true,"href":"https:\/\/www.xacu3122.odns.fr\/scholles_preprod\/wp-json\/wp\/v2\/comments?post=537"}],"version-history":[{"count":19,"href":"https:\/\/www.xacu3122.odns.fr\/scholles_preprod\/wp-json\/wp\/v2\/pages\/537\/revisions"}],"predecessor-version":[{"id":1922,"href":"https:\/\/www.xacu3122.odns.fr\/scholles_preprod\/wp-json\/wp\/v2\/pages\/537\/revisions\/1922"}],"wp:attachment":[{"href":"https:\/\/www.xacu3122.odns.fr\/scholles_preprod\/wp-json\/wp\/v2\/media?parent=537"}],"curies":[{"name":"wp","href":"https:\/\/api.w.org\/{rel}","templated":true}]}}