{"id":1740,"date":"2026-04-21T15:30:38","date_gmt":"2026-04-21T13:30:38","guid":{"rendered":"https:\/\/www.xacu3122.odns.fr\/scholles_preprod\/?post_type=product&#038;p=1740"},"modified":"2026-04-23T14:15:42","modified_gmt":"2026-04-23T12:15:42","slug":"apositos-para-ampollas-en-talon-x5","status":"publish","type":"product","link":"https:\/\/www.xacu3122.odns.fr\/scholles_preprod\/product\/apositos-para-ampollas-en-talon-x5\/","title":{"rendered":"Ap\u00f3sitos para Ampollas en Tal\u00f3n x5"},"content":{"rendered":"\t\t<div data-elementor-type=\"wp-post\" data-elementor-id=\"1740\" class=\"elementor elementor-1740\" data-elementor-post-type=\"product\">\n\t\t\t\t<div class=\"elementor-element elementor-element-6e0feae e-flex e-con-boxed e-con e-parent\" data-id=\"6e0feae\" data-element_type=\"container\">\n\t\t\t\t\t<div class=\"e-con-inner\">\n\t\t\t\t<div class=\"elementor-element elementor-element-e6b2372 elementor-widget elementor-widget-text-editor\" data-id=\"e6b2372\" data-element_type=\"widget\" data-widget_type=\"text-editor.default\">\n\t\t\t\t\t\t\t\t\t<section class=\"s-p__section\"><div class=\"container container-lg\"><div class=\"s-p__rhs\"><div class=\"s-p__desc\"><div class=\"s-p__desc\"><p>Protege y calma las ampollas gracias a su acolchado, favoreciendo una curaci\u00f3n r\u00e1pida y sin dolor.<\/p><\/div><\/div><\/div><\/div><\/section><section class=\"f-g__section\"><div class=\"container container-lg\"><div class=\"f-g__subblock\">\u00a0<\/div><\/div><\/section>\t\t\t\t\t\t\t\t<\/div>\n\t\t\t\t\t<\/div>\n\t\t\t\t<\/div>\n\t\t<div class=\"elementor-element elementor-element-a236117 e-flex e-con-boxed e-con e-parent\" data-id=\"a236117\" data-element_type=\"container\">\n\t\t\t\t\t<div class=\"e-con-inner\">\n\t\t\t\t<div class=\"elementor-element elementor-element-8f64d34 elementor-widget elementor-widget-heading\" data-id=\"8f64d34\" data-element_type=\"widget\" data-widget_type=\"heading.default\">\n\t\t\t\t\t<h3 class=\"elementor-heading-title elementor-size-default\">Sobre este producto <\/h3>\t\t\t\t<\/div>\n\t\t\t\t\t<\/div>\n\t\t\t\t<\/div>\n\t\t<div class=\"elementor-element elementor-element-0207450 e-flex e-con-boxed e-con e-parent\" data-id=\"0207450\" data-element_type=\"container\">\n\t\t\t\t\t<div class=\"e-con-inner\">\n\t\t\t\t<div class=\"elementor-element elementor-element-b3f4e6c elementor-widget elementor-widget-text-editor\" data-id=\"b3f4e6c\" data-element_type=\"widget\" data-widget_type=\"text-editor.default\">\n\t\t\t\t\t\t\t\t\t<ul><li><p data-path-to-node=\"2,0,0\">ALIVIO INMEDIATO DE LAS AMPOLLAS:<span class=\"\">\u00a0Los ap\u00f3sitos Dr.Scholl proporcionan un alivio instant\u00e1neo,<\/span><span class=\"\">\u00a0acolchando la zona afectada y protegiendo la delicada capa de piel hasta que la herida cicatriza por completo.<\/span><\/p><\/li><li><p data-path-to-node=\"2,0,0\">PROTECCI\u00d3N CONTRA EL ROCE:<span class=\"\">\u00a0Su suave almohadilla ofrece una protecci\u00f3n avanzada contra la suciedad y la fricci\u00f3n repetitiva causada por el calzado,<\/span><span class=\"\">\u00a0manteniendo el gel fijado firmemente en su sitio.<\/span><\/p><\/li><li><p data-path-to-node=\"2,0,0\">FAVORECE LA CICATRIZACI\u00d3N:<span class=\"\">\u00a0Dise\u00f1ados con tecnolog\u00eda hidrocoloide para mantener la humedad de la zona,\u00a0<\/span><span class=\"\">creando el entorno \u00f3ptimo para que la piel y la ampolla se recuperen mucho m\u00e1s r\u00e1pido.<\/span><\/p><\/li><li><p data-path-to-node=\"2,0,0\">HASTA 7 D\u00cdAS DE DURACI\u00d3N:<span class=\"\">\u00a0Funcionan como una \u00absegunda piel\u00bb que permanece en su lugar hasta 7 d\u00edas.<\/span><span class=\"\">\u00a0Ofrecen una protecci\u00f3n duradera en talones y pies para que nada te detenga en tu d\u00eda a d\u00eda.<\/span><\/p><\/li><li><p data-path-to-node=\"2,0,0\">100% IMPERMEABLES Y TRANSPIRABLES:<span class=\"\">\u00a0Totalmente resistentes al agua; puedes ducharte o nadar sin que el ap\u00f3sito se despegue,<\/span><span class=\"\">\u00a0permitiendo al mismo tiempo que la piel transpire.<\/span><\/p><\/li><\/ul>\t\t\t\t\t\t\t\t<\/div>\n\t\t\t\t\t<\/div>\n\t\t\t\t<\/div>\n\t\t<div class=\"elementor-element elementor-element-5f46ec1 e-flex e-con-boxed e-con e-parent\" data-id=\"5f46ec1\" data-element_type=\"container\">\n\t\t\t\t\t<div class=\"e-con-inner\">\n\t\t\t\t<div class=\"elementor-element elementor-element-3151f13 elementor-widget elementor-widget-n-accordion\" data-id=\"3151f13\" data-element_type=\"widget\" data-settings=\"{&quot;default_state&quot;:&quot;expanded&quot;,&quot;max_items_expended&quot;:&quot;one&quot;,&quot;n_accordion_animation_duration&quot;:{&quot;unit&quot;:&quot;ms&quot;,&quot;size&quot;:400,&quot;sizes&quot;:[]}}\" data-widget_type=\"nested-accordion.default\">\n\t\t\t\t\t\t\t<div class=\"e-n-accordion\" aria-label=\"Accordion. Open links with Enter or Space, close with Escape, and navigate with Arrow Keys\">\n\t\t\t\t\t\t<details id=\"e-n-accordion-item-5170\" class=\"e-n-accordion-item\" open>\n\t\t\t\t<summary class=\"e-n-accordion-item-title\" data-accordion-index=\"1\" tabindex=\"0\" aria-expanded=\"true\" aria-controls=\"e-n-accordion-item-5170\" >\n\t\t\t\t\t<span class='e-n-accordion-item-title-header'><div class=\"e-n-accordion-item-title-text\"> Detalles del Producto  <\/div><\/span>\n\t\t\t\t\t\t\t<span class='e-n-accordion-item-title-icon'>\n\t\t\t<span class='e-opened' ><svg aria-hidden=\"true\" class=\"e-font-icon-svg e-fas-chevron-down\" viewBox=\"0 0 448 512\" xmlns=\"http:\/\/www.w3.org\/2000\/svg\"><path d=\"M207.029 381.476L12.686 187.132c-9.373-9.373-9.373-24.569 0-33.941l22.667-22.667c9.357-9.357 24.522-9.375 33.901-.04L224 284.505l154.745-154.021c9.379-9.335 24.544-9.317 33.901.04l22.667 22.667c9.373 9.373 9.373 24.569 0 33.941L240.971 381.476c-9.373 9.372-24.569 9.372-33.942 0z\"><\/path><\/svg><\/span>\n\t\t\t<span class='e-closed'><svg aria-hidden=\"true\" class=\"e-font-icon-svg e-fas-chevron-up\" viewBox=\"0 0 448 512\" xmlns=\"http:\/\/www.w3.org\/2000\/svg\"><path d=\"M240.971 130.524l194.343 194.343c9.373 9.373 9.373 24.569 0 33.941l-22.667 22.667c-9.357 9.357-24.522 9.375-33.901.04L224 227.495 69.255 381.516c-9.379 9.335-24.544 9.317-33.901-.04l-22.667-22.667c-9.373-9.373-9.373-24.569 0-33.941L207.03 130.525c9.372-9.373 24.568-9.373 33.941-.001z\"><\/path><\/svg><\/span>\n\t\t<\/span>\n\n\t\t\t\t\t\t<\/summary>\n\t\t\t\t<div role=\"region\" aria-labelledby=\"e-n-accordion-item-5170\" class=\"elementor-element elementor-element-bb5422b e-flex e-con-boxed e-con e-child\" data-id=\"bb5422b\" data-element_type=\"container\">\n\t\t\t\t\t<div class=\"e-con-inner\">\n\t\t\t\t<div class=\"elementor-element elementor-element-20700ec elementor-widget elementor-widget-text-editor\" data-id=\"20700ec\" data-element_type=\"widget\" data-widget_type=\"text-editor.default\">\n\t\t\t\t\t\t\t\t\t<p>Dr.Scholl ha puesto su experiencia al servicio de ayudarte a combatir las ampollas. Los ap\u00f3sitos para ampollas para tal\u00f3n alivian el dolor de inmediato, adapt\u00e1ndose perfectamente a la morfolog\u00eda de tu pie.<\/p><p>La tecnolog\u00eda hidrocoloide permite una cicatrizaci\u00f3n m\u00e1s r\u00e1pida al formar un gel alrededor de la zona y protegerla de contaminaciones externas. Los ap\u00f3sitos para ampollas son transpirables e impermeables, sin l\u00e1tex, lo que les proporciona una mejor sujeci\u00f3n que los ap\u00f3sitos tradicionales. De esta manera, permanecen en su lugar hasta 7 d\u00edas.<\/p>\t\t\t\t\t\t\t\t<\/div>\n\t\t\t\t\t<\/div>\n\t\t\t\t<\/div>\n\t\t\t\t\t<\/details>\n\t\t\t\t\t\t<details id=\"e-n-accordion-item-5171\" class=\"e-n-accordion-item\" >\n\t\t\t\t<summary class=\"e-n-accordion-item-title\" data-accordion-index=\"2\" tabindex=\"-1\" aria-expanded=\"false\" aria-controls=\"e-n-accordion-item-5171\" >\n\t\t\t\t\t<span class='e-n-accordion-item-title-header'><div class=\"e-n-accordion-item-title-text\"> Contenido del envase <\/div><\/span>\n\t\t\t\t\t\t\t<span class='e-n-accordion-item-title-icon'>\n\t\t\t<span class='e-opened' ><svg aria-hidden=\"true\" class=\"e-font-icon-svg e-fas-chevron-down\" viewBox=\"0 0 448 512\" xmlns=\"http:\/\/www.w3.org\/2000\/svg\"><path d=\"M207.029 381.476L12.686 187.132c-9.373-9.373-9.373-24.569 0-33.941l22.667-22.667c9.357-9.357 24.522-9.375 33.901-.04L224 284.505l154.745-154.021c9.379-9.335 24.544-9.317 33.901.04l22.667 22.667c9.373 9.373 9.373 24.569 0 33.941L240.971 381.476c-9.373 9.372-24.569 9.372-33.942 0z\"><\/path><\/svg><\/span>\n\t\t\t<span class='e-closed'><svg aria-hidden=\"true\" class=\"e-font-icon-svg e-fas-chevron-up\" viewBox=\"0 0 448 512\" xmlns=\"http:\/\/www.w3.org\/2000\/svg\"><path d=\"M240.971 130.524l194.343 194.343c9.373 9.373 9.373 24.569 0 33.941l-22.667 22.667c-9.357 9.357-24.522 9.375-33.901.04L224 227.495 69.255 381.516c-9.379 9.335-24.544 9.317-33.901-.04l-22.667-22.667c-9.373-9.373-9.373-24.569 0-33.941L207.03 130.525c9.372-9.373 24.568-9.373 33.941-.001z\"><\/path><\/svg><\/span>\n\t\t<\/span>\n\n\t\t\t\t\t\t<\/summary>\n\t\t\t\t<div role=\"region\" aria-labelledby=\"e-n-accordion-item-5171\" class=\"elementor-element elementor-element-e43c15f e-con-full e-flex e-con e-child\" data-id=\"e43c15f\" data-element_type=\"container\">\n\t\t\t\t<div class=\"elementor-element elementor-element-f2475ca elementor-widget elementor-widget-text-editor\" data-id=\"f2475ca\" data-element_type=\"widget\" data-widget_type=\"text-editor.default\">\n\t\t\t\t\t\t\t\t\t<p data-path-to-node=\"1\">5x ap\u00f3sitos Adhesivo hidrocoloide, Pel\u00edcula de poliuretano.<\/p>\t\t\t\t\t\t\t\t<\/div>\n\t\t\t\t<\/div>\n\t\t\t\t\t<\/details>\n\t\t\t\t\t\t<details id=\"e-n-accordion-item-5172\" class=\"e-n-accordion-item\" >\n\t\t\t\t<summary class=\"e-n-accordion-item-title\" data-accordion-index=\"3\" tabindex=\"-1\" aria-expanded=\"false\" aria-controls=\"e-n-accordion-item-5172\" >\n\t\t\t\t\t<span class='e-n-accordion-item-title-header'><div class=\"e-n-accordion-item-title-text\"> Instrucciones de Uso  <\/div><\/span>\n\t\t\t\t\t\t\t<span class='e-n-accordion-item-title-icon'>\n\t\t\t<span class='e-opened' ><svg aria-hidden=\"true\" class=\"e-font-icon-svg e-fas-chevron-down\" viewBox=\"0 0 448 512\" xmlns=\"http:\/\/www.w3.org\/2000\/svg\"><path d=\"M207.029 381.476L12.686 187.132c-9.373-9.373-9.373-24.569 0-33.941l22.667-22.667c9.357-9.357 24.522-9.375 33.901-.04L224 284.505l154.745-154.021c9.379-9.335 24.544-9.317 33.901.04l22.667 22.667c9.373 9.373 9.373 24.569 0 33.941L240.971 381.476c-9.373 9.372-24.569 9.372-33.942 0z\"><\/path><\/svg><\/span>\n\t\t\t<span class='e-closed'><svg aria-hidden=\"true\" class=\"e-font-icon-svg e-fas-chevron-up\" viewBox=\"0 0 448 512\" xmlns=\"http:\/\/www.w3.org\/2000\/svg\"><path d=\"M240.971 130.524l194.343 194.343c9.373 9.373 9.373 24.569 0 33.941l-22.667 22.667c-9.357 9.357-24.522 9.375-33.901.04L224 227.495 69.255 381.516c-9.379 9.335-24.544 9.317-33.901-.04l-22.667-22.667c-9.373-9.373-9.373-24.569 0-33.941L207.03 130.525c9.372-9.373 24.568-9.373 33.941-.001z\"><\/path><\/svg><\/span>\n\t\t<\/span>\n\n\t\t\t\t\t\t<\/summary>\n\t\t\t\t<div role=\"region\" aria-labelledby=\"e-n-accordion-item-5172\" class=\"elementor-element elementor-element-73c42d2 e-con-full e-flex e-con e-child\" data-id=\"73c42d2\" data-element_type=\"container\">\n\t\t\t\t<div class=\"elementor-element elementor-element-9f18b3b elementor-widget elementor-widget-text-editor\" data-id=\"9f18b3b\" data-element_type=\"widget\" data-widget_type=\"text-editor.default\">\n\t\t\t\t\t\t\t\t\t<ul><li><p data-path-to-node=\"2,0,0\"><span data-sheets-root=\"1\">Limpie y seque la zona afectada. Aseg\u00farese de que no haya crema ni aceite en la zona afectada.<\/span><\/p><\/li><li><p data-path-to-node=\"2,0,0\"><span data-sheets-root=\"1\">Caliente el ap\u00f3sito con las manos para mejorar la adherencia inicial sobre la piel.<\/span><\/p><\/li><li><p data-path-to-node=\"2,0,0\"><span data-sheets-root=\"1\">Deje el ap\u00f3sito en la piel hasta que se desprenda por s\u00ed solo. La duraci\u00f3n puede variar seg\u00fan la persona. Duraci\u00f3n m\u00e1xima de uso por ap\u00f3sito: 7 d\u00edas.<\/span><\/p><\/li><li><p data-path-to-node=\"2,0,0\"><span data-sheets-root=\"1\">Para retirar el ap\u00f3sito, levante cuidadosamente un borde y despr\u00e9ndalo suavemente de la piel.<\/span><\/p><\/li><\/ul>\t\t\t\t\t\t\t\t<\/div>\n\t\t\t\t<\/div>\n\t\t\t\t\t<\/details>\n\t\t\t\t\t\t<details id=\"e-n-accordion-item-5173\" class=\"e-n-accordion-item\" >\n\t\t\t\t<summary class=\"e-n-accordion-item-title\" data-accordion-index=\"4\" tabindex=\"-1\" aria-expanded=\"false\" aria-controls=\"e-n-accordion-item-5173\" >\n\t\t\t\t\t<span class='e-n-accordion-item-title-header'><div class=\"e-n-accordion-item-title-text\"> Advertencias de seguridad <\/div><\/span>\n\t\t\t\t\t\t\t<span class='e-n-accordion-item-title-icon'>\n\t\t\t<span class='e-opened' ><svg aria-hidden=\"true\" class=\"e-font-icon-svg e-fas-chevron-down\" viewBox=\"0 0 448 512\" xmlns=\"http:\/\/www.w3.org\/2000\/svg\"><path d=\"M207.029 381.476L12.686 187.132c-9.373-9.373-9.373-24.569 0-33.941l22.667-22.667c9.357-9.357 24.522-9.375 33.901-.04L224 284.505l154.745-154.021c9.379-9.335 24.544-9.317 33.901.04l22.667 22.667c9.373 9.373 9.373 24.569 0 33.941L240.971 381.476c-9.373 9.372-24.569 9.372-33.942 0z\"><\/path><\/svg><\/span>\n\t\t\t<span class='e-closed'><svg aria-hidden=\"true\" class=\"e-font-icon-svg e-fas-chevron-up\" viewBox=\"0 0 448 512\" xmlns=\"http:\/\/www.w3.org\/2000\/svg\"><path d=\"M240.971 130.524l194.343 194.343c9.373 9.373 9.373 24.569 0 33.941l-22.667 22.667c-9.357 9.357-24.522 9.375-33.901.04L224 227.495 69.255 381.516c-9.379 9.335-24.544 9.317-33.901-.04l-22.667-22.667c-9.373-9.373-9.373-24.569 0-33.941L207.03 130.525c9.372-9.373 24.568-9.373 33.941-.001z\"><\/path><\/svg><\/span>\n\t\t<\/span>\n\n\t\t\t\t\t\t<\/summary>\n\t\t\t\t<div role=\"region\" aria-labelledby=\"e-n-accordion-item-5173\" class=\"elementor-element elementor-element-4cc6c54 e-flex e-con-boxed e-con e-child\" data-id=\"4cc6c54\" data-element_type=\"container\">\n\t\t\t\t\t<div class=\"e-con-inner\">\n\t\t\t\t<div class=\"elementor-element elementor-element-092b2c1 elementor-widget elementor-widget-text-editor\" data-id=\"092b2c1\" data-element_type=\"widget\" data-widget_type=\"text-editor.default\">\n\t\t\t\t\t\t\t\t\t<div class=\"widget-three\"><p data-path-to-node=\"8\">No utilizar sobre piel da\u00f1ada, heridas abiertas o infectadas. Evitar el contacto con los ojos. En caso de duda, consulte con un profesional sanitario. No utilizar en caso de alergia al ap\u00f3sito o a sus componentes.<\/p><div class=\"load-more-content\">\u00a0<\/div><\/div>\t\t\t\t\t\t\t\t<\/div>\n\t\t\t\t\t<\/div>\n\t\t\t\t<\/div>\n\t\t\t\t\t<\/details>\n\t\t\t\t\t<\/div>\n\t\t\t\t\t\t<\/div>\n\t\t\t\t\t<\/div>\n\t\t\t\t<\/div>\n\t\t\t\t<\/div>\n\t\t","protected":false},"featured_media":1519,"template":"","meta":{"_acf_changed":false},"condiziones":[116],"related-product":[115],"tipo-di-prodotto":[102],"treatmenttype":[114],"class_list":["post-1740","product","type-product","status-publish","has-post-thumbnail","hentry","condiziones-ampollas","related-product-ampollas","tipo-di-prodotto-aid","treatmenttype-ampollas"],"acf":[],"_links":{"self":[{"href":"https:\/\/www.xacu3122.odns.fr\/scholles_preprod\/wp-json\/wp\/v2\/product\/1740","targetHints":{"allow":["GET"]}}],"collection":[{"href":"https:\/\/www.xacu3122.odns.fr\/scholles_preprod\/wp-json\/wp\/v2\/product"}],"about":[{"href":"https:\/\/www.xacu3122.odns.fr\/scholles_preprod\/wp-json\/wp\/v2\/types\/product"}],"version-history":[{"count":4,"href":"https:\/\/www.xacu3122.odns.fr\/scholles_preprod\/wp-json\/wp\/v2\/product\/1740\/revisions"}],"predecessor-version":[{"id":1744,"href":"https:\/\/www.xacu3122.odns.fr\/scholles_preprod\/wp-json\/wp\/v2\/product\/1740\/revisions\/1744"}],"wp:featuredmedia":[{"embeddable":true,"href":"https:\/\/www.xacu3122.odns.fr\/scholles_preprod\/wp-json\/wp\/v2\/media\/1519"}],"wp:attachment":[{"href":"https:\/\/www.xacu3122.odns.fr\/scholles_preprod\/wp-json\/wp\/v2\/media?parent=1740"}],"wp:term":[{"taxonomy":"condiziones","embeddable":true,"href":"https:\/\/www.xacu3122.odns.fr\/scholles_preprod\/wp-json\/wp\/v2\/condiziones?post=1740"},{"taxonomy":"related-product","embeddable":true,"href":"https:\/\/www.xacu3122.odns.fr\/scholles_preprod\/wp-json\/wp\/v2\/related-product?post=1740"},{"taxonomy":"tipo-di-prodotto","embeddable":true,"href":"https:\/\/www.xacu3122.odns.fr\/scholles_preprod\/wp-json\/wp\/v2\/tipo-di-prodotto?post=1740"},{"taxonomy":"treatmenttype","embeddable":true,"href":"https:\/\/www.xacu3122.odns.fr\/scholles_preprod\/wp-json\/wp\/v2\/treatmenttype?post=1740"}],"curies":[{"name":"wp","href":"https:\/\/api.w.org\/{rel}","templated":true}]}}