{"id":1745,"date":"2026-04-21T15:36:34","date_gmt":"2026-04-21T13:36:34","guid":{"rendered":"https:\/\/www.xacu3122.odns.fr\/scholles_preprod\/?post_type=product&#038;p=1745"},"modified":"2026-04-23T14:15:54","modified_gmt":"2026-04-23T12:15:54","slug":"apositos-para-ampollas-en-dedos-x6","status":"publish","type":"product","link":"https:\/\/www.xacu3122.odns.fr\/scholles_preprod\/product\/apositos-para-ampollas-en-dedos-x6\/","title":{"rendered":"Ap\u00f3sitos para Ampollas en Dedos x6"},"content":{"rendered":"\t\t<div data-elementor-type=\"wp-post\" data-elementor-id=\"1745\" class=\"elementor elementor-1745\" data-elementor-post-type=\"product\">\n\t\t\t\t<div class=\"elementor-element elementor-element-e0f7646 e-flex e-con-boxed e-con e-parent\" data-id=\"e0f7646\" data-element_type=\"container\">\n\t\t\t\t\t<div class=\"e-con-inner\">\n\t\t\t\t<div class=\"elementor-element elementor-element-c2c3ed6 elementor-widget elementor-widget-text-editor\" data-id=\"c2c3ed6\" data-element_type=\"widget\" data-widget_type=\"text-editor.default\">\n\t\t\t\t\t\t\t\t\t<section class=\"s-p__section\"><div class=\"container container-lg\"><div class=\"s-p__rhs\"><div class=\"s-p__desc\"><div class=\"s-p__desc\"><p>Los Ap\u00f3sitos para Ampollas en Dedos proporcionan alivio inmediato del dolor, protegiendo los dedos de la fricci\u00f3n y la presi\u00f3n.<\/p><\/div><\/div><\/div><\/div><\/section>\t\t\t\t\t\t\t\t<\/div>\n\t\t\t\t<div class=\"elementor-element elementor-element-7895a2e elementor-widget elementor-widget-heading\" data-id=\"7895a2e\" data-element_type=\"widget\" data-widget_type=\"heading.default\">\n\t\t\t\t\t<h3 class=\"elementor-heading-title elementor-size-default\">Sobre este producto <\/h3>\t\t\t\t<\/div>\n\t\t\t\t<div class=\"elementor-element elementor-element-8a7549b elementor-widget elementor-widget-text-editor\" data-id=\"8a7549b\" data-element_type=\"widget\" data-widget_type=\"text-editor.default\">\n\t\t\t\t\t\t\t\t\t<ul><li><p data-path-to-node=\"2,0,0\">ALIVIO INSTANT\u00c1NEO DEL DOLOR: Los ap\u00f3sitos para ampollas de Scholl alivian instant\u00e1neamente el dolor en las \u00e1reas aplicadas. El efecto acolchado permite amortiguar y proteger la zona para aliviar la presi\u00f3n sobre la ampolla.<\/p><\/li><li><p data-path-to-node=\"2,0,0\">ACELERA LA CURACI\u00d3N: La tecnolog\u00eda hidrocoloide permite una cicatrizaci\u00f3n m\u00e1s r\u00e1pida al formar un gel alrededor de la zona y protegerla de contaminaciones externas.<\/p><\/li><li><p data-path-to-node=\"2,0,0\">ADHESI\u00d3N A LA PIEL REFORZADA: Los ap\u00f3sitos para ampollas de Scholl ofrecen una mejor sujeci\u00f3n que los ap\u00f3sitos tradicionales y permanecen en su lugar hasta 7 d\u00edas.<\/p><\/li><li><p data-path-to-node=\"2,0,0\">IMPERMEABLE Y TRANSPIRABLE: Los ap\u00f3sitos para ampollas de Scholl son transpirables, sin l\u00e1tex y resistentes al agua.<\/p><\/li><li><p data-path-to-node=\"2,0,0\">FORMATO DE AP\u00d3SITO ADAPTADO AL TAL\u00d3N: El tama\u00f1o del ap\u00f3sito se adapta al tal\u00f3n de su pie para proporcionar alivio del dolor y protecci\u00f3n contra el roce.<\/p><\/li><\/ul>\t\t\t\t\t\t\t\t<\/div>\n\t\t\t\t<div class=\"elementor-element elementor-element-4c488b8 elementor-widget elementor-widget-n-accordion\" data-id=\"4c488b8\" data-element_type=\"widget\" data-settings=\"{&quot;default_state&quot;:&quot;expanded&quot;,&quot;max_items_expended&quot;:&quot;one&quot;,&quot;n_accordion_animation_duration&quot;:{&quot;unit&quot;:&quot;ms&quot;,&quot;size&quot;:400,&quot;sizes&quot;:[]}}\" data-widget_type=\"nested-accordion.default\">\n\t\t\t\t\t\t\t<div class=\"e-n-accordion\" aria-label=\"Accordion. Open links with Enter or Space, close with Escape, and navigate with Arrow Keys\">\n\t\t\t\t\t\t<details id=\"e-n-accordion-item-7990\" class=\"e-n-accordion-item\" open>\n\t\t\t\t<summary class=\"e-n-accordion-item-title\" data-accordion-index=\"1\" tabindex=\"0\" aria-expanded=\"true\" aria-controls=\"e-n-accordion-item-7990\" >\n\t\t\t\t\t<span class='e-n-accordion-item-title-header'><div class=\"e-n-accordion-item-title-text\"> Detalles del Producto  <\/div><\/span>\n\t\t\t\t\t\t\t<span class='e-n-accordion-item-title-icon'>\n\t\t\t<span class='e-opened' ><svg aria-hidden=\"true\" class=\"e-font-icon-svg e-fas-chevron-down\" viewBox=\"0 0 448 512\" xmlns=\"http:\/\/www.w3.org\/2000\/svg\"><path d=\"M207.029 381.476L12.686 187.132c-9.373-9.373-9.373-24.569 0-33.941l22.667-22.667c9.357-9.357 24.522-9.375 33.901-.04L224 284.505l154.745-154.021c9.379-9.335 24.544-9.317 33.901.04l22.667 22.667c9.373 9.373 9.373 24.569 0 33.941L240.971 381.476c-9.373 9.372-24.569 9.372-33.942 0z\"><\/path><\/svg><\/span>\n\t\t\t<span class='e-closed'><svg aria-hidden=\"true\" class=\"e-font-icon-svg e-fas-chevron-up\" viewBox=\"0 0 448 512\" xmlns=\"http:\/\/www.w3.org\/2000\/svg\"><path d=\"M240.971 130.524l194.343 194.343c9.373 9.373 9.373 24.569 0 33.941l-22.667 22.667c-9.357 9.357-24.522 9.375-33.901.04L224 227.495 69.255 381.516c-9.379 9.335-24.544 9.317-33.901-.04l-22.667-22.667c-9.373-9.373-9.373-24.569 0-33.941L207.03 130.525c9.372-9.373 24.568-9.373 33.941-.001z\"><\/path><\/svg><\/span>\n\t\t<\/span>\n\n\t\t\t\t\t\t<\/summary>\n\t\t\t\t<div role=\"region\" aria-labelledby=\"e-n-accordion-item-7990\" class=\"elementor-element elementor-element-010a8a5 e-flex e-con-boxed e-con e-child\" data-id=\"010a8a5\" data-element_type=\"container\">\n\t\t\t\t\t<div class=\"e-con-inner\">\n\t\t\t\t<div class=\"elementor-element elementor-element-884fb85 elementor-widget elementor-widget-text-editor\" data-id=\"884fb85\" data-element_type=\"widget\" data-widget_type=\"text-editor.default\">\n\t\t\t\t\t\t\t\t\t<p>Scholl ha puesto su experiencia al servicio de ayudarte a combatir las ampollas. Los ap\u00f3sitos para ampollas Scholl para dedos alivian el dolor de inmediato, adapt\u00e1ndose perfectamente a la morfolog\u00eda de tu pie.<\/p><p>La tecnolog\u00eda hidrocoloide permite una cicatrizaci\u00f3n m\u00e1s r\u00e1pida al formar un gel alrededor de la zona y protegerla de contaminaciones externas. Los ap\u00f3sitos Scholl para ampollas son transpirables e impermeables, sin l\u00e1tex, lo que les proporciona una mejor sujeci\u00f3n que los ap\u00f3sitos tradicionales. De esta manera, permanecen en su lugar hasta 7 d\u00edas.<\/p>\t\t\t\t\t\t\t\t<\/div>\n\t\t\t\t\t<\/div>\n\t\t\t\t<\/div>\n\t\t\t\t\t<\/details>\n\t\t\t\t\t\t<details id=\"e-n-accordion-item-7991\" class=\"e-n-accordion-item\" >\n\t\t\t\t<summary class=\"e-n-accordion-item-title\" data-accordion-index=\"2\" tabindex=\"-1\" aria-expanded=\"false\" aria-controls=\"e-n-accordion-item-7991\" >\n\t\t\t\t\t<span class='e-n-accordion-item-title-header'><div class=\"e-n-accordion-item-title-text\"> Contenido del envase <\/div><\/span>\n\t\t\t\t\t\t\t<span class='e-n-accordion-item-title-icon'>\n\t\t\t<span class='e-opened' ><svg aria-hidden=\"true\" class=\"e-font-icon-svg e-fas-chevron-down\" viewBox=\"0 0 448 512\" xmlns=\"http:\/\/www.w3.org\/2000\/svg\"><path d=\"M207.029 381.476L12.686 187.132c-9.373-9.373-9.373-24.569 0-33.941l22.667-22.667c9.357-9.357 24.522-9.375 33.901-.04L224 284.505l154.745-154.021c9.379-9.335 24.544-9.317 33.901.04l22.667 22.667c9.373 9.373 9.373 24.569 0 33.941L240.971 381.476c-9.373 9.372-24.569 9.372-33.942 0z\"><\/path><\/svg><\/span>\n\t\t\t<span class='e-closed'><svg aria-hidden=\"true\" class=\"e-font-icon-svg e-fas-chevron-up\" viewBox=\"0 0 448 512\" xmlns=\"http:\/\/www.w3.org\/2000\/svg\"><path d=\"M240.971 130.524l194.343 194.343c9.373 9.373 9.373 24.569 0 33.941l-22.667 22.667c-9.357 9.357-24.522 9.375-33.901.04L224 227.495 69.255 381.516c-9.379 9.335-24.544 9.317-33.901-.04l-22.667-22.667c-9.373-9.373-9.373-24.569 0-33.941L207.03 130.525c9.372-9.373 24.568-9.373 33.941-.001z\"><\/path><\/svg><\/span>\n\t\t<\/span>\n\n\t\t\t\t\t\t<\/summary>\n\t\t\t\t<div role=\"region\" aria-labelledby=\"e-n-accordion-item-7991\" class=\"elementor-element elementor-element-fb6dd2f e-con-full e-flex e-con e-child\" data-id=\"fb6dd2f\" data-element_type=\"container\">\n\t\t\t\t<div class=\"elementor-element elementor-element-e839912 elementor-widget elementor-widget-text-editor\" data-id=\"e839912\" data-element_type=\"widget\" data-widget_type=\"text-editor.default\">\n\t\t\t\t\t\t\t\t\t<p>6x ap\u00f3sitos<\/p>\t\t\t\t\t\t\t\t<\/div>\n\t\t\t\t<\/div>\n\t\t\t\t\t<\/details>\n\t\t\t\t\t\t<details id=\"e-n-accordion-item-7992\" class=\"e-n-accordion-item\" >\n\t\t\t\t<summary class=\"e-n-accordion-item-title\" data-accordion-index=\"3\" tabindex=\"-1\" aria-expanded=\"false\" aria-controls=\"e-n-accordion-item-7992\" >\n\t\t\t\t\t<span class='e-n-accordion-item-title-header'><div class=\"e-n-accordion-item-title-text\"> Instrucciones de Uso  <\/div><\/span>\n\t\t\t\t\t\t\t<span class='e-n-accordion-item-title-icon'>\n\t\t\t<span class='e-opened' ><svg aria-hidden=\"true\" class=\"e-font-icon-svg e-fas-chevron-down\" viewBox=\"0 0 448 512\" xmlns=\"http:\/\/www.w3.org\/2000\/svg\"><path d=\"M207.029 381.476L12.686 187.132c-9.373-9.373-9.373-24.569 0-33.941l22.667-22.667c9.357-9.357 24.522-9.375 33.901-.04L224 284.505l154.745-154.021c9.379-9.335 24.544-9.317 33.901.04l22.667 22.667c9.373 9.373 9.373 24.569 0 33.941L240.971 381.476c-9.373 9.372-24.569 9.372-33.942 0z\"><\/path><\/svg><\/span>\n\t\t\t<span class='e-closed'><svg aria-hidden=\"true\" class=\"e-font-icon-svg e-fas-chevron-up\" viewBox=\"0 0 448 512\" xmlns=\"http:\/\/www.w3.org\/2000\/svg\"><path d=\"M240.971 130.524l194.343 194.343c9.373 9.373 9.373 24.569 0 33.941l-22.667 22.667c-9.357 9.357-24.522 9.375-33.901.04L224 227.495 69.255 381.516c-9.379 9.335-24.544 9.317-33.901-.04l-22.667-22.667c-9.373-9.373-9.373-24.569 0-33.941L207.03 130.525c9.372-9.373 24.568-9.373 33.941-.001z\"><\/path><\/svg><\/span>\n\t\t<\/span>\n\n\t\t\t\t\t\t<\/summary>\n\t\t\t\t<div role=\"region\" aria-labelledby=\"e-n-accordion-item-7992\" class=\"elementor-element elementor-element-534c1ad e-con-full e-flex e-con e-child\" data-id=\"534c1ad\" data-element_type=\"container\">\n\t\t\t\t<div class=\"elementor-element elementor-element-41d1cb4 elementor-widget elementor-widget-text-editor\" data-id=\"41d1cb4\" data-element_type=\"widget\" data-widget_type=\"text-editor.default\">\n\t\t\t\t\t\t\t\t\t<ul><li><p data-path-to-node=\"2,0,0\"><span data-sheets-root=\"1\">Limpie y seque la zona afectada. Aseg\u00farese de que no haya crema ni aceite en la zona afectada.<\/span><\/p><\/li><li><p data-path-to-node=\"2,0,0\"><span data-sheets-root=\"1\">Caliente el ap\u00f3sito con las manos para mejorar la adherencia inicial sobre la piel.<\/span><\/p><\/li><li><p data-path-to-node=\"2,0,0\"><span data-sheets-root=\"1\">Deje el ap\u00f3sito en la piel hasta que se desprenda por s\u00ed solo. La duraci\u00f3n puede variar seg\u00fan la persona. Duraci\u00f3n m\u00e1xima de uso por ap\u00f3sito: 7 d\u00edas.<\/span><\/p><\/li><li><p data-path-to-node=\"2,0,0\"><span data-sheets-root=\"1\">Para retirar el ap\u00f3sito, levante cuidadosamente un borde y despr\u00e9ndalo suavemente de la piel.<\/span><\/p><div class=\"load-more-content\">\u00a0<\/div><\/li><\/ul>\t\t\t\t\t\t\t\t<\/div>\n\t\t\t\t<\/div>\n\t\t\t\t\t<\/details>\n\t\t\t\t\t\t<details id=\"e-n-accordion-item-7993\" class=\"e-n-accordion-item\" >\n\t\t\t\t<summary class=\"e-n-accordion-item-title\" data-accordion-index=\"4\" tabindex=\"-1\" aria-expanded=\"false\" aria-controls=\"e-n-accordion-item-7993\" >\n\t\t\t\t\t<span class='e-n-accordion-item-title-header'><div class=\"e-n-accordion-item-title-text\"> Advertencias de seguridad <\/div><\/span>\n\t\t\t\t\t\t\t<span class='e-n-accordion-item-title-icon'>\n\t\t\t<span class='e-opened' ><svg aria-hidden=\"true\" class=\"e-font-icon-svg e-fas-chevron-down\" viewBox=\"0 0 448 512\" xmlns=\"http:\/\/www.w3.org\/2000\/svg\"><path d=\"M207.029 381.476L12.686 187.132c-9.373-9.373-9.373-24.569 0-33.941l22.667-22.667c9.357-9.357 24.522-9.375 33.901-.04L224 284.505l154.745-154.021c9.379-9.335 24.544-9.317 33.901.04l22.667 22.667c9.373 9.373 9.373 24.569 0 33.941L240.971 381.476c-9.373 9.372-24.569 9.372-33.942 0z\"><\/path><\/svg><\/span>\n\t\t\t<span class='e-closed'><svg aria-hidden=\"true\" class=\"e-font-icon-svg e-fas-chevron-up\" viewBox=\"0 0 448 512\" xmlns=\"http:\/\/www.w3.org\/2000\/svg\"><path d=\"M240.971 130.524l194.343 194.343c9.373 9.373 9.373 24.569 0 33.941l-22.667 22.667c-9.357 9.357-24.522 9.375-33.901.04L224 227.495 69.255 381.516c-9.379 9.335-24.544 9.317-33.901-.04l-22.667-22.667c-9.373-9.373-9.373-24.569 0-33.941L207.03 130.525c9.372-9.373 24.568-9.373 33.941-.001z\"><\/path><\/svg><\/span>\n\t\t<\/span>\n\n\t\t\t\t\t\t<\/summary>\n\t\t\t\t<div role=\"region\" aria-labelledby=\"e-n-accordion-item-7993\" class=\"elementor-element elementor-element-4c43084 e-flex e-con-boxed e-con e-child\" data-id=\"4c43084\" data-element_type=\"container\">\n\t\t\t\t\t<div class=\"e-con-inner\">\n\t\t\t\t<div class=\"elementor-element elementor-element-ee7d1bc elementor-widget elementor-widget-text-editor\" data-id=\"ee7d1bc\" data-element_type=\"widget\" data-widget_type=\"text-editor.default\">\n\t\t\t\t\t\t\t\t\t<div class=\"widget-three\"><p>No aplicar sobre piel con heridas, cortes abiertos o heridas infectadas. Evitar el contacto con los ojos. En caso de duda, consulte a un profesional sanitario. No utilizar si es al\u00e9rgico al ap\u00f3sito o a alguno de sus componentes.<\/p><\/div>\t\t\t\t\t\t\t\t<\/div>\n\t\t\t\t<div class=\"elementor-element elementor-element-2fab3d5 elementor-widget elementor-widget-heading\" data-id=\"2fab3d5\" data-element_type=\"widget\" data-widget_type=\"heading.default\">\n\t\t\t\t\t<h3 class=\"elementor-heading-title elementor-size-default\">Ingredientes<\/h3>\t\t\t\t<\/div>\n\t\t\t\t<div class=\"elementor-element elementor-element-59515d9 elementor-widget elementor-widget-text-editor\" data-id=\"59515d9\" data-element_type=\"widget\" data-widget_type=\"text-editor.default\">\n\t\t\t\t\t\t\t\t\t<section class=\"s-p__section\"><div class=\"container container-lg\"><div class=\"s-p__rhs\"><div class=\"s-p__desc\"><div class=\"s-p__desc\"><p>Hydrocolloid adhesive, Polyurethane film<\/p><\/div><\/div><\/div><\/div><\/section>\t\t\t\t\t\t\t\t<\/div>\n\t\t\t\t\t<\/div>\n\t\t\t\t<\/div>\n\t\t\t\t\t<\/details>\n\t\t\t\t\t<\/div>\n\t\t\t\t\t\t<\/div>\n\t\t\t\t\t<\/div>\n\t\t\t\t<\/div>\n\t\t\t\t<\/div>\n\t\t","protected":false},"featured_media":1517,"template":"","meta":{"_acf_changed":false},"condiziones":[116],"related-product":[115],"tipo-di-prodotto":[102],"treatmenttype":[114],"class_list":["post-1745","product","type-product","status-publish","has-post-thumbnail","hentry","condiziones-ampollas","related-product-ampollas","tipo-di-prodotto-aid","treatmenttype-ampollas"],"acf":[],"_links":{"self":[{"href":"https:\/\/www.xacu3122.odns.fr\/scholles_preprod\/wp-json\/wp\/v2\/product\/1745","targetHints":{"allow":["GET"]}}],"collection":[{"href":"https:\/\/www.xacu3122.odns.fr\/scholles_preprod\/wp-json\/wp\/v2\/product"}],"about":[{"href":"https:\/\/www.xacu3122.odns.fr\/scholles_preprod\/wp-json\/wp\/v2\/types\/product"}],"version-history":[{"count":4,"href":"https:\/\/www.xacu3122.odns.fr\/scholles_preprod\/wp-json\/wp\/v2\/product\/1745\/revisions"}],"predecessor-version":[{"id":1749,"href":"https:\/\/www.xacu3122.odns.fr\/scholles_preprod\/wp-json\/wp\/v2\/product\/1745\/revisions\/1749"}],"wp:featuredmedia":[{"embeddable":true,"href":"https:\/\/www.xacu3122.odns.fr\/scholles_preprod\/wp-json\/wp\/v2\/media\/1517"}],"wp:attachment":[{"href":"https:\/\/www.xacu3122.odns.fr\/scholles_preprod\/wp-json\/wp\/v2\/media?parent=1745"}],"wp:term":[{"taxonomy":"condiziones","embeddable":true,"href":"https:\/\/www.xacu3122.odns.fr\/scholles_preprod\/wp-json\/wp\/v2\/condiziones?post=1745"},{"taxonomy":"related-product","embeddable":true,"href":"https:\/\/www.xacu3122.odns.fr\/scholles_preprod\/wp-json\/wp\/v2\/related-product?post=1745"},{"taxonomy":"tipo-di-prodotto","embeddable":true,"href":"https:\/\/www.xacu3122.odns.fr\/scholles_preprod\/wp-json\/wp\/v2\/tipo-di-prodotto?post=1745"},{"taxonomy":"treatmenttype","embeddable":true,"href":"https:\/\/www.xacu3122.odns.fr\/scholles_preprod\/wp-json\/wp\/v2\/treatmenttype?post=1745"}],"curies":[{"name":"wp","href":"https:\/\/api.w.org\/{rel}","templated":true}]}}