{"id":1779,"date":"2026-04-21T16:47:18","date_gmt":"2026-04-21T14:47:18","guid":{"rendered":"https:\/\/www.xacu3122.odns.fr\/scholles_preprod\/?post_type=product&#038;p=1779"},"modified":"2026-04-22T17:49:42","modified_gmt":"2026-04-22T15:49:42","slug":"lima-electrica-expert-care-durezas-pies-con-cabezal-exfoliante","status":"publish","type":"product","link":"https:\/\/www.xacu3122.odns.fr\/scholles_preprod\/product\/lima-electrica-expert-care-durezas-pies-con-cabezal-exfoliante\/","title":{"rendered":"Lima El\u00e9ctrica Expert Care Durezas Pies con Cabezal Exfoliante"},"content":{"rendered":"\t\t<div data-elementor-type=\"wp-post\" data-elementor-id=\"1779\" class=\"elementor elementor-1779\" data-elementor-post-type=\"product\">\n\t\t\t\t<div class=\"elementor-element elementor-element-886be8c e-flex e-con-boxed e-con e-parent\" data-id=\"886be8c\" data-element_type=\"container\">\n\t\t\t\t\t<div class=\"e-con-inner\">\n\t\t\t\t<div class=\"elementor-element elementor-element-4e5216d elementor-widget elementor-widget-text-editor\" data-id=\"4e5216d\" data-element_type=\"widget\" data-widget_type=\"text-editor.default\">\n\t\t\t\t\t\t\t\t\t<section class=\"s-p__section\"><div class=\"container container-lg\"><div class=\"s-p__rhs\"><div class=\"s-p__desc\"><section class=\"s-p__section\"><div class=\"container container-lg\"><div class=\"s-p__rhs\"><div class=\"s-p__desc\"><div class=\"s-p__desc\"><p>Suaviza y elimina las durezas para unos pies sedosos con una lima el\u00e9ctrica sin dolor.<\/p><\/div><\/div><\/div><\/div><\/section><\/div><\/div><\/div><\/section>\t\t\t\t\t\t\t\t<\/div>\n\t\t\t\t<div class=\"elementor-element elementor-element-7f44409 elementor-widget elementor-widget-heading\" data-id=\"7f44409\" data-element_type=\"widget\" data-widget_type=\"heading.default\">\n\t\t\t\t\t<h3 class=\"elementor-heading-title elementor-size-default\">Sobre este producto <\/h3>\t\t\t\t<\/div>\n\t\t\t\t<div class=\"elementor-element elementor-element-88c5bb4 elementor-widget elementor-widget-text-editor\" data-id=\"88c5bb4\" data-element_type=\"widget\" data-widget_type=\"text-editor.default\">\n\t\t\t\t\t\t\t\t\t<ul><li><p>PIES SUAVES EN MINUTOS- Elimina durezas y piel muerta con la Lima El\u00e9ctrica para Pies Durezas Velvet Smooth de Dr.Scholls, sus cabezales con cristales de diamante dejan los pies suaves y cuidados desde el primer uso, ideal para una pedicura para pies en casa<\/p><\/li><li><p>CABEZAL EXFOLIANTE Y RECAMBIOS DISPONIBLES- Disfruta de una rutina completa de cuidado con cabezales intercambiables seg\u00fan tus necesidades, Durezas Persistentes, Durezas Extremas o exfoliante pies para piel seca<\/p><\/li><li><p>DISE\u00d1O ERGON\u00d3MICO Y SEGURO- Su mango ergon\u00f3mico permite un agarre c\u00f3modo, cuenta con tope de seguridad que detiene el cabezal si aplicas demasiada presi\u00f3n, evitando irritaciones, incluye 4 pilas AA listas para usar<\/p><\/li><li><p>2 VELOCIDADES AJUSTABLES- Adapta la intensidad a tus necesidades con sus dos niveles de velocidad, elimina las durezas y la piel muerta dejando tus pies bonitos y suaves sin esfuerzo para un resultado duradero<\/p><\/li><li><p>CUIDADO COMPLETO CON Dr.Scholls- Muestra tus pies cuanto les cuidas con los productos de cuidado de Dr.Scholls, combina el uso de la lima el\u00e9ctrica para pies con la crema para durezas o la Mascarilla Nutritiva para pies de Dr.Scholls<\/p><p>\u00a0<\/p><p>\u00a0<\/p><\/li><\/ul>\t\t\t\t\t\t\t\t<\/div>\n\t\t\t\t<div class=\"elementor-element elementor-element-1df93fb elementor-widget elementor-widget-n-accordion\" data-id=\"1df93fb\" data-element_type=\"widget\" data-settings=\"{&quot;default_state&quot;:&quot;expanded&quot;,&quot;max_items_expended&quot;:&quot;one&quot;,&quot;n_accordion_animation_duration&quot;:{&quot;unit&quot;:&quot;ms&quot;,&quot;size&quot;:400,&quot;sizes&quot;:[]}}\" data-widget_type=\"nested-accordion.default\">\n\t\t\t\t\t\t\t<div class=\"e-n-accordion\" aria-label=\"Accordion. Open links with Enter or Space, close with Escape, and navigate with Arrow Keys\">\n\t\t\t\t\t\t<details id=\"e-n-accordion-item-3140\" class=\"e-n-accordion-item\" open>\n\t\t\t\t<summary class=\"e-n-accordion-item-title\" data-accordion-index=\"1\" tabindex=\"0\" aria-expanded=\"true\" aria-controls=\"e-n-accordion-item-3140\" >\n\t\t\t\t\t<span class='e-n-accordion-item-title-header'><div class=\"e-n-accordion-item-title-text\"> Detalles del Producto  <\/div><\/span>\n\t\t\t\t\t\t\t<span class='e-n-accordion-item-title-icon'>\n\t\t\t<span class='e-opened' ><svg aria-hidden=\"true\" class=\"e-font-icon-svg e-fas-chevron-down\" viewBox=\"0 0 448 512\" xmlns=\"http:\/\/www.w3.org\/2000\/svg\"><path d=\"M207.029 381.476L12.686 187.132c-9.373-9.373-9.373-24.569 0-33.941l22.667-22.667c9.357-9.357 24.522-9.375 33.901-.04L224 284.505l154.745-154.021c9.379-9.335 24.544-9.317 33.901.04l22.667 22.667c9.373 9.373 9.373 24.569 0 33.941L240.971 381.476c-9.373 9.372-24.569 9.372-33.942 0z\"><\/path><\/svg><\/span>\n\t\t\t<span class='e-closed'><svg aria-hidden=\"true\" class=\"e-font-icon-svg e-fas-chevron-up\" viewBox=\"0 0 448 512\" xmlns=\"http:\/\/www.w3.org\/2000\/svg\"><path d=\"M240.971 130.524l194.343 194.343c9.373 9.373 9.373 24.569 0 33.941l-22.667 22.667c-9.357 9.357-24.522 9.375-33.901.04L224 227.495 69.255 381.516c-9.379 9.335-24.544 9.317-33.901-.04l-22.667-22.667c-9.373-9.373-9.373-24.569 0-33.941L207.03 130.525c9.372-9.373 24.568-9.373 33.941-.001z\"><\/path><\/svg><\/span>\n\t\t<\/span>\n\n\t\t\t\t\t\t<\/summary>\n\t\t\t\t<div role=\"region\" aria-labelledby=\"e-n-accordion-item-3140\" class=\"elementor-element elementor-element-22d738f e-flex e-con-boxed e-con e-child\" data-id=\"22d738f\" data-element_type=\"container\">\n\t\t\t\t\t<div class=\"e-con-inner\">\n\t\t\t\t<div class=\"elementor-element elementor-element-03fe85f elementor-widget elementor-widget-text-editor\" data-id=\"03fe85f\" data-element_type=\"widget\" data-widget_type=\"text-editor.default\">\n\t\t\t\t\t\t\t\t\t<p>Mantener tus pies suaves es m\u00e1s f\u00e1cil de lo que piensas. Scholl tiene una gama de soluciones Velvet Smooth para ayudarte a eliminar la piel no deseada y mantener la hidrataci\u00f3n.<\/p><p>Gracias a la nueva lima electr\u00f3nica, a los recambios exfoliantes, podr\u00e1s eliminar suavemente las durezas, exfoliar tu piel y conseguir resultados profesionales sin salir de casa.<\/p><p>\u00a1Dile hola a unos pies ideales de forma r\u00e1pida y simple! Dentro de la gama Velvet Smooth, la lima el\u00e9ctrica para pies Velvet Smooth, gracias a su cabezal, elimina las durezas que se acumulan debido a la presi\u00f3n de los pies.<\/p><p>Adicionalmente, incluye un recambio exfoliante para la piel seca y escamada de tus pies y la parte inferior de tus piernas, para conseguir una piel m\u00e1s juvenil y suave en ambas zonas.<\/p><p>Su funci\u00f3n de dos velocidades te permite adaptarla a las necesidades de tu piel, mientras que su mango ha sido dise\u00f1ado para un mejor manejo, haciendo que su uso sea c\u00f3modo.<\/p><p>Gracias a la lima electr\u00f3nica para pies Velvet Smooth presume de unos pies hermosos siempre que quieras.<\/p>\t\t\t\t\t\t\t\t<\/div>\n\t\t\t\t\t<\/div>\n\t\t\t\t<\/div>\n\t\t\t\t\t<\/details>\n\t\t\t\t\t\t<details id=\"e-n-accordion-item-3141\" class=\"e-n-accordion-item\" >\n\t\t\t\t<summary class=\"e-n-accordion-item-title\" data-accordion-index=\"2\" tabindex=\"-1\" aria-expanded=\"false\" aria-controls=\"e-n-accordion-item-3141\" >\n\t\t\t\t\t<span class='e-n-accordion-item-title-header'><div class=\"e-n-accordion-item-title-text\"> Contenido del envase <\/div><\/span>\n\t\t\t\t\t\t\t<span class='e-n-accordion-item-title-icon'>\n\t\t\t<span class='e-opened' ><svg aria-hidden=\"true\" class=\"e-font-icon-svg e-fas-chevron-down\" viewBox=\"0 0 448 512\" xmlns=\"http:\/\/www.w3.org\/2000\/svg\"><path d=\"M207.029 381.476L12.686 187.132c-9.373-9.373-9.373-24.569 0-33.941l22.667-22.667c9.357-9.357 24.522-9.375 33.901-.04L224 284.505l154.745-154.021c9.379-9.335 24.544-9.317 33.901.04l22.667 22.667c9.373 9.373 9.373 24.569 0 33.941L240.971 381.476c-9.373 9.372-24.569 9.372-33.942 0z\"><\/path><\/svg><\/span>\n\t\t\t<span class='e-closed'><svg aria-hidden=\"true\" class=\"e-font-icon-svg e-fas-chevron-up\" viewBox=\"0 0 448 512\" xmlns=\"http:\/\/www.w3.org\/2000\/svg\"><path d=\"M240.971 130.524l194.343 194.343c9.373 9.373 9.373 24.569 0 33.941l-22.667 22.667c-9.357 9.357-24.522 9.375-33.901.04L224 227.495 69.255 381.516c-9.379 9.335-24.544 9.317-33.901-.04l-22.667-22.667c-9.373-9.373-9.373-24.569 0-33.941L207.03 130.525c9.372-9.373 24.568-9.373 33.941-.001z\"><\/path><\/svg><\/span>\n\t\t<\/span>\n\n\t\t\t\t\t\t<\/summary>\n\t\t\t\t<div role=\"region\" aria-labelledby=\"e-n-accordion-item-3141\" class=\"elementor-element elementor-element-dd31b3f e-con-full e-flex e-con e-child\" data-id=\"dd31b3f\" data-element_type=\"container\">\n\t\t\t\t<div class=\"elementor-element elementor-element-c6e179a elementor-widget elementor-widget-text-editor\" data-id=\"c6e179a\" data-element_type=\"widget\" data-widget_type=\"text-editor.default\">\n\t\t\t\t\t\t\t\t\t<p data-path-to-node=\"2\"><span class=\"\">1x lima el\u00e9ctrica,<\/span><span class=\"\">\u00a01x cabezal de recambio<\/span><\/p>\t\t\t\t\t\t\t\t<\/div>\n\t\t\t\t<\/div>\n\t\t\t\t\t<\/details>\n\t\t\t\t\t\t<details id=\"e-n-accordion-item-3142\" class=\"e-n-accordion-item\" >\n\t\t\t\t<summary class=\"e-n-accordion-item-title\" data-accordion-index=\"3\" tabindex=\"-1\" aria-expanded=\"false\" aria-controls=\"e-n-accordion-item-3142\" >\n\t\t\t\t\t<span class='e-n-accordion-item-title-header'><div class=\"e-n-accordion-item-title-text\"> Instrucciones de Uso  <\/div><\/span>\n\t\t\t\t\t\t\t<span class='e-n-accordion-item-title-icon'>\n\t\t\t<span class='e-opened' ><svg aria-hidden=\"true\" class=\"e-font-icon-svg e-fas-chevron-down\" viewBox=\"0 0 448 512\" xmlns=\"http:\/\/www.w3.org\/2000\/svg\"><path d=\"M207.029 381.476L12.686 187.132c-9.373-9.373-9.373-24.569 0-33.941l22.667-22.667c9.357-9.357 24.522-9.375 33.901-.04L224 284.505l154.745-154.021c9.379-9.335 24.544-9.317 33.901.04l22.667 22.667c9.373 9.373 9.373 24.569 0 33.941L240.971 381.476c-9.373 9.372-24.569 9.372-33.942 0z\"><\/path><\/svg><\/span>\n\t\t\t<span class='e-closed'><svg aria-hidden=\"true\" class=\"e-font-icon-svg e-fas-chevron-up\" viewBox=\"0 0 448 512\" xmlns=\"http:\/\/www.w3.org\/2000\/svg\"><path d=\"M240.971 130.524l194.343 194.343c9.373 9.373 9.373 24.569 0 33.941l-22.667 22.667c-9.357 9.357-24.522 9.375-33.901.04L224 227.495 69.255 381.516c-9.379 9.335-24.544 9.317-33.901-.04l-22.667-22.667c-9.373-9.373-9.373-24.569 0-33.941L207.03 130.525c9.372-9.373 24.568-9.373 33.941-.001z\"><\/path><\/svg><\/span>\n\t\t<\/span>\n\n\t\t\t\t\t\t<\/summary>\n\t\t\t\t<div role=\"region\" aria-labelledby=\"e-n-accordion-item-3142\" class=\"elementor-element elementor-element-1936726 e-con-full e-flex e-con e-child\" data-id=\"1936726\" data-element_type=\"container\">\n\t\t\t\t<div class=\"elementor-element elementor-element-60849bd elementor-widget elementor-widget-text-editor\" data-id=\"60849bd\" data-element_type=\"widget\" data-widget_type=\"text-editor.default\">\n\t\t\t\t\t\t\t\t\t<ul><li><p>Enciende la lima de pies y selecciona el ajuste deseado (acabado persistente, suave o perfecto) seg\u00fan la condici\u00f3n de tu piel.<\/p><\/li><li><p>Aplica suavemente la lima en la zona afectada, movi\u00e9ndote con movimientos circulares. Evita presionar demasiado para evitar lesiones.<\/p><\/li><li><p>Utiliza la lima durante unos minutos hasta que se elimine el callo o el ma\u00edz.<\/p><\/li><li><p>Apaga la lima de pies y l\u00edmpiala despu\u00e9s de cada uso. Sigue siempre las directrices de seguridad y no lo utilices en pieles rotas.<\/p><\/li><\/ul>\t\t\t\t\t\t\t\t<\/div>\n\t\t\t\t<\/div>\n\t\t\t\t\t<\/details>\n\t\t\t\t\t\t<details id=\"e-n-accordion-item-3143\" class=\"e-n-accordion-item\" >\n\t\t\t\t<summary class=\"e-n-accordion-item-title\" data-accordion-index=\"4\" tabindex=\"-1\" aria-expanded=\"false\" aria-controls=\"e-n-accordion-item-3143\" >\n\t\t\t\t\t<span class='e-n-accordion-item-title-header'><div class=\"e-n-accordion-item-title-text\"> Advertencias de seguridad <\/div><\/span>\n\t\t\t\t\t\t\t<span class='e-n-accordion-item-title-icon'>\n\t\t\t<span class='e-opened' ><svg aria-hidden=\"true\" class=\"e-font-icon-svg e-fas-chevron-down\" viewBox=\"0 0 448 512\" xmlns=\"http:\/\/www.w3.org\/2000\/svg\"><path d=\"M207.029 381.476L12.686 187.132c-9.373-9.373-9.373-24.569 0-33.941l22.667-22.667c9.357-9.357 24.522-9.375 33.901-.04L224 284.505l154.745-154.021c9.379-9.335 24.544-9.317 33.901.04l22.667 22.667c9.373 9.373 9.373 24.569 0 33.941L240.971 381.476c-9.373 9.372-24.569 9.372-33.942 0z\"><\/path><\/svg><\/span>\n\t\t\t<span class='e-closed'><svg aria-hidden=\"true\" class=\"e-font-icon-svg e-fas-chevron-up\" viewBox=\"0 0 448 512\" xmlns=\"http:\/\/www.w3.org\/2000\/svg\"><path d=\"M240.971 130.524l194.343 194.343c9.373 9.373 9.373 24.569 0 33.941l-22.667 22.667c-9.357 9.357-24.522 9.375-33.901.04L224 227.495 69.255 381.516c-9.379 9.335-24.544 9.317-33.901-.04l-22.667-22.667c-9.373-9.373-9.373-24.569 0-33.941L207.03 130.525c9.372-9.373 24.568-9.373 33.941-.001z\"><\/path><\/svg><\/span>\n\t\t<\/span>\n\n\t\t\t\t\t\t<\/summary>\n\t\t\t\t<div role=\"region\" aria-labelledby=\"e-n-accordion-item-3143\" class=\"elementor-element elementor-element-43494a0 e-flex e-con-boxed e-con e-child\" data-id=\"43494a0\" data-element_type=\"container\">\n\t\t\t\t\t<div class=\"e-con-inner\">\n\t\t\t\t<div class=\"elementor-element elementor-element-dee9eff elementor-widget elementor-widget-text-editor\" data-id=\"dee9eff\" data-element_type=\"widget\" data-widget_type=\"text-editor.default\">\n\t\t\t\t\t\t\t\t\t<div class=\"widget-three\"><div class=\"a-section content\"><p>Utiliza siempre la lima sobre la piel seca y evita aplicar demasiada presi\u00f3n para evitar lesiones. No utilizar en piel rota o irritada. Mant\u00e9n la lima lejos del agua cuando no est\u00e9 en uso.<\/p><\/div><div class=\"load-more-content\">\u00a0<\/div><\/div>\t\t\t\t\t\t\t\t<\/div>\n\t\t\t\t\t<\/div>\n\t\t\t\t<\/div>\n\t\t\t\t\t<\/details>\n\t\t\t\t\t<\/div>\n\t\t\t\t\t\t<\/div>\n\t\t\t\t\t<\/div>\n\t\t\t\t<\/div>\n\t\t\t\t<\/div>\n\t\t","protected":false},"featured_media":1565,"template":"","meta":{"_acf_changed":false},"condiziones":[96],"related-product":[95],"tipo-di-prodotto":[93],"treatmenttype":[94],"class_list":["post-1779","product","type-product","status-publish","has-post-thumbnail","hentry","condiziones-lima","related-product-lima","tipo-di-prodotto-care","treatmenttype-lima"],"acf":[],"_links":{"self":[{"href":"https:\/\/www.xacu3122.odns.fr\/scholles_preprod\/wp-json\/wp\/v2\/product\/1779","targetHints":{"allow":["GET"]}}],"collection":[{"href":"https:\/\/www.xacu3122.odns.fr\/scholles_preprod\/wp-json\/wp\/v2\/product"}],"about":[{"href":"https:\/\/www.xacu3122.odns.fr\/scholles_preprod\/wp-json\/wp\/v2\/types\/product"}],"version-history":[{"count":4,"href":"https:\/\/www.xacu3122.odns.fr\/scholles_preprod\/wp-json\/wp\/v2\/product\/1779\/revisions"}],"predecessor-version":[{"id":1786,"href":"https:\/\/www.xacu3122.odns.fr\/scholles_preprod\/wp-json\/wp\/v2\/product\/1779\/revisions\/1786"}],"wp:featuredmedia":[{"embeddable":true,"href":"https:\/\/www.xacu3122.odns.fr\/scholles_preprod\/wp-json\/wp\/v2\/media\/1565"}],"wp:attachment":[{"href":"https:\/\/www.xacu3122.odns.fr\/scholles_preprod\/wp-json\/wp\/v2\/media?parent=1779"}],"wp:term":[{"taxonomy":"condiziones","embeddable":true,"href":"https:\/\/www.xacu3122.odns.fr\/scholles_preprod\/wp-json\/wp\/v2\/condiziones?post=1779"},{"taxonomy":"related-product","embeddable":true,"href":"https:\/\/www.xacu3122.odns.fr\/scholles_preprod\/wp-json\/wp\/v2\/related-product?post=1779"},{"taxonomy":"tipo-di-prodotto","embeddable":true,"href":"https:\/\/www.xacu3122.odns.fr\/scholles_preprod\/wp-json\/wp\/v2\/tipo-di-prodotto?post=1779"},{"taxonomy":"treatmenttype","embeddable":true,"href":"https:\/\/www.xacu3122.odns.fr\/scholles_preprod\/wp-json\/wp\/v2\/treatmenttype?post=1779"}],"curies":[{"name":"wp","href":"https:\/\/api.w.org\/{rel}","templated":true}]}}