{"id":1817,"date":"2026-04-22T10:46:57","date_gmt":"2026-04-22T08:46:57","guid":{"rendered":"https:\/\/www.xacu3122.odns.fr\/scholles_preprod\/?post_type=product&#038;p=1817"},"modified":"2026-04-22T17:33:14","modified_gmt":"2026-04-22T15:33:14","slug":"plantillas-gelactiv-sport-para-hombre","status":"publish","type":"product","link":"https:\/\/www.xacu3122.odns.fr\/scholles_preprod\/product\/plantillas-gelactiv-sport-para-hombre\/","title":{"rendered":"Plantillas GelActiv\u2122 Sport"},"content":{"rendered":"\t\t<div data-elementor-type=\"wp-post\" data-elementor-id=\"1817\" class=\"elementor elementor-1817\" data-elementor-post-type=\"product\">\n\t\t\t\t<div class=\"elementor-element elementor-element-1dfa7fa e-flex e-con-boxed e-con e-parent\" data-id=\"1dfa7fa\" data-element_type=\"container\">\n\t\t\t\t\t<div class=\"e-con-inner\">\n\t\t\t\t<div class=\"elementor-element elementor-element-6878640 elementor-widget elementor-widget-text-editor\" data-id=\"6878640\" data-element_type=\"widget\" data-widget_type=\"text-editor.default\">\n\t\t\t\t\t\t\t\t\t<section class=\"s-p__section\"><div class=\"container container-lg\"><div class=\"s-p__rhs\"><div class=\"s-p__desc\"><section class=\"s-p__section\"><div class=\"container container-lg\"><div class=\"s-p__rhs\"><div class=\"s-p__desc\"><div class=\"s-p__desc\"><div class=\"s-p__desc\"><div class=\"s-p__desc\"><p>Aumenta el soporte y la comodidad, reduciendo la presi\u00f3n y los impactos durante la actividad deportiva.<\/p><\/div><\/div><\/div><\/div><\/div><\/div><\/section><\/div><\/div><\/div><\/section>\t\t\t\t\t\t\t\t<\/div>\n\t\t\t\t<div class=\"elementor-element elementor-element-cc513e5 elementor-widget elementor-widget-heading\" data-id=\"cc513e5\" data-element_type=\"widget\" data-widget_type=\"heading.default\">\n\t\t\t\t\t<h3 class=\"elementor-heading-title elementor-size-default\">Sobre este producto <\/h3>\t\t\t\t<\/div>\n\t\t\t\t<div class=\"elementor-element elementor-element-0e906a1 elementor-widget elementor-widget-text-editor\" data-id=\"0e906a1\" data-element_type=\"widget\" data-widget_type=\"text-editor.default\">\n\t\t\t\t\t\t\t\t\t<ul><li><p>AGUANTA M\u00c1S TIEMPO DE PIE: Las plantillas GelActiv de Scholl para calzado deportivo est\u00e1n dise\u00f1adas para ofrecer comodidad durante todo el d\u00eda a la gente activa. Su elasticidad a\u00f1adida te ayudar\u00e1 a aliviar la presi\u00f3n sobre tus pies.<\/p><\/li><li><p>PIES SECOS, FRESCOS Y SIN MALOS OLORES: Gracias al revestimiento Freshfeet, estas plantillas antiolor y sudor mantienen tus pies frescos, secos y sin mal olor durante horas. Ideales para zapatos cerrados, botas de trabajo o zapatillas deportivas.<\/p><\/li><li><p>AMORTIGUACI\u00d3N SUPERIOR: Nuestra tecnolog\u00eda GelWave proporciona una amortiguaci\u00f3n superior al mismo tiempo que absorbe los impactos* que se producen al caminar sobre superficies duras o al permanecer de pie todo el d\u00eda. En comparaci\u00f3n con la ausencia de plantillas.<\/p><\/li><li><p>CALIDAD SCHOLL: Desde hace m\u00e1s de 100 a\u00f1os, Scholl sigue con pasi\u00f3n y dedicaci\u00f3n los valores de la empresa fundada por el Dr. William Mathias Scholl. Hasta hoy, contin\u00faa promoviendo unos pies sanos, c\u00f3modos y bonitos.<\/p><\/li><li><p>AJUSTE PERSONALIZADO: Estas plantillas para hombre est\u00e1n disponibles en talla L (40-46,5). Solo tienes que medir tu pie sobre la plantilla de gel y recortarla siguiendo las l\u00edneas marcadas para lograr un ajuste perfecto.<\/p><\/li><\/ul>\t\t\t\t\t\t\t\t<\/div>\n\t\t\t\t<div class=\"elementor-element elementor-element-43ca28a elementor-widget elementor-widget-text-editor\" data-id=\"43ca28a\" data-element_type=\"widget\" data-widget_type=\"text-editor.default\">\n\t\t\t\t\t\t\t\t\t<section class=\"s-p__section\"><div class=\"container container-lg\"><div class=\"s-p__rhs\"><div class=\"s-p__desc\"><section class=\"s-p__section\"><div class=\"container container-lg\"><div class=\"s-p__rhs\"><div class=\"s-p__desc\"><p>Disponible en las tallas S y L.<\/p><\/div><\/div><\/div><\/section><\/div><\/div><\/div><\/section>\t\t\t\t\t\t\t\t<\/div>\n\t\t\t\t<div class=\"elementor-element elementor-element-e947d1e elementor-widget elementor-widget-n-accordion\" data-id=\"e947d1e\" data-element_type=\"widget\" data-settings=\"{&quot;default_state&quot;:&quot;expanded&quot;,&quot;max_items_expended&quot;:&quot;one&quot;,&quot;n_accordion_animation_duration&quot;:{&quot;unit&quot;:&quot;ms&quot;,&quot;size&quot;:400,&quot;sizes&quot;:[]}}\" data-widget_type=\"nested-accordion.default\">\n\t\t\t\t\t\t\t<div class=\"e-n-accordion\" aria-label=\"Accordion. Open links with Enter or Space, close with Escape, and navigate with Arrow Keys\">\n\t\t\t\t\t\t<details id=\"e-n-accordion-item-2440\" class=\"e-n-accordion-item\" open>\n\t\t\t\t<summary class=\"e-n-accordion-item-title\" data-accordion-index=\"1\" tabindex=\"0\" aria-expanded=\"true\" aria-controls=\"e-n-accordion-item-2440\" >\n\t\t\t\t\t<span class='e-n-accordion-item-title-header'><div class=\"e-n-accordion-item-title-text\"> Detalles del Producto  <\/div><\/span>\n\t\t\t\t\t\t\t<span class='e-n-accordion-item-title-icon'>\n\t\t\t<span class='e-opened' ><svg aria-hidden=\"true\" class=\"e-font-icon-svg e-fas-chevron-down\" viewBox=\"0 0 448 512\" xmlns=\"http:\/\/www.w3.org\/2000\/svg\"><path d=\"M207.029 381.476L12.686 187.132c-9.373-9.373-9.373-24.569 0-33.941l22.667-22.667c9.357-9.357 24.522-9.375 33.901-.04L224 284.505l154.745-154.021c9.379-9.335 24.544-9.317 33.901.04l22.667 22.667c9.373 9.373 9.373 24.569 0 33.941L240.971 381.476c-9.373 9.372-24.569 9.372-33.942 0z\"><\/path><\/svg><\/span>\n\t\t\t<span class='e-closed'><svg aria-hidden=\"true\" class=\"e-font-icon-svg e-fas-chevron-up\" viewBox=\"0 0 448 512\" xmlns=\"http:\/\/www.w3.org\/2000\/svg\"><path d=\"M240.971 130.524l194.343 194.343c9.373 9.373 9.373 24.569 0 33.941l-22.667 22.667c-9.357 9.357-24.522 9.375-33.901.04L224 227.495 69.255 381.516c-9.379 9.335-24.544 9.317-33.901-.04l-22.667-22.667c-9.373-9.373-9.373-24.569 0-33.941L207.03 130.525c9.372-9.373 24.568-9.373 33.941-.001z\"><\/path><\/svg><\/span>\n\t\t<\/span>\n\n\t\t\t\t\t\t<\/summary>\n\t\t\t\t<div role=\"region\" aria-labelledby=\"e-n-accordion-item-2440\" class=\"elementor-element elementor-element-0611ffb e-flex e-con-boxed e-con e-child\" data-id=\"0611ffb\" data-element_type=\"container\">\n\t\t\t\t\t<div class=\"e-con-inner\">\n\t\t\t\t<div class=\"elementor-element elementor-element-928aaae elementor-widget elementor-widget-text-editor\" data-id=\"928aaae\" data-element_type=\"widget\" data-widget_type=\"text-editor.default\">\n\t\t\t\t\t\t\t\t\t<p>Mejora tu rendimiento con las plantillas GelActiv de Dr.Scholls para calzado deportivo. Estas plantillas, concebidas para ofrecer un soporte avanzado, presentan una mayor elasticidad para aliviar la presi\u00f3n sobre tus pies durante la pr\u00e1ctica de ejercicio f\u00edsico.<\/p><p>Su revestimiento de tejido Freshfeet garantiza unos pies secos, frescos y descansados, mientras que la tecnolog\u00eda GelWave proporciona una amortiguaci\u00f3n superior al mismo tiempo que absorbe los impactos que se producen al practicar deporte.<\/p><p>Estas plantillas para calzado deportivo, disponibles en talla L para hombre (40-46,5), pueden recortarse para obtener un ajuste perfecto. Estas plantillas para calzado deportivo, disponibles en talla S para mujer (35,5-40,5), pueden recortarse para obtener un ajuste perfecto. Da un paso hacia la comodidad, soporte y rendimiento con GelActiv de Scholl, la elecci\u00f3n ideal para tu estilo de vida activo.<\/p>\t\t\t\t\t\t\t\t<\/div>\n\t\t\t\t\t<\/div>\n\t\t\t\t<\/div>\n\t\t\t\t\t<\/details>\n\t\t\t\t\t\t<details id=\"e-n-accordion-item-2441\" class=\"e-n-accordion-item\" >\n\t\t\t\t<summary class=\"e-n-accordion-item-title\" data-accordion-index=\"2\" tabindex=\"-1\" aria-expanded=\"false\" aria-controls=\"e-n-accordion-item-2441\" >\n\t\t\t\t\t<span class='e-n-accordion-item-title-header'><div class=\"e-n-accordion-item-title-text\"> Contenido del envase <\/div><\/span>\n\t\t\t\t\t\t\t<span class='e-n-accordion-item-title-icon'>\n\t\t\t<span class='e-opened' ><svg aria-hidden=\"true\" class=\"e-font-icon-svg e-fas-chevron-down\" viewBox=\"0 0 448 512\" xmlns=\"http:\/\/www.w3.org\/2000\/svg\"><path d=\"M207.029 381.476L12.686 187.132c-9.373-9.373-9.373-24.569 0-33.941l22.667-22.667c9.357-9.357 24.522-9.375 33.901-.04L224 284.505l154.745-154.021c9.379-9.335 24.544-9.317 33.901.04l22.667 22.667c9.373 9.373 9.373 24.569 0 33.941L240.971 381.476c-9.373 9.372-24.569 9.372-33.942 0z\"><\/path><\/svg><\/span>\n\t\t\t<span class='e-closed'><svg aria-hidden=\"true\" class=\"e-font-icon-svg e-fas-chevron-up\" viewBox=\"0 0 448 512\" xmlns=\"http:\/\/www.w3.org\/2000\/svg\"><path d=\"M240.971 130.524l194.343 194.343c9.373 9.373 9.373 24.569 0 33.941l-22.667 22.667c-9.357 9.357-24.522 9.375-33.901.04L224 227.495 69.255 381.516c-9.379 9.335-24.544 9.317-33.901-.04l-22.667-22.667c-9.373-9.373-9.373-24.569 0-33.941L207.03 130.525c9.372-9.373 24.568-9.373 33.941-.001z\"><\/path><\/svg><\/span>\n\t\t<\/span>\n\n\t\t\t\t\t\t<\/summary>\n\t\t\t\t<div role=\"region\" aria-labelledby=\"e-n-accordion-item-2441\" class=\"elementor-element elementor-element-14e7a6f e-con-full e-flex e-con e-child\" data-id=\"14e7a6f\" data-element_type=\"container\">\n\t\t\t\t<div class=\"elementor-element elementor-element-e928a7b elementor-widget elementor-widget-text-editor\" data-id=\"e928a7b\" data-element_type=\"widget\" data-widget_type=\"text-editor.default\">\n\t\t\t\t\t\t\t\t\t<p data-path-to-node=\"1\">1x par de plantillas<\/p>\t\t\t\t\t\t\t\t<\/div>\n\t\t\t\t<\/div>\n\t\t\t\t\t<\/details>\n\t\t\t\t\t\t<details id=\"e-n-accordion-item-2442\" class=\"e-n-accordion-item\" >\n\t\t\t\t<summary class=\"e-n-accordion-item-title\" data-accordion-index=\"3\" tabindex=\"-1\" aria-expanded=\"false\" aria-controls=\"e-n-accordion-item-2442\" >\n\t\t\t\t\t<span class='e-n-accordion-item-title-header'><div class=\"e-n-accordion-item-title-text\"> Instrucciones de Uso  <\/div><\/span>\n\t\t\t\t\t\t\t<span class='e-n-accordion-item-title-icon'>\n\t\t\t<span class='e-opened' ><svg aria-hidden=\"true\" class=\"e-font-icon-svg e-fas-chevron-down\" viewBox=\"0 0 448 512\" xmlns=\"http:\/\/www.w3.org\/2000\/svg\"><path d=\"M207.029 381.476L12.686 187.132c-9.373-9.373-9.373-24.569 0-33.941l22.667-22.667c9.357-9.357 24.522-9.375 33.901-.04L224 284.505l154.745-154.021c9.379-9.335 24.544-9.317 33.901.04l22.667 22.667c9.373 9.373 9.373 24.569 0 33.941L240.971 381.476c-9.373 9.372-24.569 9.372-33.942 0z\"><\/path><\/svg><\/span>\n\t\t\t<span class='e-closed'><svg aria-hidden=\"true\" class=\"e-font-icon-svg e-fas-chevron-up\" viewBox=\"0 0 448 512\" xmlns=\"http:\/\/www.w3.org\/2000\/svg\"><path d=\"M240.971 130.524l194.343 194.343c9.373 9.373 9.373 24.569 0 33.941l-22.667 22.667c-9.357 9.357-24.522 9.375-33.901.04L224 227.495 69.255 381.516c-9.379 9.335-24.544 9.317-33.901-.04l-22.667-22.667c-9.373-9.373-9.373-24.569 0-33.941L207.03 130.525c9.372-9.373 24.568-9.373 33.941-.001z\"><\/path><\/svg><\/span>\n\t\t<\/span>\n\n\t\t\t\t\t\t<\/summary>\n\t\t\t\t<div role=\"region\" aria-labelledby=\"e-n-accordion-item-2442\" class=\"elementor-element elementor-element-24821cd e-con-full e-flex e-con e-child\" data-id=\"24821cd\" data-element_type=\"container\">\n\t\t\t\t<div class=\"elementor-element elementor-element-8941d39 elementor-widget elementor-widget-text-editor\" data-id=\"8941d39\" data-element_type=\"widget\" data-widget_type=\"text-editor.default\">\n\t\t\t\t\t\t\t\t\t<ul><li>Recorta la plantilla para que se ajuste a tu zapato siguiendo las l\u00edneas marcadas y usando unas tijeras.<\/li><li>Inserta la plantilla en el zapato con el lado de tela hacia arriba.<\/li><li>Sustituye las plantillas cada 6 meses o antes si muestran signo de desgaste.<\/li><\/ul>\t\t\t\t\t\t\t\t<\/div>\n\t\t\t\t<\/div>\n\t\t\t\t\t<\/details>\n\t\t\t\t\t\t<details id=\"e-n-accordion-item-2443\" class=\"e-n-accordion-item\" >\n\t\t\t\t<summary class=\"e-n-accordion-item-title\" data-accordion-index=\"4\" tabindex=\"-1\" aria-expanded=\"false\" aria-controls=\"e-n-accordion-item-2443\" >\n\t\t\t\t\t<span class='e-n-accordion-item-title-header'><div class=\"e-n-accordion-item-title-text\"> Advertencias de seguridad <\/div><\/span>\n\t\t\t\t\t\t\t<span class='e-n-accordion-item-title-icon'>\n\t\t\t<span class='e-opened' ><svg aria-hidden=\"true\" class=\"e-font-icon-svg e-fas-chevron-down\" viewBox=\"0 0 448 512\" xmlns=\"http:\/\/www.w3.org\/2000\/svg\"><path d=\"M207.029 381.476L12.686 187.132c-9.373-9.373-9.373-24.569 0-33.941l22.667-22.667c9.357-9.357 24.522-9.375 33.901-.04L224 284.505l154.745-154.021c9.379-9.335 24.544-9.317 33.901.04l22.667 22.667c9.373 9.373 9.373 24.569 0 33.941L240.971 381.476c-9.373 9.372-24.569 9.372-33.942 0z\"><\/path><\/svg><\/span>\n\t\t\t<span class='e-closed'><svg aria-hidden=\"true\" class=\"e-font-icon-svg e-fas-chevron-up\" viewBox=\"0 0 448 512\" xmlns=\"http:\/\/www.w3.org\/2000\/svg\"><path d=\"M240.971 130.524l194.343 194.343c9.373 9.373 9.373 24.569 0 33.941l-22.667 22.667c-9.357 9.357-24.522 9.375-33.901.04L224 227.495 69.255 381.516c-9.379 9.335-24.544 9.317-33.901-.04l-22.667-22.667c-9.373-9.373-9.373-24.569 0-33.941L207.03 130.525c9.372-9.373 24.568-9.373 33.941-.001z\"><\/path><\/svg><\/span>\n\t\t<\/span>\n\n\t\t\t\t\t\t<\/summary>\n\t\t\t\t<div role=\"region\" aria-labelledby=\"e-n-accordion-item-2443\" class=\"elementor-element elementor-element-5f6d120 e-flex e-con-boxed e-con e-child\" data-id=\"5f6d120\" data-element_type=\"container\">\n\t\t\t\t\t<div class=\"e-con-inner\">\n\t\t\t\t<div class=\"elementor-element elementor-element-caca121 elementor-widget elementor-widget-text-editor\" data-id=\"caca121\" data-element_type=\"widget\" data-widget_type=\"text-editor.default\">\n\t\t\t\t\t\t\t\t\t<div class=\"widget-three\"><ul data-path-to-node=\"3\"><li><p>Sustituya las plantillas despu\u00e9s de 6 meses o al observar signos visibles de desgaste. Si se produce incomodidad o rozaduras, deje de usarlas. Si la incomodidad persiste, consulte a un profesional sanitario. No usar sobre piel rota o irritada. A\u00f1adir o reemplazar componentes de calzado certificado puede afectar la certificaci\u00f3n.<\/p><div class=\"load-more-content\">\u00a0<\/div><\/li><\/ul><\/div>\t\t\t\t\t\t\t\t<\/div>\n\t\t\t\t\t<\/div>\n\t\t\t\t<\/div>\n\t\t\t\t\t<\/details>\n\t\t\t\t\t<\/div>\n\t\t\t\t\t\t<\/div>\n\t\t\t\t\t<\/div>\n\t\t\t\t<\/div>\n\t\t\t\t<\/div>\n\t\t","protected":false},"featured_media":1589,"template":"","meta":{"_acf_changed":false},"condiziones":[86],"related-product":[83],"tipo-di-prodotto":[81],"treatmenttype":[91],"class_list":["post-1817","product","type-product","status-publish","has-post-thumbnail","hentry","condiziones-plantillas","related-product-plantillas","tipo-di-prodotto-apoyo","treatmenttype-plantillas"],"acf":[],"_links":{"self":[{"href":"https:\/\/www.xacu3122.odns.fr\/scholles_preprod\/wp-json\/wp\/v2\/product\/1817","targetHints":{"allow":["GET"]}}],"collection":[{"href":"https:\/\/www.xacu3122.odns.fr\/scholles_preprod\/wp-json\/wp\/v2\/product"}],"about":[{"href":"https:\/\/www.xacu3122.odns.fr\/scholles_preprod\/wp-json\/wp\/v2\/types\/product"}],"version-history":[{"count":6,"href":"https:\/\/www.xacu3122.odns.fr\/scholles_preprod\/wp-json\/wp\/v2\/product\/1817\/revisions"}],"predecessor-version":[{"id":1868,"href":"https:\/\/www.xacu3122.odns.fr\/scholles_preprod\/wp-json\/wp\/v2\/product\/1817\/revisions\/1868"}],"wp:featuredmedia":[{"embeddable":true,"href":"https:\/\/www.xacu3122.odns.fr\/scholles_preprod\/wp-json\/wp\/v2\/media\/1589"}],"wp:attachment":[{"href":"https:\/\/www.xacu3122.odns.fr\/scholles_preprod\/wp-json\/wp\/v2\/media?parent=1817"}],"wp:term":[{"taxonomy":"condiziones","embeddable":true,"href":"https:\/\/www.xacu3122.odns.fr\/scholles_preprod\/wp-json\/wp\/v2\/condiziones?post=1817"},{"taxonomy":"related-product","embeddable":true,"href":"https:\/\/www.xacu3122.odns.fr\/scholles_preprod\/wp-json\/wp\/v2\/related-product?post=1817"},{"taxonomy":"tipo-di-prodotto","embeddable":true,"href":"https:\/\/www.xacu3122.odns.fr\/scholles_preprod\/wp-json\/wp\/v2\/tipo-di-prodotto?post=1817"},{"taxonomy":"treatmenttype","embeddable":true,"href":"https:\/\/www.xacu3122.odns.fr\/scholles_preprod\/wp-json\/wp\/v2\/treatmenttype?post=1817"}],"curies":[{"name":"wp","href":"https:\/\/api.w.org\/{rel}","templated":true}]}}