{"id":109,"date":"2025-12-23T10:50:42","date_gmt":"2025-12-23T09:50:42","guid":{"rendered":"https:\/\/www.xacu3122.odns.fr\/schollfr_preprod\/?page_id=109"},"modified":"2026-05-04T12:32:59","modified_gmt":"2026-05-04T10:32:59","slug":"conditions","status":"publish","type":"page","link":"https:\/\/www.xacu3122.odns.fr\/schollfr_preprod\/conditions\/","title":{"rendered":"Conditions"},"content":{"rendered":"\t\t<div data-elementor-type=\"wp-page\" data-elementor-id=\"109\" class=\"elementor elementor-109\" data-elementor-post-type=\"page\">\n\t\t\t\t<div class=\"elementor-element elementor-element-c86eb43 e-flex e-con-boxed e-con e-parent\" data-id=\"c86eb43\" data-element_type=\"container\">\n\t\t\t\t\t<div class=\"e-con-inner\">\n\t\t<div class=\"elementor-element elementor-element-da91511 e-con-full e-flex e-con e-child\" data-id=\"da91511\" data-element_type=\"container\" data-settings=\"{&quot;background_background&quot;:&quot;classic&quot;}\">\n\t\t\t\t<div class=\"elementor-element elementor-element-aa1a037 elementor-widget elementor-widget-heading\" data-id=\"aa1a037\" data-element_type=\"widget\" data-widget_type=\"heading.default\">\n\t\t\t\t\t<h2 class=\"elementor-heading-title elementor-size-default\">Affections du pied<\/h2>\t\t\t\t<\/div>\n\t\t<div class=\"elementor-element elementor-element-6320716 e-con-full e-flex e-con e-child\" data-id=\"6320716\" data-element_type=\"container\">\n\t\t<div class=\"elementor-element elementor-element-f8ab988 e-con-full e-flex e-con e-child\" data-id=\"f8ab988\" data-element_type=\"container\">\n\t\t\t\t<div class=\"elementor-element elementor-element-019234b elementor-widget elementor-widget-image\" data-id=\"019234b\" data-element_type=\"widget\" data-widget_type=\"image.default\">\n\t\t\t\t\t\t\t\t\t\t\t\t\t\t\t\t<a href=\"https:\/\/www.xacu3122.odns.fr\/schollfr_preprod\/conditions\/fungail-nail\/\">\n\t\t\t\t\t\t\t<img fetchpriority=\"high\" decoding=\"async\" width=\"345\" height=\"206\" src=\"https:\/\/www.xacu3122.odns.fr\/schollfr_preprod\/wp-content\/uploads\/2026\/04\/fungalnail.webp\" class=\"attachment-large size-large wp-image-2098\" alt=\"\" srcset=\"https:\/\/www.xacu3122.odns.fr\/schollfr_preprod\/wp-content\/uploads\/2026\/04\/fungalnail.webp 345w, https:\/\/www.xacu3122.odns.fr\/schollfr_preprod\/wp-content\/uploads\/2026\/04\/fungalnail-300x179.webp 300w\" sizes=\"(max-width: 345px) 100vw, 345px\" \/>\t\t\t\t\t\t\t\t<\/a>\n\t\t\t\t\t\t\t\t\t\t\t\t\t\t\t<\/div>\n\t\t\t\t<div class=\"elementor-element elementor-element-cd19b1c elementor-widget elementor-widget-heading\" data-id=\"cd19b1c\" data-element_type=\"widget\" data-widget_type=\"heading.default\">\n\t\t\t\t\t<h3 class=\"elementor-heading-title elementor-size-default\">Onychomycose<\/h3>\t\t\t\t<\/div>\n\t\t\t\t<div class=\"elementor-element elementor-element-7259e08 elementor-widget elementor-widget-text-editor\" data-id=\"7259e08\" data-element_type=\"widget\" data-widget_type=\"text-editor.default\">\n\t\t\t\t\t\t\t\t\t<p>L\u2019onychomycose est une infection fongique touchant l\u2019appareil ungu\u00e9al, caract\u00e9ris\u00e9e par une \u00e9volution progressive. Elle est couramment observ\u00e9e en pratique officinale. La compr\u00e9hension de son mode d\u2019apparition et de diffusion permet d\u2019en am\u00e9liorer\u2026<\/p>\t\t\t\t\t\t\t\t<\/div>\n\t\t\t\t<div class=\"elementor-element elementor-element-9640944 elementor-widget elementor-widget-button\" data-id=\"9640944\" data-element_type=\"widget\" data-widget_type=\"button.default\">\n\t\t\t\t\t\t\t\t\t\t<a class=\"elementor-button elementor-button-link elementor-size-sm\" href=\"https:\/\/www.xacu3122.odns.fr\/schollfr_preprod\/conditions\/fungail-nail\/\">\n\t\t\t\t\t\t<span class=\"elementor-button-content-wrapper\">\n\t\t\t\t\t\t\t\t\t<span class=\"elementor-button-text\">Find out more<\/span>\n\t\t\t\t\t<\/span>\n\t\t\t\t\t<\/a>\n\t\t\t\t\t\t\t\t<\/div>\n\t\t\t\t<\/div>\n\t\t<div class=\"elementor-element elementor-element-e468ea8 e-con-full e-flex e-con e-child\" data-id=\"e468ea8\" data-element_type=\"container\">\n\t\t\t\t<div class=\"elementor-element elementor-element-6c80abd elementor-widget elementor-widget-image\" data-id=\"6c80abd\" data-element_type=\"widget\" data-widget_type=\"image.default\">\n\t\t\t\t\t\t\t\t\t\t\t\t\t\t\t\t<a href=\"https:\/\/www.xacu3122.odns.fr\/schollfr_preprod\/conditions\/athletes-foot\/\">\n\t\t\t\t\t\t\t<img decoding=\"async\" width=\"345\" height=\"206\" src=\"https:\/\/www.xacu3122.odns.fr\/schollfr_preprod\/wp-content\/uploads\/2026\/04\/lathletefoot.webp\" class=\"attachment-large size-large wp-image-2099\" alt=\"\" srcset=\"https:\/\/www.xacu3122.odns.fr\/schollfr_preprod\/wp-content\/uploads\/2026\/04\/lathletefoot.webp 345w, https:\/\/www.xacu3122.odns.fr\/schollfr_preprod\/wp-content\/uploads\/2026\/04\/lathletefoot-300x179.webp 300w\" sizes=\"(max-width: 345px) 100vw, 345px\" \/>\t\t\t\t\t\t\t\t<\/a>\n\t\t\t\t\t\t\t\t\t\t\t\t\t\t\t<\/div>\n\t\t\t\t<div class=\"elementor-element elementor-element-47b7dee elementor-widget elementor-widget-heading\" data-id=\"47b7dee\" data-element_type=\"widget\" data-widget_type=\"heading.default\">\n\t\t\t\t\t<h3 class=\"elementor-heading-title elementor-size-default\">Pied d\u2019athl\u00e8te<\/h3>\t\t\t\t<\/div>\n\t\t\t\t<div class=\"elementor-element elementor-element-c203d4b elementor-widget elementor-widget-text-editor\" data-id=\"c203d4b\" data-element_type=\"widget\" data-widget_type=\"text-editor.default\">\n\t\t\t\t\t\t\t\t\t<p>Le pied d\u2019athl\u00e8te (tinea pedis) est une infection cutan\u00e9e fr\u00e9quente d\u2019origine fongique, due \u00e0 des dermatophytes. Il constitue un motif courant de consultation en pharmacie et se propage facilement dans des milieux chauds et humides, \u2026<\/p>\t\t\t\t\t\t\t\t<\/div>\n\t\t\t\t<div class=\"elementor-element elementor-element-09b0570 elementor-widget elementor-widget-button\" data-id=\"09b0570\" data-element_type=\"widget\" data-widget_type=\"button.default\">\n\t\t\t\t\t\t\t\t\t\t<a class=\"elementor-button elementor-button-link elementor-size-sm\" href=\"https:\/\/www.xacu3122.odns.fr\/schollfr_preprod\/conditions\/athletes-foot\/\">\n\t\t\t\t\t\t<span class=\"elementor-button-content-wrapper\">\n\t\t\t\t\t\t\t\t\t<span class=\"elementor-button-text\">Find out more<\/span>\n\t\t\t\t\t<\/span>\n\t\t\t\t\t<\/a>\n\t\t\t\t\t\t\t\t<\/div>\n\t\t\t\t<\/div>\n\t\t<div class=\"elementor-element elementor-element-ed7478b e-con-full e-flex e-con e-child\" data-id=\"ed7478b\" data-element_type=\"container\">\n\t\t\t\t<div class=\"elementor-element elementor-element-69309b9 elementor-widget elementor-widget-image\" data-id=\"69309b9\" data-element_type=\"widget\" data-widget_type=\"image.default\">\n\t\t\t\t\t\t\t\t\t\t\t\t\t\t\t\t<a href=\"https:\/\/www.xacu3122.odns.fr\/schollfr_preprod\/conditions\/corn-callus\/\">\n\t\t\t\t\t\t\t<img decoding=\"async\" width=\"345\" height=\"206\" src=\"https:\/\/www.xacu3122.odns.fr\/schollfr_preprod\/wp-content\/uploads\/2026\/04\/lcorncallus.webp\" class=\"attachment-large size-large wp-image-2100\" alt=\"\" srcset=\"https:\/\/www.xacu3122.odns.fr\/schollfr_preprod\/wp-content\/uploads\/2026\/04\/lcorncallus.webp 345w, https:\/\/www.xacu3122.odns.fr\/schollfr_preprod\/wp-content\/uploads\/2026\/04\/lcorncallus-300x179.webp 300w\" sizes=\"(max-width: 345px) 100vw, 345px\" \/>\t\t\t\t\t\t\t\t<\/a>\n\t\t\t\t\t\t\t\t\t\t\t\t\t\t\t<\/div>\n\t\t\t\t<div class=\"elementor-element elementor-element-e1b7f17 elementor-widget elementor-widget-heading\" data-id=\"e1b7f17\" data-element_type=\"widget\" data-widget_type=\"heading.default\">\n\t\t\t\t\t<h3 class=\"elementor-heading-title elementor-size-default\">Cors et callosit\u00e9s<\/h3>\t\t\t\t<\/div>\n\t\t\t\t<div class=\"elementor-element elementor-element-672ffc1 elementor-widget elementor-widget-text-editor\" data-id=\"672ffc1\" data-element_type=\"widget\" data-widget_type=\"text-editor.default\">\n\t\t\t\t\t\t\t\t\t<p>Les cors et callosit\u00e9s sont des affections fr\u00e9quentes du pied, caus\u00e9es par des contraintes m\u00e9caniques r\u00e9p\u00e9t\u00e9es telles que la pression ou le frottement. Bien qu\u2019elles soient b\u00e9nignes, elles am\u00e8nent souvent les patients \u00e0 demander conseil en pharmacie\u2026<\/p>\t\t\t\t\t\t\t\t<\/div>\n\t\t\t\t<div class=\"elementor-element elementor-element-46a01c3 elementor-widget elementor-widget-button\" data-id=\"46a01c3\" data-element_type=\"widget\" data-widget_type=\"button.default\">\n\t\t\t\t\t\t\t\t\t\t<a class=\"elementor-button elementor-button-link elementor-size-sm\" href=\"https:\/\/www.xacu3122.odns.fr\/schollfr_preprod\/conditions\/corn-callus\/\">\n\t\t\t\t\t\t<span class=\"elementor-button-content-wrapper\">\n\t\t\t\t\t\t\t\t\t<span class=\"elementor-button-text\">Find out more<\/span>\n\t\t\t\t\t<\/span>\n\t\t\t\t\t<\/a>\n\t\t\t\t\t\t\t\t<\/div>\n\t\t\t\t<\/div>\n\t\t<div class=\"elementor-element elementor-element-ef13415 e-con-full e-flex e-con e-child\" data-id=\"ef13415\" data-element_type=\"container\">\n\t\t\t\t<div class=\"elementor-element elementor-element-ac51e6e elementor-widget elementor-widget-image\" data-id=\"ac51e6e\" data-element_type=\"widget\" data-widget_type=\"image.default\">\n\t\t\t\t\t\t\t\t\t\t\t\t\t\t\t\t<a href=\"https:\/\/www.xacu3122.odns.fr\/schollfr_preprod\/conditions\/verruca-wart\/\">\n\t\t\t\t\t\t\t<img loading=\"lazy\" decoding=\"async\" width=\"345\" height=\"207\" src=\"https:\/\/www.xacu3122.odns.fr\/schollfr_preprod\/wp-content\/uploads\/2026\/04\/lverrucawart.webp\" class=\"attachment-large size-large wp-image-2101\" alt=\"\" srcset=\"https:\/\/www.xacu3122.odns.fr\/schollfr_preprod\/wp-content\/uploads\/2026\/04\/lverrucawart.webp 345w, https:\/\/www.xacu3122.odns.fr\/schollfr_preprod\/wp-content\/uploads\/2026\/04\/lverrucawart-300x180.webp 300w\" sizes=\"(max-width: 345px) 100vw, 345px\" \/>\t\t\t\t\t\t\t\t<\/a>\n\t\t\t\t\t\t\t\t\t\t\t\t\t\t\t<\/div>\n\t\t\t\t<div class=\"elementor-element elementor-element-585af11 elementor-widget elementor-widget-heading\" data-id=\"585af11\" data-element_type=\"widget\" data-widget_type=\"heading.default\">\n\t\t\t\t\t<h3 class=\"elementor-heading-title elementor-size-default\">Verrues plantaires et communes<\/h3>\t\t\t\t<\/div>\n\t\t\t\t<div class=\"elementor-element elementor-element-37534f1 elementor-widget elementor-widget-text-editor\" data-id=\"37534f1\" data-element_type=\"widget\" data-widget_type=\"text-editor.default\">\n\t\t\t\t\t\t\t\t\t<p>Les verrues plantaires sont des l\u00e9sions li\u00e9es \u00e0 une infection par le papillomavirus humain (HPV). Elles apparaissent au niveau de la plante des pieds ou des orteils, g\u00e9n\u00e9ralement dans des zones soumises\u2026<\/p>\t\t\t\t\t\t\t\t<\/div>\n\t\t\t\t<div class=\"elementor-element elementor-element-4ab4775 elementor-widget elementor-widget-button\" data-id=\"4ab4775\" data-element_type=\"widget\" data-widget_type=\"button.default\">\n\t\t\t\t\t\t\t\t\t\t<a class=\"elementor-button elementor-button-link elementor-size-sm\" href=\"https:\/\/www.xacu3122.odns.fr\/schollfr_preprod\/conditions\/verruca-wart\/\">\n\t\t\t\t\t\t<span class=\"elementor-button-content-wrapper\">\n\t\t\t\t\t\t\t\t\t<span class=\"elementor-button-text\">Find out more<\/span>\n\t\t\t\t\t<\/span>\n\t\t\t\t\t<\/a>\n\t\t\t\t\t\t\t\t<\/div>\n\t\t\t\t<\/div>\n\t\t<div class=\"elementor-element elementor-element-60b9c72 e-con-full e-flex e-con e-child\" data-id=\"60b9c72\" data-element_type=\"container\">\n\t\t\t\t<div class=\"elementor-element elementor-element-662b96b elementor-widget elementor-widget-image\" data-id=\"662b96b\" data-element_type=\"widget\" data-widget_type=\"image.default\">\n\t\t\t\t\t\t\t\t\t\t\t\t\t\t\t\t<a href=\"https:\/\/www.xacu3122.odns.fr\/schollfr_preprod\/conditions\/plantar-fasciitis\/\">\n\t\t\t\t\t\t\t<img loading=\"lazy\" decoding=\"async\" width=\"345\" height=\"207\" src=\"https:\/\/www.xacu3122.odns.fr\/schollfr_preprod\/wp-content\/uploads\/2026\/04\/lplantarfasciitis.webp\" class=\"attachment-large size-large wp-image-2102\" alt=\"\" srcset=\"https:\/\/www.xacu3122.odns.fr\/schollfr_preprod\/wp-content\/uploads\/2026\/04\/lplantarfasciitis.webp 345w, https:\/\/www.xacu3122.odns.fr\/schollfr_preprod\/wp-content\/uploads\/2026\/04\/lplantarfasciitis-300x180.webp 300w\" sizes=\"(max-width: 345px) 100vw, 345px\" \/>\t\t\t\t\t\t\t\t<\/a>\n\t\t\t\t\t\t\t\t\t\t\t\t\t\t\t<\/div>\n\t\t\t\t<div class=\"elementor-element elementor-element-2474677 elementor-widget elementor-widget-heading\" data-id=\"2474677\" data-element_type=\"widget\" data-widget_type=\"heading.default\">\n\t\t\t\t\t<h3 class=\"elementor-heading-title elementor-size-default\">Fasciite plantaire<\/h3>\t\t\t\t<\/div>\n\t\t\t\t<div class=\"elementor-element elementor-element-1a6ac42 elementor-widget elementor-widget-text-editor\" data-id=\"1a6ac42\" data-element_type=\"widget\" data-widget_type=\"text-editor.default\">\n\t\t\t\t\t\t\t\t\t<p>La fasciite plantaire, \u00e9galement d\u00e9sign\u00e9e sous le terme de fasciopathie plantaire, est une cause fr\u00e9quente de douleur au talon. Elle peut survenir \u00e0 tout \u00e2ge, mais est particuli\u00e8rement fr\u00e9quente chez les adultes de plus de 40 ans.<\/p>\t\t\t\t\t\t\t\t<\/div>\n\t\t\t\t<div class=\"elementor-element elementor-element-ce97d9c elementor-widget elementor-widget-button\" data-id=\"ce97d9c\" data-element_type=\"widget\" data-widget_type=\"button.default\">\n\t\t\t\t\t\t\t\t\t\t<a class=\"elementor-button elementor-button-link elementor-size-sm\" href=\"https:\/\/www.xacu3122.odns.fr\/schollfr_preprod\/conditions\/plantar-fasciitis\/\">\n\t\t\t\t\t\t<span class=\"elementor-button-content-wrapper\">\n\t\t\t\t\t\t\t\t\t<span class=\"elementor-button-text\">Find out more<\/span>\n\t\t\t\t\t<\/span>\n\t\t\t\t\t<\/a>\n\t\t\t\t\t\t\t\t<\/div>\n\t\t\t\t<\/div>\n\t\t\t\t<\/div>\n\t\t\t\t<\/div>\n\t\t\t\t\t<\/div>\n\t\t\t\t<\/div>\n\t\t\t\t<\/div>\n\t\t","protected":false},"excerpt":{"rendered":"<p>Affections du pied Onychomycose L\u2019onychomycose est une infection fongique touchant l\u2019appareil ungu\u00e9al, caract\u00e9ris\u00e9e par une \u00e9volution progressive. Elle est couramment observ\u00e9e en pratique officinale. La compr\u00e9hension de son mode d\u2019apparition et de diffusion permet d\u2019en am\u00e9liorer\u2026 Find out more Pied d\u2019athl\u00e8te Le pied d\u2019athl\u00e8te (tinea pedis) est une infection cutan\u00e9e fr\u00e9quente d\u2019origine fongique, due \u00e0 [&hellip;]<\/p>\n","protected":false},"author":1,"featured_media":0,"parent":0,"menu_order":2,"comment_status":"closed","ping_status":"closed","template":"elementor_header_footer","meta":{"_acf_changed":false,"footnotes":""},"class_list":["post-109","page","type-page","status-publish","hentry"],"acf":[],"_links":{"self":[{"href":"https:\/\/www.xacu3122.odns.fr\/schollfr_preprod\/wp-json\/wp\/v2\/pages\/109","targetHints":{"allow":["GET"]}}],"collection":[{"href":"https:\/\/www.xacu3122.odns.fr\/schollfr_preprod\/wp-json\/wp\/v2\/pages"}],"about":[{"href":"https:\/\/www.xacu3122.odns.fr\/schollfr_preprod\/wp-json\/wp\/v2\/types\/page"}],"author":[{"embeddable":true,"href":"https:\/\/www.xacu3122.odns.fr\/schollfr_preprod\/wp-json\/wp\/v2\/users\/1"}],"replies":[{"embeddable":true,"href":"https:\/\/www.xacu3122.odns.fr\/schollfr_preprod\/wp-json\/wp\/v2\/comments?post=109"}],"version-history":[{"count":10,"href":"https:\/\/www.xacu3122.odns.fr\/schollfr_preprod\/wp-json\/wp\/v2\/pages\/109\/revisions"}],"predecessor-version":[{"id":2411,"href":"https:\/\/www.xacu3122.odns.fr\/schollfr_preprod\/wp-json\/wp\/v2\/pages\/109\/revisions\/2411"}],"wp:attachment":[{"href":"https:\/\/www.xacu3122.odns.fr\/schollfr_preprod\/wp-json\/wp\/v2\/media?parent=109"}],"curies":[{"name":"wp","href":"https:\/\/api.w.org\/{rel}","templated":true}]}}