{"id":374,"date":"2025-12-30T09:29:24","date_gmt":"2025-12-30T08:29:24","guid":{"rendered":"https:\/\/www.xacu3122.odns.fr\/schollfr_preprod\/?page_id=374"},"modified":"2026-04-28T17:32:45","modified_gmt":"2026-04-28T15:32:45","slug":"who-we-are","status":"publish","type":"page","link":"https:\/\/www.xacu3122.odns.fr\/schollfr_preprod\/who-we-are\/","title":{"rendered":"Qui sommes-nous ?"},"content":{"rendered":"\t\t<div data-elementor-type=\"wp-page\" data-elementor-id=\"374\" class=\"elementor elementor-374\" data-elementor-post-type=\"page\">\n\t\t\t\t<div class=\"elementor-element elementor-element-22d9d52 e-flex e-con-boxed e-con e-parent\" data-id=\"22d9d52\" data-element_type=\"container\">\n\t\t\t\t\t<div class=\"e-con-inner\">\n\t\t<div class=\"elementor-element elementor-element-499e8e5 e-con-full e-flex e-con e-child\" data-id=\"499e8e5\" data-element_type=\"container\" data-settings=\"{&quot;background_background&quot;:&quot;classic&quot;}\">\n\t\t\t\t<div class=\"elementor-element elementor-element-b86e4b0 elementor-widget elementor-widget-global elementor-global-307 elementor-widget-shortcode\" data-id=\"b86e4b0\" data-element_type=\"widget\" data-widget_type=\"shortcode.default\">\n\t\t\t\t\t<nav class=\"breadcrumbs\" aria-label=\"Breadcrumb\"><a href=\"https:\/\/www.xacu3122.odns.fr\/schollfr_preprod\/\">Accueil<\/a><\/nav>\t\t<div class=\"elementor-shortcode\">\n<\/div>\n\t\t\t\t\t\t<\/div>\n\t\t\t\t<div class=\"elementor-element elementor-element-d088a61 elementor-widget__width-initial elementor-widget elementor-widget-heading\" data-id=\"d088a61\" data-element_type=\"widget\" data-widget_type=\"heading.default\">\n\t\t\t\t\t<h1 class=\"elementor-heading-title elementor-size-default\">Un leader mondial des solutions scientifiques pour la sant\u00e9 du pied<\/h1>\t\t\t\t<\/div>\n\t\t\t\t<\/div>\n\t\t\t\t\t<\/div>\n\t\t\t\t<\/div>\n\t\t<div class=\"elementor-element elementor-element-30d956c e-flex e-con-boxed e-con e-parent\" data-id=\"30d956c\" data-element_type=\"container\">\n\t\t\t\t\t<div class=\"e-con-inner\">\n\t\t<div class=\"elementor-element elementor-element-7d6d554 e-con-full e-flex e-con e-child\" data-id=\"7d6d554\" data-element_type=\"container\" data-settings=\"{&quot;background_background&quot;:&quot;classic&quot;}\">\n\t\t<div class=\"elementor-element elementor-element-e8f01e1 e-con-full e-flex e-con e-child\" data-id=\"e8f01e1\" data-element_type=\"container\">\n\t\t<div class=\"elementor-element elementor-element-0b8d659 e-con-full e-flex e-con e-child\" data-id=\"0b8d659\" data-element_type=\"container\">\n\t\t\t\t<div class=\"elementor-element elementor-element-1c4a613 elementor-widget__width-initial elementor-widget elementor-widget-text-editor\" data-id=\"1c4a613\" data-element_type=\"widget\" data-widget_type=\"text-editor.default\">\n\t\t\t\t\t\t\t\t\t<p>Scholl s\u2019impose comme un leader mondial dans le domaine du soin du pied fond\u00e9 sur la science, avec plus d\u2019un si\u00e8cle d\u2019expertise d\u00e9di\u00e9 \u00e0 l\u2019am\u00e9lioration de la sant\u00e9 et du confort des pieds. Fond\u00e9e en 1907 par le Dr William Scholl, la marque s\u2019inscrit dans une vision fondatrice : \u00ab offrir au monde des pieds en meilleure sant\u00e9 \u00bb, un principe qui continue de guider son d\u00e9veloppement.<\/p>\t\t\t\t\t\t\t\t<\/div>\n\t\t\t\t<div class=\"elementor-element elementor-element-11563b5 elementor-widget elementor-widget-image\" data-id=\"11563b5\" data-element_type=\"widget\" data-widget_type=\"image.default\">\n\t\t\t\t\t\t\t\t\t\t\t\t\t\t\t<img decoding=\"async\" width=\"165\" height=\"17\" src=\"https:\/\/www.xacu3122.odns.fr\/schollfr_preprod\/wp-content\/uploads\/2025\/12\/trait-8.png\" class=\"attachment-large size-large wp-image-161\" alt=\"\" \/>\t\t\t\t\t\t\t\t\t\t\t\t\t\t\t<\/div>\n\t\t\t\t<\/div>\n\t\t<div class=\"elementor-element elementor-element-42cb3f1 e-con-full e-flex e-con e-child\" data-id=\"42cb3f1\" data-element_type=\"container\">\n\t\t<div class=\"elementor-element elementor-element-a5bad0e e-con-full e-flex e-con e-child\" data-id=\"a5bad0e\" data-element_type=\"container\">\n\t\t\t\t<div class=\"elementor-element elementor-element-f283c9c title-with-bar elementor-widget elementor-widget-heading\" data-id=\"f283c9c\" data-element_type=\"widget\" data-widget_type=\"heading.default\">\n\t\t\t\t\t<h2 class=\"elementor-heading-title elementor-size-default\">Les d\u00e9buts de l\u2019entreprise<\/h2>\t\t\t\t<\/div>\n\t\t\t\t<div class=\"elementor-element elementor-element-f5d6481 elementor-widget elementor-widget-text-editor\" data-id=\"f5d6481\" data-element_type=\"widget\" data-widget_type=\"text-editor.default\">\n\t\t\t\t\t\t\t\t\t<p>L\u2019histoire de Scholl remonte \u00e0 1904, lorsque le Dr Scholl, alors \u00e2g\u00e9 de 22 ans, d\u00e9pose le brevet de sa premi\u00e8re invention : le Foot-Eazer, un dispositif innovant con\u00e7u pour soutenir la vo\u00fbte plantaire. Cette innovation marque le point de d\u00e9part d\u2019une s\u00e9rie d\u2019avanc\u00e9es dans le domaine du soin du pied et conduit \u00e0 la cr\u00e9ation de la Scholl Manufacturing Co. Inc. en 1907.<\/p><p>En 1912, le Dr Scholl fonde l\u2019Illinois College of Chiropody and Orthopaedics, mettant en avant la recherche scientifique et la formation sp\u00e9cialis\u00e9e en podologie. L\u2019\u00e9tablissement devient rapidement l\u2019un des plus prestigieux aux \u00c9tats-Unis, refl\u00e9tant l\u2019engagement constant de Scholl en faveur de l\u2019excellence scientifique au service de la sant\u00e9 du pied.<\/p><p><!--EndFragment --><\/p>\t\t\t\t\t\t\t\t<\/div>\n\t\t\t\t<\/div>\n\t\t<div class=\"elementor-element elementor-element-30a56a3 e-con-full e-flex e-con e-child\" data-id=\"30a56a3\" data-element_type=\"container\">\n\t\t\t\t<div class=\"elementor-element elementor-element-7ac4124 elementor-widget elementor-widget-image\" data-id=\"7ac4124\" data-element_type=\"widget\" data-widget_type=\"image.default\">\n\t\t\t\t\t\t\t\t\t\t\t\t\t\t\t<img fetchpriority=\"high\" decoding=\"async\" width=\"492\" height=\"405\" src=\"https:\/\/www.xacu3122.odns.fr\/schollfr_preprod\/wp-content\/uploads\/2025\/12\/williammathiasscholl.png\" class=\"attachment-large size-large wp-image-384\" alt=\"\" srcset=\"https:\/\/www.xacu3122.odns.fr\/schollfr_preprod\/wp-content\/uploads\/2025\/12\/williammathiasscholl.png 492w, https:\/\/www.xacu3122.odns.fr\/schollfr_preprod\/wp-content\/uploads\/2025\/12\/williammathiasscholl-300x247.png 300w\" sizes=\"(max-width: 492px) 100vw, 492px\" \/>\t\t\t\t\t\t\t\t\t\t\t\t\t\t\t<\/div>\n\t\t\t\t<div class=\"elementor-element elementor-element-a5f0184 elementor-widget elementor-widget-heading\" data-id=\"a5f0184\" data-element_type=\"widget\" data-widget_type=\"heading.default\">\n\t\t\t\t\t<span class=\"elementor-heading-title elementor-size-default\">Dr. William Mathias Scholl\n<\/span>\t\t\t\t<\/div>\n\t\t\t\t<\/div>\n\t\t\t\t<\/div>\n\t\t<div class=\"elementor-element elementor-element-9810ed0 e-con-full e-flex e-con e-child\" data-id=\"9810ed0\" data-element_type=\"container\">\n\t\t<div class=\"elementor-element elementor-element-3771f17 e-con-full e-flex e-con e-child\" data-id=\"3771f17\" data-element_type=\"container\">\n\t\t\t\t<div class=\"elementor-element elementor-element-c5b31d2 elementor-widget elementor-widget-image\" data-id=\"c5b31d2\" data-element_type=\"widget\" data-widget_type=\"image.default\">\n\t\t\t\t\t\t\t\t\t\t\t\t\t\t\t<img decoding=\"async\" width=\"464\" height=\"459\" src=\"https:\/\/www.xacu3122.odns.fr\/schollfr_preprod\/wp-content\/uploads\/2025\/12\/pescurasandals.png\" class=\"attachment-full size-full wp-image-389\" alt=\"\" srcset=\"https:\/\/www.xacu3122.odns.fr\/schollfr_preprod\/wp-content\/uploads\/2025\/12\/pescurasandals.png 464w, https:\/\/www.xacu3122.odns.fr\/schollfr_preprod\/wp-content\/uploads\/2025\/12\/pescurasandals-300x297.png 300w\" sizes=\"(max-width: 464px) 100vw, 464px\" \/>\t\t\t\t\t\t\t\t\t\t\t\t\t\t\t<\/div>\n\t\t\t\t<div class=\"elementor-element elementor-element-4c08596 elementor-widget elementor-widget-heading\" data-id=\"4c08596\" data-element_type=\"widget\" data-widget_type=\"heading.default\">\n\t\t\t\t\t<span class=\"elementor-heading-title elementor-size-default\">Les sandales Pescura de Scholl<\/span>\t\t\t\t<\/div>\n\t\t\t\t<\/div>\n\t\t<div class=\"elementor-element elementor-element-76d4ee7 e-con-full e-flex e-con e-child\" data-id=\"76d4ee7\" data-element_type=\"container\">\n\t\t\t\t<div class=\"elementor-element elementor-element-5fb476f title-with-bar elementor-widget elementor-widget-heading\" data-id=\"5fb476f\" data-element_type=\"widget\" data-widget_type=\"heading.default\">\n\t\t\t\t\t<h2 class=\"elementor-heading-title elementor-size-default\">\u00c9tapes cl\u00e9s et innovation<\/h2>\t\t\t\t<\/div>\n\t\t\t\t<div class=\"elementor-element elementor-element-ec60bf3 elementor-widget elementor-widget-text-editor\" data-id=\"ec60bf3\" data-element_type=\"widget\" data-widget_type=\"text-editor.default\">\n\t\t\t\t\t\t\t\t\t<p>Dans les ann\u00e9es 1960, Scholl conna\u00eet un succ\u00e8s majeur avec le lancement des sandales Pescura, \u00e9quip\u00e9es d\u2019une semelle anatomique en bois de h\u00eatre con\u00e7ue pour favoriser la tonicit\u00e9 des jambes. Elles rencontrent rapidement un succ\u00e8s international, notamment gr\u00e2ce \u00e0 leur popularit\u00e9 aupr\u00e8s de c\u00e9l\u00e9brit\u00e9s, faisant de Scholl un symbole de confort et de style.<\/p><p>Au fil du temps, la marque continue d\u2019innover en proposant de nouvelles solutions pour le soin des pieds. \u00c0 chaque \u00e9tape, Scholl a maintenu un \u00e9quilibre entre fonctionnalit\u00e9 et b\u00e9n\u00e9fices pour la sant\u00e9, tout en restant fid\u00e8le \u00e0 ses valeurs fondatrices.<\/p><p><!--EndFragment --><\/p><p><!--EndFragment --><\/p>\t\t\t\t\t\t\t\t<\/div>\n\t\t\t\t<\/div>\n\t\t\t\t<\/div>\n\t\t<div class=\"elementor-element elementor-element-b4d705a e-con-full e-flex e-con e-child\" data-id=\"b4d705a\" data-element_type=\"container\">\n\t\t<div class=\"elementor-element elementor-element-d986b68 e-con-full e-flex e-con e-child\" data-id=\"d986b68\" data-element_type=\"container\" data-settings=\"{&quot;background_background&quot;:&quot;classic&quot;}\">\n\t\t\t\t<div class=\"elementor-element elementor-element-df83e93 elementor-widget elementor-widget-heading\" data-id=\"df83e93\" data-element_type=\"widget\" data-widget_type=\"heading.default\">\n\t\t\t\t\t<h2 class=\"elementor-heading-title elementor-size-default\">La philosophie Scholl aujourd\u2019hui<\/h2>\t\t\t\t<\/div>\n\t\t\t\t<div class=\"elementor-element elementor-element-cfe8063 elementor-widget elementor-widget-text-editor\" data-id=\"cfe8063\" data-element_type=\"widget\" data-widget_type=\"text-editor.default\">\n\t\t\t\t\t\t\t\t\t<p>Aujourd\u2019hui, la philosophie de Scholl s\u2019articule autour de trois piliers essentiels :<\/p><p><br \/><!--EndFragment --><\/p><p><!--EndFragment --><\/p><p><!--EndFragment --><\/p>\t\t\t\t\t\t\t\t<\/div>\n\t\t\t\t<div class=\"elementor-element elementor-element-7d60aa8 elementor-icon-list--layout-traditional elementor-list-item-link-full_width elementor-widget elementor-widget-icon-list\" data-id=\"7d60aa8\" data-element_type=\"widget\" data-widget_type=\"icon-list.default\">\n\t\t\t\t\t\t\t<ul class=\"elementor-icon-list-items\">\n\t\t\t\t\t\t\t<li class=\"elementor-icon-list-item\">\n\t\t\t\t\t\t\t\t\t\t\t<span class=\"elementor-icon-list-icon\">\n\t\t\t\t\t\t\t<svg aria-hidden=\"true\" class=\"e-font-icon-svg e-fas-circle\" viewBox=\"0 0 512 512\" xmlns=\"http:\/\/www.w3.org\/2000\/svg\"><path d=\"M256 8C119 8 8 119 8 256s111 248 248 248 248-111 248-248S393 8 256 8z\"><\/path><\/svg>\t\t\t\t\t\t<\/span>\n\t\t\t\t\t\t\t\t\t\t<span class=\"elementor-icon-list-text\">Soin : int\u00e9grer le soin des pieds dans le quotidien gr\u00e2ce \u00e0 des produits pratiques et faciles \u00e0 utiliser, tels que masques, cr\u00e8mes et accessoires de soin.<\/span>\n\t\t\t\t\t\t\t\t\t<\/li>\n\t\t\t\t\t\t\t\t<li class=\"elementor-icon-list-item\">\n\t\t\t\t\t\t\t\t\t\t\t<span class=\"elementor-icon-list-icon\">\n\t\t\t\t\t\t\t<svg aria-hidden=\"true\" class=\"e-font-icon-svg e-fas-circle\" viewBox=\"0 0 512 512\" xmlns=\"http:\/\/www.w3.org\/2000\/svg\"><path d=\"M256 8C119 8 8 119 8 256s111 248 248 248 248-111 248-248S393 8 256 8z\"><\/path><\/svg>\t\t\t\t\t\t<\/span>\n\t\t\t\t\t\t\t\t\t\t<span class=\"elementor-icon-list-text\">Soutien : offrir des semelles qui r\u00e9duisent la pression et am\u00e9liorent le confort \u00e0 chaque pas.<\/span>\n\t\t\t\t\t\t\t\t\t<\/li>\n\t\t\t\t\t\t\t\t<li class=\"elementor-icon-list-item\">\n\t\t\t\t\t\t\t\t\t\t\t<span class=\"elementor-icon-list-icon\">\n\t\t\t\t\t\t\t<svg aria-hidden=\"true\" class=\"e-font-icon-svg e-fas-circle\" viewBox=\"0 0 512 512\" xmlns=\"http:\/\/www.w3.org\/2000\/svg\"><path d=\"M256 8C119 8 8 119 8 256s111 248 248 248 248-111 248-248S393 8 256 8z\"><\/path><\/svg>\t\t\t\t\t\t<\/span>\n\t\t\t\t\t\t\t\t\t\t<span class=\"elementor-icon-list-text\">Innovation continue : d\u00e9velopper des solutions fiables pour des pieds en meilleure sant\u00e9 et sans douleur.<\/span>\n\t\t\t\t\t\t\t\t\t<\/li>\n\t\t\t\t\t\t<\/ul>\n\t\t\t\t\t\t<\/div>\n\t\t\t\t<\/div>\n\t\t<div class=\"elementor-element elementor-element-bcb36c2 e-con-full e-flex e-con e-child\" data-id=\"bcb36c2\" data-element_type=\"container\" data-settings=\"{&quot;background_background&quot;:&quot;classic&quot;}\">\n\t\t\t\t<div class=\"elementor-element elementor-element-00c0809 elementor-widget elementor-widget-spacer\" data-id=\"00c0809\" data-element_type=\"widget\" data-widget_type=\"spacer.default\">\n\t\t\t\t\t\t\t<div class=\"elementor-spacer\">\n\t\t\t<div class=\"elementor-spacer-inner\"><\/div>\n\t\t<\/div>\n\t\t\t\t\t\t<\/div>\n\t\t\t\t<\/div>\n\t\t\t\t<\/div>\n\t\t<div class=\"elementor-element elementor-element-fc54ff6 e-con-full e-flex e-con e-child\" data-id=\"fc54ff6\" data-element_type=\"container\">\n\t\t\t\t<div class=\"elementor-element elementor-element-54ba077 elementor-widget__width-initial elementor-widget elementor-widget-text-editor\" data-id=\"54ba077\" data-element_type=\"widget\" data-widget_type=\"text-editor.default\">\n\t\t\t\t\t\t\t\t\t<p>Depuis plus d\u2019un si\u00e8cle, Scholl s\u2019appuie sur l\u2019innovation, la formation et un engagement constant pour encourager les individus \u00e0 prendre soin de leurs pieds, en veillant \u00e0 ce que chaque pas soit synonyme de sant\u00e9, de confort et de bien-\u00eatre.<\/p><p><br \/><!--EndFragment --><\/p>\t\t\t\t\t\t\t\t<\/div>\n\t\t\t\t<div class=\"elementor-element elementor-element-0c1e459 elementor-widget elementor-widget-image\" data-id=\"0c1e459\" data-element_type=\"widget\" data-widget_type=\"image.default\">\n\t\t\t\t\t\t\t\t\t\t\t\t\t\t\t<img decoding=\"async\" width=\"165\" height=\"17\" src=\"https:\/\/www.xacu3122.odns.fr\/schollfr_preprod\/wp-content\/uploads\/2025\/12\/trait-8.png\" class=\"attachment-large size-large wp-image-161\" alt=\"\" \/>\t\t\t\t\t\t\t\t\t\t\t\t\t\t\t<\/div>\n\t\t\t\t<\/div>\n\t\t\t\t<\/div>\n\t\t\t\t<\/div>\n\t\t\t\t\t<\/div>\n\t\t\t\t<\/div>\n\t\t\t\t<\/div>\n\t\t","protected":false},"excerpt":{"rendered":"<p>Un leader mondial des solutions scientifiques pour la sant\u00e9 du pied Scholl s\u2019impose comme un leader mondial dans le domaine du soin du pied fond\u00e9 sur la science, avec plus d\u2019un si\u00e8cle d\u2019expertise d\u00e9di\u00e9 \u00e0 l\u2019am\u00e9lioration de la sant\u00e9 et du confort des pieds. Fond\u00e9e en 1907 par le Dr William Scholl, la marque s\u2019inscrit [&hellip;]<\/p>\n","protected":false},"author":1,"featured_media":0,"parent":0,"menu_order":5,"comment_status":"closed","ping_status":"closed","template":"","meta":{"_acf_changed":false,"footnotes":""},"class_list":["post-374","page","type-page","status-publish","hentry"],"acf":[],"_links":{"self":[{"href":"https:\/\/www.xacu3122.odns.fr\/schollfr_preprod\/wp-json\/wp\/v2\/pages\/374","targetHints":{"allow":["GET"]}}],"collection":[{"href":"https:\/\/www.xacu3122.odns.fr\/schollfr_preprod\/wp-json\/wp\/v2\/pages"}],"about":[{"href":"https:\/\/www.xacu3122.odns.fr\/schollfr_preprod\/wp-json\/wp\/v2\/types\/page"}],"author":[{"embeddable":true,"href":"https:\/\/www.xacu3122.odns.fr\/schollfr_preprod\/wp-json\/wp\/v2\/users\/1"}],"replies":[{"embeddable":true,"href":"https:\/\/www.xacu3122.odns.fr\/schollfr_preprod\/wp-json\/wp\/v2\/comments?post=374"}],"version-history":[{"count":26,"href":"https:\/\/www.xacu3122.odns.fr\/schollfr_preprod\/wp-json\/wp\/v2\/pages\/374\/revisions"}],"predecessor-version":[{"id":2393,"href":"https:\/\/www.xacu3122.odns.fr\/schollfr_preprod\/wp-json\/wp\/v2\/pages\/374\/revisions\/2393"}],"wp:attachment":[{"href":"https:\/\/www.xacu3122.odns.fr\/schollfr_preprod\/wp-json\/wp\/v2\/media?parent=374"}],"curies":[{"name":"wp","href":"https:\/\/api.w.org\/{rel}","templated":true}]}}