{"id":537,"date":"2026-01-27T13:58:53","date_gmt":"2026-01-27T12:58:53","guid":{"rendered":"https:\/\/www.xacu3122.odns.fr\/schollfr_preprod\/?page_id=537"},"modified":"2026-04-28T17:38:14","modified_gmt":"2026-04-28T15:38:14","slug":"fip","status":"publish","type":"page","link":"https:\/\/www.xacu3122.odns.fr\/schollfr_preprod\/fip\/","title":{"rendered":"FIP"},"content":{"rendered":"\t\t<div data-elementor-type=\"wp-page\" data-elementor-id=\"537\" class=\"elementor elementor-537\" data-elementor-post-type=\"page\">\n\t\t\t\t<div class=\"elementor-element elementor-element-0b38335 e-flex e-con-boxed e-con e-parent\" data-id=\"0b38335\" data-element_type=\"container\">\n\t\t\t\t\t<div class=\"e-con-inner\">\n\t\t<div class=\"elementor-element elementor-element-f95b080 e-con-full e-flex e-con e-child\" data-id=\"f95b080\" data-element_type=\"container\" data-settings=\"{&quot;background_background&quot;:&quot;classic&quot;}\">\n\t\t\t\t<div class=\"elementor-element elementor-element-fa09ada elementor-widget elementor-widget-image\" data-id=\"fa09ada\" data-element_type=\"widget\" data-widget_type=\"image.default\">\n\t\t\t\t\t\t\t\t\t\t\t\t\t\t\t<img fetchpriority=\"high\" decoding=\"async\" width=\"264\" height=\"295\" src=\"https:\/\/www.xacu3122.odns.fr\/schollfr_preprod\/wp-content\/uploads\/2026\/04\/lbiomechanicspreview.webp\" class=\"attachment-large size-large wp-image-2110\" alt=\"\" \/>\t\t\t\t\t\t\t\t\t\t\t\t\t\t\t<\/div>\n\t\t\t\t<\/div>\n\t\t<div class=\"elementor-element elementor-element-96f3108 e-con-full e-flex e-con e-child\" data-id=\"96f3108\" data-element_type=\"container\" data-settings=\"{&quot;background_background&quot;:&quot;classic&quot;}\">\n\t\t\t\t<div class=\"elementor-element elementor-element-a8cb6e9 elementor-widget elementor-widget-global elementor-global-307 elementor-widget-shortcode\" data-id=\"a8cb6e9\" data-element_type=\"widget\" data-widget_type=\"shortcode.default\">\n\t\t\t\t\t<nav class=\"breadcrumbs\" aria-label=\"Breadcrumb\"><a href=\"https:\/\/www.xacu3122.odns.fr\/schollfr_preprod\/\">Accueil<\/a><\/nav>\t\t<div class=\"elementor-shortcode\">\n<\/div>\n\t\t\t\t\t\t<\/div>\n\t\t\t\t<div class=\"elementor-element elementor-element-4ed94b9 elementor-widget elementor-widget-heading\" data-id=\"4ed94b9\" data-element_type=\"widget\" data-widget_type=\"heading.default\">\n\t\t\t\t\t<h1 class=\"elementor-heading-title elementor-size-default\">F\u00c9D\u00c9RATION INTERNATIONALE PHARMACEUTIQUE<\/h1>\t\t\t\t<\/div>\n\t\t\t\t<\/div>\n\t\t\t\t\t<\/div>\n\t\t\t\t<\/div>\n\t\t<div class=\"elementor-element elementor-element-57344a9 e-flex e-con-boxed e-con e-parent\" data-id=\"57344a9\" data-element_type=\"container\">\n\t\t\t\t\t<div class=\"e-con-inner\">\n\t\t<div class=\"elementor-element elementor-element-cbad811 e-con-full e-flex e-con e-child\" data-id=\"cbad811\" data-element_type=\"container\" data-settings=\"{&quot;background_background&quot;:&quot;classic&quot;}\">\n\t\t\t\t<div class=\"elementor-element elementor-element-b2e4565 elementor-widget elementor-widget-image\" data-id=\"b2e4565\" data-element_type=\"widget\" data-widget_type=\"image.default\">\n\t\t\t\t\t\t\t\t\t\t\t\t\t\t\t<img decoding=\"async\" width=\"800\" height=\"184\" src=\"https:\/\/www.xacu3122.odns.fr\/schollfr_preprod\/wp-content\/uploads\/2026\/01\/FIP-Pharmacy-for-All-Logo-BLACK-1-1024x235.png\" class=\"attachment-large size-large wp-image-781\" alt=\"\" srcset=\"https:\/\/www.xacu3122.odns.fr\/schollfr_preprod\/wp-content\/uploads\/2026\/01\/FIP-Pharmacy-for-All-Logo-BLACK-1-1024x235.png 1024w, https:\/\/www.xacu3122.odns.fr\/schollfr_preprod\/wp-content\/uploads\/2026\/01\/FIP-Pharmacy-for-All-Logo-BLACK-1-300x69.png 300w, https:\/\/www.xacu3122.odns.fr\/schollfr_preprod\/wp-content\/uploads\/2026\/01\/FIP-Pharmacy-for-All-Logo-BLACK-1-768x176.png 768w, https:\/\/www.xacu3122.odns.fr\/schollfr_preprod\/wp-content\/uploads\/2026\/01\/FIP-Pharmacy-for-All-Logo-BLACK-1-1536x352.png 1536w, https:\/\/www.xacu3122.odns.fr\/schollfr_preprod\/wp-content\/uploads\/2026\/01\/FIP-Pharmacy-for-All-Logo-BLACK-1-2048x470.png 2048w\" sizes=\"(max-width: 800px) 100vw, 800px\" \/>\t\t\t\t\t\t\t\t\t\t\t\t\t\t\t<\/div>\n\t\t\t\t<div class=\"elementor-element elementor-element-6b7750a6 elementor-widget elementor-widget-text-editor\" data-id=\"6b7750a6\" data-element_type=\"widget\" data-widget_type=\"text-editor.default\">\n\t\t\t\t\t\t\t\t\t<p>Fond\u00e9e en 1912, la F\u00e9d\u00e9ration Internationale Pharmaceutique (FIP) est reconnue comme l\u2019organisation de r\u00e9f\u00e9rence mondiale dans le domaine de la pharmacie. \u00c0 travers un r\u00e9seau de 160 organisations nationales, des partenaires internationaux tels que l\u2019OMS et l\u2019UNESCO, ainsi que des membres acad\u00e9miques et individuels, la FIP repr\u00e9sente plus de quatre millions de pharmaciens, de scientifiques pharmaceutiques et d&rsquo;\u00e9ducateurs pharmaceutiques \u00e0 l\u2019\u00e9chelle mondiale. D\u00e9couvrez l\u2019histoire de la FIP en cliquant <a href=\"https:\/\/fippharmacyforall.com\/\">ici<\/a>.<\/p><p><!--EndFragment --><\/p>\t\t\t\t\t\t\t\t<\/div>\n\t\t\t\t<div class=\"elementor-element elementor-element-1ada256 elementor-widget elementor-widget-video\" data-id=\"1ada256\" data-element_type=\"widget\" data-settings=\"{&quot;video_type&quot;:&quot;hosted&quot;,&quot;controls&quot;:&quot;yes&quot;}\" data-widget_type=\"video.default\">\n\t\t\t\t\t\t\t<div class=\"e-hosted-video elementor-wrapper elementor-open-inline\">\n\t\t\t\t\t<video class=\"elementor-video\" src=\"https:\/\/www.xacu3122.odns.fr\/schollfr_preprod\/wp-content\/uploads\/2026\/04\/FIP07_SCHOLLS_FINAL_FR.mp4\" controls=\"\" preload=\"metadata\" controlsList=\"nodownload\" poster=\"https:\/\/www.xacu3122.odns.fr\/schollfr_preprod\/wp-content\/uploads\/2026\/04\/Capture-decran-2026-04-28-173734.png\"><\/video>\n\t\t\t\t<\/div>\n\t\t\t\t\t\t<\/div>\n\t\t\t\t<div class=\"elementor-element elementor-element-13118c4 elementor-widget elementor-widget-text-editor\" data-id=\"13118c4\" data-element_type=\"widget\" data-widget_type=\"text-editor.default\">\n\t\t\t\t\t\t\t\t\t<p>La FIP s\u2019attache \u00e0 promouvoir le d\u00e9veloppement de la profession pharmaceutique en encourageant l\u2019\u00e9volution des pratiques, les innovations scientifiques \u00e9mergentes et le renforcement des comp\u00e9tences de la main-d\u2019\u0153uvre, afin de r\u00e9pondre aux besoins et aux attentes en mati\u00e8re de sant\u00e9 \u00e0 l\u2019\u00e9chelle mondiale. Elle poursuit \u00e9galement l\u2019expansion de sa pr\u00e9sence dans les domaines de la pharmacie et des sciences pharmaceutiques, tout en consolidant son influence par le biais de partenariats avec des institutions internationales de premier plan dans les domaines de la sant\u00e9, des politiques publiques, de l\u2019\u00e9ducation et de la recherche.<\/p><p>La vision de la FIP est celle d\u2019un monde o\u00f9 chacun b\u00e9n\u00e9ficie d\u2019un acc\u00e8s \u00e9quitable \u00e0 des m\u00e9dicaments et \u00e0 des technologies de sant\u00e9 s\u00fbrs, efficaces, de qualit\u00e9 et abordables, ainsi qu\u2019\u00e0 des services de soins pharmaceutiques fournis par des pharmaciens en collaboration avec d\u2019autres professionnels de sant\u00e9.<\/p><p>Sa mission est de promouvoir la sant\u00e9 mondiale en faisant progresser la pratique, les sciences et la formation pharmaceutiques.<\/p><p>Dans cette dynamique, la FIP a lanc\u00e9 la DocuSeries <strong><em>Pharmacy For All<\/em><\/strong>, une s\u00e9rie de courts films accompagn\u00e9s de synth\u00e8ses ex\u00e9cutives, visant \u00e0 apporter des perspectives et des orientations sur les principaux enjeux du secteur pour la communaut\u00e9 pharmaceutique, ainsi que pour les patients et les communaut\u00e9s.<\/p><p><strong><em>Pharmacy For All<\/em><\/strong> sera diffus\u00e9e par Associated Press (AP), ainsi que par la FIP et son r\u00e9seau, afin d\u2019atteindre la communaut\u00e9 pharmaceutique mondiale, ses acteurs cl\u00e9s et l\u2019ensemble des publics concern\u00e9s.<\/p><p><!--EndFragment --><\/p>\t\t\t\t\t\t\t\t<\/div>\n\t\t\t\t<\/div>\n\t\t\t\t\t<\/div>\n\t\t\t\t<\/div>\n\t\t\t\t<\/div>\n\t\t","protected":false},"excerpt":{"rendered":"<p>F\u00c9D\u00c9RATION INTERNATIONALE PHARMACEUTIQUE Fond\u00e9e en 1912, la F\u00e9d\u00e9ration Internationale Pharmaceutique (FIP) est reconnue comme l\u2019organisation de r\u00e9f\u00e9rence mondiale dans le domaine de la pharmacie. \u00c0 travers un r\u00e9seau de 160 organisations nationales, des partenaires internationaux tels que l\u2019OMS et l\u2019UNESCO, ainsi que des membres acad\u00e9miques et individuels, la FIP repr\u00e9sente plus de quatre millions de [&hellip;]<\/p>\n","protected":false},"author":2,"featured_media":0,"parent":0,"menu_order":0,"comment_status":"closed","ping_status":"closed","template":"elementor_header_footer","meta":{"_acf_changed":false,"footnotes":""},"class_list":["post-537","page","type-page","status-publish","hentry"],"acf":[],"_links":{"self":[{"href":"https:\/\/www.xacu3122.odns.fr\/schollfr_preprod\/wp-json\/wp\/v2\/pages\/537","targetHints":{"allow":["GET"]}}],"collection":[{"href":"https:\/\/www.xacu3122.odns.fr\/schollfr_preprod\/wp-json\/wp\/v2\/pages"}],"about":[{"href":"https:\/\/www.xacu3122.odns.fr\/schollfr_preprod\/wp-json\/wp\/v2\/types\/page"}],"author":[{"embeddable":true,"href":"https:\/\/www.xacu3122.odns.fr\/schollfr_preprod\/wp-json\/wp\/v2\/users\/2"}],"replies":[{"embeddable":true,"href":"https:\/\/www.xacu3122.odns.fr\/schollfr_preprod\/wp-json\/wp\/v2\/comments?post=537"}],"version-history":[{"count":13,"href":"https:\/\/www.xacu3122.odns.fr\/schollfr_preprod\/wp-json\/wp\/v2\/pages\/537\/revisions"}],"predecessor-version":[{"id":2399,"href":"https:\/\/www.xacu3122.odns.fr\/schollfr_preprod\/wp-json\/wp\/v2\/pages\/537\/revisions\/2399"}],"wp:attachment":[{"href":"https:\/\/www.xacu3122.odns.fr\/schollfr_preprod\/wp-json\/wp\/v2\/media?parent=537"}],"curies":[{"name":"wp","href":"https:\/\/api.w.org\/{rel}","templated":true}]}}