{"id":1606,"date":"2026-03-18T15:00:18","date_gmt":"2026-03-18T14:00:18","guid":{"rendered":"https:\/\/www.xacu3122.odns.fr\/schollfr_preprod\/?post_type=product&#038;p=1606"},"modified":"2026-04-08T14:31:53","modified_gmt":"2026-04-08T12:31:53","slug":"scholl-masque-pieds-miel-de-manuka","status":"publish","type":"product","link":"https:\/\/www.xacu3122.odns.fr\/schollfr_preprod\/product\/scholl-masque-pieds-miel-de-manuka\/","title":{"rendered":"Scholl Masque Pieds Miel de Manuka"},"content":{"rendered":"\t\t<div data-elementor-type=\"wp-post\" data-elementor-id=\"1606\" class=\"elementor elementor-1606\" data-elementor-post-type=\"product\">\n\t\t\t\t<div class=\"elementor-element elementor-element-07d509f e-flex e-con-boxed e-con e-parent\" data-id=\"07d509f\" data-element_type=\"container\">\n\t\t\t\t\t<div class=\"e-con-inner\">\n\t\t\t\t<div class=\"elementor-element elementor-element-c441c43 elementor-widget elementor-widget-text-editor\" data-id=\"c441c43\" data-element_type=\"widget\" data-widget_type=\"text-editor.default\">\n\t\t\t\t\t\t\t\t\t<p>Le Masque Pieds au Miel de Manuka offre une hydratation 24h en une seule application.\u00a0<\/p><p>Sa formule non grasse, compos\u00e9e de miel de manuka, d\u2019ur\u00e9e et de beurre de karit\u00e9, r\u00e9pare, hydrate et r\u00e9g\u00e9n\u00e8re les pieds en 20 minutes seulement, laissant une sensation d&rsquo;hydratation intense et durable.\u00a0<\/p><p>Con\u00e7u sp\u00e9cifiquement pour r\u00e9parer les talons fendill\u00e9s ou crevass\u00e9s, ce masque constitue une solution efficace pour des pieds en pleine sant\u00e9. Sans parfum ajout\u00e9, il assure une exp\u00e9rience agr\u00e9able tout en garantissant des r\u00e9sultats prouv\u00e9s cliniquement.<\/p>\t\t\t\t\t\t\t\t<\/div>\n\t\t\t\t<div class=\"elementor-element elementor-element-8c422e8 elementor-widget elementor-widget-n-accordion\" data-id=\"8c422e8\" data-element_type=\"widget\" data-settings=\"{&quot;default_state&quot;:&quot;expanded&quot;,&quot;max_items_expended&quot;:&quot;one&quot;,&quot;n_accordion_animation_duration&quot;:{&quot;unit&quot;:&quot;ms&quot;,&quot;size&quot;:400,&quot;sizes&quot;:[]}}\" data-widget_type=\"nested-accordion.default\">\n\t\t\t\t\t\t\t<div class=\"e-n-accordion\" aria-label=\"Accordion. Open links with Enter or Space, close with Escape, and navigate with Arrow Keys\">\n\t\t\t\t\t\t<details id=\"e-n-accordion-item-1470\" class=\"e-n-accordion-item\" open>\n\t\t\t\t<summary class=\"e-n-accordion-item-title\" data-accordion-index=\"1\" tabindex=\"0\" aria-expanded=\"true\" aria-controls=\"e-n-accordion-item-1470\" >\n\t\t\t\t\t<span class='e-n-accordion-item-title-header'><div class=\"e-n-accordion-item-title-text\"> Comment l'utiliser ? <\/div><\/span>\n\t\t\t\t\t\t\t<span class='e-n-accordion-item-title-icon'>\n\t\t\t<span class='e-opened' ><svg aria-hidden=\"true\" class=\"e-font-icon-svg e-fas-chevron-down\" viewBox=\"0 0 448 512\" xmlns=\"http:\/\/www.w3.org\/2000\/svg\"><path d=\"M207.029 381.476L12.686 187.132c-9.373-9.373-9.373-24.569 0-33.941l22.667-22.667c9.357-9.357 24.522-9.375 33.901-.04L224 284.505l154.745-154.021c9.379-9.335 24.544-9.317 33.901.04l22.667 22.667c9.373 9.373 9.373 24.569 0 33.941L240.971 381.476c-9.373 9.372-24.569 9.372-33.942 0z\"><\/path><\/svg><\/span>\n\t\t\t<span class='e-closed'><svg aria-hidden=\"true\" class=\"e-font-icon-svg e-fas-chevron-up\" viewBox=\"0 0 448 512\" xmlns=\"http:\/\/www.w3.org\/2000\/svg\"><path d=\"M240.971 130.524l194.343 194.343c9.373 9.373 9.373 24.569 0 33.941l-22.667 22.667c-9.357 9.357-24.522 9.375-33.901.04L224 227.495 69.255 381.516c-9.379 9.335-24.544 9.317-33.901-.04l-22.667-22.667c-9.373-9.373-9.373-24.569 0-33.941L207.03 130.525c9.372-9.373 24.568-9.373 33.941-.001z\"><\/path><\/svg><\/span>\n\t\t<\/span>\n\n\t\t\t\t\t\t<\/summary>\n\t\t\t\t<div role=\"region\" aria-labelledby=\"e-n-accordion-item-1470\" class=\"elementor-element elementor-element-2408573 e-flex e-con-boxed e-con e-child\" data-id=\"2408573\" data-element_type=\"container\">\n\t\t\t\t\t<div class=\"e-con-inner\">\n\t\t\t\t<div class=\"elementor-element elementor-element-66da5c8 elementor-widget elementor-widget-text-editor\" data-id=\"66da5c8\" data-element_type=\"widget\" data-widget_type=\"text-editor.default\">\n\t\t\t\t\t\t\t\t\t<p>1. Sortez les masques pour les pieds de leur pochette.<\/p><p>2. Ouvrez soigneusement chaque chaussette comme indiqu\u00e9 sur l&rsquo;autocollant appos\u00e9 sur le produit.<\/p><p>3. Enfilez simplement chaque chaussette sur des pieds propres et secs et maintenez-les en place avec la bande adh\u00e9sive.\u00a0<\/p><p>4. Retirez les chaussettes apr\u00e8s 20 minutes et massez pour faire p\u00e9n\u00e9trer le reste de produit.<\/p><p>\u00c0 utiliser seul ou apr\u00e8s avoir utilis\u00e9 l\u2019un des appareils Scholl pour \u00e9liminer les callosit\u00e9s ou les peaux s\u00e8ches.<\/p>\t\t\t\t\t\t\t\t<\/div>\n\t\t\t\t\t<\/div>\n\t\t\t\t<\/div>\n\t\t\t\t\t<\/details>\n\t\t\t\t\t<\/div>\n\t\t\t\t\t\t<\/div>\n\t\t\t\t\t<\/div>\n\t\t\t\t<\/div>\n\t\t\t\t<\/div>\n\t\t","protected":false},"featured_media":1557,"template":"","meta":{"_acf_changed":false},"condition":[108],"related-product":[81],"type-de-produit":[110],"type-de-traitement":[111],"class_list":["post-1606","product","type-product","status-publish","has-post-thumbnail","hentry","condition-peau-seche","related-product-hydratation","type-de-produit-cosmetiques","type-de-traitement-masque"],"acf":[],"_links":{"self":[{"href":"https:\/\/www.xacu3122.odns.fr\/schollfr_preprod\/wp-json\/wp\/v2\/product\/1606","targetHints":{"allow":["GET"]}}],"collection":[{"href":"https:\/\/www.xacu3122.odns.fr\/schollfr_preprod\/wp-json\/wp\/v2\/product"}],"about":[{"href":"https:\/\/www.xacu3122.odns.fr\/schollfr_preprod\/wp-json\/wp\/v2\/types\/product"}],"version-history":[{"count":10,"href":"https:\/\/www.xacu3122.odns.fr\/schollfr_preprod\/wp-json\/wp\/v2\/product\/1606\/revisions"}],"predecessor-version":[{"id":1743,"href":"https:\/\/www.xacu3122.odns.fr\/schollfr_preprod\/wp-json\/wp\/v2\/product\/1606\/revisions\/1743"}],"wp:featuredmedia":[{"embeddable":true,"href":"https:\/\/www.xacu3122.odns.fr\/schollfr_preprod\/wp-json\/wp\/v2\/media\/1557"}],"wp:attachment":[{"href":"https:\/\/www.xacu3122.odns.fr\/schollfr_preprod\/wp-json\/wp\/v2\/media?parent=1606"}],"wp:term":[{"taxonomy":"condition","embeddable":true,"href":"https:\/\/www.xacu3122.odns.fr\/schollfr_preprod\/wp-json\/wp\/v2\/condition?post=1606"},{"taxonomy":"related-product","embeddable":true,"href":"https:\/\/www.xacu3122.odns.fr\/schollfr_preprod\/wp-json\/wp\/v2\/related-product?post=1606"},{"taxonomy":"type-de-produit","embeddable":true,"href":"https:\/\/www.xacu3122.odns.fr\/schollfr_preprod\/wp-json\/wp\/v2\/type-de-produit?post=1606"},{"taxonomy":"type-de-traitement","embeddable":true,"href":"https:\/\/www.xacu3122.odns.fr\/schollfr_preprod\/wp-json\/wp\/v2\/type-de-traitement?post=1606"}],"curies":[{"name":"wp","href":"https:\/\/api.w.org\/{rel}","templated":true}]}}