{"id":1613,"date":"2026-03-18T15:15:36","date_gmt":"2026-03-18T14:15:36","guid":{"rendered":"https:\/\/www.xacu3122.odns.fr\/schollfr_preprod\/?post_type=product&#038;p=1613"},"modified":"2026-04-08T14:49:11","modified_gmt":"2026-04-08T12:49:11","slug":"scholl-traitement-intensif-anticallosite-75ml","status":"publish","type":"product","link":"https:\/\/www.xacu3122.odns.fr\/schollfr_preprod\/product\/scholl-traitement-intensif-anticallosite-75ml\/","title":{"rendered":"Scholl Traitement intensif anticallosit\u00e9 75ml"},"content":{"rendered":"\t\t<div data-elementor-type=\"wp-post\" data-elementor-id=\"1613\" class=\"elementor elementor-1613\" data-elementor-post-type=\"product\">\n\t\t\t\t<div class=\"elementor-element elementor-element-bfe0ee4 e-flex e-con-boxed e-con e-parent\" data-id=\"bfe0ee4\" data-element_type=\"container\">\n\t\t\t\t\t<div class=\"e-con-inner\">\n\t\t\t\t<div class=\"elementor-element elementor-element-afe08e8 elementor-widget elementor-widget-text-editor\" data-id=\"afe08e8\" data-element_type=\"widget\" data-widget_type=\"text-editor.default\">\n\t\t\t\t\t\t\t\t\t<p><span style=\"font-size: 18px;\">Le traitement Intensif Anti-Callosit\u00e9s&nbsp; est sp\u00e9cialement formul\u00e9 pour s&rsquo;adapter parfaitement \u00e0 la peau unique du pied. <\/span><\/p>\n<p><span style=\"font-size: 18px;\">L&rsquo;acide salicylique exfolie en douceur les cellules mortes et \u00e9limine efficacement la corne et les callosit\u00e9s du pied.&nbsp;<\/span><\/p><p><span style=\"font-size: 18px;\">Sp\u00e9cialement con\u00e7u pour les zones&nbsp;<\/span>calleuses situ\u00e9es sous le talon et le m\u00e9tatarse.<\/p>\n<p><\/p>\n<ul>\n<li>Pour retrouver une peau lisse, souple et douce.<\/li>\n<li>Pratique et rapide \u00e0 utiliser.<\/li>\n<li>Adoucit la peau et r\u00e9duit efficacement cornes et callosit\u00e9s d\u00e8s 7 jours.<\/li>\n<\/ul>\n<p><\/p>\t\t\t\t\t\t\t\t<\/div>\n\t\t\t\t\t<\/div>\n\t\t\t\t<\/div>\n\t\t\t\t<\/div>\n\t\t","protected":false},"featured_media":1554,"template":"","meta":{"_acf_changed":false},"condition":[112],"related-product":[114],"type-de-produit":[110],"type-de-traitement":[109],"class_list":["post-1613","product","type-product","status-publish","has-post-thumbnail","hentry","condition-callosites","related-product-callosites","type-de-produit-cosmetiques","type-de-traitement-creme"],"acf":[],"_links":{"self":[{"href":"https:\/\/www.xacu3122.odns.fr\/schollfr_preprod\/wp-json\/wp\/v2\/product\/1613","targetHints":{"allow":["GET"]}}],"collection":[{"href":"https:\/\/www.xacu3122.odns.fr\/schollfr_preprod\/wp-json\/wp\/v2\/product"}],"about":[{"href":"https:\/\/www.xacu3122.odns.fr\/schollfr_preprod\/wp-json\/wp\/v2\/types\/product"}],"version-history":[{"count":9,"href":"https:\/\/www.xacu3122.odns.fr\/schollfr_preprod\/wp-json\/wp\/v2\/product\/1613\/revisions"}],"predecessor-version":[{"id":2069,"href":"https:\/\/www.xacu3122.odns.fr\/schollfr_preprod\/wp-json\/wp\/v2\/product\/1613\/revisions\/2069"}],"wp:featuredmedia":[{"embeddable":true,"href":"https:\/\/www.xacu3122.odns.fr\/schollfr_preprod\/wp-json\/wp\/v2\/media\/1554"}],"wp:attachment":[{"href":"https:\/\/www.xacu3122.odns.fr\/schollfr_preprod\/wp-json\/wp\/v2\/media?parent=1613"}],"wp:term":[{"taxonomy":"condition","embeddable":true,"href":"https:\/\/www.xacu3122.odns.fr\/schollfr_preprod\/wp-json\/wp\/v2\/condition?post=1613"},{"taxonomy":"related-product","embeddable":true,"href":"https:\/\/www.xacu3122.odns.fr\/schollfr_preprod\/wp-json\/wp\/v2\/related-product?post=1613"},{"taxonomy":"type-de-produit","embeddable":true,"href":"https:\/\/www.xacu3122.odns.fr\/schollfr_preprod\/wp-json\/wp\/v2\/type-de-produit?post=1613"},{"taxonomy":"type-de-traitement","embeddable":true,"href":"https:\/\/www.xacu3122.odns.fr\/schollfr_preprod\/wp-json\/wp\/v2\/type-de-traitement?post=1613"}],"curies":[{"name":"wp","href":"https:\/\/api.w.org\/{rel}","templated":true}]}}