{"id":1618,"date":"2026-03-18T15:22:05","date_gmt":"2026-03-18T14:22:05","guid":{"rendered":"https:\/\/www.xacu3122.odns.fr\/schollfr_preprod\/?post_type=product&#038;p=1618"},"modified":"2026-04-08T14:49:42","modified_gmt":"2026-04-08T12:49:42","slug":"masque-pieds-exfoliant-talon-scholl","status":"publish","type":"product","link":"https:\/\/www.xacu3122.odns.fr\/schollfr_preprod\/product\/masque-pieds-exfoliant-talon-scholl\/","title":{"rendered":"Scholl Masque Exfoliant Talons"},"content":{"rendered":"\t\t<div data-elementor-type=\"wp-post\" data-elementor-id=\"1618\" class=\"elementor elementor-1618\" data-elementor-post-type=\"product\">\n\t\t\t\t<div class=\"elementor-element elementor-element-c9a22d1 e-flex e-con-boxed e-con e-parent\" data-id=\"c9a22d1\" data-element_type=\"container\">\n\t\t\t\t\t<div class=\"e-con-inner\">\n\t\t\t\t<div class=\"elementor-element elementor-element-450d94b elementor-widget elementor-widget-text-editor\" data-id=\"450d94b\" data-element_type=\"widget\" data-widget_type=\"text-editor.default\">\n\t\t\t\t\t\t\t\t\t<p>Des talons visiblement plus lisses et plus doux pendant 4 semaines gr\u00e2ce au masque exfoliant talons.<\/p><p>Une formule AHA aux extraits de fruits qui \u00e9limine les callosit\u00e9s des talons. Formule prouv\u00e9e cliniquement.\u00a0<\/p>\t\t\t\t\t\t\t\t<\/div>\n\t\t\t\t\t<\/div>\n\t\t\t\t<\/div>\n\t\t<div class=\"elementor-element elementor-element-e2685af e-flex e-con-boxed e-con e-parent\" data-id=\"e2685af\" data-element_type=\"container\">\n\t\t\t\t\t<div class=\"e-con-inner\">\n\t\t\t\t<div class=\"elementor-element elementor-element-584e9bc elementor-widget elementor-widget-n-accordion\" data-id=\"584e9bc\" data-element_type=\"widget\" data-settings=\"{&quot;default_state&quot;:&quot;expanded&quot;,&quot;max_items_expended&quot;:&quot;one&quot;,&quot;n_accordion_animation_duration&quot;:{&quot;unit&quot;:&quot;ms&quot;,&quot;size&quot;:400,&quot;sizes&quot;:[]}}\" data-widget_type=\"nested-accordion.default\">\n\t\t\t\t\t\t\t<div class=\"e-n-accordion\" aria-label=\"Accordion. Open links with Enter or Space, close with Escape, and navigate with Arrow Keys\">\n\t\t\t\t\t\t<details id=\"e-n-accordion-item-9250\" class=\"e-n-accordion-item\" open>\n\t\t\t\t<summary class=\"e-n-accordion-item-title\" data-accordion-index=\"1\" tabindex=\"0\" aria-expanded=\"true\" aria-controls=\"e-n-accordion-item-9250\" >\n\t\t\t\t\t<span class='e-n-accordion-item-title-header'><div class=\"e-n-accordion-item-title-text\"> Comment l'utiliser <\/div><\/span>\n\t\t\t\t\t\t\t<span class='e-n-accordion-item-title-icon'>\n\t\t\t<span class='e-opened' ><svg aria-hidden=\"true\" class=\"e-font-icon-svg e-fas-chevron-down\" viewBox=\"0 0 448 512\" xmlns=\"http:\/\/www.w3.org\/2000\/svg\"><path d=\"M207.029 381.476L12.686 187.132c-9.373-9.373-9.373-24.569 0-33.941l22.667-22.667c9.357-9.357 24.522-9.375 33.901-.04L224 284.505l154.745-154.021c9.379-9.335 24.544-9.317 33.901.04l22.667 22.667c9.373 9.373 9.373 24.569 0 33.941L240.971 381.476c-9.373 9.372-24.569 9.372-33.942 0z\"><\/path><\/svg><\/span>\n\t\t\t<span class='e-closed'><svg aria-hidden=\"true\" class=\"e-font-icon-svg e-fas-chevron-up\" viewBox=\"0 0 448 512\" xmlns=\"http:\/\/www.w3.org\/2000\/svg\"><path d=\"M240.971 130.524l194.343 194.343c9.373 9.373 9.373 24.569 0 33.941l-22.667 22.667c-9.357 9.357-24.522 9.375-33.901.04L224 227.495 69.255 381.516c-9.379 9.335-24.544 9.317-33.901-.04l-22.667-22.667c-9.373-9.373-9.373-24.569 0-33.941L207.03 130.525c9.372-9.373 24.568-9.373 33.941-.001z\"><\/path><\/svg><\/span>\n\t\t<\/span>\n\n\t\t\t\t\t\t<\/summary>\n\t\t\t\t<div role=\"region\" aria-labelledby=\"e-n-accordion-item-9250\" class=\"elementor-element elementor-element-2046f94 e-con-full e-flex e-con e-child\" data-id=\"2046f94\" data-element_type=\"container\">\n\t\t\t\t<div class=\"elementor-element elementor-element-c7167c0 elementor-widget elementor-widget-text-editor\" data-id=\"c7167c0\" data-element_type=\"widget\" data-widget_type=\"text-editor.default\">\n\t\t\t\t\t\t\t\t\t<ul><li>Ouvrez l\u2019emballage, sortez le coussinet exfoliant et placez-le sur le talon<\/li><li>D\u00e9pliez le masque de protection et entourez le coussinet exfoliant (assurez-vous que la fl\u00e8che de l\u2019\u00e9tiquette adh\u00e9sive pointe vers le haut)<\/li><li>Utilisez l\u2019\u00e9tiquette adh\u00e9sive pour maintenir le masque de protection<\/li><li>Laissez le masque agir entre 60 et 90 minutes en fonction de l\u2019importance des callosit\u00e9s<\/li><li>Retirez le masque de protection, rincez le pied \u00e0 l\u2019eau ti\u00e8de<\/li><li>L\u2019exfoliation commence 3 \u00e0 5 jours apr\u00e8s l\u2019utilisation, en fonction de l\u2019\u00e9paisseur, et \u00e9limine la quasi-totalit\u00e9 des callosit\u00e9s<\/li><\/ul>\t\t\t\t\t\t\t\t<\/div>\n\t\t\t\t<\/div>\n\t\t\t\t\t<\/details>\n\t\t\t\t\t\t<details id=\"e-n-accordion-item-9251\" class=\"e-n-accordion-item\" >\n\t\t\t\t<summary class=\"e-n-accordion-item-title\" data-accordion-index=\"2\" tabindex=\"-1\" aria-expanded=\"false\" aria-controls=\"e-n-accordion-item-9251\" >\n\t\t\t\t\t<span class='e-n-accordion-item-title-header'><div class=\"e-n-accordion-item-title-text\"> Pr\u00e9cautions d'usage <\/div><\/span>\n\t\t\t\t\t\t\t<span class='e-n-accordion-item-title-icon'>\n\t\t\t<span class='e-opened' ><svg aria-hidden=\"true\" class=\"e-font-icon-svg e-fas-chevron-down\" viewBox=\"0 0 448 512\" xmlns=\"http:\/\/www.w3.org\/2000\/svg\"><path d=\"M207.029 381.476L12.686 187.132c-9.373-9.373-9.373-24.569 0-33.941l22.667-22.667c9.357-9.357 24.522-9.375 33.901-.04L224 284.505l154.745-154.021c9.379-9.335 24.544-9.317 33.901.04l22.667 22.667c9.373 9.373 9.373 24.569 0 33.941L240.971 381.476c-9.373 9.372-24.569 9.372-33.942 0z\"><\/path><\/svg><\/span>\n\t\t\t<span class='e-closed'><svg aria-hidden=\"true\" class=\"e-font-icon-svg e-fas-chevron-up\" viewBox=\"0 0 448 512\" xmlns=\"http:\/\/www.w3.org\/2000\/svg\"><path d=\"M240.971 130.524l194.343 194.343c9.373 9.373 9.373 24.569 0 33.941l-22.667 22.667c-9.357 9.357-24.522 9.375-33.901.04L224 227.495 69.255 381.516c-9.379 9.335-24.544 9.317-33.901-.04l-22.667-22.667c-9.373-9.373-9.373-24.569 0-33.941L207.03 130.525c9.372-9.373 24.568-9.373 33.941-.001z\"><\/path><\/svg><\/span>\n\t\t<\/span>\n\n\t\t\t\t\t\t<\/summary>\n\t\t\t\t<div role=\"region\" aria-labelledby=\"e-n-accordion-item-9251\" class=\"elementor-element elementor-element-e4b3d92 e-flex e-con-boxed e-con e-child\" data-id=\"e4b3d92\" data-element_type=\"container\">\n\t\t\t\t\t<div class=\"e-con-inner\">\n\t\t\t\t<div class=\"elementor-element elementor-element-2f253f6 elementor-widget elementor-widget-text-editor\" data-id=\"2f253f6\" data-element_type=\"widget\" data-widget_type=\"text-editor.default\">\n\t\t\t\t\t\t\t\t\t<ul><li>Tenir hors de port\u00e9e des enfants.<\/li><li>N\u2019utilisez pas le produit sur une peau ab\u00eem\u00e9e, douloureuse ou irrit\u00e9e.<\/li><li>Ne r\u00e9utilisez pas le masque exfoliant talons.<\/li><li>Interrompez imm\u00e9diatement l\u2019utilisation en cas d\u2019irritation. Si l\u2019irritation persiste, consultez un professionnel de sant\u00e9.<\/li><li>Pour un usage externe uniquement.<\/li><li>\u00c9vitez tout contact avec les yeux. En cas de contact avec les yeux, rincez \u00e0 l\u2019eau froide.<\/li><li>Veuillez ne pas marcher lorsque vous portez le masque exfoliant talons vous risqueriez de glisser ou de tomber.<\/li><li>Stockez le produit dans un endroit frais et sec.<\/li><li>Nous recommandons de prot\u00e9ger les pieds contre les rayons du soleil pendant une semaine \u00e0 compter de la fin du processus d\u2019exfoliation, en raison de la sensibilit\u00e9 accrue des nouvelles peaux aux rayonnements UV.<\/li><li>Ne forcez pas le retrait des peaux mortes lorsque l\u2019exfoliation commence.<\/li><li>L\u2019importance et la dur\u00e9e de l\u2019exfoliation peuvent varier selon les personnes ; l\u2019exfoliation peut survenir apr\u00e8s 1 \u00e0 2 semaines.<\/li><li>Si le pied pr\u00e9sente une accumulation de peaux s\u00e8ches, nous recommandons une seconde application quatre semaines apr\u00e8s la premi\u00e8re.<\/li><li>Ce produit n\u2019est pas adapt\u00e9 si pour diab\u00e9tique ou pour tous probl\u00e8mes de circulation sanguine. Le patient pourrait pr\u00e9senter des complications podologiques.<br \/>Dans ce cas demandez conseil au m\u00e9decin ou au podologue avant toute utilisation de ce produit.<\/li><li>Lavez les mains et les surfaces imm\u00e9diatement en cas de contact avec le masque pour talons.<\/li><li>Tenir \u00e0 l&rsquo;\u00e9cart de la chaleur, des surfaces chaudes, des \u00e9tincelles, des flammes et autres sources d&rsquo;inflammation.<\/li><\/ul>\t\t\t\t\t\t\t\t<\/div>\n\t\t\t\t\t<\/div>\n\t\t\t\t<\/div>\n\t\t\t\t\t<\/details>\n\t\t\t\t\t<\/div>\n\t\t\t\t\t\t<\/div>\n\t\t\t\t\t<\/div>\n\t\t\t\t<\/div>\n\t\t\t\t<\/div>\n\t\t","protected":false},"featured_media":1556,"template":"","meta":{"_acf_changed":false},"condition":[112],"related-product":[114],"type-de-produit":[110],"type-de-traitement":[111],"class_list":["post-1618","product","type-product","status-publish","has-post-thumbnail","hentry","condition-callosites","related-product-callosites","type-de-produit-cosmetiques","type-de-traitement-masque"],"acf":[],"_links":{"self":[{"href":"https:\/\/www.xacu3122.odns.fr\/schollfr_preprod\/wp-json\/wp\/v2\/product\/1618","targetHints":{"allow":["GET"]}}],"collection":[{"href":"https:\/\/www.xacu3122.odns.fr\/schollfr_preprod\/wp-json\/wp\/v2\/product"}],"about":[{"href":"https:\/\/www.xacu3122.odns.fr\/schollfr_preprod\/wp-json\/wp\/v2\/types\/product"}],"version-history":[{"count":14,"href":"https:\/\/www.xacu3122.odns.fr\/schollfr_preprod\/wp-json\/wp\/v2\/product\/1618\/revisions"}],"predecessor-version":[{"id":2048,"href":"https:\/\/www.xacu3122.odns.fr\/schollfr_preprod\/wp-json\/wp\/v2\/product\/1618\/revisions\/2048"}],"wp:featuredmedia":[{"embeddable":true,"href":"https:\/\/www.xacu3122.odns.fr\/schollfr_preprod\/wp-json\/wp\/v2\/media\/1556"}],"wp:attachment":[{"href":"https:\/\/www.xacu3122.odns.fr\/schollfr_preprod\/wp-json\/wp\/v2\/media?parent=1618"}],"wp:term":[{"taxonomy":"condition","embeddable":true,"href":"https:\/\/www.xacu3122.odns.fr\/schollfr_preprod\/wp-json\/wp\/v2\/condition?post=1618"},{"taxonomy":"related-product","embeddable":true,"href":"https:\/\/www.xacu3122.odns.fr\/schollfr_preprod\/wp-json\/wp\/v2\/related-product?post=1618"},{"taxonomy":"type-de-produit","embeddable":true,"href":"https:\/\/www.xacu3122.odns.fr\/schollfr_preprod\/wp-json\/wp\/v2\/type-de-produit?post=1618"},{"taxonomy":"type-de-traitement","embeddable":true,"href":"https:\/\/www.xacu3122.odns.fr\/schollfr_preprod\/wp-json\/wp\/v2\/type-de-traitement?post=1618"}],"curies":[{"name":"wp","href":"https:\/\/api.w.org\/{rel}","templated":true}]}}