{"id":1643,"date":"2026-03-18T16:14:27","date_gmt":"2026-03-18T15:14:27","guid":{"rendered":"https:\/\/www.xacu3122.odns.fr\/schollfr_preprod\/?post_type=product&#038;p=1643"},"modified":"2026-04-08T14:31:37","modified_gmt":"2026-04-08T12:31:37","slug":"dr-scholls-masque-pieds-apaisant-et-revitalisant-pour-pieds-fatigues-et-douloureux","status":"publish","type":"product","link":"https:\/\/www.xacu3122.odns.fr\/schollfr_preprod\/product\/dr-scholls-masque-pieds-apaisant-et-revitalisant-pour-pieds-fatigues-et-douloureux\/","title":{"rendered":"Dr Scholl&rsquo;s Masque pieds apaisant et revitalisant"},"content":{"rendered":"\t\t<div data-elementor-type=\"wp-post\" data-elementor-id=\"1643\" class=\"elementor elementor-1643\" data-elementor-post-type=\"product\">\n\t\t\t\t<div class=\"elementor-element elementor-element-d263695 e-flex e-con-boxed e-con e-parent\" data-id=\"d263695\" data-element_type=\"container\">\n\t\t\t\t\t<div class=\"e-con-inner\">\n\t\t\t\t<div class=\"elementor-element elementor-element-9ba6fa1 elementor-widget elementor-widget-text-editor\" data-id=\"9ba6fa1\" data-element_type=\"widget\" data-widget_type=\"text-editor.default\">\n\t\t\t\t\t\t\t\t\t<p>Le masque apaisant et revitalisant pour les pieds Dr Scholl&rsquo;s procure un soulagement rapide et durable et une incroyable d\u00e9tente gr\u00e2ce \u00e0 ses chaussettes hydratantes et chauffantes qui apaisent vos pieds fatigu\u00e9s et douloureux &#8211; certains peuvent ressentir une sensation de chaleur, et d&rsquo;autres une sensation de froid.<\/p><p>Infus\u00e9 aux sels d&rsquo;Epsom et au menthol, ce masque apporte un soulagement et un confort rapides et durables \u00e0 vos pieds fatigu\u00e9s.<\/p><p>Enrichi au beurre de Karit\u00e9 et aux huiles essentielles comme la lavande et la menthe poivr\u00e9e, le masque permet \u00e0 vos pieds de retrouver douceur, fra\u00eecheur et vitalit\u00e9.<\/p><p>Avec sa conception pratique, le masque permet une application simplissime, id\u00e9ale pour un instant de d\u00e9tente apr\u00e8s une longue journ\u00e9e.<\/p><p>Adapt\u00e9 \u00e0 tous les pieds, ce masque est une \u00e9tape id\u00e9ale \u00e0 la routine de soin.<\/p>\t\t\t\t\t\t\t\t<\/div>\n\t\t\t\t\t<\/div>\n\t\t\t\t<\/div>\n\t\t\t\t<\/div>\n\t\t","protected":false},"featured_media":1559,"template":"","meta":{"_acf_changed":false},"condition":[108],"related-product":[81],"type-de-produit":[110],"type-de-traitement":[111],"class_list":["post-1643","product","type-product","status-publish","has-post-thumbnail","hentry","condition-peau-seche","related-product-hydratation","type-de-produit-cosmetiques","type-de-traitement-masque"],"acf":[],"_links":{"self":[{"href":"https:\/\/www.xacu3122.odns.fr\/schollfr_preprod\/wp-json\/wp\/v2\/product\/1643","targetHints":{"allow":["GET"]}}],"collection":[{"href":"https:\/\/www.xacu3122.odns.fr\/schollfr_preprod\/wp-json\/wp\/v2\/product"}],"about":[{"href":"https:\/\/www.xacu3122.odns.fr\/schollfr_preprod\/wp-json\/wp\/v2\/types\/product"}],"version-history":[{"count":11,"href":"https:\/\/www.xacu3122.odns.fr\/schollfr_preprod\/wp-json\/wp\/v2\/product\/1643\/revisions"}],"predecessor-version":[{"id":2057,"href":"https:\/\/www.xacu3122.odns.fr\/schollfr_preprod\/wp-json\/wp\/v2\/product\/1643\/revisions\/2057"}],"wp:featuredmedia":[{"embeddable":true,"href":"https:\/\/www.xacu3122.odns.fr\/schollfr_preprod\/wp-json\/wp\/v2\/media\/1559"}],"wp:attachment":[{"href":"https:\/\/www.xacu3122.odns.fr\/schollfr_preprod\/wp-json\/wp\/v2\/media?parent=1643"}],"wp:term":[{"taxonomy":"condition","embeddable":true,"href":"https:\/\/www.xacu3122.odns.fr\/schollfr_preprod\/wp-json\/wp\/v2\/condition?post=1643"},{"taxonomy":"related-product","embeddable":true,"href":"https:\/\/www.xacu3122.odns.fr\/schollfr_preprod\/wp-json\/wp\/v2\/related-product?post=1643"},{"taxonomy":"type-de-produit","embeddable":true,"href":"https:\/\/www.xacu3122.odns.fr\/schollfr_preprod\/wp-json\/wp\/v2\/type-de-produit?post=1643"},{"taxonomy":"type-de-traitement","embeddable":true,"href":"https:\/\/www.xacu3122.odns.fr\/schollfr_preprod\/wp-json\/wp\/v2\/type-de-traitement?post=1643"}],"curies":[{"name":"wp","href":"https:\/\/api.w.org\/{rel}","templated":true}]}}