{"id":1648,"date":"2026-03-18T16:17:07","date_gmt":"2026-03-18T15:17:07","guid":{"rendered":"https:\/\/www.xacu3122.odns.fr\/schollfr_preprod\/?post_type=product&#038;p=1648"},"modified":"2026-04-08T14:49:57","modified_gmt":"2026-04-08T12:49:57","slug":"recharges-scholl-velvet-smooth-grain-extra-exfoliant","status":"publish","type":"product","link":"https:\/\/www.xacu3122.odns.fr\/schollfr_preprod\/product\/recharges-scholl-velvet-smooth-grain-extra-exfoliant\/","title":{"rendered":"Recharges Scholl Velvet Smooth Grain Extra Exfoliant"},"content":{"rendered":"\t\t<div data-elementor-type=\"wp-post\" data-elementor-id=\"1648\" class=\"elementor elementor-1648\" data-elementor-post-type=\"product\">\n\t\t\t\t<div class=\"elementor-element elementor-element-9d08b93 e-flex e-con-boxed e-con e-parent\" data-id=\"9d08b93\" data-element_type=\"container\">\n\t\t\t\t\t<div class=\"e-con-inner\">\n\t\t\t\t<div class=\"elementor-element elementor-element-9f2515e elementor-widget elementor-widget-text-editor\" data-id=\"9f2515e\" data-element_type=\"widget\" data-widget_type=\"text-editor.default\">\n\t\t\t\t\t\t\t\t\t<p>Les recharges Scholl Velvet Smooth aux micro-grains extra exfoliants sont compos\u00e9es de poudre de Cristaux de Diamants*.<\/p><ul><li>Grain Extra Exfoliant<\/li><li>Compatibles avec toutes les r\u00e2pes Scholl<\/li><li>Aux Cristaux de Diamants*<\/li><\/ul>\t\t\t\t\t\t\t\t<\/div>\n\t\t\t\t\t<\/div>\n\t\t\t\t<\/div>\n\t\t<div class=\"elementor-element elementor-element-fbede58 e-flex e-con-boxed e-con e-parent\" data-id=\"fbede58\" data-element_type=\"container\">\n\t\t\t\t\t<div class=\"e-con-inner\">\n\t\t\t\t<div class=\"elementor-element elementor-element-092d808 elementor-widget elementor-widget-n-accordion\" data-id=\"092d808\" data-element_type=\"widget\" data-settings=\"{&quot;default_state&quot;:&quot;expanded&quot;,&quot;max_items_expended&quot;:&quot;one&quot;,&quot;n_accordion_animation_duration&quot;:{&quot;unit&quot;:&quot;ms&quot;,&quot;size&quot;:400,&quot;sizes&quot;:[]}}\" data-widget_type=\"nested-accordion.default\">\n\t\t\t\t\t\t\t<div class=\"e-n-accordion\" aria-label=\"Accordion. Open links with Enter or Space, close with Escape, and navigate with Arrow Keys\">\n\t\t\t\t\t\t<details id=\"e-n-accordion-item-9620\" class=\"e-n-accordion-item\" open>\n\t\t\t\t<summary class=\"e-n-accordion-item-title\" data-accordion-index=\"1\" tabindex=\"0\" aria-expanded=\"true\" aria-controls=\"e-n-accordion-item-9620\" >\n\t\t\t\t\t<span class='e-n-accordion-item-title-header'><div class=\"e-n-accordion-item-title-text\"> En savoir plus <\/div><\/span>\n\t\t\t\t\t\t\t<span class='e-n-accordion-item-title-icon'>\n\t\t\t<span class='e-opened' ><svg aria-hidden=\"true\" class=\"e-font-icon-svg e-fas-chevron-down\" viewBox=\"0 0 448 512\" xmlns=\"http:\/\/www.w3.org\/2000\/svg\"><path d=\"M207.029 381.476L12.686 187.132c-9.373-9.373-9.373-24.569 0-33.941l22.667-22.667c9.357-9.357 24.522-9.375 33.901-.04L224 284.505l154.745-154.021c9.379-9.335 24.544-9.317 33.901.04l22.667 22.667c9.373 9.373 9.373 24.569 0 33.941L240.971 381.476c-9.373 9.372-24.569 9.372-33.942 0z\"><\/path><\/svg><\/span>\n\t\t\t<span class='e-closed'><svg aria-hidden=\"true\" class=\"e-font-icon-svg e-fas-chevron-up\" viewBox=\"0 0 448 512\" xmlns=\"http:\/\/www.w3.org\/2000\/svg\"><path d=\"M240.971 130.524l194.343 194.343c9.373 9.373 9.373 24.569 0 33.941l-22.667 22.667c-9.357 9.357-24.522 9.375-33.901.04L224 227.495 69.255 381.516c-9.379 9.335-24.544 9.317-33.901-.04l-22.667-22.667c-9.373-9.373-9.373-24.569 0-33.941L207.03 130.525c9.372-9.373 24.568-9.373 33.941-.001z\"><\/path><\/svg><\/span>\n\t\t<\/span>\n\n\t\t\t\t\t\t<\/summary>\n\t\t\t\t<div role=\"region\" aria-labelledby=\"e-n-accordion-item-9620\" class=\"elementor-element elementor-element-ce14de5 e-con-full e-flex e-con e-child\" data-id=\"ce14de5\" data-element_type=\"container\">\n\t\t\t\t<div class=\"elementor-element elementor-element-b7da9be elementor-widget elementor-widget-text-editor\" data-id=\"b7da9be\" data-element_type=\"widget\" data-widget_type=\"text-editor.default\">\n\t\t\t\t\t\t\t\t\t<p>Les recharges Scholl Velvet Smooth Extra Exfoliantes sont compos\u00e9es de poudre de Cristaux de Diamants*.<\/p><p>Elles \u00e9liminent efficacement les callosit\u00e9s m\u00eame \u00e9paisses.<\/p><p>Nous vous recommandons de n\u2019utiliser ces rouleaux de rechange qu\u2019avec les r\u00e2pes \u00e9lectriques Scholl Velvet Smooth.<\/p><section id=\"shopify-section-template--24320065601915__product\" class=\"shopify-section\"><div><div class=\"spacer flex flex-col lg:grid lg:grid-cols-24 lg:gap-2 relative pt-l lg:pt-0 my-xl lg:my-5xl waf-product-top\"><div class=\"col-start-14 col-span-8 waf-col-right\"><div id=\"product-details-template--24320065601915__product\" class=\"mt-l text-left text-brand-blue\"><div class=\"w-full\"><div data-accordion=\"\" data-first-expanded=\"true\" data-initialised=\"true\"><article class=\"accordion__drawer pb-3\" data-accordion-drawer=\"\" data-state=\"open\"><div class=\"accordion__drawer-content b2 prose\" data-accordion-drawer-content=\"\" data-state=\"open\"><p><em>*Diamants de synth\u00e8se<\/em><\/p><\/div><\/article><\/div><\/div><\/div><\/div><\/div><\/div><\/section>\t\t\t\t\t\t\t\t<\/div>\n\t\t\t\t<\/div>\n\t\t\t\t\t<\/details>\n\t\t\t\t\t<\/div>\n\t\t\t\t\t\t<\/div>\n\t\t\t\t\t<\/div>\n\t\t\t\t<\/div>\n\t\t\t\t<\/div>\n\t\t","protected":false},"featured_media":1555,"template":"","meta":{"_acf_changed":false},"condition":[112],"related-product":[114],"type-de-produit":[116],"type-de-traitement":[117],"class_list":["post-1648","product","type-product","status-publish","has-post-thumbnail","hentry","condition-callosites","related-product-callosites","type-de-produit-produit-general","type-de-traitement-recharge-rape"],"acf":[],"_links":{"self":[{"href":"https:\/\/www.xacu3122.odns.fr\/schollfr_preprod\/wp-json\/wp\/v2\/product\/1648","targetHints":{"allow":["GET"]}}],"collection":[{"href":"https:\/\/www.xacu3122.odns.fr\/schollfr_preprod\/wp-json\/wp\/v2\/product"}],"about":[{"href":"https:\/\/www.xacu3122.odns.fr\/schollfr_preprod\/wp-json\/wp\/v2\/types\/product"}],"version-history":[{"count":12,"href":"https:\/\/www.xacu3122.odns.fr\/schollfr_preprod\/wp-json\/wp\/v2\/product\/1648\/revisions"}],"predecessor-version":[{"id":2072,"href":"https:\/\/www.xacu3122.odns.fr\/schollfr_preprod\/wp-json\/wp\/v2\/product\/1648\/revisions\/2072"}],"wp:featuredmedia":[{"embeddable":true,"href":"https:\/\/www.xacu3122.odns.fr\/schollfr_preprod\/wp-json\/wp\/v2\/media\/1555"}],"wp:attachment":[{"href":"https:\/\/www.xacu3122.odns.fr\/schollfr_preprod\/wp-json\/wp\/v2\/media?parent=1648"}],"wp:term":[{"taxonomy":"condition","embeddable":true,"href":"https:\/\/www.xacu3122.odns.fr\/schollfr_preprod\/wp-json\/wp\/v2\/condition?post=1648"},{"taxonomy":"related-product","embeddable":true,"href":"https:\/\/www.xacu3122.odns.fr\/schollfr_preprod\/wp-json\/wp\/v2\/related-product?post=1648"},{"taxonomy":"type-de-produit","embeddable":true,"href":"https:\/\/www.xacu3122.odns.fr\/schollfr_preprod\/wp-json\/wp\/v2\/type-de-produit?post=1648"},{"taxonomy":"type-de-traitement","embeddable":true,"href":"https:\/\/www.xacu3122.odns.fr\/schollfr_preprod\/wp-json\/wp\/v2\/type-de-traitement?post=1648"}],"curies":[{"name":"wp","href":"https:\/\/api.w.org\/{rel}","templated":true}]}}