{"id":1812,"date":"2026-03-19T18:13:58","date_gmt":"2026-03-19T17:13:58","guid":{"rendered":"https:\/\/www.xacu3122.odns.fr\/schollfr_preprod\/?post_type=product&#038;p=1812"},"modified":"2026-04-08T15:02:15","modified_gmt":"2026-04-08T13:02:15","slug":"pansements-ampoules-differentes-tailles-pour-talon-et-orteils","status":"publish","type":"product","link":"https:\/\/www.xacu3122.odns.fr\/schollfr_preprod\/product\/pansements-ampoules-differentes-tailles-pour-talon-et-orteils\/","title":{"rendered":"Pansements Ampoules Diff\u00e9rentes tailles pour talon et orteils"},"content":{"rendered":"\t\t<div data-elementor-type=\"wp-post\" data-elementor-id=\"1812\" class=\"elementor elementor-1812\" data-elementor-post-type=\"product\">\n\t\t\t\t<div class=\"elementor-element elementor-element-6fe0e4d e-flex e-con-boxed e-con e-parent\" data-id=\"6fe0e4d\" data-element_type=\"container\">\n\t\t\t\t\t<div class=\"e-con-inner\">\n\t\t\t\t<div class=\"elementor-element elementor-element-a69dcd9 elementor-widget elementor-widget-text-editor\" data-id=\"a69dcd9\" data-element_type=\"widget\" data-widget_type=\"text-editor.default\">\n\t\t\t\t\t\t\t\t\t<p>Les pansements ampoules Scholl de diff\u00e9rentes tailles pour talon et orteils permettent de soulager la douleur imm\u00e9diatement en s&rsquo;adaptant parfaitement \u00e0 la morphologie de votre pied.<\/p><ul><li>Soulage la douleur instantan\u00e9ment<\/li><li>Acc\u00e9l\u00e8re la cicatrisation<\/li><li>Adh\u00e9sion \u00e0 la peau renforc\u00e9e<\/li><li>Etanche et respirant<\/li><li>Format pansement adapt\u00e9 au talon et aux orteils<\/li><\/ul>\t\t\t\t\t\t\t\t<\/div>\n\t\t\t\t<div class=\"elementor-element elementor-element-9dc5705 elementor-widget elementor-widget-n-accordion\" data-id=\"9dc5705\" data-element_type=\"widget\" data-settings=\"{&quot;default_state&quot;:&quot;expanded&quot;,&quot;max_items_expended&quot;:&quot;one&quot;,&quot;n_accordion_animation_duration&quot;:{&quot;unit&quot;:&quot;ms&quot;,&quot;size&quot;:400,&quot;sizes&quot;:[]}}\" data-widget_type=\"nested-accordion.default\">\n\t\t\t\t\t\t\t<div class=\"e-n-accordion\" aria-label=\"Accordion. Open links with Enter or Space, close with Escape, and navigate with Arrow Keys\">\n\t\t\t\t\t\t<details id=\"e-n-accordion-item-1650\" class=\"e-n-accordion-item\" open>\n\t\t\t\t<summary class=\"e-n-accordion-item-title\" data-accordion-index=\"1\" tabindex=\"0\" aria-expanded=\"true\" aria-controls=\"e-n-accordion-item-1650\" >\n\t\t\t\t\t<span class='e-n-accordion-item-title-header'><div class=\"e-n-accordion-item-title-text\"> Comment l'utiliser <\/div><\/span>\n\t\t\t\t\t\t\t<span class='e-n-accordion-item-title-icon'>\n\t\t\t<span class='e-opened' ><svg aria-hidden=\"true\" class=\"e-font-icon-svg e-fas-chevron-down\" viewBox=\"0 0 448 512\" xmlns=\"http:\/\/www.w3.org\/2000\/svg\"><path d=\"M207.029 381.476L12.686 187.132c-9.373-9.373-9.373-24.569 0-33.941l22.667-22.667c9.357-9.357 24.522-9.375 33.901-.04L224 284.505l154.745-154.021c9.379-9.335 24.544-9.317 33.901.04l22.667 22.667c9.373 9.373 9.373 24.569 0 33.941L240.971 381.476c-9.373 9.372-24.569 9.372-33.942 0z\"><\/path><\/svg><\/span>\n\t\t\t<span class='e-closed'><svg aria-hidden=\"true\" class=\"e-font-icon-svg e-fas-chevron-up\" viewBox=\"0 0 448 512\" xmlns=\"http:\/\/www.w3.org\/2000\/svg\"><path d=\"M240.971 130.524l194.343 194.343c9.373 9.373 9.373 24.569 0 33.941l-22.667 22.667c-9.357 9.357-24.522 9.375-33.901.04L224 227.495 69.255 381.516c-9.379 9.335-24.544 9.317-33.901-.04l-22.667-22.667c-9.373-9.373-9.373-24.569 0-33.941L207.03 130.525c9.372-9.373 24.568-9.373 33.941-.001z\"><\/path><\/svg><\/span>\n\t\t<\/span>\n\n\t\t\t\t\t\t<\/summary>\n\t\t\t\t<div role=\"region\" aria-labelledby=\"e-n-accordion-item-1650\" class=\"elementor-element elementor-element-19398d4 e-con-full e-flex e-con e-child\" data-id=\"19398d4\" data-element_type=\"container\">\n\t\t\t\t<div class=\"elementor-element elementor-element-46b5062 elementor-widget elementor-widget-text-editor\" data-id=\"46b5062\" data-element_type=\"widget\" data-widget_type=\"text-editor.default\">\n\t\t\t\t\t\t\t\t\t<section id=\"shopify-section-template--24320065601915__product\" class=\"shopify-section\"><div><div class=\"spacer flex flex-col lg:grid lg:grid-cols-24 lg:gap-2 relative pt-l lg:pt-0 my-xl lg:my-5xl waf-product-top\"><div class=\"col-start-14 col-span-8 waf-col-right\"><div id=\"product-details-template--24320065601915__product\" class=\"mt-l  text-left text-brand-blue\"><div class=\"w-full\"><div data-accordion=\"\" data-first-expanded=\"true\" data-initialised=\"true\"><article class=\"accordion__drawer pb-3\" data-accordion-drawer=\"\" data-state=\"open\"><div class=\"accordion__drawer-content b2 prose\" data-accordion-drawer-content=\"\" data-state=\"open\"><ul><li>Nettoyez et s\u00e9chez la zone concern\u00e9e.<\/li><li>S&rsquo;assurer qu&rsquo;il n&rsquo;y a pas de cr\u00e8me ou d\u2019huile sur la zone affect\u00e9e.<\/li><li>Chauffer le pansement avec les mains pour am\u00e9liorer l&rsquo;adh\u00e9rence initiale sur la peau.<\/li><li>Laisser le pansement sur la peau jusqu&rsquo;\u00e0 ce qu&rsquo;il se d\u00e9tache tout seul.<\/li><li>La dur\u00e9e peut varier en fonction des individus.<\/li><li>Pour retirer le pansement soulever soigneusement un bord du pansement et le rouler doucement pour le d\u00e9coller de la peau.<\/li><\/ul><\/div><\/article><\/div><\/div><\/div><\/div><\/div><\/div><\/section>\t\t\t\t\t\t\t\t<\/div>\n\t\t\t\t<\/div>\n\t\t\t\t\t<\/details>\n\t\t\t\t\t\t<details id=\"e-n-accordion-item-1651\" class=\"e-n-accordion-item\" >\n\t\t\t\t<summary class=\"e-n-accordion-item-title\" data-accordion-index=\"2\" tabindex=\"-1\" aria-expanded=\"false\" aria-controls=\"e-n-accordion-item-1651\" >\n\t\t\t\t\t<span class='e-n-accordion-item-title-header'><div class=\"e-n-accordion-item-title-text\"> En savoir plus <\/div><\/span>\n\t\t\t\t\t\t\t<span class='e-n-accordion-item-title-icon'>\n\t\t\t<span class='e-opened' ><svg aria-hidden=\"true\" class=\"e-font-icon-svg e-fas-chevron-down\" viewBox=\"0 0 448 512\" xmlns=\"http:\/\/www.w3.org\/2000\/svg\"><path d=\"M207.029 381.476L12.686 187.132c-9.373-9.373-9.373-24.569 0-33.941l22.667-22.667c9.357-9.357 24.522-9.375 33.901-.04L224 284.505l154.745-154.021c9.379-9.335 24.544-9.317 33.901.04l22.667 22.667c9.373 9.373 9.373 24.569 0 33.941L240.971 381.476c-9.373 9.372-24.569 9.372-33.942 0z\"><\/path><\/svg><\/span>\n\t\t\t<span class='e-closed'><svg aria-hidden=\"true\" class=\"e-font-icon-svg e-fas-chevron-up\" viewBox=\"0 0 448 512\" xmlns=\"http:\/\/www.w3.org\/2000\/svg\"><path d=\"M240.971 130.524l194.343 194.343c9.373 9.373 9.373 24.569 0 33.941l-22.667 22.667c-9.357 9.357-24.522 9.375-33.901.04L224 227.495 69.255 381.516c-9.379 9.335-24.544 9.317-33.901-.04l-22.667-22.667c-9.373-9.373-9.373-24.569 0-33.941L207.03 130.525c9.372-9.373 24.568-9.373 33.941-.001z\"><\/path><\/svg><\/span>\n\t\t<\/span>\n\n\t\t\t\t\t\t<\/summary>\n\t\t\t\t<div role=\"region\" aria-labelledby=\"e-n-accordion-item-1651\" class=\"elementor-element elementor-element-c7dfb4f e-flex e-con-boxed e-con e-child\" data-id=\"c7dfb4f\" data-element_type=\"container\">\n\t\t\t\t\t<div class=\"e-con-inner\">\n\t\t\t\t<div class=\"elementor-element elementor-element-c736c49 elementor-widget elementor-widget-text-editor\" data-id=\"c736c49\" data-element_type=\"widget\" data-widget_type=\"text-editor.default\">\n\t\t\t\t\t\t\t\t\t<section id=\"shopify-section-template--24320065601915__product\" class=\"shopify-section\"><div class=\"spacer flex flex-col lg:grid lg:grid-cols-24 lg:gap-2 relative pt-l lg:pt-0 my-xl lg:my-5xl waf-product-top\"><div class=\"col-start-14 col-span-8 waf-col-right\"><div id=\"product-details-template--24320065601915__product\" class=\"mt-l text-left text-brand-blue\"><div class=\"w-full\"><div data-accordion=\"\" data-first-expanded=\"true\" data-initialised=\"true\"><article class=\"accordion__drawer pb-3\" data-accordion-drawer=\"\" data-state=\"open\"><div class=\"accordion__drawer-content b2 prose\" data-accordion-drawer-content=\"\" data-state=\"open\"><p>La technologie hydrocollo\u00efde permet une cicatrisation plus rapide en formant un gel autour de la zone et prot\u00e8ge des contaminations ext\u00e9rieures.<\/p><p>Les pansements Scholl respirant et sans latex permettent une meilleure tenue que des pansements traditionnels et restent en place jusqu&rsquo;\u00e0 7 jours.<\/p><p>Ce dispositif m\u00e9dical est un produit de sant\u00e9 r\u00e9glement\u00e9 qui porte, au titre de cette r\u00e9glementation, le marquage CE.<\/p><\/div><\/article><\/div><\/div><\/div><\/div><\/div><\/section><section id=\"shopify-section-template--24320065601915__3d-product-model\" class=\"shopify-section\"><\/section><section id=\"shopify-section-template--24320065601915__rich-content\" class=\"shopify-section\"><\/section><section id=\"shopify-section-template--24320065601915__21c4af05-fdb0-49a5-9604-c74f1bc96df9\" class=\"shopify-section\"><article class=\"spacer pt-xl-mobile lg:pt-xl pb-xl-mobile lg:pb-xl\"><\/article><\/section>\t\t\t\t\t\t\t\t<\/div>\n\t\t\t\t\t<\/div>\n\t\t\t\t<\/div>\n\t\t\t\t\t<\/details>\n\t\t\t\t\t<\/div>\n\t\t\t\t\t\t<\/div>\n\t\t\t\t\t<\/div>\n\t\t\t\t<\/div>\n\t\t\t\t<\/div>\n\t\t","protected":false},"featured_media":1566,"template":"","meta":{"_acf_changed":false},"condition":[142],"related-product":[143],"type-de-produit":[120],"type-de-traitement":[140],"class_list":["post-1812","product","type-product","status-publish","has-post-thumbnail","hentry","condition-ampoules","related-product-ampoules","type-de-produit-dispositif-medical","type-de-traitement-pansements"],"acf":[],"_links":{"self":[{"href":"https:\/\/www.xacu3122.odns.fr\/schollfr_preprod\/wp-json\/wp\/v2\/product\/1812","targetHints":{"allow":["GET"]}}],"collection":[{"href":"https:\/\/www.xacu3122.odns.fr\/schollfr_preprod\/wp-json\/wp\/v2\/product"}],"about":[{"href":"https:\/\/www.xacu3122.odns.fr\/schollfr_preprod\/wp-json\/wp\/v2\/types\/product"}],"version-history":[{"count":4,"href":"https:\/\/www.xacu3122.odns.fr\/schollfr_preprod\/wp-json\/wp\/v2\/product\/1812\/revisions"}],"predecessor-version":[{"id":1816,"href":"https:\/\/www.xacu3122.odns.fr\/schollfr_preprod\/wp-json\/wp\/v2\/product\/1812\/revisions\/1816"}],"wp:featuredmedia":[{"embeddable":true,"href":"https:\/\/www.xacu3122.odns.fr\/schollfr_preprod\/wp-json\/wp\/v2\/media\/1566"}],"wp:attachment":[{"href":"https:\/\/www.xacu3122.odns.fr\/schollfr_preprod\/wp-json\/wp\/v2\/media?parent=1812"}],"wp:term":[{"taxonomy":"condition","embeddable":true,"href":"https:\/\/www.xacu3122.odns.fr\/schollfr_preprod\/wp-json\/wp\/v2\/condition?post=1812"},{"taxonomy":"related-product","embeddable":true,"href":"https:\/\/www.xacu3122.odns.fr\/schollfr_preprod\/wp-json\/wp\/v2\/related-product?post=1812"},{"taxonomy":"type-de-produit","embeddable":true,"href":"https:\/\/www.xacu3122.odns.fr\/schollfr_preprod\/wp-json\/wp\/v2\/type-de-produit?post=1812"},{"taxonomy":"type-de-traitement","embeddable":true,"href":"https:\/\/www.xacu3122.odns.fr\/schollfr_preprod\/wp-json\/wp\/v2\/type-de-traitement?post=1812"}],"curies":[{"name":"wp","href":"https:\/\/api.w.org\/{rel}","templated":true}]}}