{"id":1827,"date":"2026-03-20T10:09:47","date_gmt":"2026-03-20T09:09:47","guid":{"rendered":"https:\/\/www.xacu3122.odns.fr\/schollfr_preprod\/?post_type=product&#038;p=1827"},"modified":"2026-04-08T15:05:40","modified_gmt":"2026-04-08T13:05:40","slug":"scholl-pharma-semelles-expert-support-chaussure-decontractee","status":"publish","type":"product","link":"https:\/\/www.xacu3122.odns.fr\/schollfr_preprod\/product\/scholl-pharma-semelles-expert-support-chaussure-decontractee\/","title":{"rendered":"Scholl Pharma Semelles Expert Support Chaussure d\u00e9contract\u00e9e"},"content":{"rendered":"\t\t<div data-elementor-type=\"wp-post\" data-elementor-id=\"1827\" class=\"elementor elementor-1827\" data-elementor-post-type=\"product\">\n\t\t\t\t<div class=\"elementor-element elementor-element-67e3c9a e-flex e-con-boxed e-con e-parent\" data-id=\"67e3c9a\" data-element_type=\"container\">\n\t\t\t\t\t<div class=\"e-con-inner\">\n\t\t\t\t<div class=\"elementor-element elementor-element-762ef8c elementor-widget elementor-widget-text-editor\" data-id=\"762ef8c\" data-element_type=\"widget\" data-widget_type=\"text-editor.default\">\n\t\t\t\t\t\t\t\t\t<p>Les semelles Scholl pour chaussures d\u00e9contract\u00e9es offrent un confort renforc\u00e9, permettant de rester plus longtemps sur les pieds gr\u00e2ce \u00e0 une absorption des chocs tout au long de la journ\u00e9e.<\/p><p>La technologie GelWaveTM assure un confort accru, offrant aux pieds un amorti et un effet ressort, tout en s&rsquo;adaptant \u00e0 leur forme gr\u00e2ce \u00e0 la mousse \u00e0 m\u00e9moire de forme.<\/p><p>De plus, le tissu sp\u00e9cial anti-odeurs contribue \u00e0 garder vos pieds au sec et au frais, assurant une sensation de fra\u00eecheur tout au long de la journ\u00e9e.<\/p><p>Existent en tailles S (Pointure 35.5-40.5) et L (Pointure 40-46.5).<\/p>\t\t\t\t\t\t\t\t<\/div>\n\t\t\t\t<div class=\"elementor-element elementor-element-2c2eca3 elementor-widget elementor-widget-n-accordion\" data-id=\"2c2eca3\" data-element_type=\"widget\" data-settings=\"{&quot;default_state&quot;:&quot;expanded&quot;,&quot;max_items_expended&quot;:&quot;one&quot;,&quot;n_accordion_animation_duration&quot;:{&quot;unit&quot;:&quot;ms&quot;,&quot;size&quot;:400,&quot;sizes&quot;:[]}}\" data-widget_type=\"nested-accordion.default\">\n\t\t\t\t\t\t\t<div class=\"e-n-accordion\" aria-label=\"Accordion. Open links with Enter or Space, close with Escape, and navigate with Arrow Keys\">\n\t\t\t\t\t\t<details id=\"e-n-accordion-item-4630\" class=\"e-n-accordion-item\" open>\n\t\t\t\t<summary class=\"e-n-accordion-item-title\" data-accordion-index=\"1\" tabindex=\"0\" aria-expanded=\"true\" aria-controls=\"e-n-accordion-item-4630\" >\n\t\t\t\t\t<span class='e-n-accordion-item-title-header'><div class=\"e-n-accordion-item-title-text\"> Comment l'utiliser <\/div><\/span>\n\t\t\t\t\t\t\t<span class='e-n-accordion-item-title-icon'>\n\t\t\t<span class='e-opened' ><svg aria-hidden=\"true\" class=\"e-font-icon-svg e-fas-chevron-down\" viewBox=\"0 0 448 512\" xmlns=\"http:\/\/www.w3.org\/2000\/svg\"><path d=\"M207.029 381.476L12.686 187.132c-9.373-9.373-9.373-24.569 0-33.941l22.667-22.667c9.357-9.357 24.522-9.375 33.901-.04L224 284.505l154.745-154.021c9.379-9.335 24.544-9.317 33.901.04l22.667 22.667c9.373 9.373 9.373 24.569 0 33.941L240.971 381.476c-9.373 9.372-24.569 9.372-33.942 0z\"><\/path><\/svg><\/span>\n\t\t\t<span class='e-closed'><svg aria-hidden=\"true\" class=\"e-font-icon-svg e-fas-chevron-up\" viewBox=\"0 0 448 512\" xmlns=\"http:\/\/www.w3.org\/2000\/svg\"><path d=\"M240.971 130.524l194.343 194.343c9.373 9.373 9.373 24.569 0 33.941l-22.667 22.667c-9.357 9.357-24.522 9.375-33.901.04L224 227.495 69.255 381.516c-9.379 9.335-24.544 9.317-33.901-.04l-22.667-22.667c-9.373-9.373-9.373-24.569 0-33.941L207.03 130.525c9.372-9.373 24.568-9.373 33.941-.001z\"><\/path><\/svg><\/span>\n\t\t<\/span>\n\n\t\t\t\t\t\t<\/summary>\n\t\t\t\t<div role=\"region\" aria-labelledby=\"e-n-accordion-item-4630\" class=\"elementor-element elementor-element-6e78454 e-con-full e-flex e-con e-child\" data-id=\"6e78454\" data-element_type=\"container\">\n\t\t\t\t<div class=\"elementor-element elementor-element-ae58c8e elementor-widget elementor-widget-text-editor\" data-id=\"ae58c8e\" data-element_type=\"widget\" data-widget_type=\"text-editor.default\">\n\t\t\t\t\t\t\t\t\t<section id=\"shopify-section-template--24320065601915__product\" class=\"shopify-section\"><div class=\"spacer flex flex-col lg:grid lg:grid-cols-24 lg:gap-2 relative pt-l lg:pt-0 my-xl lg:my-5xl waf-product-top\"><div class=\"col-start-14 col-span-8 waf-col-right\"><div id=\"product-details-template--24320065601915__product\" class=\"mt-l text-left text-brand-blue\"><div class=\"w-full\"><div data-accordion=\"\" data-first-expanded=\"true\" data-initialised=\"true\"><article class=\"accordion__drawer pb-3\" data-accordion-drawer=\"\" data-state=\"open\"><div class=\"accordion__drawer-content b2 prose\" data-accordion-drawer-content=\"\" data-state=\"open\"><ul><li><p id=\"isPasted\">Les semelles des chaussures sont probablement amovibles &#8211; retirez les si possible.<\/p><\/li><li><p id=\"isPasted\">Placez les semelles Scholl dans les chaussures pour d\u00e9terminer la taille ad\u00e9quate.<\/p><\/li><li><p id=\"isPasted\">Si n\u00e9cessaire, d\u00e9coupez le long de la ligne (pr\u00e8s des orteils) qui correspond \u00e0 la pointure sur le guide des tailles ou utilisez les semelles originales comme r\u00e9f\u00e9rence.<\/p><\/li><li><p id=\"isPasted\">Ins\u00e9rez les semelles Scholl Expert Support avec le c\u00f4t\u00e9 en gel plac\u00e9 vers le bas.<\/p><\/li><li><p id=\"isPasted\">Remplacez vos semelles tous les six mois ou en cas de marques d\u2019usure.<\/p><\/li><\/ul><p>\u00a0<\/p><p><strong>Instructions de nettoyage :<\/strong> Pour nettoyer les semelles, frottez-les avec un chiffon imbib\u00e9 d\u2019eau chaude savonneuse (ne pas tremper).<\/p><\/div><\/article><\/div><\/div><\/div><\/div><\/div><\/section>\t\t\t\t\t\t\t\t<\/div>\n\t\t\t\t<\/div>\n\t\t\t\t\t<\/details>\n\t\t\t\t\t<\/div>\n\t\t\t\t\t\t<\/div>\n\t\t\t\t\t<\/div>\n\t\t\t\t<\/div>\n\t\t\t\t<\/div>\n\t\t","protected":false},"featured_media":1520,"template":"","meta":{"_acf_changed":false},"condition":[125],"related-product":[127],"type-de-produit":[116],"type-de-traitement":[126],"class_list":["post-1827","product","type-product","status-publish","has-post-thumbnail","hentry","condition-semelles","related-product-semelles","type-de-produit-produit-general","type-de-traitement-semelles"],"acf":[],"_links":{"self":[{"href":"https:\/\/www.xacu3122.odns.fr\/schollfr_preprod\/wp-json\/wp\/v2\/product\/1827","targetHints":{"allow":["GET"]}}],"collection":[{"href":"https:\/\/www.xacu3122.odns.fr\/schollfr_preprod\/wp-json\/wp\/v2\/product"}],"about":[{"href":"https:\/\/www.xacu3122.odns.fr\/schollfr_preprod\/wp-json\/wp\/v2\/types\/product"}],"version-history":[{"count":8,"href":"https:\/\/www.xacu3122.odns.fr\/schollfr_preprod\/wp-json\/wp\/v2\/product\/1827\/revisions"}],"predecessor-version":[{"id":1933,"href":"https:\/\/www.xacu3122.odns.fr\/schollfr_preprod\/wp-json\/wp\/v2\/product\/1827\/revisions\/1933"}],"wp:featuredmedia":[{"embeddable":true,"href":"https:\/\/www.xacu3122.odns.fr\/schollfr_preprod\/wp-json\/wp\/v2\/media\/1520"}],"wp:attachment":[{"href":"https:\/\/www.xacu3122.odns.fr\/schollfr_preprod\/wp-json\/wp\/v2\/media?parent=1827"}],"wp:term":[{"taxonomy":"condition","embeddable":true,"href":"https:\/\/www.xacu3122.odns.fr\/schollfr_preprod\/wp-json\/wp\/v2\/condition?post=1827"},{"taxonomy":"related-product","embeddable":true,"href":"https:\/\/www.xacu3122.odns.fr\/schollfr_preprod\/wp-json\/wp\/v2\/related-product?post=1827"},{"taxonomy":"type-de-produit","embeddable":true,"href":"https:\/\/www.xacu3122.odns.fr\/schollfr_preprod\/wp-json\/wp\/v2\/type-de-produit?post=1827"},{"taxonomy":"type-de-traitement","embeddable":true,"href":"https:\/\/www.xacu3122.odns.fr\/schollfr_preprod\/wp-json\/wp\/v2\/type-de-traitement?post=1827"}],"curies":[{"name":"wp","href":"https:\/\/api.w.org\/{rel}","templated":true}]}}