{"id":1853,"date":"2026-03-20T11:20:33","date_gmt":"2026-03-20T10:20:33","guid":{"rendered":"https:\/\/www.xacu3122.odns.fr\/schollfr_preprod\/?post_type=product&#038;p=1853"},"modified":"2026-04-08T15:05:05","modified_gmt":"2026-04-08T13:05:05","slug":"scholl-semelles-24h-energie","status":"publish","type":"product","link":"https:\/\/www.xacu3122.odns.fr\/schollfr_preprod\/product\/scholl-semelles-24h-energie\/","title":{"rendered":"Scholl Semelles 24H Energie"},"content":{"rendered":"\t\t<div data-elementor-type=\"wp-post\" data-elementor-id=\"1853\" class=\"elementor elementor-1853\" data-elementor-post-type=\"product\">\n\t\t\t\t<div class=\"elementor-element elementor-element-92b0602 e-flex e-con-boxed e-con e-parent\" data-id=\"92b0602\" data-element_type=\"container\">\n\t\t\t\t\t<div class=\"e-con-inner\">\n\t\t\t\t<div class=\"elementor-element elementor-element-606d4f3 elementor-widget elementor-widget-text-editor\" data-id=\"606d4f3\" data-element_type=\"widget\" data-widget_type=\"text-editor.default\">\n\t\t\t\t\t\t\t\t\t<p>Les semelles multi-usages Dr. Scholl&rsquo;s 24 heures \u00c9nergie sont con\u00e7ues pour aider \u00e0 rester dynamique toute la journ\u00e9e !<\/p><p>Gr\u00e2ce au soutien et au boost d&rsquo;\u00e9nergie cliniquement prouv\u00e9s qu&rsquo;elles apportent, ces semelles stimulent \u00e0 chaque pas pour aider \u00e0 faire durer le plaisir des activit\u00e9s pr\u00e9f\u00e9r\u00e9es. Nos semelles procurent un soulagement imm\u00e9diat de la fatigue et apaisent les douleurs aux pieds pour donner la sensation d&rsquo;\u00eatre revigor\u00e9(e) !<\/p><p>Des milliers de billes en mousse et une mousse \u00e0 m\u00e9moire de forme \u00e9pousent et amortissent le pied pour lui apporter soutien et retour d&rsquo;\u00e9nergie.<\/p><p>Adapt\u00e9es \u00e0 toutes les chaussures et toutes les activit\u00e9s, ces semelles sont parfaites pour marcher, travailler ou aller courir.<\/p><p>Con\u00e7ues pour vous apporter un confort toute la journ\u00e9e, elles vous aident \u00e0 rester debout plus longtemps et \u00e0 vous sentir soutenu(e) et dynamis\u00e9(e) !<\/p><p>Existent en tailles S (Pointure 35-40) et L (Pointure 40-47.5).<\/p>\t\t\t\t\t\t\t\t<\/div>\n\t\t\t\t\t<\/div>\n\t\t\t\t<\/div>\n\t\t\t\t<\/div>\n\t\t","protected":false},"featured_media":1531,"template":"","meta":{"_acf_changed":false},"condition":[125],"related-product":[127],"type-de-produit":[116],"type-de-traitement":[126],"class_list":["post-1853","product","type-product","status-publish","has-post-thumbnail","hentry","condition-semelles","related-product-semelles","type-de-produit-produit-general","type-de-traitement-semelles"],"acf":[],"_links":{"self":[{"href":"https:\/\/www.xacu3122.odns.fr\/schollfr_preprod\/wp-json\/wp\/v2\/product\/1853","targetHints":{"allow":["GET"]}}],"collection":[{"href":"https:\/\/www.xacu3122.odns.fr\/schollfr_preprod\/wp-json\/wp\/v2\/product"}],"about":[{"href":"https:\/\/www.xacu3122.odns.fr\/schollfr_preprod\/wp-json\/wp\/v2\/types\/product"}],"version-history":[{"count":5,"href":"https:\/\/www.xacu3122.odns.fr\/schollfr_preprod\/wp-json\/wp\/v2\/product\/1853\/revisions"}],"predecessor-version":[{"id":2096,"href":"https:\/\/www.xacu3122.odns.fr\/schollfr_preprod\/wp-json\/wp\/v2\/product\/1853\/revisions\/2096"}],"wp:featuredmedia":[{"embeddable":true,"href":"https:\/\/www.xacu3122.odns.fr\/schollfr_preprod\/wp-json\/wp\/v2\/media\/1531"}],"wp:attachment":[{"href":"https:\/\/www.xacu3122.odns.fr\/schollfr_preprod\/wp-json\/wp\/v2\/media?parent=1853"}],"wp:term":[{"taxonomy":"condition","embeddable":true,"href":"https:\/\/www.xacu3122.odns.fr\/schollfr_preprod\/wp-json\/wp\/v2\/condition?post=1853"},{"taxonomy":"related-product","embeddable":true,"href":"https:\/\/www.xacu3122.odns.fr\/schollfr_preprod\/wp-json\/wp\/v2\/related-product?post=1853"},{"taxonomy":"type-de-produit","embeddable":true,"href":"https:\/\/www.xacu3122.odns.fr\/schollfr_preprod\/wp-json\/wp\/v2\/type-de-produit?post=1853"},{"taxonomy":"type-de-traitement","embeddable":true,"href":"https:\/\/www.xacu3122.odns.fr\/schollfr_preprod\/wp-json\/wp\/v2\/type-de-traitement?post=1853"}],"curies":[{"name":"wp","href":"https:\/\/api.w.org\/{rel}","templated":true}]}}