{"id":1858,"date":"2026-03-20T12:47:23","date_gmt":"2026-03-20T11:47:23","guid":{"rendered":"https:\/\/www.xacu3122.odns.fr\/schollfr_preprod\/?post_type=product&#038;p=1858"},"modified":"2026-04-08T15:04:50","modified_gmt":"2026-04-08T13:04:50","slug":"scholl-semelles-expert-support-talons-quotidiens","status":"publish","type":"product","link":"https:\/\/www.xacu3122.odns.fr\/schollfr_preprod\/product\/scholl-semelles-expert-support-talons-quotidiens\/","title":{"rendered":"Scholl Semelles Expert Support Talons Quotidiens"},"content":{"rendered":"\t\t<div data-elementor-type=\"wp-post\" data-elementor-id=\"1858\" class=\"elementor elementor-1858\" data-elementor-post-type=\"product\">\n\t\t\t\t<div class=\"elementor-element elementor-element-f6508ba e-flex e-con-boxed e-con e-parent\" data-id=\"f6508ba\" data-element_type=\"container\">\n\t\t\t\t\t<div class=\"e-con-inner\">\n\t\t\t\t<div class=\"elementor-element elementor-element-831b718 elementor-widget elementor-widget-text-editor\" data-id=\"831b718\" data-element_type=\"widget\" data-widget_type=\"text-editor.default\">\n\t\t\t\t\t\t\t\t\t<p>Les semelles Scholl\u00a0GelSoft Pour Elle Talons Quotidiens sont des semelles en gel pour chaussures \u00e0 talons confortables, avec soutien int\u00e9gr\u00e9 de la vo\u00fbte plantaire pour vous faire avancer jour apr\u00e8s jour.<\/p><ul><li>Soutien int\u00e9gr\u00e9 de la vo\u00fbte plantaire<\/li><li>Effet coussinet sous la plante des pieds<\/li><li>Adapt\u00e9 aux chaussures \u00e0 talons de moins de 5,5 cm de hauteur<\/li><li>Pointures: 35 &#8211; 40,5 (Femmes)<\/li><\/ul>\t\t\t\t\t\t\t\t<\/div>\n\t\t\t\t<div class=\"elementor-element elementor-element-377c895 elementor-widget elementor-widget-n-accordion\" data-id=\"377c895\" data-element_type=\"widget\" data-settings=\"{&quot;default_state&quot;:&quot;expanded&quot;,&quot;max_items_expended&quot;:&quot;one&quot;,&quot;n_accordion_animation_duration&quot;:{&quot;unit&quot;:&quot;ms&quot;,&quot;size&quot;:400,&quot;sizes&quot;:[]}}\" data-widget_type=\"nested-accordion.default\">\n\t\t\t\t\t\t\t<div class=\"e-n-accordion\" aria-label=\"Accordion. Open links with Enter or Space, close with Escape, and navigate with Arrow Keys\">\n\t\t\t\t\t\t<details id=\"e-n-accordion-item-5810\" class=\"e-n-accordion-item\" open>\n\t\t\t\t<summary class=\"e-n-accordion-item-title\" data-accordion-index=\"1\" tabindex=\"0\" aria-expanded=\"true\" aria-controls=\"e-n-accordion-item-5810\" >\n\t\t\t\t\t<span class='e-n-accordion-item-title-header'><div class=\"e-n-accordion-item-title-text\"> En savoir plus <\/div><\/span>\n\t\t\t\t\t\t\t<span class='e-n-accordion-item-title-icon'>\n\t\t\t<span class='e-opened' ><svg aria-hidden=\"true\" class=\"e-font-icon-svg e-fas-chevron-down\" viewBox=\"0 0 448 512\" xmlns=\"http:\/\/www.w3.org\/2000\/svg\"><path d=\"M207.029 381.476L12.686 187.132c-9.373-9.373-9.373-24.569 0-33.941l22.667-22.667c9.357-9.357 24.522-9.375 33.901-.04L224 284.505l154.745-154.021c9.379-9.335 24.544-9.317 33.901.04l22.667 22.667c9.373 9.373 9.373 24.569 0 33.941L240.971 381.476c-9.373 9.372-24.569 9.372-33.942 0z\"><\/path><\/svg><\/span>\n\t\t\t<span class='e-closed'><svg aria-hidden=\"true\" class=\"e-font-icon-svg e-fas-chevron-up\" viewBox=\"0 0 448 512\" xmlns=\"http:\/\/www.w3.org\/2000\/svg\"><path d=\"M240.971 130.524l194.343 194.343c9.373 9.373 9.373 24.569 0 33.941l-22.667 22.667c-9.357 9.357-24.522 9.375-33.901.04L224 227.495 69.255 381.516c-9.379 9.335-24.544 9.317-33.901-.04l-22.667-22.667c-9.373-9.373-9.373-24.569 0-33.941L207.03 130.525c9.372-9.373 24.568-9.373 33.941-.001z\"><\/path><\/svg><\/span>\n\t\t<\/span>\n\n\t\t\t\t\t\t<\/summary>\n\t\t\t\t<div role=\"region\" aria-labelledby=\"e-n-accordion-item-5810\" class=\"elementor-element elementor-element-ee5e108 e-con-full e-flex e-con e-child\" data-id=\"ee5e108\" data-element_type=\"container\">\n\t\t\t\t<div class=\"elementor-element elementor-element-e081867 elementor-widget elementor-widget-text-editor\" data-id=\"e081867\" data-element_type=\"widget\" data-widget_type=\"text-editor.default\">\n\t\t\t\t\t\t\t\t\t<section id=\"shopify-section-template--24320065601915__product\" class=\"shopify-section\"><div><div class=\"spacer flex flex-col lg:grid lg:grid-cols-24 lg:gap-2 relative pt-l lg:pt-0 my-xl lg:my-5xl waf-product-top\"><div class=\"col-start-14 col-span-8 waf-col-right\"><div id=\"product-details-template--24320065601915__product\" class=\"mt-l  text-left text-brand-blue\"><div class=\"w-full\"><div data-accordion=\"\" data-first-expanded=\"true\" data-initialised=\"true\"><article class=\"accordion__drawer pb-3\" data-accordion-drawer=\"\" data-state=\"open\"><div class=\"accordion__drawer-content b2 prose\" data-accordion-drawer-content=\"\" data-state=\"open\"><p>Ces semelles en gel pour talons hauts offrent un effet coussinet sous la plante des pieds pour une sensation de confort.<\/p><p>Elles r\u00e9duisent la pression pour \u00e9viter la sensation de pieds fatigu\u00e9s \u00e0 la fin de la journ\u00e9e et restent solidement en place dans les chaussures \u00e0 talons hauts.\u00a0<\/p><\/div><\/article><\/div><\/div><\/div><\/div><\/div><\/div><\/section>\t\t\t\t\t\t\t\t<\/div>\n\t\t\t\t<\/div>\n\t\t\t\t\t<\/details>\n\t\t\t\t\t<\/div>\n\t\t\t\t\t\t<\/div>\n\t\t\t\t\t<\/div>\n\t\t\t\t<\/div>\n\t\t\t\t<\/div>\n\t\t","protected":false},"featured_media":1542,"template":"","meta":{"_acf_changed":false},"condition":[125],"related-product":[127],"type-de-produit":[116],"type-de-traitement":[126],"class_list":["post-1858","product","type-product","status-publish","has-post-thumbnail","hentry","condition-semelles","related-product-semelles","type-de-produit-produit-general","type-de-traitement-semelles"],"acf":[],"_links":{"self":[{"href":"https:\/\/www.xacu3122.odns.fr\/schollfr_preprod\/wp-json\/wp\/v2\/product\/1858","targetHints":{"allow":["GET"]}}],"collection":[{"href":"https:\/\/www.xacu3122.odns.fr\/schollfr_preprod\/wp-json\/wp\/v2\/product"}],"about":[{"href":"https:\/\/www.xacu3122.odns.fr\/schollfr_preprod\/wp-json\/wp\/v2\/types\/product"}],"version-history":[{"count":5,"href":"https:\/\/www.xacu3122.odns.fr\/schollfr_preprod\/wp-json\/wp\/v2\/product\/1858\/revisions"}],"predecessor-version":[{"id":1938,"href":"https:\/\/www.xacu3122.odns.fr\/schollfr_preprod\/wp-json\/wp\/v2\/product\/1858\/revisions\/1938"}],"wp:featuredmedia":[{"embeddable":true,"href":"https:\/\/www.xacu3122.odns.fr\/schollfr_preprod\/wp-json\/wp\/v2\/media\/1542"}],"wp:attachment":[{"href":"https:\/\/www.xacu3122.odns.fr\/schollfr_preprod\/wp-json\/wp\/v2\/media?parent=1858"}],"wp:term":[{"taxonomy":"condition","embeddable":true,"href":"https:\/\/www.xacu3122.odns.fr\/schollfr_preprod\/wp-json\/wp\/v2\/condition?post=1858"},{"taxonomy":"related-product","embeddable":true,"href":"https:\/\/www.xacu3122.odns.fr\/schollfr_preprod\/wp-json\/wp\/v2\/related-product?post=1858"},{"taxonomy":"type-de-produit","embeddable":true,"href":"https:\/\/www.xacu3122.odns.fr\/schollfr_preprod\/wp-json\/wp\/v2\/type-de-produit?post=1858"},{"taxonomy":"type-de-traitement","embeddable":true,"href":"https:\/\/www.xacu3122.odns.fr\/schollfr_preprod\/wp-json\/wp\/v2\/type-de-traitement?post=1858"}],"curies":[{"name":"wp","href":"https:\/\/api.w.org\/{rel}","templated":true}]}}