{"id":1878,"date":"2026-03-20T13:01:50","date_gmt":"2026-03-20T12:01:50","guid":{"rendered":"https:\/\/www.xacu3122.odns.fr\/schollfr_preprod\/?post_type=product&#038;p=1878"},"modified":"2026-04-13T11:26:51","modified_gmt":"2026-04-13T09:26:51","slug":"traitement-acrochordon","status":"publish","type":"product","link":"https:\/\/www.xacu3122.odns.fr\/schollfr_preprod\/product\/traitement-acrochordon\/","title":{"rendered":"Traitement Acrochordon"},"content":{"rendered":"\t\t<div data-elementor-type=\"wp-post\" data-elementor-id=\"1878\" class=\"elementor elementor-1878\" data-elementor-post-type=\"product\">\n\t\t\t\t<div class=\"elementor-element elementor-element-b0b41a3 e-flex e-con-boxed e-con e-parent\" data-id=\"b0b41a3\" data-element_type=\"container\">\n\t\t\t\t\t<div class=\"e-con-inner\">\n\t\t\t\t<div class=\"elementor-element elementor-element-9471139 elementor-widget elementor-widget-text-editor\" data-id=\"9471139\" data-element_type=\"widget\" data-widget_type=\"text-editor.default\">\n\t\t\t\t\t\t\t\t\t<p>Cliniquement prouv\u00e9, le Traitement Acrochordons Scholl par cryoth\u00e9rapie \u00e9limine les acrochordons d\u00e8s le premier traitement gr\u00e2ce \u00e0 un applicateur cryog\u00e9nique.<\/p><p>Notre kit de traitement pour les acrochordons repose sur la technologie de cryoth\u00e9rapie utilis\u00e9e par les professionnels de sant\u00e9.<\/p><p>Cliniquement prouv\u00e9 et facile \u00e0 utiliser en 5 \u00e9tapes seulement !<\/p><p>Efficace d\u00e8s le premier traitement, la majorit\u00e9 des acrochordons tombent dans les deux semaines qui suivent.<\/p>\t\t\t\t\t\t\t\t<\/div>\n\t\t\t\t\t<\/div>\n\t\t\t\t<\/div>\n\t\t\t\t<\/div>\n\t\t","protected":false},"featured_media":1579,"template":"","meta":{"_acf_changed":false},"condition":[144],"related-product":[],"type-de-produit":[120],"type-de-traitement":[134],"class_list":["post-1878","product","type-product","status-publish","has-post-thumbnail","hentry","condition-acrochordon","type-de-produit-dispositif-medical","type-de-traitement-autres"],"acf":[],"_links":{"self":[{"href":"https:\/\/www.xacu3122.odns.fr\/schollfr_preprod\/wp-json\/wp\/v2\/product\/1878","targetHints":{"allow":["GET"]}}],"collection":[{"href":"https:\/\/www.xacu3122.odns.fr\/schollfr_preprod\/wp-json\/wp\/v2\/product"}],"about":[{"href":"https:\/\/www.xacu3122.odns.fr\/schollfr_preprod\/wp-json\/wp\/v2\/types\/product"}],"version-history":[{"count":4,"href":"https:\/\/www.xacu3122.odns.fr\/schollfr_preprod\/wp-json\/wp\/v2\/product\/1878\/revisions"}],"predecessor-version":[{"id":1882,"href":"https:\/\/www.xacu3122.odns.fr\/schollfr_preprod\/wp-json\/wp\/v2\/product\/1878\/revisions\/1882"}],"wp:featuredmedia":[{"embeddable":true,"href":"https:\/\/www.xacu3122.odns.fr\/schollfr_preprod\/wp-json\/wp\/v2\/media\/1579"}],"wp:attachment":[{"href":"https:\/\/www.xacu3122.odns.fr\/schollfr_preprod\/wp-json\/wp\/v2\/media?parent=1878"}],"wp:term":[{"taxonomy":"condition","embeddable":true,"href":"https:\/\/www.xacu3122.odns.fr\/schollfr_preprod\/wp-json\/wp\/v2\/condition?post=1878"},{"taxonomy":"related-product","embeddable":true,"href":"https:\/\/www.xacu3122.odns.fr\/schollfr_preprod\/wp-json\/wp\/v2\/related-product?post=1878"},{"taxonomy":"type-de-produit","embeddable":true,"href":"https:\/\/www.xacu3122.odns.fr\/schollfr_preprod\/wp-json\/wp\/v2\/type-de-produit?post=1878"},{"taxonomy":"type-de-traitement","embeddable":true,"href":"https:\/\/www.xacu3122.odns.fr\/schollfr_preprod\/wp-json\/wp\/v2\/type-de-traitement?post=1878"}],"curies":[{"name":"wp","href":"https:\/\/api.w.org\/{rel}","templated":true}]}}