{"id":1960,"date":"2026-04-08T12:20:05","date_gmt":"2026-04-08T10:20:05","guid":{"rendered":"https:\/\/www.xacu3122.odns.fr\/schollfr_preprod\/?post_type=product&#038;p=1960"},"modified":"2026-04-08T14:50:20","modified_gmt":"2026-04-08T12:50:20","slug":"dr-scholls-pedi-perfect-kit-4-en-1-beaute-des-pieds","status":"publish","type":"product","link":"https:\/\/www.xacu3122.odns.fr\/schollfr_preprod\/product\/dr-scholls-pedi-perfect-kit-4-en-1-beaute-des-pieds\/","title":{"rendered":"Dr Scholl&rsquo;s Pedi Perfect Kit 4 en 1 beaut\u00e9 des pieds"},"content":{"rendered":"\t\t<div data-elementor-type=\"wp-post\" data-elementor-id=\"1960\" class=\"elementor elementor-1960\" data-elementor-post-type=\"product\">\n\t\t\t\t<div class=\"elementor-element elementor-element-3ea5ac4 e-flex e-con-boxed e-con e-parent\" data-id=\"3ea5ac4\" data-element_type=\"container\">\n\t\t\t\t\t<div class=\"e-con-inner\">\n\t\t\t\t<div class=\"elementor-element elementor-element-eb53b37 elementor-widget elementor-widget-text-editor\" data-id=\"eb53b37\" data-element_type=\"widget\" data-widget_type=\"text-editor.default\">\n\t\t\t\t\t\t\t\t\t<p>Prenez soin de vos pieds avec notre kit 4-en-1 Beaut\u00e9 des Pieds.<\/p><p>Il contient des sels de bains nettoyants, une paire de masques assouplissants, une pierre ponce et une cr\u00e8me hydratante pour les pieds.<\/p><p>Tous les \u00e9l\u00e9ments de ce kit de p\u00e9dicure agissent en synergie pour hydrater les zones s\u00e8ches, r\u00e9duire les callosit\u00e9s et laisser \u00e0 vos pieds une sensation de douceur et de bien-\u00eatre.<\/p><p>Un kit en 4 \u00e9tapes pour nettoyer, adoucir, exfolier et hydrater vos pieds, pour des pieds lisses et doux.<\/p><ul><li>Hydrate les zones s\u00e8ches, r\u00e9duit les callosit\u00e9s et laisse une sensation de douceur.<\/li><li>Les quatre \u00e9tapes agissent en synergie pour r\u00e9parer, hydrater et adoucir la peau.\u00a0<\/li><li>Con\u00e7u pour des effets durables et un vrai moment de bien-\u00eatre pour les pieds.<\/li><\/ul><p>\u00a0<\/p>\t\t\t\t\t\t\t\t<\/div>\n\t\t\t\t\t<\/div>\n\t\t\t\t<\/div>\n\t\t<div class=\"elementor-element elementor-element-d5ea17d e-flex e-con-boxed e-con e-parent\" data-id=\"d5ea17d\" data-element_type=\"container\">\n\t\t\t\t\t<div class=\"e-con-inner\">\n\t\t\t\t<div class=\"elementor-element elementor-element-6cd647d elementor-widget elementor-widget-n-accordion\" data-id=\"6cd647d\" data-element_type=\"widget\" data-settings=\"{&quot;default_state&quot;:&quot;expanded&quot;,&quot;max_items_expended&quot;:&quot;one&quot;,&quot;n_accordion_animation_duration&quot;:{&quot;unit&quot;:&quot;ms&quot;,&quot;size&quot;:400,&quot;sizes&quot;:[]}}\" data-widget_type=\"nested-accordion.default\">\n\t\t\t\t\t\t\t<div class=\"e-n-accordion\" aria-label=\"Accordion. Open links with Enter or Space, close with Escape, and navigate with Arrow Keys\">\n\t\t\t\t\t\t<details id=\"e-n-accordion-item-1140\" class=\"e-n-accordion-item\" open>\n\t\t\t\t<summary class=\"e-n-accordion-item-title\" data-accordion-index=\"1\" tabindex=\"0\" aria-expanded=\"true\" aria-controls=\"e-n-accordion-item-1140\" >\n\t\t\t\t\t<span class='e-n-accordion-item-title-header'><div class=\"e-n-accordion-item-title-text\"> Comment l'utiliser <\/div><\/span>\n\t\t\t\t\t\t\t<span class='e-n-accordion-item-title-icon'>\n\t\t\t<span class='e-opened' ><svg aria-hidden=\"true\" class=\"e-font-icon-svg e-fas-chevron-down\" viewBox=\"0 0 448 512\" xmlns=\"http:\/\/www.w3.org\/2000\/svg\"><path d=\"M207.029 381.476L12.686 187.132c-9.373-9.373-9.373-24.569 0-33.941l22.667-22.667c9.357-9.357 24.522-9.375 33.901-.04L224 284.505l154.745-154.021c9.379-9.335 24.544-9.317 33.901.04l22.667 22.667c9.373 9.373 9.373 24.569 0 33.941L240.971 381.476c-9.373 9.372-24.569 9.372-33.942 0z\"><\/path><\/svg><\/span>\n\t\t\t<span class='e-closed'><svg aria-hidden=\"true\" class=\"e-font-icon-svg e-fas-chevron-up\" viewBox=\"0 0 448 512\" xmlns=\"http:\/\/www.w3.org\/2000\/svg\"><path d=\"M240.971 130.524l194.343 194.343c9.373 9.373 9.373 24.569 0 33.941l-22.667 22.667c-9.357 9.357-24.522 9.375-33.901.04L224 227.495 69.255 381.516c-9.379 9.335-24.544 9.317-33.901-.04l-22.667-22.667c-9.373-9.373-9.373-24.569 0-33.941L207.03 130.525c9.372-9.373 24.568-9.373 33.941-.001z\"><\/path><\/svg><\/span>\n\t\t<\/span>\n\n\t\t\t\t\t\t<\/summary>\n\t\t\t\t<div role=\"region\" aria-labelledby=\"e-n-accordion-item-1140\" class=\"elementor-element elementor-element-9efe4be e-con-full e-flex e-con e-child\" data-id=\"9efe4be\" data-element_type=\"container\">\n\t\t\t\t<div class=\"elementor-element elementor-element-8d3044c elementor-widget elementor-widget-text-editor\" data-id=\"8d3044c\" data-element_type=\"widget\" data-widget_type=\"text-editor.default\">\n\t\t\t\t\t\t\t\t\t<ul><li><p>Ayez 1\u20132 serviettes.<\/p><\/li><li><p><strong>Nettoyer :<\/strong> Dissoudre le sachet n\u00b01 dans de l\u2019eau chaude, tremper les pieds 5\u201310 min puis s\u00e9cher.<\/p><\/li><li><p><strong>Assouplir :<\/strong> Poser les masques du sachet n\u00b02 c\u00f4t\u00e9 gel sur la plante du pied, lisser et laisser 5 min, puis retirer et essuyer.<\/p><\/li><li><p><strong>Exfolier :<\/strong> Utiliser la pierre ponce (3) sur talon et plante, puis rincer.<\/p><\/li><li><p><strong>Hydrater :<\/strong> Masser la cr\u00e8me du sachet n\u00b04. Arr\u00eater en cas d\u2019irritation.<\/p><\/li><\/ul>\t\t\t\t\t\t\t\t<\/div>\n\t\t\t\t<\/div>\n\t\t\t\t\t<\/details>\n\t\t\t\t\t\t<details id=\"e-n-accordion-item-1141\" class=\"e-n-accordion-item\" >\n\t\t\t\t<summary class=\"e-n-accordion-item-title\" data-accordion-index=\"2\" tabindex=\"-1\" aria-expanded=\"false\" aria-controls=\"e-n-accordion-item-1141\" >\n\t\t\t\t\t<span class='e-n-accordion-item-title-header'><div class=\"e-n-accordion-item-title-text\"> Pr\u00e9cautions d'usage <\/div><\/span>\n\t\t\t\t\t\t\t<span class='e-n-accordion-item-title-icon'>\n\t\t\t<span class='e-opened' ><svg aria-hidden=\"true\" class=\"e-font-icon-svg e-fas-chevron-down\" viewBox=\"0 0 448 512\" xmlns=\"http:\/\/www.w3.org\/2000\/svg\"><path d=\"M207.029 381.476L12.686 187.132c-9.373-9.373-9.373-24.569 0-33.941l22.667-22.667c9.357-9.357 24.522-9.375 33.901-.04L224 284.505l154.745-154.021c9.379-9.335 24.544-9.317 33.901.04l22.667 22.667c9.373 9.373 9.373 24.569 0 33.941L240.971 381.476c-9.373 9.372-24.569 9.372-33.942 0z\"><\/path><\/svg><\/span>\n\t\t\t<span class='e-closed'><svg aria-hidden=\"true\" class=\"e-font-icon-svg e-fas-chevron-up\" viewBox=\"0 0 448 512\" xmlns=\"http:\/\/www.w3.org\/2000\/svg\"><path d=\"M240.971 130.524l194.343 194.343c9.373 9.373 9.373 24.569 0 33.941l-22.667 22.667c-9.357 9.357-24.522 9.375-33.901.04L224 227.495 69.255 381.516c-9.379 9.335-24.544 9.317-33.901-.04l-22.667-22.667c-9.373-9.373-9.373-24.569 0-33.941L207.03 130.525c9.372-9.373 24.568-9.373 33.941-.001z\"><\/path><\/svg><\/span>\n\t\t<\/span>\n\n\t\t\t\t\t\t<\/summary>\n\t\t\t\t<div role=\"region\" aria-labelledby=\"e-n-accordion-item-1141\" class=\"elementor-element elementor-element-3adda51 e-flex e-con-boxed e-con e-child\" data-id=\"3adda51\" data-element_type=\"container\">\n\t\t\t\t\t<div class=\"e-con-inner\">\n\t\t\t\t<div class=\"elementor-element elementor-element-35f5ca0 elementor-widget elementor-widget-text-editor\" data-id=\"35f5ca0\" data-element_type=\"widget\" data-widget_type=\"text-editor.default\">\n\t\t\t\t\t\t\t\t\t<ul><li>Conservez le tube dans un endroit frais et sec, \u00e0 l&rsquo;abri de la lumi\u00e8re directe du soleil. Tenir hors de port\u00e9e des enfants.<\/li><li>Conserver \u00e0 une temp\u00e9rature comprise entre 15\u00b0C et 25\u00b0C (59\u00b0F &#8211; 77\u00b0F).<\/li><li>Assurez-vous que le bouchon est bien ferm\u00e9 apr\u00e8s chaque utilisation.<\/li><li>Les personnes souffrant de diab\u00e8te doivent consulter un professionnel de sant\u00e9 avant d\u2019utiliser ce produit.<\/li><li><strong>SELS de BAINS :<\/strong> Pour un usage externe uniquement. \u00c9vitez tout contact avec les yeux, si cela arrive, rincez avec de l\u2019eau claire. Si votre peau devient irrit\u00e9e, arr\u00eatez d\u2019utiliser le produit.<\/li><li><strong>MASQUE PIEDS :<\/strong> Tenir \u00e9loign\u00e9 des yeux. En cas de contact accidentel avec les yeux, rincer abondamment avec de l\u2019eau claire. Consultez un m\u00e9decin si l\u2019irritation persiste. Ne pas utiliser sur une peau ab\u00eem\u00e9e ou irrit\u00e9e. Imm\u00e9diatement apr\u00e8s l\u2019utilisation \u00e9vitez d\u2019exposer vos pieds \u00e0 la lumi\u00e8re du soleil. Il est recommand\u00e9 d\u2019utiliser une protection solaire efficace apr\u00e8s avoir utilis\u00e9 ce produit.<\/li><li><strong>CR\u00c8ME :<\/strong> Arr\u00eatez d\u2019utiliser ce produit si des rougeurs ou des irritations apparaissent<\/li><\/ul>\t\t\t\t\t\t\t\t<\/div>\n\t\t\t\t\t<\/div>\n\t\t\t\t<\/div>\n\t\t\t\t\t<\/details>\n\t\t\t\t\t<\/div>\n\t\t\t\t\t\t<\/div>\n\t\t\t\t\t<\/div>\n\t\t\t\t<\/div>\n\t\t\t\t<\/div>\n\t\t","protected":false},"featured_media":1560,"template":"","meta":{"_acf_changed":false},"condition":[112],"related-product":[114],"type-de-produit":[110],"type-de-traitement":[113],"class_list":["post-1960","product","type-product","status-publish","has-post-thumbnail","hentry","condition-callosites","related-product-callosites","type-de-produit-cosmetiques","type-de-traitement-kit"],"acf":[],"_links":{"self":[{"href":"https:\/\/www.xacu3122.odns.fr\/schollfr_preprod\/wp-json\/wp\/v2\/product\/1960","targetHints":{"allow":["GET"]}}],"collection":[{"href":"https:\/\/www.xacu3122.odns.fr\/schollfr_preprod\/wp-json\/wp\/v2\/product"}],"about":[{"href":"https:\/\/www.xacu3122.odns.fr\/schollfr_preprod\/wp-json\/wp\/v2\/types\/product"}],"version-history":[{"count":8,"href":"https:\/\/www.xacu3122.odns.fr\/schollfr_preprod\/wp-json\/wp\/v2\/product\/1960\/revisions"}],"predecessor-version":[{"id":2075,"href":"https:\/\/www.xacu3122.odns.fr\/schollfr_preprod\/wp-json\/wp\/v2\/product\/1960\/revisions\/2075"}],"wp:featuredmedia":[{"embeddable":true,"href":"https:\/\/www.xacu3122.odns.fr\/schollfr_preprod\/wp-json\/wp\/v2\/media\/1560"}],"wp:attachment":[{"href":"https:\/\/www.xacu3122.odns.fr\/schollfr_preprod\/wp-json\/wp\/v2\/media?parent=1960"}],"wp:term":[{"taxonomy":"condition","embeddable":true,"href":"https:\/\/www.xacu3122.odns.fr\/schollfr_preprod\/wp-json\/wp\/v2\/condition?post=1960"},{"taxonomy":"related-product","embeddable":true,"href":"https:\/\/www.xacu3122.odns.fr\/schollfr_preprod\/wp-json\/wp\/v2\/related-product?post=1960"},{"taxonomy":"type-de-produit","embeddable":true,"href":"https:\/\/www.xacu3122.odns.fr\/schollfr_preprod\/wp-json\/wp\/v2\/type-de-produit?post=1960"},{"taxonomy":"type-de-traitement","embeddable":true,"href":"https:\/\/www.xacu3122.odns.fr\/schollfr_preprod\/wp-json\/wp\/v2\/type-de-traitement?post=1960"}],"curies":[{"name":"wp","href":"https:\/\/api.w.org\/{rel}","templated":true}]}}