{"id":1970,"date":"2026-04-08T12:59:41","date_gmt":"2026-04-08T10:59:41","guid":{"rendered":"https:\/\/www.xacu3122.odns.fr\/schollfr_preprod\/?post_type=product&#038;p=1970"},"modified":"2026-04-08T14:50:16","modified_gmt":"2026-04-08T12:50:16","slug":"dr-scholls-pedi-perfect-rape-electrique","status":"publish","type":"product","link":"https:\/\/www.xacu3122.odns.fr\/schollfr_preprod\/product\/dr-scholls-pedi-perfect-rape-electrique\/","title":{"rendered":"Dr. Scholl&rsquo;s Pedi Perfect R\u00e2pe Electrique"},"content":{"rendered":"\t\t<div data-elementor-type=\"wp-post\" data-elementor-id=\"1970\" class=\"elementor elementor-1970\" data-elementor-post-type=\"product\">\n\t\t\t\t<div class=\"elementor-element elementor-element-2b0c3a0 e-flex e-con-boxed e-con e-parent\" data-id=\"2b0c3a0\" data-element_type=\"container\">\n\t\t\t\t\t<div class=\"e-con-inner\">\n\t\t\t\t<div class=\"elementor-element elementor-element-ff28923 elementor-widget elementor-widget-text-editor\" data-id=\"ff28923\" data-element_type=\"widget\" data-widget_type=\"text-editor.default\">\n\t\t\t\t\t\t\t\t\t<p>D\u00e9couvrez Pedi Perfect\u2122, la r\u00e2pe \u00e9lectrique de Dr. Scholl\u2019s con\u00e7ue pour retrouver des pieds doux et lisses sans effort. Gr\u00e2ce \u00e0 ses rouleaux NanoTech\u2122 de pr\u00e9cision \u2014 Ultra pour \u00e9liminer la peau dure et Fin pour lisser en douceur \u2014 l\u2019appareil offre une exfoliation efficace et contr\u00f4l\u00e9e, adapt\u00e9e aux peaux s\u00e8ches ou humides. Son moteur bi-vitesse, son design ergonomique et sa poign\u00e9e anti-d\u00e9rapante assurent une utilisation confortable, tandis que le collecteur int\u00e9gr\u00e9 retient les r\u00e9sidus pour une exp\u00e9rience propre et sans d\u00e9sordre.<\/p><p>Pour optimiser les r\u00e9sultats, il suffit de glisser d\u00e9licatement le rouleau sur les zones de peau dure, puis d\u2019appliquer une cr\u00e8me pieds Dr. Scholl\u2019s pour une finition parfaitement nourrie.\u00a0<\/p>\t\t\t\t\t\t\t\t<\/div>\n\t\t\t\t\t<\/div>\n\t\t\t\t<\/div>\n\t\t<div class=\"elementor-element elementor-element-796f4f2 e-flex e-con-boxed e-con e-parent\" data-id=\"796f4f2\" data-element_type=\"container\">\n\t\t\t\t\t<div class=\"e-con-inner\">\n\t\t\t\t<div class=\"elementor-element elementor-element-b61b708 elementor-widget elementor-widget-n-accordion\" data-id=\"b61b708\" data-element_type=\"widget\" data-settings=\"{&quot;default_state&quot;:&quot;expanded&quot;,&quot;max_items_expended&quot;:&quot;one&quot;,&quot;n_accordion_animation_duration&quot;:{&quot;unit&quot;:&quot;ms&quot;,&quot;size&quot;:400,&quot;sizes&quot;:[]}}\" data-widget_type=\"nested-accordion.default\">\n\t\t\t\t\t\t\t<div class=\"e-n-accordion\" aria-label=\"Accordion. Open links with Enter or Space, close with Escape, and navigate with Arrow Keys\">\n\t\t\t\t\t\t<details id=\"e-n-accordion-item-1900\" class=\"e-n-accordion-item\" open>\n\t\t\t\t<summary class=\"e-n-accordion-item-title\" data-accordion-index=\"1\" tabindex=\"0\" aria-expanded=\"true\" aria-controls=\"e-n-accordion-item-1900\" >\n\t\t\t\t\t<span class='e-n-accordion-item-title-header'><div class=\"e-n-accordion-item-title-text\"> Description du produit <\/div><\/span>\n\t\t\t\t\t\t\t<span class='e-n-accordion-item-title-icon'>\n\t\t\t<span class='e-opened' ><svg aria-hidden=\"true\" class=\"e-font-icon-svg e-fas-chevron-down\" viewBox=\"0 0 448 512\" xmlns=\"http:\/\/www.w3.org\/2000\/svg\"><path d=\"M207.029 381.476L12.686 187.132c-9.373-9.373-9.373-24.569 0-33.941l22.667-22.667c9.357-9.357 24.522-9.375 33.901-.04L224 284.505l154.745-154.021c9.379-9.335 24.544-9.317 33.901.04l22.667 22.667c9.373 9.373 9.373 24.569 0 33.941L240.971 381.476c-9.373 9.372-24.569 9.372-33.942 0z\"><\/path><\/svg><\/span>\n\t\t\t<span class='e-closed'><svg aria-hidden=\"true\" class=\"e-font-icon-svg e-fas-chevron-up\" viewBox=\"0 0 448 512\" xmlns=\"http:\/\/www.w3.org\/2000\/svg\"><path d=\"M240.971 130.524l194.343 194.343c9.373 9.373 9.373 24.569 0 33.941l-22.667 22.667c-9.357 9.357-24.522 9.375-33.901.04L224 227.495 69.255 381.516c-9.379 9.335-24.544 9.317-33.901-.04l-22.667-22.667c-9.373-9.373-9.373-24.569 0-33.941L207.03 130.525c9.372-9.373 24.568-9.373 33.941-.001z\"><\/path><\/svg><\/span>\n\t\t<\/span>\n\n\t\t\t\t\t\t<\/summary>\n\t\t\t\t<div role=\"region\" aria-labelledby=\"e-n-accordion-item-1900\" class=\"elementor-element elementor-element-91418bf e-flex e-con-boxed e-con e-child\" data-id=\"91418bf\" data-element_type=\"container\">\n\t\t\t\t\t<div class=\"e-con-inner\">\n\t\t\t\t<div class=\"elementor-element elementor-element-c5a5220 elementor-widget elementor-widget-text-editor\" data-id=\"c5a5220\" data-element_type=\"widget\" data-widget_type=\"text-editor.default\">\n\t\t\t\t\t\t\t\t\t<ul><li>Exfoliation pr\u00e9cise gr\u00e2ce aux rouleaux NanoTech\u2122 Ultra (peau dure) et Fin (lissage), utilisables sur peau s\u00e8che ou humide.<\/li><li>Moteur bi-vitesse, design ergonomique et poign\u00e9e antid\u00e9rapante pour une utilisation confortable.<\/li><li>Collecteur int\u00e9gr\u00e9 pour retenir les r\u00e9sidus et garder une utilisation propre.<\/li><li>Rechargeable USB-C, 90 minutes d\u2019autonomie et enti\u00e8rement \u00e9tanche (IPX6) pour un entretien facile.<\/li><li>Recharges NanoTech\u2122 rempla\u00e7ables tous les 3 mois pour des performances optimales.<\/li><\/ul>\t\t\t\t\t\t\t\t<\/div>\n\t\t\t\t\t<\/div>\n\t\t\t\t<\/div>\n\t\t\t\t\t<\/details>\n\t\t\t\t\t\t<details id=\"e-n-accordion-item-1901\" class=\"e-n-accordion-item\" >\n\t\t\t\t<summary class=\"e-n-accordion-item-title\" data-accordion-index=\"2\" tabindex=\"-1\" aria-expanded=\"false\" aria-controls=\"e-n-accordion-item-1901\" >\n\t\t\t\t\t<span class='e-n-accordion-item-title-header'><div class=\"e-n-accordion-item-title-text\"> Comment l'utiliser <\/div><\/span>\n\t\t\t\t\t\t\t<span class='e-n-accordion-item-title-icon'>\n\t\t\t<span class='e-opened' ><svg aria-hidden=\"true\" class=\"e-font-icon-svg e-fas-chevron-down\" viewBox=\"0 0 448 512\" xmlns=\"http:\/\/www.w3.org\/2000\/svg\"><path d=\"M207.029 381.476L12.686 187.132c-9.373-9.373-9.373-24.569 0-33.941l22.667-22.667c9.357-9.357 24.522-9.375 33.901-.04L224 284.505l154.745-154.021c9.379-9.335 24.544-9.317 33.901.04l22.667 22.667c9.373 9.373 9.373 24.569 0 33.941L240.971 381.476c-9.373 9.372-24.569 9.372-33.942 0z\"><\/path><\/svg><\/span>\n\t\t\t<span class='e-closed'><svg aria-hidden=\"true\" class=\"e-font-icon-svg e-fas-chevron-up\" viewBox=\"0 0 448 512\" xmlns=\"http:\/\/www.w3.org\/2000\/svg\"><path d=\"M240.971 130.524l194.343 194.343c9.373 9.373 9.373 24.569 0 33.941l-22.667 22.667c-9.357 9.357-24.522 9.375-33.901.04L224 227.495 69.255 381.516c-9.379 9.335-24.544 9.317-33.901-.04l-22.667-22.667c-9.373-9.373-9.373-24.569 0-33.941L207.03 130.525c9.372-9.373 24.568-9.373 33.941-.001z\"><\/path><\/svg><\/span>\n\t\t<\/span>\n\n\t\t\t\t\t\t<\/summary>\n\t\t\t\t<div role=\"region\" aria-labelledby=\"e-n-accordion-item-1901\" class=\"elementor-element elementor-element-511a7ba e-con-full e-flex e-con e-child\" data-id=\"511a7ba\" data-element_type=\"container\">\n\t\t\t\t<div class=\"elementor-element elementor-element-433faf2 elementor-widget elementor-widget-text-editor\" data-id=\"433faf2\" data-element_type=\"widget\" data-widget_type=\"text-editor.default\">\n\t\t\t\t\t\t\t\t\t<ul><li><p><strong>Premi\u00e8re utilisation :<\/strong> Lire attentivement les pr\u00e9cautions et instructions avant utilisation. Charger enti\u00e8rement l\u2019appareil avant la premi\u00e8re utilisation.<\/p><\/li><li><p><strong>Comment l\u2019utiliser :<\/strong><\/p><ul><li><p>Retirer le couvercle de protection.<\/p><\/li><li><p>V\u00e9rifier que le rouleau est bien ins\u00e9r\u00e9 et propre.<\/p><\/li><li><p>Allumer en appuyant sur le bouton. Utiliser le bouton de vitesse pour passer du mode lent au mode rapide.<\/p><\/li><li><p>Faire glisser doucement le rouleau sur la peau dure, sans rester plus de 3\u20134 secondes au m\u00eame endroit.<\/p><\/li><li><p>L\u2019appareil s\u2019arr\u00eate automatiquement si la pression est trop forte.<\/p><\/li><li><p>Essuyer ou rincer les pieds pour enlever l\u2019exc\u00e8s de peaux mortes, puis s\u00e9cher.<\/p><\/li><li><p>Pour de meilleurs r\u00e9sultats, appliquer une cr\u00e8me hydratante Dr. Scholl\u2019s apr\u00e8s utilisation.<\/p><\/li><\/ul><\/li><\/ul><ul><li><strong>Nettoyage :<\/strong><ul><li>Retirer le rouleau et le rincer sous l\u2019eau.<\/li><li>S\u00e9cher avec un tissu propre.<\/li><li>Retirer le collecteur de r\u00e9sidus, le vider r\u00e9guli\u00e8rement, puis le rincer et le s\u00e9cher.<\/li><li>R\u00e9assembler l\u2019appareil.<\/li><li>Ranger dans un endroit sec et frais, rouleau orient\u00e9 vers le bas pour permettre \u00e0 l\u2019eau de s\u2019\u00e9couler.<\/li><\/ul><\/li><li><strong>Remplacement des rouleaux :<\/strong><ul><li>Remplacer les t\u00eates tous les 3 mois ou d\u00e8s les premiers signes d\u2019usure.<\/li><li>N\u2019utiliser que des rouleaux Dr. Scholl\u2019s.<\/li><\/ul><\/li><\/ul>\t\t\t\t\t\t\t\t<\/div>\n\t\t\t\t<\/div>\n\t\t\t\t\t<\/details>\n\t\t\t\t\t\t<details id=\"e-n-accordion-item-1902\" class=\"e-n-accordion-item\" >\n\t\t\t\t<summary class=\"e-n-accordion-item-title\" data-accordion-index=\"3\" tabindex=\"-1\" aria-expanded=\"false\" aria-controls=\"e-n-accordion-item-1902\" >\n\t\t\t\t\t<span class='e-n-accordion-item-title-header'><div class=\"e-n-accordion-item-title-text\"> Pr\u00e9cautions d'usage <\/div><\/span>\n\t\t\t\t\t\t\t<span class='e-n-accordion-item-title-icon'>\n\t\t\t<span class='e-opened' ><svg aria-hidden=\"true\" class=\"e-font-icon-svg e-fas-chevron-down\" viewBox=\"0 0 448 512\" xmlns=\"http:\/\/www.w3.org\/2000\/svg\"><path d=\"M207.029 381.476L12.686 187.132c-9.373-9.373-9.373-24.569 0-33.941l22.667-22.667c9.357-9.357 24.522-9.375 33.901-.04L224 284.505l154.745-154.021c9.379-9.335 24.544-9.317 33.901.04l22.667 22.667c9.373 9.373 9.373 24.569 0 33.941L240.971 381.476c-9.373 9.372-24.569 9.372-33.942 0z\"><\/path><\/svg><\/span>\n\t\t\t<span class='e-closed'><svg aria-hidden=\"true\" class=\"e-font-icon-svg e-fas-chevron-up\" viewBox=\"0 0 448 512\" xmlns=\"http:\/\/www.w3.org\/2000\/svg\"><path d=\"M240.971 130.524l194.343 194.343c9.373 9.373 9.373 24.569 0 33.941l-22.667 22.667c-9.357 9.357-24.522 9.375-33.901.04L224 227.495 69.255 381.516c-9.379 9.335-24.544 9.317-33.901-.04l-22.667-22.667c-9.373-9.373-9.373-24.569 0-33.941L207.03 130.525c9.372-9.373 24.568-9.373 33.941-.001z\"><\/path><\/svg><\/span>\n\t\t<\/span>\n\n\t\t\t\t\t\t<\/summary>\n\t\t\t\t<div role=\"region\" aria-labelledby=\"e-n-accordion-item-1902\" class=\"elementor-element elementor-element-044359e e-flex e-con-boxed e-con e-child\" data-id=\"044359e\" data-element_type=\"container\">\n\t\t\t\t\t<div class=\"e-con-inner\">\n\t\t\t\t<div class=\"elementor-element elementor-element-901b3b1 elementor-widget elementor-widget-text-editor\" data-id=\"901b3b1\" data-element_type=\"widget\" data-widget_type=\"text-editor.default\">\n\t\t\t\t\t\t\t\t\t<ul><li>Tenir hors de port\u00e9e des enfants.\u00a0<\/li><li>Ne convient pas aux personnes diab\u00e9tiques, avec mauvaise circulation ou perte de sensation.<\/li><li>Pour les instructions compl\u00e8tes et les informations de s\u00e9curit\u00e9, veuillez consulter le manuel d&rsquo;utilisation.<\/li><li>\u00c0 utiliser uniquement sur la peau dure des pieds. Ne pas utiliser sur d&rsquo;autres parties du corps.<\/li><li>Ne pas immerger dans l&rsquo;eau.<\/li><li>Ne pas utiliser sur la m\u00eame zone pendant plus de 3 \u00e0 4 secondes. Cesser imm\u00e9diatement l&rsquo;utilisation en cas d&rsquo;irritation ou d&rsquo;inconfort.<\/li><li>Ne pas utiliser sur une peau l\u00e9s\u00e9e, douloureuse ou irrit\u00e9e.<\/li><li>Utiliser uniquement le c\u00e2ble USB-C fourni avec ce produit.<\/li><li>Si les piles sont endommag\u00e9es ou fuient, \u00e9viter tout contact avec la peau ou les yeux. En cas de contact, rincer abondamment \u00e0 l&rsquo;eau et consulter un m\u00e9decin.<\/li><li>Cesser l&rsquo;utilisation si le produit chauffe anormalement. D\u00e9brancher la lime \u00e0 pieds du c\u00e2ble de chargement avant de la nettoyer.<\/li><li>Le c\u00e2ble USB-C n&rsquo;est pas \u00e9tanche ; ne pas charger \u00e0 proximit\u00e9 de l&rsquo;eau, ne pas rincer sous l&rsquo;eau et ne pas utiliser avec les mains mouill\u00e9es. \u00c9tanch\u00e9it\u00e9 IPX9.<\/li><\/ul>\t\t\t\t\t\t\t\t<\/div>\n\t\t\t\t\t<\/div>\n\t\t\t\t<\/div>\n\t\t\t\t\t<\/details>\n\t\t\t\t\t<\/div>\n\t\t\t\t\t\t<\/div>\n\t\t\t\t\t<\/div>\n\t\t\t\t<\/div>\n\t\t\t\t<\/div>\n\t\t","protected":false},"featured_media":1561,"template":"","meta":{"_acf_changed":false},"condition":[112],"related-product":[114],"type-de-produit":[116],"type-de-traitement":[115],"class_list":["post-1970","product","type-product","status-publish","has-post-thumbnail","hentry","condition-callosites","related-product-callosites","type-de-produit-produit-general","type-de-traitement-rape-electrique"],"acf":[],"_links":{"self":[{"href":"https:\/\/www.xacu3122.odns.fr\/schollfr_preprod\/wp-json\/wp\/v2\/product\/1970","targetHints":{"allow":["GET"]}}],"collection":[{"href":"https:\/\/www.xacu3122.odns.fr\/schollfr_preprod\/wp-json\/wp\/v2\/product"}],"about":[{"href":"https:\/\/www.xacu3122.odns.fr\/schollfr_preprod\/wp-json\/wp\/v2\/types\/product"}],"version-history":[{"count":8,"href":"https:\/\/www.xacu3122.odns.fr\/schollfr_preprod\/wp-json\/wp\/v2\/product\/1970\/revisions"}],"predecessor-version":[{"id":2074,"href":"https:\/\/www.xacu3122.odns.fr\/schollfr_preprod\/wp-json\/wp\/v2\/product\/1970\/revisions\/2074"}],"wp:featuredmedia":[{"embeddable":true,"href":"https:\/\/www.xacu3122.odns.fr\/schollfr_preprod\/wp-json\/wp\/v2\/media\/1561"}],"wp:attachment":[{"href":"https:\/\/www.xacu3122.odns.fr\/schollfr_preprod\/wp-json\/wp\/v2\/media?parent=1970"}],"wp:term":[{"taxonomy":"condition","embeddable":true,"href":"https:\/\/www.xacu3122.odns.fr\/schollfr_preprod\/wp-json\/wp\/v2\/condition?post=1970"},{"taxonomy":"related-product","embeddable":true,"href":"https:\/\/www.xacu3122.odns.fr\/schollfr_preprod\/wp-json\/wp\/v2\/related-product?post=1970"},{"taxonomy":"type-de-produit","embeddable":true,"href":"https:\/\/www.xacu3122.odns.fr\/schollfr_preprod\/wp-json\/wp\/v2\/type-de-produit?post=1970"},{"taxonomy":"type-de-traitement","embeddable":true,"href":"https:\/\/www.xacu3122.odns.fr\/schollfr_preprod\/wp-json\/wp\/v2\/type-de-traitement?post=1970"}],"curies":[{"name":"wp","href":"https:\/\/api.w.org\/{rel}","templated":true}]}}