{"id":710,"date":"2026-01-05T17:36:02","date_gmt":"2026-01-05T16:36:02","guid":{"rendered":"https:\/\/www.xacu3122.odns.fr\/schollfr_preprod\/?post_type=product&#038;p=710"},"modified":"2026-04-08T14:33:42","modified_gmt":"2026-04-08T12:33:42","slug":"calli-cuscinetto-protettivo-in-gel","status":"publish","type":"product","link":"https:\/\/www.xacu3122.odns.fr\/schollfr_preprod\/product\/calli-cuscinetto-protettivo-in-gel\/","title":{"rendered":"Scholl Cr\u00e8me Nutrition Intense 150 ml"},"content":{"rendered":"\t\t<div data-elementor-type=\"wp-post\" data-elementor-id=\"710\" class=\"elementor elementor-710\" data-elementor-post-type=\"product\">\n\t\t\t\t<div class=\"elementor-element elementor-element-d802968 e-flex e-con-boxed e-con e-parent\" data-id=\"d802968\" data-element_type=\"container\">\n\t\t\t\t\t<div class=\"e-con-inner\">\n\t\t\t\t<div class=\"elementor-element elementor-element-eac3f12 elementor-widget elementor-widget-text-editor\" data-id=\"eac3f12\" data-element_type=\"widget\" data-widget_type=\"text-editor.default\">\n\t\t\t\t\t\t\t\t\t<p>Sa formule puissante apporte une vague instantan\u00e9e d&rsquo;hydratation qui transforme les peaux dures et s\u00e8ches de douceur.<\/p>\n<p>Sa composition soigneusement pens\u00e9e atteint les couches les plus \u00e9paisses de la peau pour assurer une hydratation cibl\u00e9e l\u00e0 o\u00f9 c&rsquo;est le plus important.<\/p>\n<p>Appliqu\u00e9s en continu, la cr\u00e8me et ses ingr\u00e9dients, comme l&rsquo;allanto\u00efne et la provitamine B5, nourrissent la peau en profondeur pour pr\u00e9server sa souplesse et la prot\u00e9ger contre l&rsquo;ass\u00e8chement.<\/p>\n<p>Adapt\u00e9e \u00e0 la structure unique de la peau du pied, cette cr\u00e8me apporte un soin sp\u00e9cialis\u00e9 et emp\u00eache la formation de callosit\u00e9s.\u00a0<\/p>\t\t\t\t\t\t\t\t<\/div>\n\t\t\t\t<div class=\"elementor-element elementor-element-2d900e8 elementor-widget elementor-widget-n-accordion\" data-id=\"2d900e8\" data-element_type=\"widget\" data-settings=\"{&quot;default_state&quot;:&quot;expanded&quot;,&quot;max_items_expended&quot;:&quot;one&quot;,&quot;n_accordion_animation_duration&quot;:{&quot;unit&quot;:&quot;ms&quot;,&quot;size&quot;:400,&quot;sizes&quot;:[]}}\" data-widget_type=\"nested-accordion.default\">\n\t\t\t\t\t\t\t<div class=\"e-n-accordion\" aria-label=\"Accordion. Open links with Enter or Space, close with Escape, and navigate with Arrow Keys\">\n\t\t\t\t\t\t<details id=\"e-n-accordion-item-4770\" class=\"e-n-accordion-item\" open>\n\t\t\t\t<summary class=\"e-n-accordion-item-title\" data-accordion-index=\"1\" tabindex=\"0\" aria-expanded=\"true\" aria-controls=\"e-n-accordion-item-4770\" >\n\t\t\t\t\t<span class='e-n-accordion-item-title-header'><div class=\"e-n-accordion-item-title-text\"> Comment l'utiliser <\/div><\/span>\n\t\t\t\t\t\t\t<span class='e-n-accordion-item-title-icon'>\n\t\t\t<span class='e-opened' ><svg aria-hidden=\"true\" class=\"e-font-icon-svg e-fas-chevron-down\" viewBox=\"0 0 448 512\" xmlns=\"http:\/\/www.w3.org\/2000\/svg\"><path d=\"M207.029 381.476L12.686 187.132c-9.373-9.373-9.373-24.569 0-33.941l22.667-22.667c9.357-9.357 24.522-9.375 33.901-.04L224 284.505l154.745-154.021c9.379-9.335 24.544-9.317 33.901.04l22.667 22.667c9.373 9.373 9.373 24.569 0 33.941L240.971 381.476c-9.373 9.372-24.569 9.372-33.942 0z\"><\/path><\/svg><\/span>\n\t\t\t<span class='e-closed'><svg aria-hidden=\"true\" class=\"e-font-icon-svg e-fas-chevron-up\" viewBox=\"0 0 448 512\" xmlns=\"http:\/\/www.w3.org\/2000\/svg\"><path d=\"M240.971 130.524l194.343 194.343c9.373 9.373 9.373 24.569 0 33.941l-22.667 22.667c-9.357 9.357-24.522 9.375-33.901.04L224 227.495 69.255 381.516c-9.379 9.335-24.544 9.317-33.901-.04l-22.667-22.667c-9.373-9.373-9.373-24.569 0-33.941L207.03 130.525c9.372-9.373 24.568-9.373 33.941-.001z\"><\/path><\/svg><\/span>\n\t\t<\/span>\n\n\t\t\t\t\t\t<\/summary>\n\t\t\t\t<div role=\"region\" aria-labelledby=\"e-n-accordion-item-4770\" class=\"elementor-element elementor-element-f86876c e-con-full e-flex e-con e-child\" data-id=\"f86876c\" data-element_type=\"container\">\n\t\t\t\t<div class=\"elementor-element elementor-element-0396fff elementor-widget elementor-widget-text-editor\" data-id=\"0396fff\" data-element_type=\"widget\" data-widget_type=\"text-editor.default\">\n\t\t\t\t\t\t\t\t\t<p id=\"isPasted\">1. Appliquez selon les besoins sur des pieds propres et secs<\/p><p>2. Massez d\u00e9licatement et de mani\u00e8re r\u00e9guli\u00e8re pour aider \u00e0 pr\u00e9venir l&rsquo;accumulation des peaux dures.<\/p><p>3. Une fois la peau r\u00e9par\u00e9e, continuez \u00e0 utiliser la cr\u00e8me d\u00e8s que c&rsquo;est n\u00e9cessaire pour pr\u00e9server l&rsquo;\u00e9tat de la peau.<\/p>\t\t\t\t\t\t\t\t<\/div>\n\t\t\t\t<\/div>\n\t\t\t\t\t<\/details>\n\t\t\t\t\t<\/div>\n\t\t\t\t\t\t<\/div>\n\t\t\t\t\t<\/div>\n\t\t\t\t<\/div>\n\t\t\t\t<\/div>\n\t\t","protected":false},"featured_media":1565,"template":"","meta":{"_acf_changed":false},"condition":[108],"related-product":[81],"type-de-produit":[110],"type-de-traitement":[109],"class_list":["post-710","product","type-product","status-publish","has-post-thumbnail","hentry","condition-peau-seche","related-product-hydratation","type-de-produit-cosmetiques","type-de-traitement-creme"],"acf":[],"_links":{"self":[{"href":"https:\/\/www.xacu3122.odns.fr\/schollfr_preprod\/wp-json\/wp\/v2\/product\/710","targetHints":{"allow":["GET"]}}],"collection":[{"href":"https:\/\/www.xacu3122.odns.fr\/schollfr_preprod\/wp-json\/wp\/v2\/product"}],"about":[{"href":"https:\/\/www.xacu3122.odns.fr\/schollfr_preprod\/wp-json\/wp\/v2\/types\/product"}],"version-history":[{"count":29,"href":"https:\/\/www.xacu3122.odns.fr\/schollfr_preprod\/wp-json\/wp\/v2\/product\/710\/revisions"}],"predecessor-version":[{"id":1737,"href":"https:\/\/www.xacu3122.odns.fr\/schollfr_preprod\/wp-json\/wp\/v2\/product\/710\/revisions\/1737"}],"wp:featuredmedia":[{"embeddable":true,"href":"https:\/\/www.xacu3122.odns.fr\/schollfr_preprod\/wp-json\/wp\/v2\/media\/1565"}],"wp:attachment":[{"href":"https:\/\/www.xacu3122.odns.fr\/schollfr_preprod\/wp-json\/wp\/v2\/media?parent=710"}],"wp:term":[{"taxonomy":"condition","embeddable":true,"href":"https:\/\/www.xacu3122.odns.fr\/schollfr_preprod\/wp-json\/wp\/v2\/condition?post=710"},{"taxonomy":"related-product","embeddable":true,"href":"https:\/\/www.xacu3122.odns.fr\/schollfr_preprod\/wp-json\/wp\/v2\/related-product?post=710"},{"taxonomy":"type-de-produit","embeddable":true,"href":"https:\/\/www.xacu3122.odns.fr\/schollfr_preprod\/wp-json\/wp\/v2\/type-de-produit?post=710"},{"taxonomy":"type-de-traitement","embeddable":true,"href":"https:\/\/www.xacu3122.odns.fr\/schollfr_preprod\/wp-json\/wp\/v2\/type-de-traitement?post=710"}],"curies":[{"name":"wp","href":"https:\/\/api.w.org\/{rel}","templated":true}]}}