{"id":109,"date":"2025-12-23T10:50:42","date_gmt":"2025-12-23T09:50:42","guid":{"rendered":"https:\/\/www.xacu3122.odns.fr\/schollit_preprod\/?page_id=109"},"modified":"2026-05-04T14:12:37","modified_gmt":"2026-05-04T12:12:37","slug":"conditions","status":"publish","type":"page","link":"https:\/\/www.xacu3122.odns.fr\/schollit_preprod\/conditions\/","title":{"rendered":"Condizione"},"content":{"rendered":"\t\t<div data-elementor-type=\"wp-page\" data-elementor-id=\"109\" class=\"elementor elementor-109\" data-elementor-post-type=\"page\">\n\t\t\t\t<div class=\"elementor-element elementor-element-c86eb43 e-flex e-con-boxed e-con e-parent\" data-id=\"c86eb43\" data-element_type=\"container\">\n\t\t\t\t\t<div class=\"e-con-inner\">\n\t\t<div class=\"elementor-element elementor-element-da91511 e-con-full e-flex e-con e-child\" data-id=\"da91511\" data-element_type=\"container\" data-settings=\"{&quot;background_background&quot;:&quot;classic&quot;}\">\n\t\t\t\t<div class=\"elementor-element elementor-element-aa1a037 elementor-widget elementor-widget-heading\" data-id=\"aa1a037\" data-element_type=\"widget\" data-widget_type=\"heading.default\">\n\t\t\t\t\t<h2 class=\"elementor-heading-title elementor-size-default\">Patologie del piede<\/h2>\t\t\t\t<\/div>\n\t\t<div class=\"elementor-element elementor-element-6320716 e-con-full e-flex e-con e-child\" data-id=\"6320716\" data-element_type=\"container\">\n\t\t<div class=\"elementor-element elementor-element-f8ab988 e-con-full e-flex e-con e-child\" data-id=\"f8ab988\" data-element_type=\"container\">\n\t\t\t\t<div class=\"elementor-element elementor-element-019234b elementor-widget elementor-widget-image\" data-id=\"019234b\" data-element_type=\"widget\" data-widget_type=\"image.default\">\n\t\t\t\t\t\t\t\t\t\t\t\t\t\t\t\t<a href=\"https:\/\/www.xacu3122.odns.fr\/schollit_preprod\/conditions\/fungail-nail\/\">\n\t\t\t\t\t\t\t<img fetchpriority=\"high\" decoding=\"async\" width=\"345\" height=\"206\" src=\"https:\/\/www.xacu3122.odns.fr\/schollit_preprod\/wp-content\/uploads\/2026\/04\/fungalnail.webp\" class=\"attachment-large size-large wp-image-1791\" alt=\"\" srcset=\"https:\/\/www.xacu3122.odns.fr\/schollit_preprod\/wp-content\/uploads\/2026\/04\/fungalnail.webp 345w, https:\/\/www.xacu3122.odns.fr\/schollit_preprod\/wp-content\/uploads\/2026\/04\/fungalnail-300x179.webp 300w\" sizes=\"(max-width: 345px) 100vw, 345px\" \/>\t\t\t\t\t\t\t\t<\/a>\n\t\t\t\t\t\t\t\t\t\t\t\t\t\t\t<\/div>\n\t\t\t\t<div class=\"elementor-element elementor-element-cd19b1c elementor-widget elementor-widget-heading\" data-id=\"cd19b1c\" data-element_type=\"widget\" data-widget_type=\"heading.default\">\n\t\t\t\t\t<h3 class=\"elementor-heading-title elementor-size-default\">Onicomicosi<\/h3>\t\t\t\t<\/div>\n\t\t\t\t<div class=\"elementor-element elementor-element-7259e08 elementor-widget elementor-widget-text-editor\" data-id=\"7259e08\" data-element_type=\"widget\" data-widget_type=\"text-editor.default\">\n\t\t\t\t\t\t\t\t\t<p>L\u2019onicomicosi \u00e8 un\u2019infezione fungina dell\u2019unghia che si sviluppa progressivamente e tende a peggiorare nel tempo se non trattata. \u00c8 una condizione che viene frequentemente segnalata dai pazienti in farmacia.<\/p>\t\t\t\t\t\t\t\t<\/div>\n\t\t\t\t<div class=\"elementor-element elementor-element-9640944 elementor-widget elementor-widget-button\" data-id=\"9640944\" data-element_type=\"widget\" data-widget_type=\"button.default\">\n\t\t\t\t\t\t\t\t\t\t<a class=\"elementor-button elementor-button-link elementor-size-sm\" href=\"https:\/\/www.xacu3122.odns.fr\/schollit_preprod\/conditions\/fungail-nail\/\">\n\t\t\t\t\t\t<span class=\"elementor-button-content-wrapper\">\n\t\t\t\t\t\t\t\t\t<span class=\"elementor-button-text\">Scopri di pi\u00f9<\/span>\n\t\t\t\t\t<\/span>\n\t\t\t\t\t<\/a>\n\t\t\t\t\t\t\t\t<\/div>\n\t\t\t\t<\/div>\n\t\t<div class=\"elementor-element elementor-element-e468ea8 e-con-full e-flex e-con e-child\" data-id=\"e468ea8\" data-element_type=\"container\">\n\t\t\t\t<div class=\"elementor-element elementor-element-6c80abd elementor-widget elementor-widget-image\" data-id=\"6c80abd\" data-element_type=\"widget\" data-widget_type=\"image.default\">\n\t\t\t\t\t\t\t\t\t\t\t\t\t\t\t\t<a href=\"https:\/\/www.xacu3122.odns.fr\/schollit_preprod\/conditions\/athletes-foot\/\">\n\t\t\t\t\t\t\t<img decoding=\"async\" width=\"345\" height=\"206\" src=\"https:\/\/www.xacu3122.odns.fr\/schollit_preprod\/wp-content\/uploads\/2026\/04\/lathletefoot.webp\" class=\"attachment-large size-large wp-image-1799\" alt=\"\" srcset=\"https:\/\/www.xacu3122.odns.fr\/schollit_preprod\/wp-content\/uploads\/2026\/04\/lathletefoot.webp 345w, https:\/\/www.xacu3122.odns.fr\/schollit_preprod\/wp-content\/uploads\/2026\/04\/lathletefoot-300x179.webp 300w\" sizes=\"(max-width: 345px) 100vw, 345px\" \/>\t\t\t\t\t\t\t\t<\/a>\n\t\t\t\t\t\t\t\t\t\t\t\t\t\t\t<\/div>\n\t\t\t\t<div class=\"elementor-element elementor-element-47b7dee elementor-widget elementor-widget-heading\" data-id=\"47b7dee\" data-element_type=\"widget\" data-widget_type=\"heading.default\">\n\t\t\t\t\t<h3 class=\"elementor-heading-title elementor-size-default\">Piede d\u2019atleta<\/h3>\t\t\t\t<\/div>\n\t\t\t\t<div class=\"elementor-element elementor-element-c203d4b elementor-widget elementor-widget-text-editor\" data-id=\"c203d4b\" data-element_type=\"widget\" data-widget_type=\"text-editor.default\">\n\t\t\t\t\t\t\t\t\t<p>Il piede d\u2019atleta (tinea pedis) \u00e8 un\u2019infezione fungina cutanea causata da dermatofiti e rappresenta una delle problematiche dermatologiche pi\u00f9 frequentemente riportate in farmacia.<\/p>\t\t\t\t\t\t\t\t<\/div>\n\t\t\t\t<div class=\"elementor-element elementor-element-09b0570 elementor-widget elementor-widget-button\" data-id=\"09b0570\" data-element_type=\"widget\" data-widget_type=\"button.default\">\n\t\t\t\t\t\t\t\t\t\t<a class=\"elementor-button elementor-button-link elementor-size-sm\" href=\"https:\/\/www.xacu3122.odns.fr\/schollit_preprod\/conditions\/athletes-foot\/\">\n\t\t\t\t\t\t<span class=\"elementor-button-content-wrapper\">\n\t\t\t\t\t\t\t\t\t<span class=\"elementor-button-text\">Scopri di pi\u00f9<\/span>\n\t\t\t\t\t<\/span>\n\t\t\t\t\t<\/a>\n\t\t\t\t\t\t\t\t<\/div>\n\t\t\t\t<\/div>\n\t\t<div class=\"elementor-element elementor-element-ed7478b e-con-full e-flex e-con e-child\" data-id=\"ed7478b\" data-element_type=\"container\">\n\t\t\t\t<div class=\"elementor-element elementor-element-69309b9 elementor-widget elementor-widget-image\" data-id=\"69309b9\" data-element_type=\"widget\" data-widget_type=\"image.default\">\n\t\t\t\t\t\t\t\t\t\t\t\t\t\t\t\t<a href=\"https:\/\/www.xacu3122.odns.fr\/schollit_preprod\/conditions\/corn-callus\/\">\n\t\t\t\t\t\t\t<img decoding=\"async\" width=\"345\" height=\"206\" src=\"https:\/\/www.xacu3122.odns.fr\/schollit_preprod\/wp-content\/uploads\/2026\/04\/lcorncallus.webp\" class=\"attachment-large size-large wp-image-1800\" alt=\"\" srcset=\"https:\/\/www.xacu3122.odns.fr\/schollit_preprod\/wp-content\/uploads\/2026\/04\/lcorncallus.webp 345w, https:\/\/www.xacu3122.odns.fr\/schollit_preprod\/wp-content\/uploads\/2026\/04\/lcorncallus-300x179.webp 300w\" sizes=\"(max-width: 345px) 100vw, 345px\" \/>\t\t\t\t\t\t\t\t<\/a>\n\t\t\t\t\t\t\t\t\t\t\t\t\t\t\t<\/div>\n\t\t\t\t<div class=\"elementor-element elementor-element-e1b7f17 elementor-widget elementor-widget-heading\" data-id=\"e1b7f17\" data-element_type=\"widget\" data-widget_type=\"heading.default\">\n\t\t\t\t\t<h3 class=\"elementor-heading-title elementor-size-default\">Calli e duroni<\/h3>\t\t\t\t<\/div>\n\t\t\t\t<div class=\"elementor-element elementor-element-672ffc1 elementor-widget elementor-widget-text-editor\" data-id=\"672ffc1\" data-element_type=\"widget\" data-widget_type=\"text-editor.default\">\n\t\t\t\t\t\t\t\t\t<p>Calli e duroni sono alterazioni cutanee frequenti del piede, dovute a pressione o attrito ripetuti. Sebbene generalmente non gravi, sono una causa comune di dolore, \u2026<\/p>\t\t\t\t\t\t\t\t<\/div>\n\t\t\t\t<div class=\"elementor-element elementor-element-46a01c3 elementor-widget elementor-widget-button\" data-id=\"46a01c3\" data-element_type=\"widget\" data-widget_type=\"button.default\">\n\t\t\t\t\t\t\t\t\t\t<a class=\"elementor-button elementor-button-link elementor-size-sm\" href=\"https:\/\/www.xacu3122.odns.fr\/schollit_preprod\/conditions\/corn-callus\/\">\n\t\t\t\t\t\t<span class=\"elementor-button-content-wrapper\">\n\t\t\t\t\t\t\t\t\t<span class=\"elementor-button-text\">Scopri di pi\u00f9<\/span>\n\t\t\t\t\t<\/span>\n\t\t\t\t\t<\/a>\n\t\t\t\t\t\t\t\t<\/div>\n\t\t\t\t<\/div>\n\t\t<div class=\"elementor-element elementor-element-ef13415 e-con-full e-flex e-con e-child\" data-id=\"ef13415\" data-element_type=\"container\">\n\t\t\t\t<div class=\"elementor-element elementor-element-ac51e6e elementor-widget elementor-widget-image\" data-id=\"ac51e6e\" data-element_type=\"widget\" data-widget_type=\"image.default\">\n\t\t\t\t\t\t\t\t\t\t\t\t\t\t\t\t<a href=\"https:\/\/www.xacu3122.odns.fr\/schollit_preprod\/conditions\/verruca-wart\/\">\n\t\t\t\t\t\t\t<img loading=\"lazy\" decoding=\"async\" width=\"345\" height=\"207\" src=\"https:\/\/www.xacu3122.odns.fr\/schollit_preprod\/wp-content\/uploads\/2026\/04\/lverrucawart.webp\" class=\"attachment-large size-large wp-image-1801\" alt=\"\" srcset=\"https:\/\/www.xacu3122.odns.fr\/schollit_preprod\/wp-content\/uploads\/2026\/04\/lverrucawart.webp 345w, https:\/\/www.xacu3122.odns.fr\/schollit_preprod\/wp-content\/uploads\/2026\/04\/lverrucawart-300x180.webp 300w\" sizes=\"(max-width: 345px) 100vw, 345px\" \/>\t\t\t\t\t\t\t\t<\/a>\n\t\t\t\t\t\t\t\t\t\t\t\t\t\t\t<\/div>\n\t\t\t\t<div class=\"elementor-element elementor-element-585af11 elementor-widget elementor-widget-heading\" data-id=\"585af11\" data-element_type=\"widget\" data-widget_type=\"heading.default\">\n\t\t\t\t\t<h3 class=\"elementor-heading-title elementor-size-default\">Verruche plantari e comuni<\/h3>\t\t\t\t<\/div>\n\t\t\t\t<div class=\"elementor-element elementor-element-37534f1 elementor-widget elementor-widget-text-editor\" data-id=\"37534f1\" data-element_type=\"widget\" data-widget_type=\"text-editor.default\">\n\t\t\t\t\t\t\t\t\t<p>Le verruche plantari sono lesioni causate dall\u2019infezione da virus del papilloma umano (HPV). Si localizzano generalmente sulla pianta del piede o sulle dita\u2026<\/p>\t\t\t\t\t\t\t\t<\/div>\n\t\t\t\t<div class=\"elementor-element elementor-element-4ab4775 elementor-widget elementor-widget-button\" data-id=\"4ab4775\" data-element_type=\"widget\" data-widget_type=\"button.default\">\n\t\t\t\t\t\t\t\t\t\t<a class=\"elementor-button elementor-button-link elementor-size-sm\" href=\"https:\/\/www.xacu3122.odns.fr\/schollit_preprod\/conditions\/verruca-wart\/\">\n\t\t\t\t\t\t<span class=\"elementor-button-content-wrapper\">\n\t\t\t\t\t\t\t\t\t<span class=\"elementor-button-text\">Scopri di pi\u00f9<\/span>\n\t\t\t\t\t<\/span>\n\t\t\t\t\t<\/a>\n\t\t\t\t\t\t\t\t<\/div>\n\t\t\t\t<\/div>\n\t\t<div class=\"elementor-element elementor-element-60b9c72 e-con-full e-flex e-con e-child\" data-id=\"60b9c72\" data-element_type=\"container\">\n\t\t\t\t<div class=\"elementor-element elementor-element-662b96b elementor-widget elementor-widget-image\" data-id=\"662b96b\" data-element_type=\"widget\" data-widget_type=\"image.default\">\n\t\t\t\t\t\t\t\t\t\t\t\t\t\t\t\t<a href=\"https:\/\/www.xacu3122.odns.fr\/schollit_preprod\/conditions\/plantar-fasciitis\/\">\n\t\t\t\t\t\t\t<img loading=\"lazy\" decoding=\"async\" width=\"345\" height=\"207\" src=\"https:\/\/www.xacu3122.odns.fr\/schollit_preprod\/wp-content\/uploads\/2026\/04\/lplantarfasciitis.webp\" class=\"attachment-large size-large wp-image-1802\" alt=\"\" srcset=\"https:\/\/www.xacu3122.odns.fr\/schollit_preprod\/wp-content\/uploads\/2026\/04\/lplantarfasciitis.webp 345w, https:\/\/www.xacu3122.odns.fr\/schollit_preprod\/wp-content\/uploads\/2026\/04\/lplantarfasciitis-300x180.webp 300w\" sizes=\"(max-width: 345px) 100vw, 345px\" \/>\t\t\t\t\t\t\t\t<\/a>\n\t\t\t\t\t\t\t\t\t\t\t\t\t\t\t<\/div>\n\t\t\t\t<div class=\"elementor-element elementor-element-2474677 elementor-widget elementor-widget-heading\" data-id=\"2474677\" data-element_type=\"widget\" data-widget_type=\"heading.default\">\n\t\t\t\t\t<h3 class=\"elementor-heading-title elementor-size-default\">Fascite plantare<\/h3>\t\t\t\t<\/div>\n\t\t\t\t<div class=\"elementor-element elementor-element-1a6ac42 elementor-widget elementor-widget-text-editor\" data-id=\"1a6ac42\" data-element_type=\"widget\" data-widget_type=\"text-editor.default\">\n\t\t\t\t\t\t\t\t\t<p>La fascite plantare, o fasciopatia plantare, \u00e8 una delle principali cause di dolore calcaneare. Pu\u00f2 manifestarsi a qualsiasi et\u00e0, si osserva pi\u00f9 frequentemente negli adulti oltre i 40 anni.<\/p>\t\t\t\t\t\t\t\t<\/div>\n\t\t\t\t<div class=\"elementor-element elementor-element-ce97d9c elementor-widget elementor-widget-button\" data-id=\"ce97d9c\" data-element_type=\"widget\" data-widget_type=\"button.default\">\n\t\t\t\t\t\t\t\t\t\t<a class=\"elementor-button elementor-button-link elementor-size-sm\" href=\"https:\/\/www.xacu3122.odns.fr\/schollit_preprod\/conditions\/plantar-fasciitis\/\">\n\t\t\t\t\t\t<span class=\"elementor-button-content-wrapper\">\n\t\t\t\t\t\t\t\t\t<span class=\"elementor-button-text\">Scopri di pi\u00f9<\/span>\n\t\t\t\t\t<\/span>\n\t\t\t\t\t<\/a>\n\t\t\t\t\t\t\t\t<\/div>\n\t\t\t\t<\/div>\n\t\t\t\t<\/div>\n\t\t\t\t<\/div>\n\t\t\t\t\t<\/div>\n\t\t\t\t<\/div>\n\t\t\t\t<\/div>\n\t\t","protected":false},"excerpt":{"rendered":"<p>Patologie del piede Onicomicosi L\u2019onicomicosi \u00e8 un\u2019infezione fungina dell\u2019unghia che si sviluppa progressivamente e tende a peggiorare nel tempo se non trattata. \u00c8 una condizione che viene frequentemente segnalata dai pazienti in farmacia. Scopri di pi\u00f9 Piede d\u2019atleta Il piede d\u2019atleta (tinea pedis) \u00e8 un\u2019infezione fungina cutanea causata da dermatofiti e rappresenta una delle problematiche [&hellip;]<\/p>\n","protected":false},"author":1,"featured_media":0,"parent":0,"menu_order":2,"comment_status":"closed","ping_status":"closed","template":"elementor_header_footer","meta":{"_acf_changed":false,"footnotes":""},"class_list":["post-109","page","type-page","status-publish","hentry"],"acf":[],"_links":{"self":[{"href":"https:\/\/www.xacu3122.odns.fr\/schollit_preprod\/wp-json\/wp\/v2\/pages\/109","targetHints":{"allow":["GET"]}}],"collection":[{"href":"https:\/\/www.xacu3122.odns.fr\/schollit_preprod\/wp-json\/wp\/v2\/pages"}],"about":[{"href":"https:\/\/www.xacu3122.odns.fr\/schollit_preprod\/wp-json\/wp\/v2\/types\/page"}],"author":[{"embeddable":true,"href":"https:\/\/www.xacu3122.odns.fr\/schollit_preprod\/wp-json\/wp\/v2\/users\/1"}],"replies":[{"embeddable":true,"href":"https:\/\/www.xacu3122.odns.fr\/schollit_preprod\/wp-json\/wp\/v2\/comments?post=109"}],"version-history":[{"count":17,"href":"https:\/\/www.xacu3122.odns.fr\/schollit_preprod\/wp-json\/wp\/v2\/pages\/109\/revisions"}],"predecessor-version":[{"id":2097,"href":"https:\/\/www.xacu3122.odns.fr\/schollit_preprod\/wp-json\/wp\/v2\/pages\/109\/revisions\/2097"}],"wp:attachment":[{"href":"https:\/\/www.xacu3122.odns.fr\/schollit_preprod\/wp-json\/wp\/v2\/media?parent=109"}],"curies":[{"name":"wp","href":"https:\/\/api.w.org\/{rel}","templated":true}]}}