{"id":1243,"date":"2026-03-09T15:20:02","date_gmt":"2026-03-09T14:20:02","guid":{"rendered":"https:\/\/www.xacu3122.odns.fr\/schollit_preprod\/?post_type=product&#038;p=1243"},"modified":"2026-03-11T15:18:07","modified_gmt":"2026-03-11T14:18:07","slug":"cerotti-per-duroni-rimozione","status":"publish","type":"product","link":"https:\/\/www.xacu3122.odns.fr\/schollit_preprod\/product\/cerotti-per-duroni-rimozione\/","title":{"rendered":"Cerotti per Duroni &#8211; Rimozione"},"content":{"rendered":"\t\t<div data-elementor-type=\"wp-post\" data-elementor-id=\"1243\" class=\"elementor elementor-1243\" data-elementor-post-type=\"product\">\n\t\t\t\t<div class=\"elementor-element elementor-element-abba19e e-flex e-con-boxed e-con e-parent\" data-id=\"abba19e\" data-element_type=\"container\">\n\t\t\t\t\t<div class=\"e-con-inner\">\n\t\t\t\t<div class=\"elementor-element elementor-element-a191164 elementor-widget elementor-widget-heading\" data-id=\"a191164\" data-element_type=\"widget\" data-widget_type=\"heading.default\">\n\t\t\t\t\t<h3 class=\"elementor-heading-title elementor-size-default\">Principali benefici<\/h3>\t\t\t\t<\/div>\n\t\t\t\t<div class=\"elementor-element elementor-element-16778e4 elementor-widget elementor-widget-text-editor\" data-id=\"16778e4\" data-element_type=\"widget\" data-widget_type=\"text-editor.default\">\n\t\t\t\t\t\t\t\t\t<ul><li>Consentono di eliminare i duroni con un\u2019azione mirata.<\/li><li>Sono facili da applicare ed attivi in 2-3 giorni.<\/li><li>Agiscono ammorbidendo la pelle ispessita.<\/li><li>Sono dermatologicamente testati<\/li><\/ul>\t\t\t\t\t\t\t\t<\/div>\n\t\t\t\t\t<\/div>\n\t\t\t\t<\/div>\n\t\t<div class=\"elementor-element elementor-element-05a5086 e-flex e-con-boxed e-con e-parent\" data-id=\"05a5086\" data-element_type=\"container\">\n\t\t\t\t\t<div class=\"e-con-inner\">\n\t\t\t\t<div class=\"elementor-element elementor-element-e56abaa elementor-widget elementor-widget-n-accordion\" data-id=\"e56abaa\" data-element_type=\"widget\" data-settings=\"{&quot;default_state&quot;:&quot;expanded&quot;,&quot;max_items_expended&quot;:&quot;one&quot;,&quot;n_accordion_animation_duration&quot;:{&quot;unit&quot;:&quot;ms&quot;,&quot;size&quot;:400,&quot;sizes&quot;:[]}}\" data-widget_type=\"nested-accordion.default\">\n\t\t\t\t\t\t\t<div class=\"e-n-accordion\" aria-label=\"Accordion. Open links with Enter or Space, close with Escape, and navigate with Arrow Keys\">\n\t\t\t\t\t\t<details id=\"e-n-accordion-item-2400\" class=\"e-n-accordion-item\" open>\n\t\t\t\t<summary class=\"e-n-accordion-item-title\" data-accordion-index=\"1\" tabindex=\"0\" aria-expanded=\"true\" aria-controls=\"e-n-accordion-item-2400\" >\n\t\t\t\t\t<span class='e-n-accordion-item-title-header'><div class=\"e-n-accordion-item-title-text\"> Dettagli <\/div><\/span>\n\t\t\t\t\t\t\t<span class='e-n-accordion-item-title-icon'>\n\t\t\t<span class='e-opened' ><svg aria-hidden=\"true\" class=\"e-font-icon-svg e-fas-chevron-down\" viewBox=\"0 0 448 512\" xmlns=\"http:\/\/www.w3.org\/2000\/svg\"><path d=\"M207.029 381.476L12.686 187.132c-9.373-9.373-9.373-24.569 0-33.941l22.667-22.667c9.357-9.357 24.522-9.375 33.901-.04L224 284.505l154.745-154.021c9.379-9.335 24.544-9.317 33.901.04l22.667 22.667c9.373 9.373 9.373 24.569 0 33.941L240.971 381.476c-9.373 9.372-24.569 9.372-33.942 0z\"><\/path><\/svg><\/span>\n\t\t\t<span class='e-closed'><svg aria-hidden=\"true\" class=\"e-font-icon-svg e-fas-chevron-up\" viewBox=\"0 0 448 512\" xmlns=\"http:\/\/www.w3.org\/2000\/svg\"><path d=\"M240.971 130.524l194.343 194.343c9.373 9.373 9.373 24.569 0 33.941l-22.667 22.667c-9.357 9.357-24.522 9.375-33.901.04L224 227.495 69.255 381.516c-9.379 9.335-24.544 9.317-33.901-.04l-22.667-22.667c-9.373-9.373-9.373-24.569 0-33.941L207.03 130.525c9.372-9.373 24.568-9.373 33.941-.001z\"><\/path><\/svg><\/span>\n\t\t<\/span>\n\n\t\t\t\t\t\t<\/summary>\n\t\t\t\t<div role=\"region\" aria-labelledby=\"e-n-accordion-item-2400\" class=\"elementor-element elementor-element-f2798bc e-flex e-con-boxed e-con e-child\" data-id=\"f2798bc\" data-element_type=\"container\">\n\t\t\t\t\t<div class=\"e-con-inner\">\n\t\t\t\t<div class=\"elementor-element elementor-element-99adb30 elementor-widget elementor-widget-text-editor\" data-id=\"99adb30\" data-element_type=\"widget\" data-widget_type=\"text-editor.default\">\n\t\t\t\t\t\t\t\t\t<div class=\"widget-one has_image_padding\"><div><ul><li class=\"widget-one-subtitle\">Trattamento efficace per eliminare i duroni<\/li><li class=\"widget-one-subtitle\">Con acido salicilico ad azione emolliente ed esfoliante<\/li><li class=\"widget-one-subtitle\">L\u2019effetto peeling riduce l\u2019ispessimento cutaneo<\/li><li class=\"widget-one-subtitle\">Adattabile a qualsiasi parte del piede<\/li><li class=\"widget-one-subtitle\">Pu\u00f2 essere usato su tutti i tipi di duroni<\/li><li class=\"widget-one-subtitle\">Facili da applicare<\/li><\/ul><\/div><\/div>\t\t\t\t\t\t\t\t<\/div>\n\t\t\t\t\t<\/div>\n\t\t\t\t<\/div>\n\t\t\t\t\t<\/details>\n\t\t\t\t\t\t<details id=\"e-n-accordion-item-2401\" class=\"e-n-accordion-item\" >\n\t\t\t\t<summary class=\"e-n-accordion-item-title\" data-accordion-index=\"2\" tabindex=\"-1\" aria-expanded=\"false\" aria-controls=\"e-n-accordion-item-2401\" >\n\t\t\t\t\t<span class='e-n-accordion-item-title-header'><div class=\"e-n-accordion-item-title-text\"> Descrizione del prodotto <\/div><\/span>\n\t\t\t\t\t\t\t<span class='e-n-accordion-item-title-icon'>\n\t\t\t<span class='e-opened' ><svg aria-hidden=\"true\" class=\"e-font-icon-svg e-fas-chevron-down\" viewBox=\"0 0 448 512\" xmlns=\"http:\/\/www.w3.org\/2000\/svg\"><path d=\"M207.029 381.476L12.686 187.132c-9.373-9.373-9.373-24.569 0-33.941l22.667-22.667c9.357-9.357 24.522-9.375 33.901-.04L224 284.505l154.745-154.021c9.379-9.335 24.544-9.317 33.901.04l22.667 22.667c9.373 9.373 9.373 24.569 0 33.941L240.971 381.476c-9.373 9.372-24.569 9.372-33.942 0z\"><\/path><\/svg><\/span>\n\t\t\t<span class='e-closed'><svg aria-hidden=\"true\" class=\"e-font-icon-svg e-fas-chevron-up\" viewBox=\"0 0 448 512\" xmlns=\"http:\/\/www.w3.org\/2000\/svg\"><path d=\"M240.971 130.524l194.343 194.343c9.373 9.373 9.373 24.569 0 33.941l-22.667 22.667c-9.357 9.357-24.522 9.375-33.901.04L224 227.495 69.255 381.516c-9.379 9.335-24.544 9.317-33.901-.04l-22.667-22.667c-9.373-9.373-9.373-24.569 0-33.941L207.03 130.525c9.372-9.373 24.568-9.373 33.941-.001z\"><\/path><\/svg><\/span>\n\t\t<\/span>\n\n\t\t\t\t\t\t<\/summary>\n\t\t\t\t<div role=\"region\" aria-labelledby=\"e-n-accordion-item-2401\" class=\"elementor-element elementor-element-9b82cc8 e-con-full e-flex e-con e-child\" data-id=\"9b82cc8\" data-element_type=\"container\">\n\t\t\t\t<div class=\"elementor-element elementor-element-4791d76 elementor-widget elementor-widget-text-editor\" data-id=\"4791d76\" data-element_type=\"widget\" data-widget_type=\"text-editor.default\">\n\t\t\t\t\t\t\t\t\t<p>I cerotti per duroni Scholl con acido salicilico consentono di eliminare i duroni e le callosit\u00e0 sotto la pianta del piede in soli 2-3 giorni.<\/p><p>Questi cerotti per duroni con acido salicilico sono formulati per ammorbidire e rimuovere la pelle ispessita che pu\u00f2 formarsi in punti di attrito come la pianta o la parte laterale del piede.<\/p><p>Eliminare i duroni \u00e8 importante, perch\u00e9 queste callosit\u00e0 oltre a problemi estetici possono provocare dolore o fastidio, specialmente durante la camminata e la corsa.<\/p><p>Talvolta possono portare a problemi di postura, poich\u00e9 chi ne \u00e8 affetto tende a non poggiare il peso sulla parte dolente.<\/p><p>L\u2019acido salicilico \u00e8 un agente esfoliante comunemente usato nei cerotti per duroni ai piedi:<\/p><ul><li>Aiuta ad ammorbidire la pelle ed eliminare le cellule morte.<\/li><li>Penetra nello strato corneo della pelle facilitando il distacco delle cellule morte.<\/li><\/ul><p>Dopo la rimozione del cerotto per duroni si pu\u00f2 notare l\u2019esfoliazione della pelle nella zona dove era posizionato il dischetto callifugo:\u00a0La pelle morta potr\u00e0 continuare a staccarsi per alcuni giorni.<\/p>\t\t\t\t\t\t\t\t<\/div>\n\t\t\t\t<\/div>\n\t\t\t\t\t<\/details>\n\t\t\t\t\t\t<details id=\"e-n-accordion-item-2402\" class=\"e-n-accordion-item\" >\n\t\t\t\t<summary class=\"e-n-accordion-item-title\" data-accordion-index=\"3\" tabindex=\"-1\" aria-expanded=\"false\" aria-controls=\"e-n-accordion-item-2402\" >\n\t\t\t\t\t<span class='e-n-accordion-item-title-header'><div class=\"e-n-accordion-item-title-text\"> Istruzioni per l'uso <\/div><\/span>\n\t\t\t\t\t\t\t<span class='e-n-accordion-item-title-icon'>\n\t\t\t<span class='e-opened' ><svg aria-hidden=\"true\" class=\"e-font-icon-svg e-fas-chevron-down\" viewBox=\"0 0 448 512\" xmlns=\"http:\/\/www.w3.org\/2000\/svg\"><path d=\"M207.029 381.476L12.686 187.132c-9.373-9.373-9.373-24.569 0-33.941l22.667-22.667c9.357-9.357 24.522-9.375 33.901-.04L224 284.505l154.745-154.021c9.379-9.335 24.544-9.317 33.901.04l22.667 22.667c9.373 9.373 9.373 24.569 0 33.941L240.971 381.476c-9.373 9.372-24.569 9.372-33.942 0z\"><\/path><\/svg><\/span>\n\t\t\t<span class='e-closed'><svg aria-hidden=\"true\" class=\"e-font-icon-svg e-fas-chevron-up\" viewBox=\"0 0 448 512\" xmlns=\"http:\/\/www.w3.org\/2000\/svg\"><path d=\"M240.971 130.524l194.343 194.343c9.373 9.373 9.373 24.569 0 33.941l-22.667 22.667c-9.357 9.357-24.522 9.375-33.901.04L224 227.495 69.255 381.516c-9.379 9.335-24.544 9.317-33.901-.04l-22.667-22.667c-9.373-9.373-9.373-24.569 0-33.941L207.03 130.525c9.372-9.373 24.568-9.373 33.941-.001z\"><\/path><\/svg><\/span>\n\t\t<\/span>\n\n\t\t\t\t\t\t<\/summary>\n\t\t\t\t<div role=\"region\" aria-labelledby=\"e-n-accordion-item-2402\" class=\"elementor-element elementor-element-214c18f e-con-full e-flex e-con e-child\" data-id=\"214c18f\" data-element_type=\"container\">\n\t\t\t\t<div class=\"elementor-element elementor-element-c67adf9 elementor-widget elementor-widget-text-editor\" data-id=\"c67adf9\" data-element_type=\"widget\" data-widget_type=\"text-editor.default\">\n\t\t\t\t\t\t\t\t\t<ul><li>Controllare che il piede sia pulito e asciutto<\/li><li>Rimuovere dischetto e cerotto per duroni dall\u2019incarto<\/li><li>Applicare il dischetto sul centro del durone con l\u2019adesivo rivolto verso la cute<\/li><li>Evitare di coprire parti di pelle sana (tagliare il dischetto se \u00e8 troppo grande)<\/li><li>Coprire il dischetto con il cerotto fissando bene i lati<\/li><li>Lasciar agire qualche ora<\/li><li>A seconda dei casi potr\u00e0 essere necessario ripetere l\u2019operazione<\/li><\/ul>\t\t\t\t\t\t\t\t<\/div>\n\t\t\t\t<\/div>\n\t\t\t\t\t<\/details>\n\t\t\t\t\t\t<details id=\"e-n-accordion-item-2403\" class=\"e-n-accordion-item\" >\n\t\t\t\t<summary class=\"e-n-accordion-item-title\" data-accordion-index=\"4\" tabindex=\"-1\" aria-expanded=\"false\" aria-controls=\"e-n-accordion-item-2403\" >\n\t\t\t\t\t<span class='e-n-accordion-item-title-header'><div class=\"e-n-accordion-item-title-text\"> Avvertenze <\/div><\/span>\n\t\t\t\t\t\t\t<span class='e-n-accordion-item-title-icon'>\n\t\t\t<span class='e-opened' ><svg aria-hidden=\"true\" class=\"e-font-icon-svg e-fas-chevron-down\" viewBox=\"0 0 448 512\" xmlns=\"http:\/\/www.w3.org\/2000\/svg\"><path d=\"M207.029 381.476L12.686 187.132c-9.373-9.373-9.373-24.569 0-33.941l22.667-22.667c9.357-9.357 24.522-9.375 33.901-.04L224 284.505l154.745-154.021c9.379-9.335 24.544-9.317 33.901.04l22.667 22.667c9.373 9.373 9.373 24.569 0 33.941L240.971 381.476c-9.373 9.372-24.569 9.372-33.942 0z\"><\/path><\/svg><\/span>\n\t\t\t<span class='e-closed'><svg aria-hidden=\"true\" class=\"e-font-icon-svg e-fas-chevron-up\" viewBox=\"0 0 448 512\" xmlns=\"http:\/\/www.w3.org\/2000\/svg\"><path d=\"M240.971 130.524l194.343 194.343c9.373 9.373 9.373 24.569 0 33.941l-22.667 22.667c-9.357 9.357-24.522 9.375-33.901.04L224 227.495 69.255 381.516c-9.379 9.335-24.544 9.317-33.901-.04l-22.667-22.667c-9.373-9.373-9.373-24.569 0-33.941L207.03 130.525c9.372-9.373 24.568-9.373 33.941-.001z\"><\/path><\/svg><\/span>\n\t\t<\/span>\n\n\t\t\t\t\t\t<\/summary>\n\t\t\t\t<div role=\"region\" aria-labelledby=\"e-n-accordion-item-2403\" class=\"elementor-element elementor-element-b041cea e-flex e-con-boxed e-con e-child\" data-id=\"b041cea\" data-element_type=\"container\">\n\t\t\t\t\t<div class=\"e-con-inner\">\n\t\t\t\t<div class=\"elementor-element elementor-element-98201aa elementor-widget elementor-widget-text-editor\" data-id=\"98201aa\" data-element_type=\"widget\" data-widget_type=\"text-editor.default\">\n\t\t\t\t\t\t\t\t\t<div class=\"widget-three\"><ul class=\"widget-list\"><li class=\"widget-one-subtitle\">Prodotto non adatto ai bambini.<\/li><\/ul><\/div><div class=\"widget-three\"><ul class=\"widget-list\"><li class=\"widget-one-subtitle\">Solo per uso esterno.<\/li><\/ul><\/div><div class=\"widget-three\"><ul class=\"widget-list\"><li class=\"widget-one-subtitle\">Evitare il contatto con gli occhi.<\/li><\/ul><\/div><div class=\"widget-three\"><ul class=\"widget-list\"><li class=\"widget-one-subtitle\">Non usare in caso di allergia o sensibilit\u00e0 al cerotto o all\u2019acido salicilico e all\u2019aspirina.<\/li><\/ul><\/div><div class=\"widget-three\"><ul class=\"widget-list\"><li class=\"widget-one-subtitle\">Non applicare sulla pelle lesionata o infiammata.<\/li><\/ul><\/div><div class=\"widget-three\"><ul class=\"widget-list\"><li class=\"widget-one-subtitle\">In caso di irritazione rimuovere il cerotto e sospendere l\u2019utilizzo.<\/li><\/ul><\/div><div class=\"widget-three\"><ul class=\"widget-list\"><li class=\"widget-one-subtitle\">Tenere lontano dalla portata dei bambini.<\/li><\/ul><\/div><div class=\"widget-three\"><ul class=\"widget-list\"><li class=\"widget-one-subtitle\">L\u2019uso pu\u00f2 essere controindicato in caso di gravidanza, diabete, vasculopatie, insufficienza circolatoria.<\/li><\/ul><\/div><div class=\"widget-three\"><ul class=\"widget-list\"><li class=\"widget-one-subtitle\">In caso di dubbi consultare il medico.<\/li><\/ul><\/div>\t\t\t\t\t\t\t\t<\/div>\n\t\t\t\t\t<\/div>\n\t\t\t\t<\/div>\n\t\t\t\t\t<\/details>\n\t\t\t\t\t<\/div>\n\t\t\t\t\t\t<\/div>\n\t\t\t\t\t<\/div>\n\t\t\t\t<\/div>\n\t\t\t\t<\/div>\n\t\t","protected":false},"featured_media":1248,"template":"","meta":{"_acf_changed":false},"condiziones":[59],"related-product":[74],"tipo-di-prodotto":[47],"treatmenttype":[50],"class_list":["post-1243","product","type-product","status-publish","has-post-thumbnail","hentry","condiziones-corn-callus","related-product-corncallus","tipo-di-prodotto-dispositivo-medico","treatmenttype-cerotti"],"acf":[],"_links":{"self":[{"href":"https:\/\/www.xacu3122.odns.fr\/schollit_preprod\/wp-json\/wp\/v2\/product\/1243","targetHints":{"allow":["GET"]}}],"collection":[{"href":"https:\/\/www.xacu3122.odns.fr\/schollit_preprod\/wp-json\/wp\/v2\/product"}],"about":[{"href":"https:\/\/www.xacu3122.odns.fr\/schollit_preprod\/wp-json\/wp\/v2\/types\/product"}],"version-history":[{"count":11,"href":"https:\/\/www.xacu3122.odns.fr\/schollit_preprod\/wp-json\/wp\/v2\/product\/1243\/revisions"}],"predecessor-version":[{"id":1325,"href":"https:\/\/www.xacu3122.odns.fr\/schollit_preprod\/wp-json\/wp\/v2\/product\/1243\/revisions\/1325"}],"wp:featuredmedia":[{"embeddable":true,"href":"https:\/\/www.xacu3122.odns.fr\/schollit_preprod\/wp-json\/wp\/v2\/media\/1248"}],"wp:attachment":[{"href":"https:\/\/www.xacu3122.odns.fr\/schollit_preprod\/wp-json\/wp\/v2\/media?parent=1243"}],"wp:term":[{"taxonomy":"condiziones","embeddable":true,"href":"https:\/\/www.xacu3122.odns.fr\/schollit_preprod\/wp-json\/wp\/v2\/condiziones?post=1243"},{"taxonomy":"related-product","embeddable":true,"href":"https:\/\/www.xacu3122.odns.fr\/schollit_preprod\/wp-json\/wp\/v2\/related-product?post=1243"},{"taxonomy":"tipo-di-prodotto","embeddable":true,"href":"https:\/\/www.xacu3122.odns.fr\/schollit_preprod\/wp-json\/wp\/v2\/tipo-di-prodotto?post=1243"},{"taxonomy":"treatmenttype","embeddable":true,"href":"https:\/\/www.xacu3122.odns.fr\/schollit_preprod\/wp-json\/wp\/v2\/treatmenttype?post=1243"}],"curies":[{"name":"wp","href":"https:\/\/api.w.org\/{rel}","templated":true}]}}