{"id":661,"date":"2026-01-05T17:18:23","date_gmt":"2026-01-05T16:18:23","guid":{"rendered":"https:\/\/www.xacu3122.odns.fr\/schollit_preprod\/?post_type=product&#038;p=661"},"modified":"2026-03-11T17:44:48","modified_gmt":"2026-03-11T16:44:48","slug":"scholl-it-separadita-anatomico","status":"publish","type":"product","link":"https:\/\/www.xacu3122.odns.fr\/schollit_preprod\/product\/scholl-it-separadita-anatomico\/","title":{"rendered":"Separadita Protettivo in Gel per Dita dei Piedi"},"content":{"rendered":"\t\t<div data-elementor-type=\"wp-post\" data-elementor-id=\"661\" class=\"elementor elementor-661\" data-elementor-post-type=\"product\">\n\t\t\t\t<div class=\"elementor-element elementor-element-4f8f351 e-flex e-con-boxed e-con e-parent\" data-id=\"4f8f351\" data-element_type=\"container\">\n\t\t\t\t\t<div class=\"e-con-inner\">\n\t\t\t\t<div class=\"elementor-element elementor-element-7fb642a elementor-widget elementor-widget-heading\" data-id=\"7fb642a\" data-element_type=\"widget\" data-widget_type=\"heading.default\">\n\t\t\t\t\t<h3 class=\"elementor-heading-title elementor-size-default\">Principali benefici<\/h3>\t\t\t\t<\/div>\n\t\t\t\t<div class=\"elementor-element elementor-element-e6bf669 elementor-widget elementor-widget-text-editor\" data-id=\"e6bf669\" data-element_type=\"widget\" data-widget_type=\"text-editor.default\">\n\t\t\t\t\t\t\t\t\t<ul><li>Riduce la pressione e lo sfregamento tra dita adiacenti<\/li><li>Protegge e dona sollievo<\/li><li>In materiale flessibile e comodo<\/li><li>Trasparente, discreto e lavabile<\/li><\/ul>\t\t\t\t\t\t\t\t<\/div>\n\t\t\t\t\t<\/div>\n\t\t\t\t<\/div>\n\t\t<div class=\"elementor-element elementor-element-fc96bc7 e-flex e-con-boxed e-con e-parent\" data-id=\"fc96bc7\" data-element_type=\"container\">\n\t\t\t\t\t<div class=\"e-con-inner\">\n\t\t\t\t<div class=\"elementor-element elementor-element-42c8601 elementor-widget elementor-widget-n-accordion\" data-id=\"42c8601\" data-element_type=\"widget\" data-settings=\"{&quot;default_state&quot;:&quot;expanded&quot;,&quot;max_items_expended&quot;:&quot;one&quot;,&quot;n_accordion_animation_duration&quot;:{&quot;unit&quot;:&quot;ms&quot;,&quot;size&quot;:400,&quot;sizes&quot;:[]}}\" data-widget_type=\"nested-accordion.default\">\n\t\t\t\t\t\t\t<div class=\"e-n-accordion\" aria-label=\"Accordion. Open links with Enter or Space, close with Escape, and navigate with Arrow Keys\">\n\t\t\t\t\t\t<details id=\"e-n-accordion-item-7000\" class=\"e-n-accordion-item\" open>\n\t\t\t\t<summary class=\"e-n-accordion-item-title\" data-accordion-index=\"1\" tabindex=\"0\" aria-expanded=\"true\" aria-controls=\"e-n-accordion-item-7000\" >\n\t\t\t\t\t<span class='e-n-accordion-item-title-header'><div class=\"e-n-accordion-item-title-text\"> Dettagli <\/div><\/span>\n\t\t\t\t\t\t\t<span class='e-n-accordion-item-title-icon'>\n\t\t\t<span class='e-opened' ><svg aria-hidden=\"true\" class=\"e-font-icon-svg e-fas-chevron-down\" viewBox=\"0 0 448 512\" xmlns=\"http:\/\/www.w3.org\/2000\/svg\"><path d=\"M207.029 381.476L12.686 187.132c-9.373-9.373-9.373-24.569 0-33.941l22.667-22.667c9.357-9.357 24.522-9.375 33.901-.04L224 284.505l154.745-154.021c9.379-9.335 24.544-9.317 33.901.04l22.667 22.667c9.373 9.373 9.373 24.569 0 33.941L240.971 381.476c-9.373 9.372-24.569 9.372-33.942 0z\"><\/path><\/svg><\/span>\n\t\t\t<span class='e-closed'><svg aria-hidden=\"true\" class=\"e-font-icon-svg e-fas-chevron-up\" viewBox=\"0 0 448 512\" xmlns=\"http:\/\/www.w3.org\/2000\/svg\"><path d=\"M240.971 130.524l194.343 194.343c9.373 9.373 9.373 24.569 0 33.941l-22.667 22.667c-9.357 9.357-24.522 9.375-33.901.04L224 227.495 69.255 381.516c-9.379 9.335-24.544 9.317-33.901-.04l-22.667-22.667c-9.373-9.373-9.373-24.569 0-33.941L207.03 130.525c9.372-9.373 24.568-9.373 33.941-.001z\"><\/path><\/svg><\/span>\n\t\t<\/span>\n\n\t\t\t\t\t\t<\/summary>\n\t\t\t\t<div role=\"region\" aria-labelledby=\"e-n-accordion-item-7000\" class=\"elementor-element elementor-element-76df6e9 e-flex e-con-boxed e-con e-child\" data-id=\"76df6e9\" data-element_type=\"container\">\n\t\t\t\t\t<div class=\"e-con-inner\">\n\t\t\t\t<div class=\"elementor-element elementor-element-5c9d954 elementor-widget elementor-widget-text-editor\" data-id=\"5c9d954\" data-element_type=\"widget\" data-widget_type=\"text-editor.default\">\n\t\t\t\t\t\t\t\t\t<p>Adatto per punti dolenti, vesciche e calli tra le dita dei piedi.<\/p><ul><li>Previene l\u2019accavallamento tra le dita dei piedi<\/li><li>Dona sollievo da pressioni e sfregamenti<\/li><\/ul>\t\t\t\t\t\t\t\t<\/div>\n\t\t\t\t\t<\/div>\n\t\t\t\t<\/div>\n\t\t\t\t\t<\/details>\n\t\t\t\t\t\t<details id=\"e-n-accordion-item-7001\" class=\"e-n-accordion-item\" >\n\t\t\t\t<summary class=\"e-n-accordion-item-title\" data-accordion-index=\"2\" tabindex=\"-1\" aria-expanded=\"false\" aria-controls=\"e-n-accordion-item-7001\" >\n\t\t\t\t\t<span class='e-n-accordion-item-title-header'><div class=\"e-n-accordion-item-title-text\"> Descrizione del prodotto <\/div><\/span>\n\t\t\t\t\t\t\t<span class='e-n-accordion-item-title-icon'>\n\t\t\t<span class='e-opened' ><svg aria-hidden=\"true\" class=\"e-font-icon-svg e-fas-chevron-down\" viewBox=\"0 0 448 512\" xmlns=\"http:\/\/www.w3.org\/2000\/svg\"><path d=\"M207.029 381.476L12.686 187.132c-9.373-9.373-9.373-24.569 0-33.941l22.667-22.667c9.357-9.357 24.522-9.375 33.901-.04L224 284.505l154.745-154.021c9.379-9.335 24.544-9.317 33.901.04l22.667 22.667c9.373 9.373 9.373 24.569 0 33.941L240.971 381.476c-9.373 9.372-24.569 9.372-33.942 0z\"><\/path><\/svg><\/span>\n\t\t\t<span class='e-closed'><svg aria-hidden=\"true\" class=\"e-font-icon-svg e-fas-chevron-up\" viewBox=\"0 0 448 512\" xmlns=\"http:\/\/www.w3.org\/2000\/svg\"><path d=\"M240.971 130.524l194.343 194.343c9.373 9.373 9.373 24.569 0 33.941l-22.667 22.667c-9.357 9.357-24.522 9.375-33.901.04L224 227.495 69.255 381.516c-9.379 9.335-24.544 9.317-33.901-.04l-22.667-22.667c-9.373-9.373-9.373-24.569 0-33.941L207.03 130.525c9.372-9.373 24.568-9.373 33.941-.001z\"><\/path><\/svg><\/span>\n\t\t<\/span>\n\n\t\t\t\t\t\t<\/summary>\n\t\t\t\t<div role=\"region\" aria-labelledby=\"e-n-accordion-item-7001\" class=\"elementor-element elementor-element-93c2f81 e-con-full e-flex e-con e-child\" data-id=\"93c2f81\" data-element_type=\"container\">\n\t\t\t\t<div class=\"elementor-element elementor-element-5673804 elementor-widget elementor-widget-text-editor\" data-id=\"5673804\" data-element_type=\"widget\" data-widget_type=\"text-editor.default\">\n\t\t\t\t\t\t\t\t\t<p>Il Separadita protettivo in gel \u00e8 un morbido inserto in gel progettato per separare le dita dei piedi riducendo la frizione e donando sollievo.<\/p><p>Quando i piedi restano per ore chiusi nelle scarpe, le dita possono accavallarsi e comprimersi mentre lo sfregamento causa dolorosi calli e vesciche.<\/p><p>Per evitarlo \u00e8 utile indossare separatori per dita del piede in gel.<\/p><p>Morbidi e invisibili aumentano il comfort all\u2019interno della scarpa, riducendo la pressione e lo sfregamento tra le dita adiacenti.<\/p><p>Indicato per punti dolenti, vesciche e calli tra le dita dei piedi allevia la pressione e lo sfregamento.<\/p><p>Grazie alla tecnologia Gel, si adatta a qualsiasi piede ed \u00e8 cos\u00ec flessibile che non \u00e8 fastidioso all\u2019interno delle calzature.<\/p><p>La sua superficie assorbe la pressione e riduce il dolore causato dall\u2019attrito tra le dita.<\/p><p>\u00c8 lavabile e si pu\u00f2 indossare tutti i giorni.<\/p>\t\t\t\t\t\t\t\t<\/div>\n\t\t\t\t<\/div>\n\t\t\t\t\t<\/details>\n\t\t\t\t\t\t<details id=\"e-n-accordion-item-7002\" class=\"e-n-accordion-item\" >\n\t\t\t\t<summary class=\"e-n-accordion-item-title\" data-accordion-index=\"3\" tabindex=\"-1\" aria-expanded=\"false\" aria-controls=\"e-n-accordion-item-7002\" >\n\t\t\t\t\t<span class='e-n-accordion-item-title-header'><div class=\"e-n-accordion-item-title-text\"> Istruzioni per l'uso <\/div><\/span>\n\t\t\t\t\t\t\t<span class='e-n-accordion-item-title-icon'>\n\t\t\t<span class='e-opened' ><svg aria-hidden=\"true\" class=\"e-font-icon-svg e-fas-chevron-down\" viewBox=\"0 0 448 512\" xmlns=\"http:\/\/www.w3.org\/2000\/svg\"><path d=\"M207.029 381.476L12.686 187.132c-9.373-9.373-9.373-24.569 0-33.941l22.667-22.667c9.357-9.357 24.522-9.375 33.901-.04L224 284.505l154.745-154.021c9.379-9.335 24.544-9.317 33.901.04l22.667 22.667c9.373 9.373 9.373 24.569 0 33.941L240.971 381.476c-9.373 9.372-24.569 9.372-33.942 0z\"><\/path><\/svg><\/span>\n\t\t\t<span class='e-closed'><svg aria-hidden=\"true\" class=\"e-font-icon-svg e-fas-chevron-up\" viewBox=\"0 0 448 512\" xmlns=\"http:\/\/www.w3.org\/2000\/svg\"><path d=\"M240.971 130.524l194.343 194.343c9.373 9.373 9.373 24.569 0 33.941l-22.667 22.667c-9.357 9.357-24.522 9.375-33.901.04L224 227.495 69.255 381.516c-9.379 9.335-24.544 9.317-33.901-.04l-22.667-22.667c-9.373-9.373-9.373-24.569 0-33.941L207.03 130.525c9.372-9.373 24.568-9.373 33.941-.001z\"><\/path><\/svg><\/span>\n\t\t<\/span>\n\n\t\t\t\t\t\t<\/summary>\n\t\t\t\t<div role=\"region\" aria-labelledby=\"e-n-accordion-item-7002\" class=\"elementor-element elementor-element-f38535a e-con-full e-flex e-con e-child\" data-id=\"f38535a\" data-element_type=\"container\">\n\t\t\t\t<div class=\"elementor-element elementor-element-d898dd7 elementor-widget elementor-widget-text-editor\" data-id=\"d898dd7\" data-element_type=\"widget\" data-widget_type=\"text-editor.default\">\n\t\t\t\t\t\t\t\t\t<ul><li>Posizionare il cuscinetto protettivo sul dito dolente<\/li><li>Rimuovere per almeno 3-4 ore al giorno per permettere alla pelle di respirare<\/li><\/ul><p>Istruzioni per il lavaggio:<\/p><ul><li>Lavare a mano con sapone delicato e acqua tiepida<\/li><li>Sciacquare bene e lasciar asciugare.<\/li><\/ul>\t\t\t\t\t\t\t\t<\/div>\n\t\t\t\t<\/div>\n\t\t\t\t\t<\/details>\n\t\t\t\t\t\t<details id=\"e-n-accordion-item-7003\" class=\"e-n-accordion-item\" >\n\t\t\t\t<summary class=\"e-n-accordion-item-title\" data-accordion-index=\"4\" tabindex=\"-1\" aria-expanded=\"false\" aria-controls=\"e-n-accordion-item-7003\" >\n\t\t\t\t\t<span class='e-n-accordion-item-title-header'><div class=\"e-n-accordion-item-title-text\"> Avvertenze <\/div><\/span>\n\t\t\t\t\t\t\t<span class='e-n-accordion-item-title-icon'>\n\t\t\t<span class='e-opened' ><svg aria-hidden=\"true\" class=\"e-font-icon-svg e-fas-chevron-down\" viewBox=\"0 0 448 512\" xmlns=\"http:\/\/www.w3.org\/2000\/svg\"><path d=\"M207.029 381.476L12.686 187.132c-9.373-9.373-9.373-24.569 0-33.941l22.667-22.667c9.357-9.357 24.522-9.375 33.901-.04L224 284.505l154.745-154.021c9.379-9.335 24.544-9.317 33.901.04l22.667 22.667c9.373 9.373 9.373 24.569 0 33.941L240.971 381.476c-9.373 9.372-24.569 9.372-33.942 0z\"><\/path><\/svg><\/span>\n\t\t\t<span class='e-closed'><svg aria-hidden=\"true\" class=\"e-font-icon-svg e-fas-chevron-up\" viewBox=\"0 0 448 512\" xmlns=\"http:\/\/www.w3.org\/2000\/svg\"><path d=\"M240.971 130.524l194.343 194.343c9.373 9.373 9.373 24.569 0 33.941l-22.667 22.667c-9.357 9.357-24.522 9.375-33.901.04L224 227.495 69.255 381.516c-9.379 9.335-24.544 9.317-33.901-.04l-22.667-22.667c-9.373-9.373-9.373-24.569 0-33.941L207.03 130.525c9.372-9.373 24.568-9.373 33.941-.001z\"><\/path><\/svg><\/span>\n\t\t<\/span>\n\n\t\t\t\t\t\t<\/summary>\n\t\t\t\t<div role=\"region\" aria-labelledby=\"e-n-accordion-item-7003\" class=\"elementor-element elementor-element-7abf433 e-flex e-con-boxed e-con e-child\" data-id=\"7abf433\" data-element_type=\"container\">\n\t\t\t\t\t<div class=\"e-con-inner\">\n\t\t\t\t<div class=\"elementor-element elementor-element-c83b23c elementor-widget elementor-widget-text-editor\" data-id=\"c83b23c\" data-element_type=\"widget\" data-widget_type=\"text-editor.default\">\n\t\t\t\t\t\t\t\t\t<div class=\"widget-three\"><p>Non adatto a bambini di et\u00e0 inferiore ai 12 anni.<\/p><\/div><div class=\"widget-three\"><ul class=\"widget-list\"><li class=\"widget-one-subtitle\">Non usare su pelle lesa o danneggiata.<\/li><\/ul><\/div><div class=\"widget-three\"><ul class=\"widget-list\"><li class=\"widget-one-subtitle\">Tenere lontano fuori dalla portata dei bambini.<\/li><\/ul><\/div><div class=\"widget-three\"><ul class=\"widget-list\"><li class=\"widget-one-subtitle\">Conservare in un luogo fresco e asciutto.<\/li><\/ul><\/div><div class=\"widget-three\"><ul class=\"widget-list\"><li class=\"widget-one-subtitle\">Se si presentano irritazione, fastidio o altre reazioni della pelle, sospendere l\u2019uso.<\/li><\/ul><\/div><div class=\"widget-three\"><ul class=\"widget-list\"><li class=\"widget-one-subtitle\">In caso di diabete consultare il medico prima dell\u2019uso, poich\u00e9 la condizione del piede potrebbe richiedere trattamenti specifici.<\/li><\/ul><\/div>\t\t\t\t\t\t\t\t<\/div>\n\t\t\t\t\t<\/div>\n\t\t\t\t<\/div>\n\t\t\t\t\t<\/details>\n\t\t\t\t\t<\/div>\n\t\t\t\t\t\t<\/div>\n\t\t\t\t\t<\/div>\n\t\t\t\t<\/div>\n\t\t\t\t<\/div>\n\t\t","protected":false},"featured_media":662,"template":"","meta":{"_acf_changed":false},"condiziones":[59],"related-product":[66,74],"tipo-di-prodotto":[47],"treatmenttype":[55],"class_list":["post-661","product","type-product","status-publish","has-post-thumbnail","hentry","condiziones-corn-callus","related-product-cerotti","related-product-corncallus","tipo-di-prodotto-dispositivo-medico","treatmenttype-altro"],"acf":[],"_links":{"self":[{"href":"https:\/\/www.xacu3122.odns.fr\/schollit_preprod\/wp-json\/wp\/v2\/product\/661","targetHints":{"allow":["GET"]}}],"collection":[{"href":"https:\/\/www.xacu3122.odns.fr\/schollit_preprod\/wp-json\/wp\/v2\/product"}],"about":[{"href":"https:\/\/www.xacu3122.odns.fr\/schollit_preprod\/wp-json\/wp\/v2\/types\/product"}],"version-history":[{"count":26,"href":"https:\/\/www.xacu3122.odns.fr\/schollit_preprod\/wp-json\/wp\/v2\/product\/661\/revisions"}],"predecessor-version":[{"id":2005,"href":"https:\/\/www.xacu3122.odns.fr\/schollit_preprod\/wp-json\/wp\/v2\/product\/661\/revisions\/2005"}],"wp:featuredmedia":[{"embeddable":true,"href":"https:\/\/www.xacu3122.odns.fr\/schollit_preprod\/wp-json\/wp\/v2\/media\/662"}],"wp:attachment":[{"href":"https:\/\/www.xacu3122.odns.fr\/schollit_preprod\/wp-json\/wp\/v2\/media?parent=661"}],"wp:term":[{"taxonomy":"condiziones","embeddable":true,"href":"https:\/\/www.xacu3122.odns.fr\/schollit_preprod\/wp-json\/wp\/v2\/condiziones?post=661"},{"taxonomy":"related-product","embeddable":true,"href":"https:\/\/www.xacu3122.odns.fr\/schollit_preprod\/wp-json\/wp\/v2\/related-product?post=661"},{"taxonomy":"tipo-di-prodotto","embeddable":true,"href":"https:\/\/www.xacu3122.odns.fr\/schollit_preprod\/wp-json\/wp\/v2\/tipo-di-prodotto?post=661"},{"taxonomy":"treatmenttype","embeddable":true,"href":"https:\/\/www.xacu3122.odns.fr\/schollit_preprod\/wp-json\/wp\/v2\/treatmenttype?post=661"}],"curies":[{"name":"wp","href":"https:\/\/api.w.org\/{rel}","templated":true}]}}