{"id":1735,"date":"2026-04-21T15:10:51","date_gmt":"2026-04-21T13:10:51","guid":{"rendered":"https:\/\/www.xacu3122.odns.fr\/schollpt_preprod\/?post_type=product&#038;p=1735"},"modified":"2026-04-23T14:14:56","modified_gmt":"2026-04-23T12:14:56","slug":"stop-verrugas-tratamiento-pies-y-manos-80ml","status":"publish","type":"product","link":"https:\/\/www.xacu3122.odns.fr\/schollpt_preprod\/product\/stop-verrugas-tratamiento-pies-y-manos-80ml\/","title":{"rendered":"Stop Verrugas Tratamiento Pies Y Manos \u2013 80ml"},"content":{"rendered":"\t\t<div data-elementor-type=\"wp-post\" data-elementor-id=\"1735\" class=\"elementor elementor-1735\" data-elementor-post-type=\"product\">\n\t\t\t\t<div class=\"elementor-element elementor-element-86cea0d e-flex e-con-boxed e-con e-parent\" data-id=\"86cea0d\" data-element_type=\"container\">\n\t\t\t\t\t<div class=\"e-con-inner\">\n\t\t\t\t<div class=\"elementor-element elementor-element-a7e3af9 elementor-widget elementor-widget-text-editor\" data-id=\"a7e3af9\" data-element_type=\"widget\" data-widget_type=\"text-editor.default\">\n\t\t\t\t\t\t\t\t\t<section class=\"s-p__section\"><div class=\"container container-lg\"><div class=\"s-p__rhs\"><div class=\"s-p__desc\"><section class=\"s-p__section\"><div class=\"container container-lg\"><div class=\"s-p__rhs\"><div class=\"s-p__desc\"><p>Tratamiento de Congelaci\u00f3n para Verrugas que congela las verrugas de forma r\u00e1pida con una aplicaci\u00f3n precisa para una eliminaci\u00f3n eficaz y dirigida.<\/p><\/div><\/div><\/div><\/section><section class=\"f-g__section\"><div class=\"container container-lg\"><div class=\"f-g__subblock\">\u00a0<\/div><\/div><\/section><\/div><\/div><\/div><\/section><section class=\"f-g__section\"><div class=\"container container-lg\"><div class=\"f-g__subblock\">\u00a0<\/div><\/div><\/section>\t\t\t\t\t\t\t\t<\/div>\n\t\t\t\t<div class=\"elementor-element elementor-element-d9b225f elementor-widget elementor-widget-heading\" data-id=\"d9b225f\" data-element_type=\"widget\" data-widget_type=\"heading.default\">\n\t\t\t\t\t<h3 class=\"elementor-heading-title elementor-size-default\">Sobre este producto <\/h3>\t\t\t\t<\/div>\n\t\t\t\t<div class=\"elementor-element elementor-element-8476e1e elementor-widget elementor-widget-text-editor\" data-id=\"8476e1e\" data-element_type=\"widget\" data-widget_type=\"text-editor.default\">\n\t\t\t\t\t\t\t\t\t<ul><li><p>F\u00c1CIL DE USAR Y EFICAZ: El tratamiento de congelaci\u00f3n para verrugas y papilomas de Scholl empieza a actuar en 40 segundos y funciona congelando r\u00e1pidamente la verruga o el papiloma. Un solo tratamiento puede ser suficiente; sin embargo, en casos m\u00e1s persistentes, pueden ser necesarias aplicaciones adicionales. Lee siempre las instrucciones y, si los s\u00edntomas contin\u00faan, consulta a un profesional sanitario.<\/p><\/li><li><p>ACCI\u00d3N PRECISA Y DIRIGIDA: El sistema de eliminaci\u00f3n de verrugas de Scholl cuenta con aplicadores de precisi\u00f3n dise\u00f1ados para actuar \u00fanicamente sobre la verruga o el papiloma, evitando la piel sana de alrededor. Tras la aplicaci\u00f3n, deber\u00eda formarse una ampolla que caer\u00e1 a los 10\u201314 d\u00edas.<\/p><\/li><li><p>M\u00c9TODO DE CONGELACI\u00d3N UTILIZADO POR PROFESIONALES: Basado en el tratamiento con nitr\u00f3geno l\u00edquido empleado por profesionales sanitarios.<\/p><\/li><li><p>APTO PARA NI\u00d1OS: El tratamiento de congelaci\u00f3n de verrugas de Scholl es adecuado para ni\u00f1os a partir de los cuatro a\u00f1os. Debe ser aplicado por un adulto. Lee atentamente las instrucciones antes de usarlo.<\/p><\/li><li><p>EXPERTOS EN CUIDADO DEL PIE: Scholl cuenta con m\u00e1s de 100 a\u00f1os de experiencia en hacer que tus pies se sientan mejor. Su objetivo es mejorar la salud, comodidad y bienestar de las personas cuidando de sus pies.<\/p><\/li><\/ul>\t\t\t\t\t\t\t\t<\/div>\n\t\t\t\t<div class=\"elementor-element elementor-element-5578334 elementor-widget elementor-widget-n-accordion\" data-id=\"5578334\" data-element_type=\"widget\" data-settings=\"{&quot;default_state&quot;:&quot;expanded&quot;,&quot;max_items_expended&quot;:&quot;one&quot;,&quot;n_accordion_animation_duration&quot;:{&quot;unit&quot;:&quot;ms&quot;,&quot;size&quot;:400,&quot;sizes&quot;:[]}}\" data-widget_type=\"nested-accordion.default\">\n\t\t\t\t\t\t\t<div class=\"e-n-accordion\" aria-label=\"Accordion. Open links with Enter or Space, close with Escape, and navigate with Arrow Keys\">\n\t\t\t\t\t\t<details id=\"e-n-accordion-item-8960\" class=\"e-n-accordion-item\" open>\n\t\t\t\t<summary class=\"e-n-accordion-item-title\" data-accordion-index=\"1\" tabindex=\"0\" aria-expanded=\"true\" aria-controls=\"e-n-accordion-item-8960\" >\n\t\t\t\t\t<span class='e-n-accordion-item-title-header'><div class=\"e-n-accordion-item-title-text\"> Detalles del Producto  <\/div><\/span>\n\t\t\t\t\t\t\t<span class='e-n-accordion-item-title-icon'>\n\t\t\t<span class='e-opened' ><svg aria-hidden=\"true\" class=\"e-font-icon-svg e-fas-chevron-down\" viewBox=\"0 0 448 512\" xmlns=\"http:\/\/www.w3.org\/2000\/svg\"><path d=\"M207.029 381.476L12.686 187.132c-9.373-9.373-9.373-24.569 0-33.941l22.667-22.667c9.357-9.357 24.522-9.375 33.901-.04L224 284.505l154.745-154.021c9.379-9.335 24.544-9.317 33.901.04l22.667 22.667c9.373 9.373 9.373 24.569 0 33.941L240.971 381.476c-9.373 9.372-24.569 9.372-33.942 0z\"><\/path><\/svg><\/span>\n\t\t\t<span class='e-closed'><svg aria-hidden=\"true\" class=\"e-font-icon-svg e-fas-chevron-up\" viewBox=\"0 0 448 512\" xmlns=\"http:\/\/www.w3.org\/2000\/svg\"><path d=\"M240.971 130.524l194.343 194.343c9.373 9.373 9.373 24.569 0 33.941l-22.667 22.667c-9.357 9.357-24.522 9.375-33.901.04L224 227.495 69.255 381.516c-9.379 9.335-24.544 9.317-33.901-.04l-22.667-22.667c-9.373-9.373-9.373-24.569 0-33.941L207.03 130.525c9.372-9.373 24.568-9.373 33.941-.001z\"><\/path><\/svg><\/span>\n\t\t<\/span>\n\n\t\t\t\t\t\t<\/summary>\n\t\t\t\t<div role=\"region\" aria-labelledby=\"e-n-accordion-item-8960\" class=\"elementor-element elementor-element-0d32fea e-flex e-con-boxed e-con e-child\" data-id=\"0d32fea\" data-element_type=\"container\">\n\t\t\t\t\t<div class=\"e-con-inner\">\n\t\t\t\t<div class=\"elementor-element elementor-element-dfa0b86 elementor-widget elementor-widget-text-editor\" data-id=\"dfa0b86\" data-element_type=\"widget\" data-widget_type=\"text-editor.default\">\n\t\t\t\t\t\t\t\t\t<p id=\"p-rc_73af81f89a4053cc-55\" data-path-to-node=\"3\">Scholl Stop Verrugas\u00a0elimina las verrugas en una sola aplicaci\u00f3n gracias a su m\u00e9todo de r\u00e1pida congelaci\u00f3n, basado en el que emplean los profesionales sanitarios. Este tratamiento para las verrugas resulta efectivo y f\u00e1cil de usar, congelando verrugas comunes y plantares para su posterior eliminaci\u00f3n. Una aplicaci\u00f3n es suficiente para eliminar la verruga, sin embargo, en el caso de las plantares puede requerirse una aplicaci\u00f3n adicional<\/p>\t\t\t\t\t\t\t\t<\/div>\n\t\t\t\t\t<\/div>\n\t\t\t\t<\/div>\n\t\t\t\t\t<\/details>\n\t\t\t\t\t\t<details id=\"e-n-accordion-item-8961\" class=\"e-n-accordion-item\" >\n\t\t\t\t<summary class=\"e-n-accordion-item-title\" data-accordion-index=\"2\" tabindex=\"-1\" aria-expanded=\"false\" aria-controls=\"e-n-accordion-item-8961\" >\n\t\t\t\t\t<span class='e-n-accordion-item-title-header'><div class=\"e-n-accordion-item-title-text\"> Contenido del envase <\/div><\/span>\n\t\t\t\t\t\t\t<span class='e-n-accordion-item-title-icon'>\n\t\t\t<span class='e-opened' ><svg aria-hidden=\"true\" class=\"e-font-icon-svg e-fas-chevron-down\" viewBox=\"0 0 448 512\" xmlns=\"http:\/\/www.w3.org\/2000\/svg\"><path d=\"M207.029 381.476L12.686 187.132c-9.373-9.373-9.373-24.569 0-33.941l22.667-22.667c9.357-9.357 24.522-9.375 33.901-.04L224 284.505l154.745-154.021c9.379-9.335 24.544-9.317 33.901.04l22.667 22.667c9.373 9.373 9.373 24.569 0 33.941L240.971 381.476c-9.373 9.372-24.569 9.372-33.942 0z\"><\/path><\/svg><\/span>\n\t\t\t<span class='e-closed'><svg aria-hidden=\"true\" class=\"e-font-icon-svg e-fas-chevron-up\" viewBox=\"0 0 448 512\" xmlns=\"http:\/\/www.w3.org\/2000\/svg\"><path d=\"M240.971 130.524l194.343 194.343c9.373 9.373 9.373 24.569 0 33.941l-22.667 22.667c-9.357 9.357-24.522 9.375-33.901.04L224 227.495 69.255 381.516c-9.379 9.335-24.544 9.317-33.901-.04l-22.667-22.667c-9.373-9.373-9.373-24.569 0-33.941L207.03 130.525c9.372-9.373 24.568-9.373 33.941-.001z\"><\/path><\/svg><\/span>\n\t\t<\/span>\n\n\t\t\t\t\t\t<\/summary>\n\t\t\t\t<div role=\"region\" aria-labelledby=\"e-n-accordion-item-8961\" class=\"elementor-element elementor-element-ac6a15c e-con-full e-flex e-con e-child\" data-id=\"ac6a15c\" data-element_type=\"container\">\n\t\t\t\t<div class=\"elementor-element elementor-element-3fe468e elementor-widget elementor-widget-text-editor\" data-id=\"3fe468e\" data-element_type=\"widget\" data-widget_type=\"text-editor.default\">\n\t\t\t\t\t\t\t\t\t<p data-path-to-node=\"4\"><span class=\"citation-105 citation-end-105\">1x aerosol de 80 ml + 12 aplicadores desechables<\/span>\u00a0\u00c9ter dimet\u00edlico, Propano, Isobutano.\u00a0<span class=\"citation-104 citation-end-104\">Propulsor: Hidrocarburo.<\/span><\/p>\t\t\t\t\t\t\t\t<\/div>\n\t\t\t\t<\/div>\n\t\t\t\t\t<\/details>\n\t\t\t\t\t\t<details id=\"e-n-accordion-item-8962\" class=\"e-n-accordion-item\" >\n\t\t\t\t<summary class=\"e-n-accordion-item-title\" data-accordion-index=\"3\" tabindex=\"-1\" aria-expanded=\"false\" aria-controls=\"e-n-accordion-item-8962\" >\n\t\t\t\t\t<span class='e-n-accordion-item-title-header'><div class=\"e-n-accordion-item-title-text\"> Instrucciones de Uso  <\/div><\/span>\n\t\t\t\t\t\t\t<span class='e-n-accordion-item-title-icon'>\n\t\t\t<span class='e-opened' ><svg aria-hidden=\"true\" class=\"e-font-icon-svg e-fas-chevron-down\" viewBox=\"0 0 448 512\" xmlns=\"http:\/\/www.w3.org\/2000\/svg\"><path d=\"M207.029 381.476L12.686 187.132c-9.373-9.373-9.373-24.569 0-33.941l22.667-22.667c9.357-9.357 24.522-9.375 33.901-.04L224 284.505l154.745-154.021c9.379-9.335 24.544-9.317 33.901.04l22.667 22.667c9.373 9.373 9.373 24.569 0 33.941L240.971 381.476c-9.373 9.372-24.569 9.372-33.942 0z\"><\/path><\/svg><\/span>\n\t\t\t<span class='e-closed'><svg aria-hidden=\"true\" class=\"e-font-icon-svg e-fas-chevron-up\" viewBox=\"0 0 448 512\" xmlns=\"http:\/\/www.w3.org\/2000\/svg\"><path d=\"M240.971 130.524l194.343 194.343c9.373 9.373 9.373 24.569 0 33.941l-22.667 22.667c-9.357 9.357-24.522 9.375-33.901.04L224 227.495 69.255 381.516c-9.379 9.335-24.544 9.317-33.901-.04l-22.667-22.667c-9.373-9.373-9.373-24.569 0-33.941L207.03 130.525c9.372-9.373 24.568-9.373 33.941-.001z\"><\/path><\/svg><\/span>\n\t\t<\/span>\n\n\t\t\t\t\t\t<\/summary>\n\t\t\t\t<div role=\"region\" aria-labelledby=\"e-n-accordion-item-8962\" class=\"elementor-element elementor-element-32cfd9b e-con-full e-flex e-con e-child\" data-id=\"32cfd9b\" data-element_type=\"container\">\n\t\t\t\t<div class=\"elementor-element elementor-element-13d228c elementor-widget elementor-widget-text-editor\" data-id=\"13d228c\" data-element_type=\"widget\" data-widget_type=\"text-editor.default\">\n\t\t\t\t\t\t\t\t\t<p data-path-to-node=\"3\">Ten a mano un\u00a0<b data-path-to-node=\"3\" data-index-in-node=\"14\">cron\u00f3metro o reloj<\/b>\u00a0para controlar los tiempos, ya que es fundamental para garantizar un tratamiento seguro y eficaz.<\/p><ul><li data-path-to-node=\"4,0,0\"><b data-path-to-node=\"4,0,0\" data-index-in-node=\"0\">Acopla el aplicador<\/b>\u00a0al tap\u00f3n de pl\u00e1stico blanco, presion\u00e1ndolo con firmeza en la abertura m\u00e1s grande del extremo.<\/li><li data-path-to-node=\"4,0,0\"><b data-path-to-node=\"4,1,0\" data-index-in-node=\"0\">Coloca el envase en posici\u00f3n vertical<\/b>\u00a0sobre una mesa u otra superficie estable. No acerques el envase a la cara ni lo coloques sobre partes del cuerpo o la ropa. Pon el tap\u00f3n sobre el envase, de modo que el aplicador quede dentro de la funda de pl\u00e1stico transparente lateral.<\/li><li data-path-to-node=\"4,0,0\"><b data-path-to-node=\"4,2,0\" data-index-in-node=\"0\">Manteniendo el envase vertical<\/b>, presiona el tap\u00f3n hacia abajo con firmeza durante\u00a0<b data-path-to-node=\"4,2,0\" data-index-in-node=\"82\">5 segundos<\/b>. No sostengas la funda de pl\u00e1stico durante este proceso.<\/li><li data-path-to-node=\"4,0,0\"><b data-path-to-node=\"4,3,0\" data-index-in-node=\"0\">Retira el tap\u00f3n<\/b>\u00a0del envase con el aplicador todav\u00eda acoplado. Evita que el l\u00edquido entre en contacto con la piel y mant\u00e9n el envase alejado de los ojos.\u00a0<b data-path-to-node=\"4,3,0\" data-index-in-node=\"153\">DEBES esperar 15 segundos<\/b>\u00a0con el aplicador apuntando hacia abajo antes de aplicarlo. Esto permite que el l\u00edquido se acumule en la punta y alcance la temperatura de congelaci\u00f3n necesaria.<\/li><li data-path-to-node=\"4,0,0\"><b data-path-to-node=\"4,4,0\" data-index-in-node=\"0\">Coloca la verruga hacia arriba<\/b>. Con el aplicador apuntando directamente hacia abajo, apoya ligeramente la punta en el centro de la verruga durante un\u00a0<b data-path-to-node=\"4,4,0\" data-index-in-node=\"150\">m\u00ednimo de 30 segundos<\/b>, pero\u00a0<b data-path-to-node=\"4,4,0\" data-index-in-node=\"178\">nunca m\u00e1s de 40 segundos<\/b>. No des toques intermitentes. Desecha el aplicador de espuma tras un solo uso.<\/li><\/ul>\t\t\t\t\t\t\t\t<\/div>\n\t\t\t\t<\/div>\n\t\t\t\t\t<\/details>\n\t\t\t\t\t\t<details id=\"e-n-accordion-item-8963\" class=\"e-n-accordion-item\" >\n\t\t\t\t<summary class=\"e-n-accordion-item-title\" data-accordion-index=\"4\" tabindex=\"-1\" aria-expanded=\"false\" aria-controls=\"e-n-accordion-item-8963\" >\n\t\t\t\t\t<span class='e-n-accordion-item-title-header'><div class=\"e-n-accordion-item-title-text\"> Advertencias de seguridad <\/div><\/span>\n\t\t\t\t\t\t\t<span class='e-n-accordion-item-title-icon'>\n\t\t\t<span class='e-opened' ><svg aria-hidden=\"true\" class=\"e-font-icon-svg e-fas-chevron-down\" viewBox=\"0 0 448 512\" xmlns=\"http:\/\/www.w3.org\/2000\/svg\"><path d=\"M207.029 381.476L12.686 187.132c-9.373-9.373-9.373-24.569 0-33.941l22.667-22.667c9.357-9.357 24.522-9.375 33.901-.04L224 284.505l154.745-154.021c9.379-9.335 24.544-9.317 33.901.04l22.667 22.667c9.373 9.373 9.373 24.569 0 33.941L240.971 381.476c-9.373 9.372-24.569 9.372-33.942 0z\"><\/path><\/svg><\/span>\n\t\t\t<span class='e-closed'><svg aria-hidden=\"true\" class=\"e-font-icon-svg e-fas-chevron-up\" viewBox=\"0 0 448 512\" xmlns=\"http:\/\/www.w3.org\/2000\/svg\"><path d=\"M240.971 130.524l194.343 194.343c9.373 9.373 9.373 24.569 0 33.941l-22.667 22.667c-9.357 9.357-24.522 9.375-33.901.04L224 227.495 69.255 381.516c-9.379 9.335-24.544 9.317-33.901-.04l-22.667-22.667c-9.373-9.373-9.373-24.569 0-33.941L207.03 130.525c9.372-9.373 24.568-9.373 33.941-.001z\"><\/path><\/svg><\/span>\n\t\t<\/span>\n\n\t\t\t\t\t\t<\/summary>\n\t\t\t\t<div role=\"region\" aria-labelledby=\"e-n-accordion-item-8963\" class=\"elementor-element elementor-element-04c9904 e-flex e-con-boxed e-con e-child\" data-id=\"04c9904\" data-element_type=\"container\">\n\t\t\t\t\t<div class=\"e-con-inner\">\n\t\t\t\t<div class=\"elementor-element elementor-element-74ff990 elementor-widget elementor-widget-text-editor\" data-id=\"74ff990\" data-element_type=\"widget\" data-widget_type=\"text-editor.default\">\n\t\t\t\t\t\t\t\t\t<div class=\"widget-three\"><ul data-path-to-node=\"6\"><li><p data-path-to-node=\"6,0,0\"><b data-path-to-node=\"6,0,0\" data-index-in-node=\"0\">No reutilizar<\/b>\u00a0el aplicador.<\/p><\/li><li><p data-path-to-node=\"6,1,0\">No utilizar este producto en combinaci\u00f3n con ning\u00fan otro m\u00e9todo de eliminaci\u00f3n de verrugas.<\/p><\/li><li><p data-path-to-node=\"6,2,0\">Utilice siempre el aplicador para aplicar el producto;\u00a0<b data-path-to-node=\"6,2,0\" data-index-in-node=\"55\">no pulverizar directamente sobre la piel<\/b>.<\/p><\/li><li><p data-path-to-node=\"6,3,0\">Solo para uso externo. Mantener fuera del alcance de los ni\u00f1os. Almacenar en un lugar fresco y seco.<\/p><\/li><li><p data-path-to-node=\"6,4,0\">Si la verruga es dif\u00edcil de ver o alcanzar, se recomienda pedir ayuda a otra persona.<\/p><\/li><li><p data-path-to-node=\"6,5,0\">El uso indebido del producto puede provocar quemaduras, cicatrices en tejido sano o ceguera.<\/p><\/li><li><p id=\"p-rc_73af81f89a4053cc-57\" data-path-to-node=\"6,6,0\">Si hay varias verrugas, trate solo una cada vez.\u00a0<span class=\"citation-103\">Trate las dem\u00e1s por separado con un\u00a0<\/span><b data-path-to-node=\"6,6,0\" data-index-in-node=\"85\"><span class=\"citation-103\">intervalo de 2 semanas<\/span><\/b><span class=\"citation-103 citation-end-103\">\u00a0entre aplicaciones.<\/span><\/p><\/li><\/ul><div class=\"load-more-content\">\u00a0<\/div><\/div>\t\t\t\t\t\t\t\t<\/div>\n\t\t\t\t\t<\/div>\n\t\t\t\t<\/div>\n\t\t\t\t\t<\/details>\n\t\t\t\t\t<\/div>\n\t\t\t\t\t\t<\/div>\n\t\t\t\t\t<\/div>\n\t\t\t\t<\/div>\n\t\t\t\t<\/div>\n\t\t","protected":false},"featured_media":1523,"template":"","meta":{"_acf_changed":false},"condiziones":[112],"related-product":[],"tipo-di-prodotto":[102],"treatmenttype":[113],"class_list":["post-1735","product","type-product","status-publish","has-post-thumbnail","hentry","condiziones-verrugas","tipo-di-prodotto-aid","treatmenttype-verrugas"],"acf":[],"_links":{"self":[{"href":"https:\/\/www.xacu3122.odns.fr\/schollpt_preprod\/wp-json\/wp\/v2\/product\/1735","targetHints":{"allow":["GET"]}}],"collection":[{"href":"https:\/\/www.xacu3122.odns.fr\/schollpt_preprod\/wp-json\/wp\/v2\/product"}],"about":[{"href":"https:\/\/www.xacu3122.odns.fr\/schollpt_preprod\/wp-json\/wp\/v2\/types\/product"}],"version-history":[{"count":5,"href":"https:\/\/www.xacu3122.odns.fr\/schollpt_preprod\/wp-json\/wp\/v2\/product\/1735\/revisions"}],"predecessor-version":[{"id":1892,"href":"https:\/\/www.xacu3122.odns.fr\/schollpt_preprod\/wp-json\/wp\/v2\/product\/1735\/revisions\/1892"}],"wp:featuredmedia":[{"embeddable":true,"href":"https:\/\/www.xacu3122.odns.fr\/schollpt_preprod\/wp-json\/wp\/v2\/media\/1523"}],"wp:attachment":[{"href":"https:\/\/www.xacu3122.odns.fr\/schollpt_preprod\/wp-json\/wp\/v2\/media?parent=1735"}],"wp:term":[{"taxonomy":"condiziones","embeddable":true,"href":"https:\/\/www.xacu3122.odns.fr\/schollpt_preprod\/wp-json\/wp\/v2\/condiziones?post=1735"},{"taxonomy":"related-product","embeddable":true,"href":"https:\/\/www.xacu3122.odns.fr\/schollpt_preprod\/wp-json\/wp\/v2\/related-product?post=1735"},{"taxonomy":"tipo-di-prodotto","embeddable":true,"href":"https:\/\/www.xacu3122.odns.fr\/schollpt_preprod\/wp-json\/wp\/v2\/tipo-di-prodotto?post=1735"},{"taxonomy":"treatmenttype","embeddable":true,"href":"https:\/\/www.xacu3122.odns.fr\/schollpt_preprod\/wp-json\/wp\/v2\/treatmenttype?post=1735"}],"curies":[{"name":"wp","href":"https:\/\/api.w.org\/{rel}","templated":true}]}}