{"id":1793,"date":"2026-04-21T16:59:38","date_gmt":"2026-04-21T14:59:38","guid":{"rendered":"https:\/\/www.xacu3122.odns.fr\/schollpt_preprod\/?post_type=product&#038;p=1793"},"modified":"2026-04-22T17:49:44","modified_gmt":"2026-04-22T15:49:44","slug":"expert-care-lima-contra-durezas","status":"publish","type":"product","link":"https:\/\/www.xacu3122.odns.fr\/schollpt_preprod\/product\/expert-care-lima-contra-durezas\/","title":{"rendered":"Expert Care Lima contra Durezas"},"content":{"rendered":"\t\t<div data-elementor-type=\"wp-post\" data-elementor-id=\"1793\" class=\"elementor elementor-1793\" data-elementor-post-type=\"product\">\n\t\t\t\t<div class=\"elementor-element elementor-element-04021a5 e-flex e-con-boxed e-con e-parent\" data-id=\"04021a5\" data-element_type=\"container\">\n\t\t\t\t\t<div class=\"e-con-inner\">\n\t\t\t\t<div class=\"elementor-element elementor-element-fa8e20f elementor-widget elementor-widget-text-editor\" data-id=\"fa8e20f\" data-element_type=\"widget\" data-widget_type=\"text-editor.default\">\n\t\t\t\t\t\t\t\t\t<section class=\"s-p__section\"><div class=\"container container-lg\"><div class=\"s-p__rhs\"><div class=\"s-p__desc\"><section class=\"s-p__section\"><div class=\"container container-lg\"><div class=\"s-p__rhs\"><div class=\"s-p__desc\"><section class=\"s-p__section\"><div class=\"container container-lg\"><div class=\"s-p__rhs\"><div class=\"s-p__desc\"><p>Elimina de forma suave y eficaz las durezas y las c\u00e9lulas muertas de los pies.<\/p><\/div><\/div><\/div><\/section><\/div><\/div><\/div><\/section><\/div><\/div><\/div><\/section>\t\t\t\t\t\t\t\t<\/div>\n\t\t\t\t<div class=\"elementor-element elementor-element-0e8f9e9 elementor-widget elementor-widget-heading\" data-id=\"0e8f9e9\" data-element_type=\"widget\" data-widget_type=\"heading.default\">\n\t\t\t\t\t<h3 class=\"elementor-heading-title elementor-size-default\">Sobre este producto <\/h3>\t\t\t\t<\/div>\n\t\t\t\t<div class=\"elementor-element elementor-element-d5f8368 elementor-widget elementor-widget-text-editor\" data-id=\"d5f8368\" data-element_type=\"widget\" data-widget_type=\"text-editor.default\">\n\t\t\t\t\t\t\t\t\t<ul><li><p>PIES SUAVES EN MINUTOS: Transforma tus pies secos y rugosos en cuesti\u00f3n de minutos gracias a la tecnolog\u00eda de cristal nano, que elimina las durezas y callosidades. Disfruta de resultados instant\u00e1neos desde el primer uso.<\/p><\/li><li><p>EFICACIA SIN ESFUERZO: La distribuci\u00f3n uniforme de los puntos de exfoliaci\u00f3n y la tecnolog\u00eda de pulido a nivel nano hacen que esta lima sea m\u00e1s eficaz eliminando la piel muerta y las durezas que los m\u00e9todos tradicionales.<\/p><\/li><li><p>SUAVE CON TU PIEL: Los m\u00e9todos tradicionales, como la piedra p\u00f3mez o las limas de metal, pueden resultar agresivos. Nuestra lima de \u00faltima generaci\u00f3n ofrece una alternativa suave pero eficaz, siendo mucho m\u00e1s respetuosa con la piel y c\u00f3moda de utilizar.<\/p><\/li><li><p>DURADERA Y REUTILIZABLE: Dise\u00f1ada para durar; es lavable, reutilizable, higi\u00e9nica y resistente al agua y al \u00f3xido. Su tama\u00f1o compacto y ligereza la hacen ideal tanto para el uso diario como para llevar de viaje.<\/p><\/li><li><p>RECUPERA TU CONFIANZA: No vuelvas a esconder tus pies. Devuelve a tus pies su suavidad natural y sedosa tras un solo uso. Camina descalza o luce tus sandalias con total seguridad.<\/p><\/li><\/ul>\t\t\t\t\t\t\t\t<\/div>\n\t\t\t\t<div class=\"elementor-element elementor-element-138edad elementor-widget elementor-widget-n-accordion\" data-id=\"138edad\" data-element_type=\"widget\" data-settings=\"{&quot;default_state&quot;:&quot;expanded&quot;,&quot;max_items_expended&quot;:&quot;one&quot;,&quot;n_accordion_animation_duration&quot;:{&quot;unit&quot;:&quot;ms&quot;,&quot;size&quot;:400,&quot;sizes&quot;:[]}}\" data-widget_type=\"nested-accordion.default\">\n\t\t\t\t\t\t\t<div class=\"e-n-accordion\" aria-label=\"Accordion. Open links with Enter or Space, close with Escape, and navigate with Arrow Keys\">\n\t\t\t\t\t\t<details id=\"e-n-accordion-item-2050\" class=\"e-n-accordion-item\" open>\n\t\t\t\t<summary class=\"e-n-accordion-item-title\" data-accordion-index=\"1\" tabindex=\"0\" aria-expanded=\"true\" aria-controls=\"e-n-accordion-item-2050\" >\n\t\t\t\t\t<span class='e-n-accordion-item-title-header'><div class=\"e-n-accordion-item-title-text\"> Detalles del Producto  <\/div><\/span>\n\t\t\t\t\t\t\t<span class='e-n-accordion-item-title-icon'>\n\t\t\t<span class='e-opened' ><svg aria-hidden=\"true\" class=\"e-font-icon-svg e-fas-chevron-down\" viewBox=\"0 0 448 512\" xmlns=\"http:\/\/www.w3.org\/2000\/svg\"><path d=\"M207.029 381.476L12.686 187.132c-9.373-9.373-9.373-24.569 0-33.941l22.667-22.667c9.357-9.357 24.522-9.375 33.901-.04L224 284.505l154.745-154.021c9.379-9.335 24.544-9.317 33.901.04l22.667 22.667c9.373 9.373 9.373 24.569 0 33.941L240.971 381.476c-9.373 9.372-24.569 9.372-33.942 0z\"><\/path><\/svg><\/span>\n\t\t\t<span class='e-closed'><svg aria-hidden=\"true\" class=\"e-font-icon-svg e-fas-chevron-up\" viewBox=\"0 0 448 512\" xmlns=\"http:\/\/www.w3.org\/2000\/svg\"><path d=\"M240.971 130.524l194.343 194.343c9.373 9.373 9.373 24.569 0 33.941l-22.667 22.667c-9.357 9.357-24.522 9.375-33.901.04L224 227.495 69.255 381.516c-9.379 9.335-24.544 9.317-33.901-.04l-22.667-22.667c-9.373-9.373-9.373-24.569 0-33.941L207.03 130.525c9.372-9.373 24.568-9.373 33.941-.001z\"><\/path><\/svg><\/span>\n\t\t<\/span>\n\n\t\t\t\t\t\t<\/summary>\n\t\t\t\t<div role=\"region\" aria-labelledby=\"e-n-accordion-item-2050\" class=\"elementor-element elementor-element-ae26b12 e-flex e-con-boxed e-con e-child\" data-id=\"ae26b12\" data-element_type=\"container\">\n\t\t\t\t\t<div class=\"e-con-inner\">\n\t\t\t\t<div class=\"elementor-element elementor-element-cced5fe elementor-widget elementor-widget-text-editor\" data-id=\"cced5fe\" data-element_type=\"widget\" data-widget_type=\"text-editor.default\">\n\t\t\t\t\t\t\t\t\t<p>Consigue unos pies m\u00e1s suaves en cuesti\u00f3n de minutos con nuestra Lima para Durezas, que utiliza tecnolog\u00eda nano avanzada para eliminar sin esfuerzo la piel dura y las callosidades. Gracias a la distribuci\u00f3n uniforme de sus puntos de exfoliaci\u00f3n y a su tecnolog\u00eda de pulido a nivel nano, es mucho m\u00e1s eficaz que los m\u00e9todos tradicionales.<\/p><p>Esta lima de \u00faltima generaci\u00f3n es respetuosa con la piel y ofrece una alternativa c\u00f3moda frente a otros m\u00e9todos m\u00e1s agresivos. Adem\u00e1s, es duradera, lavable, reutilizable y compacta, lo que la hace ideal tanto para el uso diario como para viajar.<\/p><p>Di adi\u00f3s a esconder tus pies y recupera la confianza desde el primer uso. Devuelve a tus pies su suavidad natural y vuelve a lucir tus sandalias o a caminar descalza con total seguridad.<\/p>\t\t\t\t\t\t\t\t<\/div>\n\t\t\t\t\t<\/div>\n\t\t\t\t<\/div>\n\t\t\t\t\t<\/details>\n\t\t\t\t\t\t<details id=\"e-n-accordion-item-2051\" class=\"e-n-accordion-item\" >\n\t\t\t\t<summary class=\"e-n-accordion-item-title\" data-accordion-index=\"2\" tabindex=\"-1\" aria-expanded=\"false\" aria-controls=\"e-n-accordion-item-2051\" >\n\t\t\t\t\t<span class='e-n-accordion-item-title-header'><div class=\"e-n-accordion-item-title-text\"> Contenido del envase <\/div><\/span>\n\t\t\t\t\t\t\t<span class='e-n-accordion-item-title-icon'>\n\t\t\t<span class='e-opened' ><svg aria-hidden=\"true\" class=\"e-font-icon-svg e-fas-chevron-down\" viewBox=\"0 0 448 512\" xmlns=\"http:\/\/www.w3.org\/2000\/svg\"><path d=\"M207.029 381.476L12.686 187.132c-9.373-9.373-9.373-24.569 0-33.941l22.667-22.667c9.357-9.357 24.522-9.375 33.901-.04L224 284.505l154.745-154.021c9.379-9.335 24.544-9.317 33.901.04l22.667 22.667c9.373 9.373 9.373 24.569 0 33.941L240.971 381.476c-9.373 9.372-24.569 9.372-33.942 0z\"><\/path><\/svg><\/span>\n\t\t\t<span class='e-closed'><svg aria-hidden=\"true\" class=\"e-font-icon-svg e-fas-chevron-up\" viewBox=\"0 0 448 512\" xmlns=\"http:\/\/www.w3.org\/2000\/svg\"><path d=\"M240.971 130.524l194.343 194.343c9.373 9.373 9.373 24.569 0 33.941l-22.667 22.667c-9.357 9.357-24.522 9.375-33.901.04L224 227.495 69.255 381.516c-9.379 9.335-24.544 9.317-33.901-.04l-22.667-22.667c-9.373-9.373-9.373-24.569 0-33.941L207.03 130.525c9.372-9.373 24.568-9.373 33.941-.001z\"><\/path><\/svg><\/span>\n\t\t<\/span>\n\n\t\t\t\t\t\t<\/summary>\n\t\t\t\t<div role=\"region\" aria-labelledby=\"e-n-accordion-item-2051\" class=\"elementor-element elementor-element-e073594 e-con-full e-flex e-con e-child\" data-id=\"e073594\" data-element_type=\"container\">\n\t\t\t\t<div class=\"elementor-element elementor-element-7795ccb elementor-widget elementor-widget-text-editor\" data-id=\"7795ccb\" data-element_type=\"widget\" data-widget_type=\"text-editor.default\">\n\t\t\t\t\t\t\t\t\t<p>1x lima de pies<\/p>\t\t\t\t\t\t\t\t<\/div>\n\t\t\t\t<\/div>\n\t\t\t\t\t<\/details>\n\t\t\t\t\t\t<details id=\"e-n-accordion-item-2052\" class=\"e-n-accordion-item\" >\n\t\t\t\t<summary class=\"e-n-accordion-item-title\" data-accordion-index=\"3\" tabindex=\"-1\" aria-expanded=\"false\" aria-controls=\"e-n-accordion-item-2052\" >\n\t\t\t\t\t<span class='e-n-accordion-item-title-header'><div class=\"e-n-accordion-item-title-text\"> Instrucciones de Uso  <\/div><\/span>\n\t\t\t\t\t\t\t<span class='e-n-accordion-item-title-icon'>\n\t\t\t<span class='e-opened' ><svg aria-hidden=\"true\" class=\"e-font-icon-svg e-fas-chevron-down\" viewBox=\"0 0 448 512\" xmlns=\"http:\/\/www.w3.org\/2000\/svg\"><path d=\"M207.029 381.476L12.686 187.132c-9.373-9.373-9.373-24.569 0-33.941l22.667-22.667c9.357-9.357 24.522-9.375 33.901-.04L224 284.505l154.745-154.021c9.379-9.335 24.544-9.317 33.901.04l22.667 22.667c9.373 9.373 9.373 24.569 0 33.941L240.971 381.476c-9.373 9.372-24.569 9.372-33.942 0z\"><\/path><\/svg><\/span>\n\t\t\t<span class='e-closed'><svg aria-hidden=\"true\" class=\"e-font-icon-svg e-fas-chevron-up\" viewBox=\"0 0 448 512\" xmlns=\"http:\/\/www.w3.org\/2000\/svg\"><path d=\"M240.971 130.524l194.343 194.343c9.373 9.373 9.373 24.569 0 33.941l-22.667 22.667c-9.357 9.357-24.522 9.375-33.901.04L224 227.495 69.255 381.516c-9.379 9.335-24.544 9.317-33.901-.04l-22.667-22.667c-9.373-9.373-9.373-24.569 0-33.941L207.03 130.525c9.372-9.373 24.568-9.373 33.941-.001z\"><\/path><\/svg><\/span>\n\t\t<\/span>\n\n\t\t\t\t\t\t<\/summary>\n\t\t\t\t<div role=\"region\" aria-labelledby=\"e-n-accordion-item-2052\" class=\"elementor-element elementor-element-0779151 e-con-full e-flex e-con e-child\" data-id=\"0779151\" data-element_type=\"container\">\n\t\t\t\t<div class=\"elementor-element elementor-element-065694f elementor-widget elementor-widget-text-editor\" data-id=\"065694f\" data-element_type=\"widget\" data-widget_type=\"text-editor.default\">\n\t\t\t\t\t\t\t\t\t<ul><li><p>Puedes utilizar esta lima manual sobre los pies limpios, tanto en seco como en mojado.<\/p><\/li><li><p>Frota suavemente la superficie de cristal de la lima sobre las zonas con durezas hasta alcanzar la suavidad deseada.<\/p><\/li><li><p>Para obtener mejores resultados, lima y despu\u00e9s hidrata con una de las cremas para pies de Dr.Scholls.<\/p><\/li><li><p>Tras su uso, lava la lima con agua templada y deja que se seque de forma natural.<\/p><\/li><\/ul>\t\t\t\t\t\t\t\t<\/div>\n\t\t\t\t<\/div>\n\t\t\t\t\t<\/details>\n\t\t\t\t\t\t<details id=\"e-n-accordion-item-2053\" class=\"e-n-accordion-item\" >\n\t\t\t\t<summary class=\"e-n-accordion-item-title\" data-accordion-index=\"4\" tabindex=\"-1\" aria-expanded=\"false\" aria-controls=\"e-n-accordion-item-2053\" >\n\t\t\t\t\t<span class='e-n-accordion-item-title-header'><div class=\"e-n-accordion-item-title-text\"> Advertencias de seguridad <\/div><\/span>\n\t\t\t\t\t\t\t<span class='e-n-accordion-item-title-icon'>\n\t\t\t<span class='e-opened' ><svg aria-hidden=\"true\" class=\"e-font-icon-svg e-fas-chevron-down\" viewBox=\"0 0 448 512\" xmlns=\"http:\/\/www.w3.org\/2000\/svg\"><path d=\"M207.029 381.476L12.686 187.132c-9.373-9.373-9.373-24.569 0-33.941l22.667-22.667c9.357-9.357 24.522-9.375 33.901-.04L224 284.505l154.745-154.021c9.379-9.335 24.544-9.317 33.901.04l22.667 22.667c9.373 9.373 9.373 24.569 0 33.941L240.971 381.476c-9.373 9.372-24.569 9.372-33.942 0z\"><\/path><\/svg><\/span>\n\t\t\t<span class='e-closed'><svg aria-hidden=\"true\" class=\"e-font-icon-svg e-fas-chevron-up\" viewBox=\"0 0 448 512\" xmlns=\"http:\/\/www.w3.org\/2000\/svg\"><path d=\"M240.971 130.524l194.343 194.343c9.373 9.373 9.373 24.569 0 33.941l-22.667 22.667c-9.357 9.357-24.522 9.375-33.901.04L224 227.495 69.255 381.516c-9.379 9.335-24.544 9.317-33.901-.04l-22.667-22.667c-9.373-9.373-9.373-24.569 0-33.941L207.03 130.525c9.372-9.373 24.568-9.373 33.941-.001z\"><\/path><\/svg><\/span>\n\t\t<\/span>\n\n\t\t\t\t\t\t<\/summary>\n\t\t\t\t<div role=\"region\" aria-labelledby=\"e-n-accordion-item-2053\" class=\"elementor-element elementor-element-6354b13 e-flex e-con-boxed e-con e-child\" data-id=\"6354b13\" data-element_type=\"container\">\n\t\t\t\t\t<div class=\"e-con-inner\">\n\t\t\t\t<div class=\"elementor-element elementor-element-65c351d elementor-widget elementor-widget-text-editor\" data-id=\"65c351d\" data-element_type=\"widget\" data-widget_type=\"text-editor.default\">\n\t\t\t\t\t\t\t\t\t<div class=\"widget-three\"><p>Dr.Scholls Y LA DIABETES: Este producto NO es apto para personas diab\u00e9ticas ni para aquellas que sufran problemas de circulaci\u00f3n sangu\u00ednea.<\/p><p>No utilizar sobre piel irritada o heridas. Suspende su uso inmediatamente si aparece irritaci\u00f3n o alguna sensaci\u00f3n de malestar. Utilizar \u00fanicamente en los pies. Aseg\u00farate de que el producto est\u00e9 limpio y no presente da\u00f1os antes de cada uso. Mantener fuera del alcance de los ni\u00f1os.<\/p><\/div>\t\t\t\t\t\t\t\t<\/div>\n\t\t\t\t\t<\/div>\n\t\t\t\t<\/div>\n\t\t\t\t\t<\/details>\n\t\t\t\t\t<\/div>\n\t\t\t\t\t\t<\/div>\n\t\t\t\t\t<\/div>\n\t\t\t\t<\/div>\n\t\t\t\t<\/div>\n\t\t","protected":false},"featured_media":1548,"template":"","meta":{"_acf_changed":false},"condiziones":[96],"related-product":[95],"tipo-di-prodotto":[93],"treatmenttype":[94],"class_list":["post-1793","product","type-product","status-publish","has-post-thumbnail","hentry","condiziones-lima","related-product-lima","tipo-di-prodotto-care","treatmenttype-lima"],"acf":[],"_links":{"self":[{"href":"https:\/\/www.xacu3122.odns.fr\/schollpt_preprod\/wp-json\/wp\/v2\/product\/1793","targetHints":{"allow":["GET"]}}],"collection":[{"href":"https:\/\/www.xacu3122.odns.fr\/schollpt_preprod\/wp-json\/wp\/v2\/product"}],"about":[{"href":"https:\/\/www.xacu3122.odns.fr\/schollpt_preprod\/wp-json\/wp\/v2\/types\/product"}],"version-history":[{"count":4,"href":"https:\/\/www.xacu3122.odns.fr\/schollpt_preprod\/wp-json\/wp\/v2\/product\/1793\/revisions"}],"predecessor-version":[{"id":1797,"href":"https:\/\/www.xacu3122.odns.fr\/schollpt_preprod\/wp-json\/wp\/v2\/product\/1793\/revisions\/1797"}],"wp:featuredmedia":[{"embeddable":true,"href":"https:\/\/www.xacu3122.odns.fr\/schollpt_preprod\/wp-json\/wp\/v2\/media\/1548"}],"wp:attachment":[{"href":"https:\/\/www.xacu3122.odns.fr\/schollpt_preprod\/wp-json\/wp\/v2\/media?parent=1793"}],"wp:term":[{"taxonomy":"condiziones","embeddable":true,"href":"https:\/\/www.xacu3122.odns.fr\/schollpt_preprod\/wp-json\/wp\/v2\/condiziones?post=1793"},{"taxonomy":"related-product","embeddable":true,"href":"https:\/\/www.xacu3122.odns.fr\/schollpt_preprod\/wp-json\/wp\/v2\/related-product?post=1793"},{"taxonomy":"tipo-di-prodotto","embeddable":true,"href":"https:\/\/www.xacu3122.odns.fr\/schollpt_preprod\/wp-json\/wp\/v2\/tipo-di-prodotto?post=1793"},{"taxonomy":"treatmenttype","embeddable":true,"href":"https:\/\/www.xacu3122.odns.fr\/schollpt_preprod\/wp-json\/wp\/v2\/treatmenttype?post=1793"}],"curies":[{"name":"wp","href":"https:\/\/api.w.org\/{rel}","templated":true}]}}