{"id":1849,"date":"2026-04-22T15:55:11","date_gmt":"2026-04-22T13:55:11","guid":{"rendered":"https:\/\/www.xacu3122.odns.fr\/schollpt_preprod\/?post_type=product&#038;p=1849"},"modified":"2026-04-22T17:32:08","modified_gmt":"2026-04-22T15:32:08","slug":"party-feet-gel-activ-almohadilla-plantar-invisible","status":"publish","type":"product","link":"https:\/\/www.xacu3122.odns.fr\/schollpt_preprod\/product\/party-feet-gel-activ-almohadilla-plantar-invisible\/","title":{"rendered":"Party Feet Gel Activ\u2122 Almohadilla Plantar Invisible"},"content":{"rendered":"\t\t<div data-elementor-type=\"wp-post\" data-elementor-id=\"1849\" class=\"elementor elementor-1849\" data-elementor-post-type=\"product\">\n\t\t\t\t<div class=\"elementor-element elementor-element-90b77d9 e-flex e-con-boxed e-con e-parent\" data-id=\"90b77d9\" data-element_type=\"container\">\n\t\t\t\t\t<div class=\"e-con-inner\">\n\t\t\t\t<div class=\"elementor-element elementor-element-4e6d466 elementor-widget elementor-widget-text-editor\" data-id=\"4e6d466\" data-element_type=\"widget\" data-widget_type=\"text-editor.default\">\n\t\t\t\t\t\t\t\t\t<section class=\"s-p__section\"><div class=\"container container-lg\"><div class=\"s-p__rhs\"><div class=\"s-p__desc\"><section class=\"s-p__section\"><div class=\"container container-lg\"><div class=\"s-p__rhs\"><div class=\"s-p__desc\"><div class=\"s-p__desc\"><div class=\"s-p__desc\"><div class=\"s-p__desc\"><div class=\"s-p__desc\"><p>Previene el dolor en la parte delantera del pie y ofrece comodidad durante todo el d\u00eda gracias a sus finas almohadillas de gel antideslizantes.<\/p><\/div><\/div><\/div><\/div><\/div><\/div><\/div><\/section><\/div><\/div><\/div><\/section>\t\t\t\t\t\t\t\t<\/div>\n\t\t\t\t<div class=\"elementor-element elementor-element-3cfab0f elementor-widget elementor-widget-heading\" data-id=\"3cfab0f\" data-element_type=\"widget\" data-widget_type=\"heading.default\">\n\t\t\t\t\t<h3 class=\"elementor-heading-title elementor-size-default\">Sobre este producto <\/h3>\t\t\t\t<\/div>\n\t\t\t\t<div class=\"elementor-element elementor-element-a404ada elementor-widget elementor-widget-text-editor\" data-id=\"a404ada\" data-element_type=\"widget\" data-widget_type=\"text-editor.default\">\n\t\t\t\t\t\t\t\t\t<ul><li><p>COMODIDAD Y PROTECCI\u00d3N TODO EL D\u00cdA: Nuestra exclusiva tecnolog\u00eda GelActiv ayuda a prevenir el dolor punzante en la parte delantera del pie a cada paso.<\/p><\/li><li><p>TRANSPARENTES Y DISCRETAS: El dise\u00f1o ultrafino y transparente de Dr.Scholls Party Feet las hace pr\u00e1cticamente invisibles dentro del zapato. Ser\u00e1n tu mejor secreto para cualquier fiesta.<\/p><\/li><li><p>TECNOLOG\u00cdA ANTIDESLIZANTE: Ya sea en una noche de fiesta, de turismo o de compras, las almohadillas Party Feet cuentan con tecnolog\u00eda antideslizante para mantenerse firmemente en su sitio.<\/p><\/li><li><p>REUTILIZABLES Y LAVABLES: No renuncies a tus zapatos favoritos. Nuestras almohadillas de gel para la parte delantera del pie son reutilizables y lavables para adaptarse a tu calzado y darte m\u00e1s comodidad.<\/p><\/li><li><p>ADECUADAS PARA LA MAYOR\u00cdA DE LOS ZAPATOS: Desde tus mejores stilettos o botas hasta tus bailarinas de diario, las Party Feet Ball of Foot Cushions se adaptan a casi cualquier zapato, manteni\u00e9ndote c\u00f3moda en cualquier ocasi\u00f3n.<\/p><\/li><\/ul>\t\t\t\t\t\t\t\t<\/div>\n\t\t\t\t<div class=\"elementor-element elementor-element-da6bda5 elementor-widget elementor-widget-n-accordion\" data-id=\"da6bda5\" data-element_type=\"widget\" data-settings=\"{&quot;default_state&quot;:&quot;expanded&quot;,&quot;max_items_expended&quot;:&quot;one&quot;,&quot;n_accordion_animation_duration&quot;:{&quot;unit&quot;:&quot;ms&quot;,&quot;size&quot;:400,&quot;sizes&quot;:[]}}\" data-widget_type=\"nested-accordion.default\">\n\t\t\t\t\t\t\t<div class=\"e-n-accordion\" aria-label=\"Accordion. Open links with Enter or Space, close with Escape, and navigate with Arrow Keys\">\n\t\t\t\t\t\t<details id=\"e-n-accordion-item-2290\" class=\"e-n-accordion-item\" open>\n\t\t\t\t<summary class=\"e-n-accordion-item-title\" data-accordion-index=\"1\" tabindex=\"0\" aria-expanded=\"true\" aria-controls=\"e-n-accordion-item-2290\" >\n\t\t\t\t\t<span class='e-n-accordion-item-title-header'><div class=\"e-n-accordion-item-title-text\"> Detalles del Producto  <\/div><\/span>\n\t\t\t\t\t\t\t<span class='e-n-accordion-item-title-icon'>\n\t\t\t<span class='e-opened' ><svg aria-hidden=\"true\" class=\"e-font-icon-svg e-fas-chevron-down\" viewBox=\"0 0 448 512\" xmlns=\"http:\/\/www.w3.org\/2000\/svg\"><path d=\"M207.029 381.476L12.686 187.132c-9.373-9.373-9.373-24.569 0-33.941l22.667-22.667c9.357-9.357 24.522-9.375 33.901-.04L224 284.505l154.745-154.021c9.379-9.335 24.544-9.317 33.901.04l22.667 22.667c9.373 9.373 9.373 24.569 0 33.941L240.971 381.476c-9.373 9.372-24.569 9.372-33.942 0z\"><\/path><\/svg><\/span>\n\t\t\t<span class='e-closed'><svg aria-hidden=\"true\" class=\"e-font-icon-svg e-fas-chevron-up\" viewBox=\"0 0 448 512\" xmlns=\"http:\/\/www.w3.org\/2000\/svg\"><path d=\"M240.971 130.524l194.343 194.343c9.373 9.373 9.373 24.569 0 33.941l-22.667 22.667c-9.357 9.357-24.522 9.375-33.901.04L224 227.495 69.255 381.516c-9.379 9.335-24.544 9.317-33.901-.04l-22.667-22.667c-9.373-9.373-9.373-24.569 0-33.941L207.03 130.525c9.372-9.373 24.568-9.373 33.941-.001z\"><\/path><\/svg><\/span>\n\t\t<\/span>\n\n\t\t\t\t\t\t<\/summary>\n\t\t\t\t<div role=\"region\" aria-labelledby=\"e-n-accordion-item-2290\" class=\"elementor-element elementor-element-01abb18 e-flex e-con-boxed e-con e-child\" data-id=\"01abb18\" data-element_type=\"container\">\n\t\t\t\t\t<div class=\"e-con-inner\">\n\t\t\t\t<div class=\"elementor-element elementor-element-510e7f7 elementor-widget elementor-widget-text-editor\" data-id=\"510e7f7\" data-element_type=\"widget\" data-widget_type=\"text-editor.default\">\n\t\t\t\t\t\t\t\t\t<p>Disfruta de comodidad durante todo el d\u00eda con las almohadillas de gel Party Feet para la parte delantera del pie de Dr.Scholls. Nuestra exclusiva tecnolog\u00eda GelActiv ayuda a prevenir el dolor punzante en la zona delantera del pie, haciendo que cada paso sea mucho m\u00e1s agradable.<\/p><p><br \/>Su dise\u00f1o ultrafino y transparente las hace casi invisibles dentro del zapato: tu mejor secreto para cualquier evento. Ya est\u00e9s bailando, haciendo turismo o de compras, su tecnolog\u00eda antideslizante mantiene las almohadillas firmemente en su sitio.<\/p><p><br \/>Adem\u00e1s, son reutilizables y lavables, y se adaptan a la mayor\u00eda de los zapatos, desde stilettos hasta bailarinas de diario.<br \/>No renuncies al estilo: deja que Dr.Scholls Party Feet cuide de tus pies en cualquier ocasi\u00f3n<\/p>\t\t\t\t\t\t\t\t<\/div>\n\t\t\t\t\t<\/div>\n\t\t\t\t<\/div>\n\t\t\t\t\t<\/details>\n\t\t\t\t\t\t<details id=\"e-n-accordion-item-2291\" class=\"e-n-accordion-item\" >\n\t\t\t\t<summary class=\"e-n-accordion-item-title\" data-accordion-index=\"2\" tabindex=\"-1\" aria-expanded=\"false\" aria-controls=\"e-n-accordion-item-2291\" >\n\t\t\t\t\t<span class='e-n-accordion-item-title-header'><div class=\"e-n-accordion-item-title-text\"> Contenido del envase <\/div><\/span>\n\t\t\t\t\t\t\t<span class='e-n-accordion-item-title-icon'>\n\t\t\t<span class='e-opened' ><svg aria-hidden=\"true\" class=\"e-font-icon-svg e-fas-chevron-down\" viewBox=\"0 0 448 512\" xmlns=\"http:\/\/www.w3.org\/2000\/svg\"><path d=\"M207.029 381.476L12.686 187.132c-9.373-9.373-9.373-24.569 0-33.941l22.667-22.667c9.357-9.357 24.522-9.375 33.901-.04L224 284.505l154.745-154.021c9.379-9.335 24.544-9.317 33.901.04l22.667 22.667c9.373 9.373 9.373 24.569 0 33.941L240.971 381.476c-9.373 9.372-24.569 9.372-33.942 0z\"><\/path><\/svg><\/span>\n\t\t\t<span class='e-closed'><svg aria-hidden=\"true\" class=\"e-font-icon-svg e-fas-chevron-up\" viewBox=\"0 0 448 512\" xmlns=\"http:\/\/www.w3.org\/2000\/svg\"><path d=\"M240.971 130.524l194.343 194.343c9.373 9.373 9.373 24.569 0 33.941l-22.667 22.667c-9.357 9.357-24.522 9.375-33.901.04L224 227.495 69.255 381.516c-9.379 9.335-24.544 9.317-33.901-.04l-22.667-22.667c-9.373-9.373-9.373-24.569 0-33.941L207.03 130.525c9.372-9.373 24.568-9.373 33.941-.001z\"><\/path><\/svg><\/span>\n\t\t<\/span>\n\n\t\t\t\t\t\t<\/summary>\n\t\t\t\t<div role=\"region\" aria-labelledby=\"e-n-accordion-item-2291\" class=\"elementor-element elementor-element-e279319 e-con-full e-flex e-con e-child\" data-id=\"e279319\" data-element_type=\"container\">\n\t\t\t\t<div class=\"elementor-element elementor-element-7d32b69 elementor-widget elementor-widget-text-editor\" data-id=\"7d32b69\" data-element_type=\"widget\" data-widget_type=\"text-editor.default\">\n\t\t\t\t\t\t\t\t\t<p data-path-to-node=\"1\">1x par de plantillas<\/p>\t\t\t\t\t\t\t\t<\/div>\n\t\t\t\t<\/div>\n\t\t\t\t\t<\/details>\n\t\t\t\t\t\t<details id=\"e-n-accordion-item-2292\" class=\"e-n-accordion-item\" >\n\t\t\t\t<summary class=\"e-n-accordion-item-title\" data-accordion-index=\"3\" tabindex=\"-1\" aria-expanded=\"false\" aria-controls=\"e-n-accordion-item-2292\" >\n\t\t\t\t\t<span class='e-n-accordion-item-title-header'><div class=\"e-n-accordion-item-title-text\"> Instrucciones de Uso  <\/div><\/span>\n\t\t\t\t\t\t\t<span class='e-n-accordion-item-title-icon'>\n\t\t\t<span class='e-opened' ><svg aria-hidden=\"true\" class=\"e-font-icon-svg e-fas-chevron-down\" viewBox=\"0 0 448 512\" xmlns=\"http:\/\/www.w3.org\/2000\/svg\"><path d=\"M207.029 381.476L12.686 187.132c-9.373-9.373-9.373-24.569 0-33.941l22.667-22.667c9.357-9.357 24.522-9.375 33.901-.04L224 284.505l154.745-154.021c9.379-9.335 24.544-9.317 33.901.04l22.667 22.667c9.373 9.373 9.373 24.569 0 33.941L240.971 381.476c-9.373 9.372-24.569 9.372-33.942 0z\"><\/path><\/svg><\/span>\n\t\t\t<span class='e-closed'><svg aria-hidden=\"true\" class=\"e-font-icon-svg e-fas-chevron-up\" viewBox=\"0 0 448 512\" xmlns=\"http:\/\/www.w3.org\/2000\/svg\"><path d=\"M240.971 130.524l194.343 194.343c9.373 9.373 9.373 24.569 0 33.941l-22.667 22.667c-9.357 9.357-24.522 9.375-33.901.04L224 227.495 69.255 381.516c-9.379 9.335-24.544 9.317-33.901-.04l-22.667-22.667c-9.373-9.373-9.373-24.569 0-33.941L207.03 130.525c9.372-9.373 24.568-9.373 33.941-.001z\"><\/path><\/svg><\/span>\n\t\t<\/span>\n\n\t\t\t\t\t\t<\/summary>\n\t\t\t\t<div role=\"region\" aria-labelledby=\"e-n-accordion-item-2292\" class=\"elementor-element elementor-element-9cb7a3f e-con-full e-flex e-con e-child\" data-id=\"9cb7a3f\" data-element_type=\"container\">\n\t\t\t\t<div class=\"elementor-element elementor-element-d77b8a9 elementor-widget elementor-widget-text-editor\" data-id=\"d77b8a9\" data-element_type=\"widget\" data-widget_type=\"text-editor.default\">\n\t\t\t\t\t\t\t\t\t<ul><li>Recorta la plantilla para que se ajuste a tu zapato siguiendo las l\u00edneas marcadas y usando unas tijeras.<\/li><li>Inserta la plantilla en el zapato con el lado de tela hacia arriba.<\/li><li>Sustituye las plantillas cada 6 meses o antes si muestran signo de desgaste.<\/li><\/ul>\t\t\t\t\t\t\t\t<\/div>\n\t\t\t\t<\/div>\n\t\t\t\t\t<\/details>\n\t\t\t\t\t\t<details id=\"e-n-accordion-item-2293\" class=\"e-n-accordion-item\" >\n\t\t\t\t<summary class=\"e-n-accordion-item-title\" data-accordion-index=\"4\" tabindex=\"-1\" aria-expanded=\"false\" aria-controls=\"e-n-accordion-item-2293\" >\n\t\t\t\t\t<span class='e-n-accordion-item-title-header'><div class=\"e-n-accordion-item-title-text\"> Advertencias de seguridad <\/div><\/span>\n\t\t\t\t\t\t\t<span class='e-n-accordion-item-title-icon'>\n\t\t\t<span class='e-opened' ><svg aria-hidden=\"true\" class=\"e-font-icon-svg e-fas-chevron-down\" viewBox=\"0 0 448 512\" xmlns=\"http:\/\/www.w3.org\/2000\/svg\"><path d=\"M207.029 381.476L12.686 187.132c-9.373-9.373-9.373-24.569 0-33.941l22.667-22.667c9.357-9.357 24.522-9.375 33.901-.04L224 284.505l154.745-154.021c9.379-9.335 24.544-9.317 33.901.04l22.667 22.667c9.373 9.373 9.373 24.569 0 33.941L240.971 381.476c-9.373 9.372-24.569 9.372-33.942 0z\"><\/path><\/svg><\/span>\n\t\t\t<span class='e-closed'><svg aria-hidden=\"true\" class=\"e-font-icon-svg e-fas-chevron-up\" viewBox=\"0 0 448 512\" xmlns=\"http:\/\/www.w3.org\/2000\/svg\"><path d=\"M240.971 130.524l194.343 194.343c9.373 9.373 9.373 24.569 0 33.941l-22.667 22.667c-9.357 9.357-24.522 9.375-33.901.04L224 227.495 69.255 381.516c-9.379 9.335-24.544 9.317-33.901-.04l-22.667-22.667c-9.373-9.373-9.373-24.569 0-33.941L207.03 130.525c9.372-9.373 24.568-9.373 33.941-.001z\"><\/path><\/svg><\/span>\n\t\t<\/span>\n\n\t\t\t\t\t\t<\/summary>\n\t\t\t\t<div role=\"region\" aria-labelledby=\"e-n-accordion-item-2293\" class=\"elementor-element elementor-element-e767156 e-flex e-con-boxed e-con e-child\" data-id=\"e767156\" data-element_type=\"container\">\n\t\t\t\t\t<div class=\"e-con-inner\">\n\t\t\t\t<div class=\"elementor-element elementor-element-7df0d32 elementor-widget elementor-widget-text-editor\" data-id=\"7df0d32\" data-element_type=\"widget\" data-widget_type=\"text-editor.default\">\n\t\t\t\t\t\t\t\t\t<div class=\"widget-three\"><ul data-path-to-node=\"3\"><li><p>Sustituya las plantillas despu\u00e9s de 6 meses o al observar signos visibles de desgaste. Si se produce incomodidad o rozaduras, deje de usarlas. Si la incomodidad persiste, consulte a un profesional sanitario. No usar sobre piel rota o irritada. A\u00f1adir o reemplazar componentes de calzado certificado puede afectar la certificaci\u00f3n.<\/p><div class=\"load-more-content\">\u00a0<\/div><\/li><\/ul><\/div>\t\t\t\t\t\t\t\t<\/div>\n\t\t\t\t\t<\/div>\n\t\t\t\t<\/div>\n\t\t\t\t\t<\/details>\n\t\t\t\t\t<\/div>\n\t\t\t\t\t\t<\/div>\n\t\t\t\t\t<\/div>\n\t\t\t\t<\/div>\n\t\t\t\t<\/div>\n\t\t","protected":false},"featured_media":1609,"template":"","meta":{"_acf_changed":false},"condiziones":[86],"related-product":[88],"tipo-di-prodotto":[81],"treatmenttype":[90],"class_list":["post-1849","product","type-product","status-publish","has-post-thumbnail","hentry","condiziones-plantillas","related-product-plantillas-de-gel","tipo-di-prodotto-apoyo","treatmenttype-plantillas-de-gel"],"acf":[],"_links":{"self":[{"href":"https:\/\/www.xacu3122.odns.fr\/schollpt_preprod\/wp-json\/wp\/v2\/product\/1849","targetHints":{"allow":["GET"]}}],"collection":[{"href":"https:\/\/www.xacu3122.odns.fr\/schollpt_preprod\/wp-json\/wp\/v2\/product"}],"about":[{"href":"https:\/\/www.xacu3122.odns.fr\/schollpt_preprod\/wp-json\/wp\/v2\/types\/product"}],"version-history":[{"count":5,"href":"https:\/\/www.xacu3122.odns.fr\/schollpt_preprod\/wp-json\/wp\/v2\/product\/1849\/revisions"}],"predecessor-version":[{"id":1876,"href":"https:\/\/www.xacu3122.odns.fr\/schollpt_preprod\/wp-json\/wp\/v2\/product\/1849\/revisions\/1876"}],"wp:featuredmedia":[{"embeddable":true,"href":"https:\/\/www.xacu3122.odns.fr\/schollpt_preprod\/wp-json\/wp\/v2\/media\/1609"}],"wp:attachment":[{"href":"https:\/\/www.xacu3122.odns.fr\/schollpt_preprod\/wp-json\/wp\/v2\/media?parent=1849"}],"wp:term":[{"taxonomy":"condiziones","embeddable":true,"href":"https:\/\/www.xacu3122.odns.fr\/schollpt_preprod\/wp-json\/wp\/v2\/condiziones?post=1849"},{"taxonomy":"related-product","embeddable":true,"href":"https:\/\/www.xacu3122.odns.fr\/schollpt_preprod\/wp-json\/wp\/v2\/related-product?post=1849"},{"taxonomy":"tipo-di-prodotto","embeddable":true,"href":"https:\/\/www.xacu3122.odns.fr\/schollpt_preprod\/wp-json\/wp\/v2\/tipo-di-prodotto?post=1849"},{"taxonomy":"treatmenttype","embeddable":true,"href":"https:\/\/www.xacu3122.odns.fr\/schollpt_preprod\/wp-json\/wp\/v2\/treatmenttype?post=1849"}],"curies":[{"name":"wp","href":"https:\/\/api.w.org\/{rel}","templated":true}]}}